{"id":21844,"date":"2026-02-19T09:45:20","date_gmt":"2026-02-19T08:45:20","guid":{"rendered":"https:\/\/centrejujolcannegre.cat\/?post_type=product&#038;p=21844"},"modified":"2026-03-16T15:26:31","modified_gmt":"2026-03-16T14:26:31","slug":"the-historic-farmhouses-of-sant-joan-despi-september-13-copia-copia","status":"publish","type":"product","link":"https:\/\/centrejujolcannegre.cat\/en\/product\/the-historic-farmhouses-of-sant-joan-despi-september-13-copia-copia\/","title":{"rendered":"Lecture Series. From Rogent to Jujol"},"content":{"rendered":"<p><strong>APRIL 27 (from 6:00 p.m. to 8:00 p.m.)<\/strong><\/p>\n<ul>\n<li><em><strong>Elias Rogent: towards a national architecture,<\/strong><\/em> by Jordi Rogent i Albiol, Senior Architect and Diplomate in Urban Planning.<\/li>\n<li><em><strong>Juan Torras Guardiola: without structure there is no architecture<\/strong><\/em> , by Assumpci\u00f3 Feliu Torras, Doctor in Art History.<\/li>\n<\/ul>\n<p><strong>MAY 4 (from 6:00 p.m. to 8:00 p.m.)<\/strong><\/p>\n<ul>\n<li><em><strong>August Font i Carreras and architectural historicism<\/strong><\/em> , by Judith Urbano, PhD in Art History.<\/li>\n<li><em><strong>Josep Vilaseca, between ancient Egypt and modern Gothic<\/strong><\/em> , by Joan Molet Petit, Doctor in Geography and History.<\/li>\n<\/ul>\n<p><strong>MAY 11 (from 6:00 p.m. to 8:00 p.m.)<\/strong><\/p>\n<ul>\n<li><em><strong>Josep Puig i Cadafalch, tradition and modernity<\/strong><\/em> , by Judith Urbano, Doctor in Art History.<\/li>\n<li><em><strong>Llu\u00eds Dom\u00e8nech i Montaner, from Mudejar eclecticism to floral modernism<\/strong><\/em> , by Joan Molet Petit, PhD in Geography and History.<\/li>\n<\/ul>\n<p><strong>MAY 18 (from 6:00 p.m. to 8:00 p.m.)<\/strong><\/p>\n<ul>\n<li><em><strong>Sagnier, beyond Modernisme<\/strong><\/em> , by Santi Barjau, Doctor in Art History.<\/li>\n<li><strong><em>Josep Dom\u00e9nech Estap\u00e1, between science and architecture<\/em> ,<\/strong> by Sergio Fuentes Mil\u00e0, PhD in Art History.<\/li>\n<\/ul>\n<p><strong>JUNE 1 (from 6:00 p.m. to 8:00 p.m.)<\/strong><\/p>\n<ul>\n<li><em><strong>Gaud\u00ed and nature in the 21st century<\/strong><\/em> , by Alberto Est\u00e9vez, Doctor in Architecture and History of Art.<\/li>\n<li><em><strong>Juli\u00e1n Garc\u00eda N\u00fa\u00f1ez, modernism in Buenos Aires via Barcelona<\/strong><\/em> , \u200b\u200bby Sergio Fuentes Mil\u00e0, PhD in Art History.<\/li>\n<\/ul>\n<p><strong>JUNE 8 (from 6:00 p.m. to 8:30 p.m.)<\/strong><\/p>\n<ul>\n<li><em><strong>1st part: Conference on Josep Maria Jujol (1879-1949)<\/strong><\/em> , given by Jordi J. Romera i Cid, President of the COAC of Tarragona <em>(from 7:00 p.m. to 8:30 p.m.)<\/em><\/li>\n<li><em><strong>2nd part: Visit to the Torre de la Creu and Can Negre<\/strong> (from 7:00 p.m. to 8:30 p.m.)<\/em><\/li>\n<\/ul>\n","protected":false},"excerpt":{"rendered":"<p>\u201cFrom Rogent to Jujol\u201d is a <strong>series of conferences on Catalan architects<\/strong> that will be held at <strong>the Torre de la Creu de Sant Joan Desp\u00ed<\/strong> in the coming months of <strong>May and June 2026<\/strong> , coinciding with the year in which Barcelona is the World Capital of Architecture.<\/p>\n<p>The program is made up of a total of six sessions in which different specialists will present the cases of some outstanding Catalan architects &#8211; others underestimated &#8211; from the late 19th and early 20th centuries (a total of 11 cases), as well as the main contributions of each of them to Catalan architecture.<\/p>\n<p><strong>With the support of the Barcelona Provincial Council<\/strong><\/p>\n","protected":false},"featured_media":22129,"template":"","meta":{"inline_featured_image":false,"_kad_blocks_custom_css":"","_kad_blocks_head_custom_js":"","_kad_blocks_body_custom_js":"","_kad_blocks_footer_custom_js":"","_kad_post_transparent":"","_kad_post_title":"","_kad_post_layout":"","_kad_post_sidebar_id":"","_kad_post_content_style":"","_kad_post_vertical_padding":"","_kad_post_feature":"","_kad_post_feature_position":"","_kad_post_header":false,"_kad_post_footer":false,"_kad_post_classname":""},"product_brand":[],"product_cat":[382],"product_tag":[],"class_list":{"0":"post-21844","1":"product","2":"type-product","3":"status-publish","4":"has-post-thumbnail","6":"product_cat-barcelona-2026-world-capital-of-architecture","8":"first","9":"instock","10":"product-type-grouped","11":"entry","12":"content-bg","13":"loop-entry"},"booking_location":null,"booking_location_type":null,"booking_duration":null,"booking_duration_unit":null,"booking_buffer":null,"booking_cost":null,"booking_resources":null,"exclude_global_add_ons":[],"addons":[],"yoast_head":"<!-- This site is optimized with the Yoast SEO plugin v27.3 - https:\/\/yoast.com\/product\/yoast-seo-wordpress\/ -->\n<title>Lecture Series. From Rogent to Jujol - Plataforma Centre Jujol - Can Negre<\/title>\n<meta name=\"robots\" content=\"index, follow, max-snippet:-1, max-image-preview:large, max-video-preview:-1\" \/>\n<link rel=\"canonical\" href=\"https:\/\/centrejujolcannegre.cat\/en\/product\/the-historic-farmhouses-of-sant-joan-despi-september-13-copia-copia\/\" \/>\n<meta property=\"og:locale\" content=\"en_US\" \/>\n<meta property=\"og:type\" content=\"article\" \/>\n<meta property=\"og:title\" content=\"Lecture Series. From Rogent to Jujol - Plataforma Centre Jujol - Can Negre\" \/>\n<meta property=\"og:description\" content=\"\u201cFrom Rogent to Jujol\u201d is a series of conferences on Catalan architects that will be held at the Torre de la Creu de Sant Joan Desp\u00ed in the coming months of May and June 2026 , coinciding with the year in which Barcelona is the World Capital of Architecture. The program is made up of a total of six sessions in which different specialists will present the cases of some outstanding Catalan architects - others underestimated - from the late 19th and early 20th centuries (a total of 11 cases), as well as the main contributions of each of them to Catalan architecture. With the support of the Barcelona Provincial Council\" \/>\n<meta property=\"og:url\" content=\"https:\/\/centrejujolcannegre.cat\/en\/product\/the-historic-farmhouses-of-sant-joan-despi-september-13-copia-copia\/\" \/>\n<meta property=\"og:site_name\" content=\"Plataforma Centre Jujol - Can Negre\" \/>\n<meta property=\"article:publisher\" content=\"https:\/\/www.facebook.com\/cannegre\" \/>\n<meta property=\"article:modified_time\" content=\"2026-03-16T14:26:31+00:00\" \/>\n<meta property=\"og:image\" content=\"https:\/\/centrejujolcannegre.cat\/wp-content\/uploads\/2026\/02\/1.png\" \/>\n\t<meta property=\"og:image:width\" content=\"1080\" \/>\n\t<meta property=\"og:image:height\" content=\"1080\" \/>\n\t<meta property=\"og:image:type\" content=\"image\/png\" \/>\n<meta name=\"twitter:card\" content=\"summary_large_image\" \/>\n<meta name=\"twitter:site\" content=\"@cannegresjd\" \/>\n<meta name=\"twitter:label1\" content=\"Est. reading time\" \/>\n\t<meta name=\"twitter:data1\" content=\"1 minute\" \/>\n<script type=\"application\/ld+json\" class=\"yoast-schema-graph\">{\"@context\":\"https:\\\/\\\/schema.org\",\"@graph\":[{\"@type\":\"WebPage\",\"@id\":\"https:\\\/\\\/centrejujolcannegre.cat\\\/en\\\/product\\\/the-historic-farmhouses-of-sant-joan-despi-september-13-copia-copia\\\/\",\"url\":\"https:\\\/\\\/centrejujolcannegre.cat\\\/en\\\/product\\\/the-historic-farmhouses-of-sant-joan-despi-september-13-copia-copia\\\/\",\"name\":\"Lecture Series. From Rogent to Jujol - Plataforma Centre Jujol - Can Negre\",\"isPartOf\":{\"@id\":\"https:\\\/\\\/centrejujolcannegre.cat\\\/en\\\/#website\"},\"primaryImageOfPage\":{\"@id\":\"https:\\\/\\\/centrejujolcannegre.cat\\\/en\\\/product\\\/the-historic-farmhouses-of-sant-joan-despi-september-13-copia-copia\\\/#primaryimage\"},\"image\":{\"@id\":\"https:\\\/\\\/centrejujolcannegre.cat\\\/en\\\/product\\\/the-historic-farmhouses-of-sant-joan-despi-september-13-copia-copia\\\/#primaryimage\"},\"thumbnailUrl\":\"https:\\\/\\\/centrejujolcannegre.cat\\\/wp-content\\\/uploads\\\/2026\\\/02\\\/1.png\",\"datePublished\":\"2026-02-19T08:45:20+00:00\",\"dateModified\":\"2026-03-16T14:26:31+00:00\",\"breadcrumb\":{\"@id\":\"https:\\\/\\\/centrejujolcannegre.cat\\\/en\\\/product\\\/the-historic-farmhouses-of-sant-joan-despi-september-13-copia-copia\\\/#breadcrumb\"},\"inLanguage\":\"en-US\",\"potentialAction\":[{\"@type\":\"ReadAction\",\"target\":[\"https:\\\/\\\/centrejujolcannegre.cat\\\/en\\\/product\\\/the-historic-farmhouses-of-sant-joan-despi-september-13-copia-copia\\\/\"]}]},{\"@type\":\"ImageObject\",\"inLanguage\":\"en-US\",\"@id\":\"https:\\\/\\\/centrejujolcannegre.cat\\\/en\\\/product\\\/the-historic-farmhouses-of-sant-joan-despi-september-13-copia-copia\\\/#primaryimage\",\"url\":\"https:\\\/\\\/centrejujolcannegre.cat\\\/wp-content\\\/uploads\\\/2026\\\/02\\\/1.png\",\"contentUrl\":\"https:\\\/\\\/centrejujolcannegre.cat\\\/wp-content\\\/uploads\\\/2026\\\/02\\\/1.png\",\"width\":1080,\"height\":1080},{\"@type\":\"BreadcrumbList\",\"@id\":\"https:\\\/\\\/centrejujolcannegre.cat\\\/en\\\/product\\\/the-historic-farmhouses-of-sant-joan-despi-september-13-copia-copia\\\/#breadcrumb\",\"itemListElement\":[{\"@type\":\"ListItem\",\"position\":1,\"name\":\"Portada\",\"item\":\"https:\\\/\\\/centrejujolcannegre.cat\\\/en\\\/\"},{\"@type\":\"ListItem\",\"position\":2,\"name\":\"Center\",\"item\":\"https:\\\/\\\/centrejujolcannegre.cat\\\/en\\\/center\\\/\"},{\"@type\":\"ListItem\",\"position\":3,\"name\":\"Lecture Series. From Rogent to Jujol\"}]},{\"@type\":\"WebSite\",\"@id\":\"https:\\\/\\\/centrejujolcannegre.cat\\\/en\\\/#website\",\"url\":\"https:\\\/\\\/centrejujolcannegre.cat\\\/en\\\/\",\"name\":\"Plataforma Centre Jujol - Can Negre\",\"description\":\"Plataforma de venta d&#039;entradas d&#039;activitats, exposicions i circuits culturals a Museus i l&#039;Escola d&#039;Art de de Sant Joan Desp\u00ed\",\"publisher\":{\"@id\":\"https:\\\/\\\/centrejujolcannegre.cat\\\/en\\\/#organization\"},\"potentialAction\":[{\"@type\":\"SearchAction\",\"target\":{\"@type\":\"EntryPoint\",\"urlTemplate\":\"https:\\\/\\\/centrejujolcannegre.cat\\\/en\\\/?s={search_term_string}\"},\"query-input\":{\"@type\":\"PropertyValueSpecification\",\"valueRequired\":true,\"valueName\":\"search_term_string\"}}],\"inLanguage\":\"en-US\"},{\"@type\":\"Organization\",\"@id\":\"https:\\\/\\\/centrejujolcannegre.cat\\\/en\\\/#organization\",\"name\":\"Centre Jujol - Can Negre\",\"url\":\"https:\\\/\\\/centrejujolcannegre.cat\\\/en\\\/\",\"logo\":{\"@type\":\"ImageObject\",\"inLanguage\":\"en-US\",\"@id\":\"https:\\\/\\\/centrejujolcannegre.cat\\\/en\\\/#\\\/schema\\\/logo\\\/image\\\/\",\"url\":\"https:\\\/\\\/centrejujolcannegre.cat\\\/wp-content\\\/uploads\\\/2024\\\/05\\\/logo-centre-jujol-can-negre.svg\",\"contentUrl\":\"https:\\\/\\\/centrejujolcannegre.cat\\\/wp-content\\\/uploads\\\/2024\\\/05\\\/logo-centre-jujol-can-negre.svg\",\"caption\":\"Centre Jujol - Can Negre\"},\"image\":{\"@id\":\"https:\\\/\\\/centrejujolcannegre.cat\\\/en\\\/#\\\/schema\\\/logo\\\/image\\\/\"},\"sameAs\":[\"https:\\\/\\\/www.facebook.com\\\/cannegre\",\"https:\\\/\\\/x.com\\\/cannegresjd\"]}]}<\/script>\n<!-- \/ Yoast SEO plugin. -->","yoast_head_json":{"title":"Lecture Series. From Rogent to Jujol - Plataforma Centre Jujol - Can Negre","robots":{"index":"index","follow":"follow","max-snippet":"max-snippet:-1","max-image-preview":"max-image-preview:large","max-video-preview":"max-video-preview:-1"},"canonical":"https:\/\/centrejujolcannegre.cat\/en\/product\/the-historic-farmhouses-of-sant-joan-despi-september-13-copia-copia\/","og_locale":"en_US","og_type":"article","og_title":"Lecture Series. From Rogent to Jujol - Plataforma Centre Jujol - Can Negre","og_description":"\u201cFrom Rogent to Jujol\u201d is a series of conferences on Catalan architects that will be held at the Torre de la Creu de Sant Joan Desp\u00ed in the coming months of May and June 2026 , coinciding with the year in which Barcelona is the World Capital of Architecture. The program is made up of a total of six sessions in which different specialists will present the cases of some outstanding Catalan architects - others underestimated - from the late 19th and early 20th centuries (a total of 11 cases), as well as the main contributions of each of them to Catalan architecture. With the support of the Barcelona Provincial Council","og_url":"https:\/\/centrejujolcannegre.cat\/en\/product\/the-historic-farmhouses-of-sant-joan-despi-september-13-copia-copia\/","og_site_name":"Plataforma Centre Jujol - Can Negre","article_publisher":"https:\/\/www.facebook.com\/cannegre","article_modified_time":"2026-03-16T14:26:31+00:00","og_image":[{"width":1080,"height":1080,"url":"https:\/\/centrejujolcannegre.cat\/wp-content\/uploads\/2026\/02\/1.png","type":"image\/png"}],"twitter_card":"summary_large_image","twitter_site":"@cannegresjd","twitter_misc":{"Est. reading time":"1 minute"},"schema":{"@context":"https:\/\/schema.org","@graph":[{"@type":"WebPage","@id":"https:\/\/centrejujolcannegre.cat\/en\/product\/the-historic-farmhouses-of-sant-joan-despi-september-13-copia-copia\/","url":"https:\/\/centrejujolcannegre.cat\/en\/product\/the-historic-farmhouses-of-sant-joan-despi-september-13-copia-copia\/","name":"Lecture Series. From Rogent to Jujol - Plataforma Centre Jujol - Can Negre","isPartOf":{"@id":"https:\/\/centrejujolcannegre.cat\/en\/#website"},"primaryImageOfPage":{"@id":"https:\/\/centrejujolcannegre.cat\/en\/product\/the-historic-farmhouses-of-sant-joan-despi-september-13-copia-copia\/#primaryimage"},"image":{"@id":"https:\/\/centrejujolcannegre.cat\/en\/product\/the-historic-farmhouses-of-sant-joan-despi-september-13-copia-copia\/#primaryimage"},"thumbnailUrl":"https:\/\/centrejujolcannegre.cat\/wp-content\/uploads\/2026\/02\/1.png","datePublished":"2026-02-19T08:45:20+00:00","dateModified":"2026-03-16T14:26:31+00:00","breadcrumb":{"@id":"https:\/\/centrejujolcannegre.cat\/en\/product\/the-historic-farmhouses-of-sant-joan-despi-september-13-copia-copia\/#breadcrumb"},"inLanguage":"en-US","potentialAction":[{"@type":"ReadAction","target":["https:\/\/centrejujolcannegre.cat\/en\/product\/the-historic-farmhouses-of-sant-joan-despi-september-13-copia-copia\/"]}]},{"@type":"ImageObject","inLanguage":"en-US","@id":"https:\/\/centrejujolcannegre.cat\/en\/product\/the-historic-farmhouses-of-sant-joan-despi-september-13-copia-copia\/#primaryimage","url":"https:\/\/centrejujolcannegre.cat\/wp-content\/uploads\/2026\/02\/1.png","contentUrl":"https:\/\/centrejujolcannegre.cat\/wp-content\/uploads\/2026\/02\/1.png","width":1080,"height":1080},{"@type":"BreadcrumbList","@id":"https:\/\/centrejujolcannegre.cat\/en\/product\/the-historic-farmhouses-of-sant-joan-despi-september-13-copia-copia\/#breadcrumb","itemListElement":[{"@type":"ListItem","position":1,"name":"Portada","item":"https:\/\/centrejujolcannegre.cat\/en\/"},{"@type":"ListItem","position":2,"name":"Center","item":"https:\/\/centrejujolcannegre.cat\/en\/center\/"},{"@type":"ListItem","position":3,"name":"Lecture Series. From Rogent to Jujol"}]},{"@type":"WebSite","@id":"https:\/\/centrejujolcannegre.cat\/en\/#website","url":"https:\/\/centrejujolcannegre.cat\/en\/","name":"Plataforma Centre Jujol - Can Negre","description":"Plataforma de venta d&#039;entradas d&#039;activitats, exposicions i circuits culturals a Museus i l&#039;Escola d&#039;Art de de Sant Joan Desp\u00ed","publisher":{"@id":"https:\/\/centrejujolcannegre.cat\/en\/#organization"},"potentialAction":[{"@type":"SearchAction","target":{"@type":"EntryPoint","urlTemplate":"https:\/\/centrejujolcannegre.cat\/en\/?s={search_term_string}"},"query-input":{"@type":"PropertyValueSpecification","valueRequired":true,"valueName":"search_term_string"}}],"inLanguage":"en-US"},{"@type":"Organization","@id":"https:\/\/centrejujolcannegre.cat\/en\/#organization","name":"Centre Jujol - Can Negre","url":"https:\/\/centrejujolcannegre.cat\/en\/","logo":{"@type":"ImageObject","inLanguage":"en-US","@id":"https:\/\/centrejujolcannegre.cat\/en\/#\/schema\/logo\/image\/","url":"https:\/\/centrejujolcannegre.cat\/wp-content\/uploads\/2024\/05\/logo-centre-jujol-can-negre.svg","contentUrl":"https:\/\/centrejujolcannegre.cat\/wp-content\/uploads\/2024\/05\/logo-centre-jujol-can-negre.svg","caption":"Centre Jujol - Can Negre"},"image":{"@id":"https:\/\/centrejujolcannegre.cat\/en\/#\/schema\/logo\/image\/"},"sameAs":["https:\/\/www.facebook.com\/cannegre","https:\/\/x.com\/cannegresjd"]}]}},"taxonomy_info":{"product_cat":[{"value":382,"label":"Barcelona 2026 World Capital of Architecture"}]},"featured_image_src_large":["https:\/\/centrejujolcannegre.cat\/wp-content\/uploads\/2026\/02\/1-1024x1024.png",1024,1024,true],"author_info":[],"comment_info":"","_links":{"self":[{"href":"https:\/\/centrejujolcannegre.cat\/en\/wp-json\/wp\/v2\/product\/21844","targetHints":{"allow":["GET"]}}],"collection":[{"href":"https:\/\/centrejujolcannegre.cat\/en\/wp-json\/wp\/v2\/product"}],"about":[{"href":"https:\/\/centrejujolcannegre.cat\/en\/wp-json\/wp\/v2\/types\/product"}],"wp:featuredmedia":[{"embeddable":true,"href":"https:\/\/centrejujolcannegre.cat\/en\/wp-json\/wp\/v2\/media\/22129"}],"wp:attachment":[{"href":"https:\/\/centrejujolcannegre.cat\/en\/wp-json\/wp\/v2\/media?parent=21844"}],"wp:term":[{"taxonomy":"product_brand","embeddable":true,"href":"https:\/\/centrejujolcannegre.cat\/en\/wp-json\/wp\/v2\/product_brand?post=21844"},{"taxonomy":"product_cat","embeddable":true,"href":"https:\/\/centrejujolcannegre.cat\/en\/wp-json\/wp\/v2\/product_cat?post=21844"},{"taxonomy":"product_tag","embeddable":true,"href":"https:\/\/centrejujolcannegre.cat\/en\/wp-json\/wp\/v2\/product_tag?post=21844"}],"curies":[{"name":"wp","href":"https:\/\/api.w.org\/{rel}","templated":true}]}}