{"id":22005,"date":"2026-02-23T09:18:40","date_gmt":"2026-02-23T08:18:40","guid":{"rendered":"https:\/\/centrejujolcannegre.cat\/?post_type=product&#038;p=22005"},"modified":"2026-04-15T14:09:29","modified_gmt":"2026-04-15T12:09:29","slug":"session-5-antoni-gaudi-and-julian-garcia-nunez-june-1","status":"publish","type":"product","link":"https:\/\/centrejujolcannegre.cat\/en\/product\/session-5-antoni-gaudi-and-julian-garcia-nunez-june-1\/","title":{"rendered":"Session 5. Antoni Gaud\u00ed and Juli\u00e1n Garc\u00eda Nu\u00f1ez (June 1)"},"content":{"rendered":"<p>The <strong>fifth session<\/strong> presents the case of Antoni Gaud\u00ed (1852-1926), his particular vision of nature and connections with Jujol, in addition to that of Juli\u00e1n Garc\u00eda N\u00fa\u00f1ez (1875-1944), an Argentine architect trained in Barcelona and who exported some of the approaches and forms of the Viennese Secession and Catalan Modernism to cities such as Buenos Aires and Rosario.<\/p>\n<p><strong>MONDAY JUNE 1 AT 6:00 PM.<\/strong><\/p>\n<div>\n<div>&#8211; <em><strong>Gaud\u00ed and nature in the 21st century<\/strong><\/em> , by Alberto Est\u00e9vez, Doctor in Architecture and History of Art.<\/div>\n<div><\/div>\n<div>&#8211; <em><strong>Juli\u00e1n Garc\u00eda N\u00fa\u00f1ez, modernism in Buenos Aires via Barcelona<\/strong><\/em> , \u200b\u200bby Sergio Fuentes Mil\u00e0, PhD in Art History.<\/div>\n<div><\/div>\n<\/div>\n<div><\/div>\n<pre><span style=\"font-weight: 400\">This  <\/span><span style=\"font-weight: 400\">activity  <\/span><span style=\"font-weight: 400\">is part of the <a href=\"https:\/\/www.barcelona.cat\/capitalmundialarquitectura\/ca\" target=\"_blank\" rel=\"noopener\"><strong>Barcelona 2026 World Capital of Architecture<\/strong><\/a> program, a distinction from UNESCO and the International Union of Architects (UIA) to the city that hosts the UIA World Congress of Architects, and turns it into a global forum for architecture, urban planning and landscaping. From February 12 to December 13, a multidisciplinary program will be developed in collaboration with schools, universities and professional and cultural entities throughout the Catalan territory. <\/span>\r\n\r\n<span style=\"font-weight: 400\">Barcelona 2026 World Capital of Architecture has the support of the Barcelona City Council, the Generalitat de Catalunya and the Ministry of Housing and Urban Agenda.<\/span><\/pre>\n<p>&nbsp;<\/p>\n<p>&nbsp;<\/p>\n","protected":false},"excerpt":{"rendered":"<p>\u201cFrom Rogent to Jujol\u201d is a <strong>series of conferences on Catalan architects<\/strong> that will be held at <strong>the Torre de la Creu de Sant Joan Desp\u00ed<\/strong> in the coming months of <strong>May and June 2026<\/strong> , coinciding with the year in which Barcelona is the World Capital of Architecture. The program is made up of a total of six sessions in which different specialists will present the cases of some outstanding Catalan architects &#8211; others underestimated &#8211; from the late 19th and early 20th centuries (a total of 11 cases), as well as the main contributions of each of them to Catalan architecture.<\/p>\n<p><strong style=\"font-size: 1em\">Conference language:<\/strong><\/p>\n<div><strong>SPANISH<\/strong> : <em>Gaud\u00ed and nature in the 21st century<\/em> , by Alberto Est\u00e9vez, Doctor in Architecture and History of Art.<\/div>\n<div><strong>CATALAN<\/strong> : <em>Juli\u00e1n Garc\u00eda N\u00fa\u00f1ez, modernism in Buenos Aires via Barcelona,<\/em> \u200b\u200bby Sergio Fuentes Mil\u00e0, PhD in Art History.<\/div>\n<div><\/div>\n<p><strong>With the support of the Barcelona Provincial Council<\/strong><\/p>\n","protected":false},"featured_media":22114,"template":"","meta":{"inline_featured_image":false,"_kad_blocks_custom_css":"","_kad_blocks_head_custom_js":"","_kad_blocks_body_custom_js":"","_kad_blocks_footer_custom_js":"","_kad_post_transparent":"default","_kad_post_title":"","_kad_post_layout":"default","_kad_post_sidebar_id":"","_kad_post_content_style":"default","_kad_post_vertical_padding":"default","_kad_post_feature":"","_kad_post_feature_position":"","_kad_post_header":false,"_kad_post_footer":false,"_kad_post_classname":""},"product_brand":[],"product_cat":[382],"product_tag":[],"class_list":{"0":"post-22005","1":"product","2":"type-product","3":"status-publish","4":"has-post-thumbnail","6":"product_cat-barcelona-2026-world-capital-of-architecture","8":"first","9":"instock","10":"sold-individually","11":"purchasable","12":"product-type-simple","13":"entry","14":"content-bg","15":"loop-entry"},"booking_location":null,"booking_location_type":null,"booking_duration":null,"booking_duration_unit":null,"booking_buffer":null,"booking_cost":null,"booking_resources":null,"exclude_global_add_ons":[],"addons":[],"yoast_head":"<!-- This site is optimized with the Yoast SEO plugin v27.4 - https:\/\/yoast.com\/product\/yoast-seo-wordpress\/ -->\n<title>Session 5. Antoni Gaud\u00ed and Juli\u00e1n Garc\u00eda Nu\u00f1ez (June 1) - Plataforma Centre Jujol - Can Negre<\/title>\n<meta name=\"robots\" content=\"index, follow, max-snippet:-1, max-image-preview:large, max-video-preview:-1\" \/>\n<link rel=\"canonical\" href=\"https:\/\/centrejujolcannegre.cat\/en\/product\/session-5-antoni-gaudi-and-julian-garcia-nunez-june-1\/\" \/>\n<meta property=\"og:locale\" content=\"en_US\" \/>\n<meta property=\"og:type\" content=\"article\" \/>\n<meta property=\"og:title\" content=\"Session 5. Antoni Gaud\u00ed and Juli\u00e1n Garc\u00eda Nu\u00f1ez (June 1) - Plataforma Centre Jujol - Can Negre\" \/>\n<meta property=\"og:description\" content=\"\u201cFrom Rogent to Jujol\u201d is a series of conferences on Catalan architects that will be held at the Torre de la Creu de Sant Joan Desp\u00ed in the coming months of May and June 2026 , coinciding with the year in which Barcelona is the World Capital of Architecture. The program is made up of a total of six sessions in which different specialists will present the cases of some outstanding Catalan architects - others underestimated - from the late 19th and early 20th centuries (a total of 11 cases), as well as the main contributions of each of them to Catalan architecture.  Conference language: SPANISH : Gaud\u00ed and nature in the 21st century , by Alberto Est\u00e9vez, Doctor in Architecture and History of Art. CATALAN : Juli\u00e1n Garc\u00eda N\u00fa\u00f1ez, modernism in Buenos Aires via Barcelona, \u200b\u200bby Sergio Fuentes Mil\u00e0, PhD in Art History.  With the support of the Barcelona Provincial Council\" \/>\n<meta property=\"og:url\" content=\"https:\/\/centrejujolcannegre.cat\/en\/product\/session-5-antoni-gaudi-and-julian-garcia-nunez-june-1\/\" \/>\n<meta property=\"og:site_name\" content=\"Plataforma Centre Jujol - Can Negre\" \/>\n<meta property=\"article:publisher\" content=\"https:\/\/www.facebook.com\/cannegre\" \/>\n<meta property=\"article:modified_time\" content=\"2026-04-15T12:09:29+00:00\" \/>\n<meta property=\"og:image\" content=\"https:\/\/centrejujolcannegre.cat\/wp-content\/uploads\/2026\/02\/3.png\" \/>\n\t<meta property=\"og:image:width\" content=\"1080\" \/>\n\t<meta property=\"og:image:height\" content=\"1080\" \/>\n\t<meta property=\"og:image:type\" content=\"image\/png\" \/>\n<meta name=\"twitter:card\" content=\"summary_large_image\" \/>\n<meta name=\"twitter:site\" content=\"@cannegresjd\" \/>\n<meta name=\"twitter:label1\" content=\"Est. reading time\" \/>\n\t<meta name=\"twitter:data1\" content=\"1 minute\" \/>\n<script type=\"application\/ld+json\" class=\"yoast-schema-graph\">{\"@context\":\"https:\\\/\\\/schema.org\",\"@graph\":[{\"@type\":\"WebPage\",\"@id\":\"https:\\\/\\\/centrejujolcannegre.cat\\\/en\\\/product\\\/session-5-antoni-gaudi-and-julian-garcia-nunez-june-1\\\/\",\"url\":\"https:\\\/\\\/centrejujolcannegre.cat\\\/en\\\/product\\\/session-5-antoni-gaudi-and-julian-garcia-nunez-june-1\\\/\",\"name\":\"Session 5. Antoni Gaud\u00ed and Juli\u00e1n Garc\u00eda Nu\u00f1ez (June 1) - Plataforma Centre Jujol - Can Negre\",\"isPartOf\":{\"@id\":\"https:\\\/\\\/centrejujolcannegre.cat\\\/en\\\/#website\"},\"primaryImageOfPage\":{\"@id\":\"https:\\\/\\\/centrejujolcannegre.cat\\\/en\\\/product\\\/session-5-antoni-gaudi-and-julian-garcia-nunez-june-1\\\/#primaryimage\"},\"image\":{\"@id\":\"https:\\\/\\\/centrejujolcannegre.cat\\\/en\\\/product\\\/session-5-antoni-gaudi-and-julian-garcia-nunez-june-1\\\/#primaryimage\"},\"thumbnailUrl\":\"https:\\\/\\\/centrejujolcannegre.cat\\\/wp-content\\\/uploads\\\/2026\\\/02\\\/3.png\",\"datePublished\":\"2026-02-23T08:18:40+00:00\",\"dateModified\":\"2026-04-15T12:09:29+00:00\",\"breadcrumb\":{\"@id\":\"https:\\\/\\\/centrejujolcannegre.cat\\\/en\\\/product\\\/session-5-antoni-gaudi-and-julian-garcia-nunez-june-1\\\/#breadcrumb\"},\"inLanguage\":\"en-US\",\"potentialAction\":[{\"@type\":\"ReadAction\",\"target\":[\"https:\\\/\\\/centrejujolcannegre.cat\\\/en\\\/product\\\/session-5-antoni-gaudi-and-julian-garcia-nunez-june-1\\\/\"]}]},{\"@type\":\"ImageObject\",\"inLanguage\":\"en-US\",\"@id\":\"https:\\\/\\\/centrejujolcannegre.cat\\\/en\\\/product\\\/session-5-antoni-gaudi-and-julian-garcia-nunez-june-1\\\/#primaryimage\",\"url\":\"https:\\\/\\\/centrejujolcannegre.cat\\\/wp-content\\\/uploads\\\/2026\\\/02\\\/3.png\",\"contentUrl\":\"https:\\\/\\\/centrejujolcannegre.cat\\\/wp-content\\\/uploads\\\/2026\\\/02\\\/3.png\",\"width\":1080,\"height\":1080},{\"@type\":\"BreadcrumbList\",\"@id\":\"https:\\\/\\\/centrejujolcannegre.cat\\\/en\\\/product\\\/session-5-antoni-gaudi-and-julian-garcia-nunez-june-1\\\/#breadcrumb\",\"itemListElement\":[{\"@type\":\"ListItem\",\"position\":1,\"name\":\"Portada\",\"item\":\"https:\\\/\\\/centrejujolcannegre.cat\\\/en\\\/\"},{\"@type\":\"ListItem\",\"position\":2,\"name\":\"Center\",\"item\":\"https:\\\/\\\/centrejujolcannegre.cat\\\/en\\\/center\\\/\"},{\"@type\":\"ListItem\",\"position\":3,\"name\":\"Session 5. Antoni Gaud\u00ed and Juli\u00e1n Garc\u00eda Nu\u00f1ez (June 1)\"}]},{\"@type\":\"WebSite\",\"@id\":\"https:\\\/\\\/centrejujolcannegre.cat\\\/en\\\/#website\",\"url\":\"https:\\\/\\\/centrejujolcannegre.cat\\\/en\\\/\",\"name\":\"Plataforma Centre Jujol - Can Negre\",\"description\":\"Plataforma de venta d&#039;entradas d&#039;activitats, exposicions i circuits culturals a Museus i l&#039;Escola d&#039;Art de de Sant Joan Desp\u00ed\",\"publisher\":{\"@id\":\"https:\\\/\\\/centrejujolcannegre.cat\\\/en\\\/#organization\"},\"potentialAction\":[{\"@type\":\"SearchAction\",\"target\":{\"@type\":\"EntryPoint\",\"urlTemplate\":\"https:\\\/\\\/centrejujolcannegre.cat\\\/en\\\/?s={search_term_string}\"},\"query-input\":{\"@type\":\"PropertyValueSpecification\",\"valueRequired\":true,\"valueName\":\"search_term_string\"}}],\"inLanguage\":\"en-US\"},{\"@type\":\"Organization\",\"@id\":\"https:\\\/\\\/centrejujolcannegre.cat\\\/en\\\/#organization\",\"name\":\"Centre Jujol - Can Negre\",\"url\":\"https:\\\/\\\/centrejujolcannegre.cat\\\/en\\\/\",\"logo\":{\"@type\":\"ImageObject\",\"inLanguage\":\"en-US\",\"@id\":\"https:\\\/\\\/centrejujolcannegre.cat\\\/en\\\/#\\\/schema\\\/logo\\\/image\\\/\",\"url\":\"https:\\\/\\\/centrejujolcannegre.cat\\\/wp-content\\\/uploads\\\/2024\\\/05\\\/logo-centre-jujol-can-negre.svg\",\"contentUrl\":\"https:\\\/\\\/centrejujolcannegre.cat\\\/wp-content\\\/uploads\\\/2024\\\/05\\\/logo-centre-jujol-can-negre.svg\",\"caption\":\"Centre Jujol - Can Negre\"},\"image\":{\"@id\":\"https:\\\/\\\/centrejujolcannegre.cat\\\/en\\\/#\\\/schema\\\/logo\\\/image\\\/\"},\"sameAs\":[\"https:\\\/\\\/www.facebook.com\\\/cannegre\",\"https:\\\/\\\/x.com\\\/cannegresjd\"]}]}<\/script>\n<!-- \/ Yoast SEO plugin. -->","yoast_head_json":{"title":"Session 5. Antoni Gaud\u00ed and Juli\u00e1n Garc\u00eda Nu\u00f1ez (June 1) - Plataforma Centre Jujol - Can Negre","robots":{"index":"index","follow":"follow","max-snippet":"max-snippet:-1","max-image-preview":"max-image-preview:large","max-video-preview":"max-video-preview:-1"},"canonical":"https:\/\/centrejujolcannegre.cat\/en\/product\/session-5-antoni-gaudi-and-julian-garcia-nunez-june-1\/","og_locale":"en_US","og_type":"article","og_title":"Session 5. Antoni Gaud\u00ed and Juli\u00e1n Garc\u00eda Nu\u00f1ez (June 1) - Plataforma Centre Jujol - Can Negre","og_description":"\u201cFrom Rogent to Jujol\u201d is a series of conferences on Catalan architects that will be held at the Torre de la Creu de Sant Joan Desp\u00ed in the coming months of May and June 2026 , coinciding with the year in which Barcelona is the World Capital of Architecture. The program is made up of a total of six sessions in which different specialists will present the cases of some outstanding Catalan architects - others underestimated - from the late 19th and early 20th centuries (a total of 11 cases), as well as the main contributions of each of them to Catalan architecture.  Conference language: SPANISH : Gaud\u00ed and nature in the 21st century , by Alberto Est\u00e9vez, Doctor in Architecture and History of Art. CATALAN : Juli\u00e1n Garc\u00eda N\u00fa\u00f1ez, modernism in Buenos Aires via Barcelona, \u200b\u200bby Sergio Fuentes Mil\u00e0, PhD in Art History.  With the support of the Barcelona Provincial Council","og_url":"https:\/\/centrejujolcannegre.cat\/en\/product\/session-5-antoni-gaudi-and-julian-garcia-nunez-june-1\/","og_site_name":"Plataforma Centre Jujol - Can Negre","article_publisher":"https:\/\/www.facebook.com\/cannegre","article_modified_time":"2026-04-15T12:09:29+00:00","og_image":[{"width":1080,"height":1080,"url":"https:\/\/centrejujolcannegre.cat\/wp-content\/uploads\/2026\/02\/3.png","type":"image\/png"}],"twitter_card":"summary_large_image","twitter_site":"@cannegresjd","twitter_misc":{"Est. reading time":"1 minute"},"schema":{"@context":"https:\/\/schema.org","@graph":[{"@type":"WebPage","@id":"https:\/\/centrejujolcannegre.cat\/en\/product\/session-5-antoni-gaudi-and-julian-garcia-nunez-june-1\/","url":"https:\/\/centrejujolcannegre.cat\/en\/product\/session-5-antoni-gaudi-and-julian-garcia-nunez-june-1\/","name":"Session 5. Antoni Gaud\u00ed and Juli\u00e1n Garc\u00eda Nu\u00f1ez (June 1) - Plataforma Centre Jujol - Can Negre","isPartOf":{"@id":"https:\/\/centrejujolcannegre.cat\/en\/#website"},"primaryImageOfPage":{"@id":"https:\/\/centrejujolcannegre.cat\/en\/product\/session-5-antoni-gaudi-and-julian-garcia-nunez-june-1\/#primaryimage"},"image":{"@id":"https:\/\/centrejujolcannegre.cat\/en\/product\/session-5-antoni-gaudi-and-julian-garcia-nunez-june-1\/#primaryimage"},"thumbnailUrl":"https:\/\/centrejujolcannegre.cat\/wp-content\/uploads\/2026\/02\/3.png","datePublished":"2026-02-23T08:18:40+00:00","dateModified":"2026-04-15T12:09:29+00:00","breadcrumb":{"@id":"https:\/\/centrejujolcannegre.cat\/en\/product\/session-5-antoni-gaudi-and-julian-garcia-nunez-june-1\/#breadcrumb"},"inLanguage":"en-US","potentialAction":[{"@type":"ReadAction","target":["https:\/\/centrejujolcannegre.cat\/en\/product\/session-5-antoni-gaudi-and-julian-garcia-nunez-june-1\/"]}]},{"@type":"ImageObject","inLanguage":"en-US","@id":"https:\/\/centrejujolcannegre.cat\/en\/product\/session-5-antoni-gaudi-and-julian-garcia-nunez-june-1\/#primaryimage","url":"https:\/\/centrejujolcannegre.cat\/wp-content\/uploads\/2026\/02\/3.png","contentUrl":"https:\/\/centrejujolcannegre.cat\/wp-content\/uploads\/2026\/02\/3.png","width":1080,"height":1080},{"@type":"BreadcrumbList","@id":"https:\/\/centrejujolcannegre.cat\/en\/product\/session-5-antoni-gaudi-and-julian-garcia-nunez-june-1\/#breadcrumb","itemListElement":[{"@type":"ListItem","position":1,"name":"Portada","item":"https:\/\/centrejujolcannegre.cat\/en\/"},{"@type":"ListItem","position":2,"name":"Center","item":"https:\/\/centrejujolcannegre.cat\/en\/center\/"},{"@type":"ListItem","position":3,"name":"Session 5. Antoni Gaud\u00ed and Juli\u00e1n Garc\u00eda Nu\u00f1ez (June 1)"}]},{"@type":"WebSite","@id":"https:\/\/centrejujolcannegre.cat\/en\/#website","url":"https:\/\/centrejujolcannegre.cat\/en\/","name":"Plataforma Centre Jujol - Can Negre","description":"Plataforma de venta d&#039;entradas d&#039;activitats, exposicions i circuits culturals a Museus i l&#039;Escola d&#039;Art de de Sant Joan Desp\u00ed","publisher":{"@id":"https:\/\/centrejujolcannegre.cat\/en\/#organization"},"potentialAction":[{"@type":"SearchAction","target":{"@type":"EntryPoint","urlTemplate":"https:\/\/centrejujolcannegre.cat\/en\/?s={search_term_string}"},"query-input":{"@type":"PropertyValueSpecification","valueRequired":true,"valueName":"search_term_string"}}],"inLanguage":"en-US"},{"@type":"Organization","@id":"https:\/\/centrejujolcannegre.cat\/en\/#organization","name":"Centre Jujol - Can Negre","url":"https:\/\/centrejujolcannegre.cat\/en\/","logo":{"@type":"ImageObject","inLanguage":"en-US","@id":"https:\/\/centrejujolcannegre.cat\/en\/#\/schema\/logo\/image\/","url":"https:\/\/centrejujolcannegre.cat\/wp-content\/uploads\/2024\/05\/logo-centre-jujol-can-negre.svg","contentUrl":"https:\/\/centrejujolcannegre.cat\/wp-content\/uploads\/2024\/05\/logo-centre-jujol-can-negre.svg","caption":"Centre Jujol - Can Negre"},"image":{"@id":"https:\/\/centrejujolcannegre.cat\/en\/#\/schema\/logo\/image\/"},"sameAs":["https:\/\/www.facebook.com\/cannegre","https:\/\/x.com\/cannegresjd"]}]}},"taxonomy_info":{"product_cat":[{"value":382,"label":"Barcelona 2026 World Capital of Architecture"}]},"featured_image_src_large":["https:\/\/centrejujolcannegre.cat\/wp-content\/uploads\/2026\/02\/3-1024x1024.png",1024,1024,true],"author_info":[],"comment_info":"","_links":{"self":[{"href":"https:\/\/centrejujolcannegre.cat\/en\/wp-json\/wp\/v2\/product\/22005","targetHints":{"allow":["GET"]}}],"collection":[{"href":"https:\/\/centrejujolcannegre.cat\/en\/wp-json\/wp\/v2\/product"}],"about":[{"href":"https:\/\/centrejujolcannegre.cat\/en\/wp-json\/wp\/v2\/types\/product"}],"wp:featuredmedia":[{"embeddable":true,"href":"https:\/\/centrejujolcannegre.cat\/en\/wp-json\/wp\/v2\/media\/22114"}],"wp:attachment":[{"href":"https:\/\/centrejujolcannegre.cat\/en\/wp-json\/wp\/v2\/media?parent=22005"}],"wp:term":[{"taxonomy":"product_brand","embeddable":true,"href":"https:\/\/centrejujolcannegre.cat\/en\/wp-json\/wp\/v2\/product_brand?post=22005"},{"taxonomy":"product_cat","embeddable":true,"href":"https:\/\/centrejujolcannegre.cat\/en\/wp-json\/wp\/v2\/product_cat?post=22005"},{"taxonomy":"product_tag","embeddable":true,"href":"https:\/\/centrejujolcannegre.cat\/en\/wp-json\/wp\/v2\/product_tag?post=22005"}],"curies":[{"name":"wp","href":"https:\/\/api.w.org\/{rel}","templated":true}]}}