{"id":22035,"date":"2026-02-23T12:00:51","date_gmt":"2026-02-23T11:00:51","guid":{"rendered":"https:\/\/centrejujolcannegre.cat\/?post_type=product&#038;p=22035"},"modified":"2026-03-13T10:43:21","modified_gmt":"2026-03-13T09:43:21","slug":"jujol-itinerary-july-4th-copia-2","status":"publish","type":"product","link":"https:\/\/centrejujolcannegre.cat\/en\/product\/jujol-itinerary-july-4th-copia-2\/","title":{"rendered":"Jujol, collaborator of Gaud\u00ed. Key piece in the modernism of Sant Joan Desp\u00ed &#8211; June 6"},"content":{"rendered":"<p data-start=\"840\" data-end=\"1220\">During the tour, it will be explained how the collaboration between Jujol and Gaud\u00ed took place, what elements can be attributed to Jujol&#8217;s sensitivity within the Gaud\u00ed universe and how this experience influenced his later career. At the same time, the unique heritage of Sant Joan Desp\u00ed will be highlighted. <\/p>\n<p data-start=\"840\" data-end=\"1220\">The itinerary allows us to discover Jujol in his context, understand his relationship with Gaud\u00ed and vindicate his figure as a leading figure in 20th-century Catalan architecture.<\/p>\n<pre><span style=\"font-weight: 400\">This  <\/span><span style=\"font-weight: 400\">activity  <\/span><span style=\"font-weight: 400\">is part of the <a href=\"https:\/\/www.barcelona.cat\/capitalmundialarquitectura\/ca\" target=\"_blank\" rel=\"noopener\"><strong>Barcelona 2026 World Capital of Architecture<\/strong><\/a> program, a distinction from UNESCO and the International Union of Architects (UIA) to the city that hosts the UIA World Congress of Architects, and turns it into a global forum for architecture, urban planning and landscaping. From February 12 to December 13, a multidisciplinary program will be developed in collaboration with schools, universities and professional and cultural entities throughout the Catalan territory. <\/span>\n\n<span style=\"font-weight: 400\">Barcelona 2026 World Capital of Architecture has the support of the Barcelona City Council, the Generalitat de Catalunya and the Ministry of Housing and Urban Agenda.<\/span><\/pre>\n<p>&nbsp;<\/p>\n<p>&nbsp;<\/p>\n","protected":false},"excerpt":{"rendered":"<p>This itinerary proposes to discover the figure of Jujol from his own creative identity, analyzing his contribution in projects shared with Gaud\u00ed and, at the same time, delving into the works he developed in Sant Joan Desp\u00ed. Far from being just a collaborator, Jujol was a creator with his own language, capable of experimenting with color, form and materials with a singular freedom. <\/p>\n<p>*Torre de la Creu: accessible visit for people with reduced mobility up to the first floor. The rest of the visit to this house takes place on different levels, via stairs without an alternative elevator. <\/p>\n<p><strong>Minors must be accompanied by an adult.<\/strong><\/p>\n<p><strong>Language of the visit: Catalan<\/strong><\/p>\n<p><strong>Saturday, June 6, 2026, at 5:00 p.m.<\/strong><\/p>\n<p><strong>With the support of the Barcelona Provincial Council<\/strong><\/p>\n","protected":false},"featured_media":22050,"template":"","meta":{"inline_featured_image":false,"_kad_blocks_custom_css":"","_kad_blocks_head_custom_js":"","_kad_blocks_body_custom_js":"","_kad_blocks_footer_custom_js":"","_kad_post_transparent":"","_kad_post_title":"","_kad_post_layout":"","_kad_post_sidebar_id":"","_kad_post_content_style":"","_kad_post_vertical_padding":"","_kad_post_feature":"","_kad_post_feature_position":"","_kad_post_header":false,"_kad_post_footer":false,"_kad_post_classname":""},"product_brand":[],"product_cat":[382],"product_tag":[],"class_list":{"0":"post-22035","1":"product","2":"type-product","3":"status-publish","4":"has-post-thumbnail","6":"product_cat-barcelona-2026-world-capital-of-architecture","8":"first","9":"instock","10":"virtual","11":"sold-individually","12":"purchasable","13":"product-type-booking","14":"entry","15":"content-bg","16":"loop-entry"},"booking_location":"","booking_location_type":"","booking_duration":120,"booking_duration_unit":"minute","booking_buffer":0,"booking_cost":0,"booking_resources":[],"exclude_global_add_ons":[],"addons":[],"yoast_head":"<!-- This site is optimized with the Yoast SEO plugin v27.3 - https:\/\/yoast.com\/product\/yoast-seo-wordpress\/ -->\n<title>Jujol, collaborator of Gaud\u00ed. Key piece in the modernism of Sant Joan Desp\u00ed - June 6 - Plataforma Centre Jujol - Can Negre<\/title>\n<meta name=\"robots\" content=\"index, follow, max-snippet:-1, max-image-preview:large, max-video-preview:-1\" \/>\n<link rel=\"canonical\" href=\"https:\/\/centrejujolcannegre.cat\/en\/product\/jujol-itinerary-july-4th-copia-2\/\" \/>\n<meta property=\"og:locale\" content=\"en_US\" \/>\n<meta property=\"og:type\" content=\"article\" \/>\n<meta property=\"og:title\" content=\"Jujol, collaborator of Gaud\u00ed. Key piece in the modernism of Sant Joan Desp\u00ed - June 6 - Plataforma Centre Jujol - Can Negre\" \/>\n<meta property=\"og:description\" content=\"This itinerary proposes to discover the figure of Jujol from his own creative identity, analyzing his contribution in projects shared with Gaud\u00ed and, at the same time, delving into the works he developed in Sant Joan Desp\u00ed. Far from being just a collaborator, Jujol was a creator with his own language, capable of experimenting with color, form and materials with a singular freedom.  *Torre de la Creu: accessible visit for people with reduced mobility up to the first floor. The rest of the visit to this house takes place on different levels, via stairs without an alternative elevator.  Minors must be accompanied by an adult. Language of the visit: Catalan Saturday, June 6, 2026, at 5:00 p.m. With the support of the Barcelona Provincial Council\" \/>\n<meta property=\"og:url\" content=\"https:\/\/centrejujolcannegre.cat\/en\/product\/jujol-itinerary-july-4th-copia-2\/\" \/>\n<meta property=\"og:site_name\" content=\"Plataforma Centre Jujol - Can Negre\" \/>\n<meta property=\"article:publisher\" content=\"https:\/\/www.facebook.com\/cannegre\" \/>\n<meta property=\"article:modified_time\" content=\"2026-03-13T09:43:21+00:00\" \/>\n<meta property=\"og:image\" content=\"https:\/\/centrejujolcannegre.cat\/wp-content\/uploads\/2026\/02\/capitalitat-3.png\" \/>\n\t<meta property=\"og:image:width\" content=\"1080\" \/>\n\t<meta property=\"og:image:height\" content=\"1080\" \/>\n\t<meta property=\"og:image:type\" content=\"image\/png\" \/>\n<meta name=\"twitter:card\" content=\"summary_large_image\" \/>\n<meta name=\"twitter:site\" content=\"@cannegresjd\" \/>\n<meta name=\"twitter:label1\" content=\"Est. reading time\" \/>\n\t<meta name=\"twitter:data1\" content=\"1 minute\" \/>\n<script type=\"application\/ld+json\" class=\"yoast-schema-graph\">{\"@context\":\"https:\\\/\\\/schema.org\",\"@graph\":[{\"@type\":\"WebPage\",\"@id\":\"https:\\\/\\\/centrejujolcannegre.cat\\\/en\\\/product\\\/jujol-itinerary-july-4th-copia-2\\\/\",\"url\":\"https:\\\/\\\/centrejujolcannegre.cat\\\/en\\\/product\\\/jujol-itinerary-july-4th-copia-2\\\/\",\"name\":\"Jujol, collaborator of Gaud\u00ed. Key piece in the modernism of Sant Joan Desp\u00ed - June 6 - Plataforma Centre Jujol - Can Negre\",\"isPartOf\":{\"@id\":\"https:\\\/\\\/centrejujolcannegre.cat\\\/en\\\/#website\"},\"primaryImageOfPage\":{\"@id\":\"https:\\\/\\\/centrejujolcannegre.cat\\\/en\\\/product\\\/jujol-itinerary-july-4th-copia-2\\\/#primaryimage\"},\"image\":{\"@id\":\"https:\\\/\\\/centrejujolcannegre.cat\\\/en\\\/product\\\/jujol-itinerary-july-4th-copia-2\\\/#primaryimage\"},\"thumbnailUrl\":\"https:\\\/\\\/centrejujolcannegre.cat\\\/wp-content\\\/uploads\\\/2026\\\/02\\\/capitalitat-3.png\",\"datePublished\":\"2026-02-23T11:00:51+00:00\",\"dateModified\":\"2026-03-13T09:43:21+00:00\",\"breadcrumb\":{\"@id\":\"https:\\\/\\\/centrejujolcannegre.cat\\\/en\\\/product\\\/jujol-itinerary-july-4th-copia-2\\\/#breadcrumb\"},\"inLanguage\":\"en-US\",\"potentialAction\":[{\"@type\":\"ReadAction\",\"target\":[\"https:\\\/\\\/centrejujolcannegre.cat\\\/en\\\/product\\\/jujol-itinerary-july-4th-copia-2\\\/\"]}]},{\"@type\":\"ImageObject\",\"inLanguage\":\"en-US\",\"@id\":\"https:\\\/\\\/centrejujolcannegre.cat\\\/en\\\/product\\\/jujol-itinerary-july-4th-copia-2\\\/#primaryimage\",\"url\":\"https:\\\/\\\/centrejujolcannegre.cat\\\/wp-content\\\/uploads\\\/2026\\\/02\\\/capitalitat-3.png\",\"contentUrl\":\"https:\\\/\\\/centrejujolcannegre.cat\\\/wp-content\\\/uploads\\\/2026\\\/02\\\/capitalitat-3.png\",\"width\":1080,\"height\":1080},{\"@type\":\"BreadcrumbList\",\"@id\":\"https:\\\/\\\/centrejujolcannegre.cat\\\/en\\\/product\\\/jujol-itinerary-july-4th-copia-2\\\/#breadcrumb\",\"itemListElement\":[{\"@type\":\"ListItem\",\"position\":1,\"name\":\"Portada\",\"item\":\"https:\\\/\\\/centrejujolcannegre.cat\\\/en\\\/\"},{\"@type\":\"ListItem\",\"position\":2,\"name\":\"Center\",\"item\":\"https:\\\/\\\/centrejujolcannegre.cat\\\/en\\\/center\\\/\"},{\"@type\":\"ListItem\",\"position\":3,\"name\":\"Jujol, collaborator of Gaud\u00ed. Key piece in the modernism of Sant Joan Desp\u00ed &#8211; June 6\"}]},{\"@type\":\"WebSite\",\"@id\":\"https:\\\/\\\/centrejujolcannegre.cat\\\/en\\\/#website\",\"url\":\"https:\\\/\\\/centrejujolcannegre.cat\\\/en\\\/\",\"name\":\"Plataforma Centre Jujol - Can Negre\",\"description\":\"Plataforma de venta d&#039;entradas d&#039;activitats, exposicions i circuits culturals a Museus i l&#039;Escola d&#039;Art de de Sant Joan Desp\u00ed\",\"publisher\":{\"@id\":\"https:\\\/\\\/centrejujolcannegre.cat\\\/en\\\/#organization\"},\"potentialAction\":[{\"@type\":\"SearchAction\",\"target\":{\"@type\":\"EntryPoint\",\"urlTemplate\":\"https:\\\/\\\/centrejujolcannegre.cat\\\/en\\\/?s={search_term_string}\"},\"query-input\":{\"@type\":\"PropertyValueSpecification\",\"valueRequired\":true,\"valueName\":\"search_term_string\"}}],\"inLanguage\":\"en-US\"},{\"@type\":\"Organization\",\"@id\":\"https:\\\/\\\/centrejujolcannegre.cat\\\/en\\\/#organization\",\"name\":\"Centre Jujol - Can Negre\",\"url\":\"https:\\\/\\\/centrejujolcannegre.cat\\\/en\\\/\",\"logo\":{\"@type\":\"ImageObject\",\"inLanguage\":\"en-US\",\"@id\":\"https:\\\/\\\/centrejujolcannegre.cat\\\/en\\\/#\\\/schema\\\/logo\\\/image\\\/\",\"url\":\"https:\\\/\\\/centrejujolcannegre.cat\\\/wp-content\\\/uploads\\\/2024\\\/05\\\/logo-centre-jujol-can-negre.svg\",\"contentUrl\":\"https:\\\/\\\/centrejujolcannegre.cat\\\/wp-content\\\/uploads\\\/2024\\\/05\\\/logo-centre-jujol-can-negre.svg\",\"caption\":\"Centre Jujol - Can Negre\"},\"image\":{\"@id\":\"https:\\\/\\\/centrejujolcannegre.cat\\\/en\\\/#\\\/schema\\\/logo\\\/image\\\/\"},\"sameAs\":[\"https:\\\/\\\/www.facebook.com\\\/cannegre\",\"https:\\\/\\\/x.com\\\/cannegresjd\"]}]}<\/script>\n<!-- \/ Yoast SEO plugin. -->","yoast_head_json":{"title":"Jujol, collaborator of Gaud\u00ed. Key piece in the modernism of Sant Joan Desp\u00ed - June 6 - Plataforma Centre Jujol - Can Negre","robots":{"index":"index","follow":"follow","max-snippet":"max-snippet:-1","max-image-preview":"max-image-preview:large","max-video-preview":"max-video-preview:-1"},"canonical":"https:\/\/centrejujolcannegre.cat\/en\/product\/jujol-itinerary-july-4th-copia-2\/","og_locale":"en_US","og_type":"article","og_title":"Jujol, collaborator of Gaud\u00ed. Key piece in the modernism of Sant Joan Desp\u00ed - June 6 - Plataforma Centre Jujol - Can Negre","og_description":"This itinerary proposes to discover the figure of Jujol from his own creative identity, analyzing his contribution in projects shared with Gaud\u00ed and, at the same time, delving into the works he developed in Sant Joan Desp\u00ed. Far from being just a collaborator, Jujol was a creator with his own language, capable of experimenting with color, form and materials with a singular freedom.  *Torre de la Creu: accessible visit for people with reduced mobility up to the first floor. The rest of the visit to this house takes place on different levels, via stairs without an alternative elevator.  Minors must be accompanied by an adult. Language of the visit: Catalan Saturday, June 6, 2026, at 5:00 p.m. With the support of the Barcelona Provincial Council","og_url":"https:\/\/centrejujolcannegre.cat\/en\/product\/jujol-itinerary-july-4th-copia-2\/","og_site_name":"Plataforma Centre Jujol - Can Negre","article_publisher":"https:\/\/www.facebook.com\/cannegre","article_modified_time":"2026-03-13T09:43:21+00:00","og_image":[{"width":1080,"height":1080,"url":"https:\/\/centrejujolcannegre.cat\/wp-content\/uploads\/2026\/02\/capitalitat-3.png","type":"image\/png"}],"twitter_card":"summary_large_image","twitter_site":"@cannegresjd","twitter_misc":{"Est. reading time":"1 minute"},"schema":{"@context":"https:\/\/schema.org","@graph":[{"@type":"WebPage","@id":"https:\/\/centrejujolcannegre.cat\/en\/product\/jujol-itinerary-july-4th-copia-2\/","url":"https:\/\/centrejujolcannegre.cat\/en\/product\/jujol-itinerary-july-4th-copia-2\/","name":"Jujol, collaborator of Gaud\u00ed. Key piece in the modernism of Sant Joan Desp\u00ed - June 6 - Plataforma Centre Jujol - Can Negre","isPartOf":{"@id":"https:\/\/centrejujolcannegre.cat\/en\/#website"},"primaryImageOfPage":{"@id":"https:\/\/centrejujolcannegre.cat\/en\/product\/jujol-itinerary-july-4th-copia-2\/#primaryimage"},"image":{"@id":"https:\/\/centrejujolcannegre.cat\/en\/product\/jujol-itinerary-july-4th-copia-2\/#primaryimage"},"thumbnailUrl":"https:\/\/centrejujolcannegre.cat\/wp-content\/uploads\/2026\/02\/capitalitat-3.png","datePublished":"2026-02-23T11:00:51+00:00","dateModified":"2026-03-13T09:43:21+00:00","breadcrumb":{"@id":"https:\/\/centrejujolcannegre.cat\/en\/product\/jujol-itinerary-july-4th-copia-2\/#breadcrumb"},"inLanguage":"en-US","potentialAction":[{"@type":"ReadAction","target":["https:\/\/centrejujolcannegre.cat\/en\/product\/jujol-itinerary-july-4th-copia-2\/"]}]},{"@type":"ImageObject","inLanguage":"en-US","@id":"https:\/\/centrejujolcannegre.cat\/en\/product\/jujol-itinerary-july-4th-copia-2\/#primaryimage","url":"https:\/\/centrejujolcannegre.cat\/wp-content\/uploads\/2026\/02\/capitalitat-3.png","contentUrl":"https:\/\/centrejujolcannegre.cat\/wp-content\/uploads\/2026\/02\/capitalitat-3.png","width":1080,"height":1080},{"@type":"BreadcrumbList","@id":"https:\/\/centrejujolcannegre.cat\/en\/product\/jujol-itinerary-july-4th-copia-2\/#breadcrumb","itemListElement":[{"@type":"ListItem","position":1,"name":"Portada","item":"https:\/\/centrejujolcannegre.cat\/en\/"},{"@type":"ListItem","position":2,"name":"Center","item":"https:\/\/centrejujolcannegre.cat\/en\/center\/"},{"@type":"ListItem","position":3,"name":"Jujol, collaborator of Gaud\u00ed. Key piece in the modernism of Sant Joan Desp\u00ed &#8211; June 6"}]},{"@type":"WebSite","@id":"https:\/\/centrejujolcannegre.cat\/en\/#website","url":"https:\/\/centrejujolcannegre.cat\/en\/","name":"Plataforma Centre Jujol - Can Negre","description":"Plataforma de venta d&#039;entradas d&#039;activitats, exposicions i circuits culturals a Museus i l&#039;Escola d&#039;Art de de Sant Joan Desp\u00ed","publisher":{"@id":"https:\/\/centrejujolcannegre.cat\/en\/#organization"},"potentialAction":[{"@type":"SearchAction","target":{"@type":"EntryPoint","urlTemplate":"https:\/\/centrejujolcannegre.cat\/en\/?s={search_term_string}"},"query-input":{"@type":"PropertyValueSpecification","valueRequired":true,"valueName":"search_term_string"}}],"inLanguage":"en-US"},{"@type":"Organization","@id":"https:\/\/centrejujolcannegre.cat\/en\/#organization","name":"Centre Jujol - Can Negre","url":"https:\/\/centrejujolcannegre.cat\/en\/","logo":{"@type":"ImageObject","inLanguage":"en-US","@id":"https:\/\/centrejujolcannegre.cat\/en\/#\/schema\/logo\/image\/","url":"https:\/\/centrejujolcannegre.cat\/wp-content\/uploads\/2024\/05\/logo-centre-jujol-can-negre.svg","contentUrl":"https:\/\/centrejujolcannegre.cat\/wp-content\/uploads\/2024\/05\/logo-centre-jujol-can-negre.svg","caption":"Centre Jujol - Can Negre"},"image":{"@id":"https:\/\/centrejujolcannegre.cat\/en\/#\/schema\/logo\/image\/"},"sameAs":["https:\/\/www.facebook.com\/cannegre","https:\/\/x.com\/cannegresjd"]}]}},"taxonomy_info":{"product_cat":[{"value":382,"label":"Barcelona 2026 World Capital of Architecture"}]},"featured_image_src_large":["https:\/\/centrejujolcannegre.cat\/wp-content\/uploads\/2026\/02\/capitalitat-3-1024x1024.png",1024,1024,true],"author_info":[],"comment_info":"","_links":{"self":[{"href":"https:\/\/centrejujolcannegre.cat\/en\/wp-json\/wp\/v2\/product\/22035","targetHints":{"allow":["GET"]}}],"collection":[{"href":"https:\/\/centrejujolcannegre.cat\/en\/wp-json\/wp\/v2\/product"}],"about":[{"href":"https:\/\/centrejujolcannegre.cat\/en\/wp-json\/wp\/v2\/types\/product"}],"wp:featuredmedia":[{"embeddable":true,"href":"https:\/\/centrejujolcannegre.cat\/en\/wp-json\/wp\/v2\/media\/22050"}],"wp:attachment":[{"href":"https:\/\/centrejujolcannegre.cat\/en\/wp-json\/wp\/v2\/media?parent=22035"}],"wp:term":[{"taxonomy":"product_brand","embeddable":true,"href":"https:\/\/centrejujolcannegre.cat\/en\/wp-json\/wp\/v2\/product_brand?post=22035"},{"taxonomy":"product_cat","embeddable":true,"href":"https:\/\/centrejujolcannegre.cat\/en\/wp-json\/wp\/v2\/product_cat?post=22035"},{"taxonomy":"product_tag","embeddable":true,"href":"https:\/\/centrejujolcannegre.cat\/en\/wp-json\/wp\/v2\/product_tag?post=22035"}],"curies":[{"name":"wp","href":"https:\/\/api.w.org\/{rel}","templated":true}]}}