{"id":9179,"date":"2022-09-28T09:25:51","date_gmt":"2022-09-28T07:25:51","guid":{"rendered":"https:\/\/centrejujolcannegre.cat\/politica-de-proteccion-de-datos\/"},"modified":"2025-04-10T15:11:07","modified_gmt":"2025-04-10T13:11:07","slug":"politica-de-proteccion-de-datos","status":"publish","type":"page","link":"https:\/\/centrejujolcannegre.cat\/es\/politica-de-proteccion-de-datos\/","title":{"rendered":"Pol\u00edtica de Protecci\u00f3n de Datos"},"content":{"rendered":"\n<p>El Ayuntamiento de Sant Joan Desp\u00ed, como responsable del tratamiento, garantiza un nivel adecuado y coherente de protecci\u00f3n de las personas f\u00edsicas en lo que se refiere a sus datos personales, objeto de tratamiento por los diversos servicios municipales del Ayuntamiento, de acuerdo con el Reglamento general de protecci\u00f3n de datos (2016\/679).<\/p>\n\n<p>El Ayuntamiento de Sant Joan Desp\u00ed s\u00f3lo trata los datos personales con plena responsabilidad y lealmente, y de acuerdo a las bases jur\u00eddicas que permiten la licitud del tratamiento, seg\u00fan el Reglamento general de protecci\u00f3n de datos.<\/p>\n\n<p>Con el objetivo de dar cumplimiento al Reglamento general de protecci\u00f3n de datos, el Ayuntamiento de Sant Joan Desp\u00ed elaborar\u00e1 un Registro de Actividades de Tratamiento adoptando las medidas de seguridad oportunas y apropiadas a los riesgos evaluados e identificados objetivamente para los derechos y libertades interesados, a los que podr\u00edan dar lugar los tratamientos realizados por el Ayuntamiento.<\/p>\n\n<p>El Ayuntamiento de Sant Joan Desp\u00ed aplica el principio de transparencia en el tratamiento de datos personales, entregando a los interesados \u200b\u200buna informaci\u00f3n concisa, f\u00e1cilmente accesible, completa y con un lenguaje f\u00e1cil de entender y, a la vez, facilitando el ejercicio de derechos por medio de formularios.<\/p>\n\n<p>Asimismo, el Ayuntamiento de Sant Joan Desp\u00ed designar\u00e1 a un delegado de protecci\u00f3n de datos, de acuerdo con lo dispuesto en el art\u00edculo 37.1.a. del Reglamento general de protecci\u00f3n de datos (2016\/679). <\/p>\n\n<p>A continuaci\u00f3n, se ofrece una informaci\u00f3n adicional y ampliada respecto a actividades de tratamiento espec\u00edficas, realizadas por el Ayuntamiento de Sant Joan Desp\u00ed.<\/p>\n\n<h2 class=\"wp-block-heading\"><strong>INFORMACI\u00d3N AMPLIADA SOBRE PROTECCI\u00d3N DE DATOS<\/strong><\/h2>\n\n<h3 class=\"wp-block-heading\"><strong>1. Responsable del tratamiento<\/strong><\/h3>\n\n<ul class=\"wp-block-list\">\n<li>Identidad: Ayuntamiento de Sant Joan Desp\u00ed<\/li>\n\n\n\n<li>CIF: P-0821600-D<\/li>\n\n\n\n<li>Direcci\u00f3n postal: Cam\u00ed del Mig, 9. CP 08970- Sant Joan Desp\u00ed (Barcelona) <\/li>\n\n\n\n<li>Tel\u00e9fono: 93 480 60 00<\/li>\n\n\n\n<li>Correo electr\u00f3nico: <a href=\"mailto:ajuntament@sjdespi.net\">ayuntamiento@sjdespi.net<\/a><\/li>\n<\/ul>\n\n<p>Delegado de Protecci\u00f3n de Datos: el Ayuntamiento de Sant Joan Desp\u00ed ha designado a un delegado de protecci\u00f3n de datos, de acuerdo con lo que dispone el art\u00edculo 37.1.a. del Reglamento general de protecci\u00f3n de datos (UE) (2016\/679).<br\/> Correo electr\u00f3nico: <a href=\"mailto:dpd@sjdespi.net\">dpd@sjdespi.net<\/a> <\/p>\n\n<h3 class=\"wp-block-heading\"><strong>2. Periodo de conservaci\u00f3n<\/strong> :<\/h3>\n\n<p>Los datos personales de los interesados \u200b\u200bse conservar\u00e1n durante el tiempo necesario para el cumplimiento de los fines para los que fueron obtenidos, en ejercicio de las competencias y funciones del Ayuntamiento, y para determinar las posibles responsabilidades derivadas de estas finalidades.<\/p>\n\n<h3 class=\"wp-block-heading\"><strong>3. Base jur\u00eddica del tratamiento:<\/strong><\/h3>\n\n<p>Las bases jur\u00eddicas que legitiman el tratamiento de los datos personales de los interesados, en base a las competencias y funciones del Ayuntamiento, son las siguientes:<\/p>\n\n<p>Con car\u00e1cter general:<\/p>\n\n<p>Reglamento general de protecci\u00f3n de datos 2016\/679.<\/p>\n\n<p>Art\u00edculo 6.1.c El tratamiento ser\u00e1 necesario para el cumplimiento de una obligaci\u00f3n legal aplicable al responsable del tratamiento.<\/p>\n\n<p>Art\u00edculo 6.1.e. El tratamiento ser\u00e1 necesario para el cumplimiento de una misi\u00f3n realizada en inter\u00e9s p\u00fablico o en ejercicio de poderes p\u00fablicos conferidos al responsable del tratamiento. <\/p>\n\n<h3 class=\"wp-block-heading\"><strong>5. \u00bfCu\u00e1les son sus derechos?<\/strong><\/h3>\n\n<p>Las personas titulares de los datos tratados por el Ayuntamiento de Sant Joan Desp\u00ed tienen reconocido el derecho en todo momento a ejercer el derecho de acceso a sus datos, de rectificaci\u00f3n de datos err\u00f3neos o inexactos, de supresi\u00f3n cuando, entre otros motivos, los datos ya no sean necesarios para los fines que fueron recogidos, y en la portabilidad de los datos.<\/p>\n\n<p>En determinadas circunstancias, los interesados \u200b\u200bpodr\u00e1n solicitar la limitaci\u00f3n del tratamiento de sus datos, en cuyo caso \u00fanicamente se conservar\u00e1n para el ejercicio o la defensa de reclamaciones.<\/p>\n\n<p>Tambi\u00e9n por motivos relacionados con su situaci\u00f3n particular, los interesados \u200b\u200bpodr\u00e1n oponerse al tratamiento de sus datos. El Ayuntamiento de Sant Joan Desp\u00ed dejar\u00e1 de tratar los datos, salvo por motivos leg\u00edtimos o para el ejercicio o defensa de posibles reclamaciones. <\/p>\n\n<p>Para ejercer estos derechos podr\u00e1 ponerse en contacto con el Ayuntamiento de Sant Joan Desp\u00ed presentando el formulario correspondiente la Oficina de Atenci\u00f3n Ciudadana: Cam\u00ed del Mig, 9, CP 08970 Sant Joan Desp\u00ed, o enviando un mensaje a la direcci\u00f3n de correo electr\u00f3nico: <a href=\"mailto:ajuntament@sjdespi.net\">ayuntamiento@sjdespi.net<\/a><\/p>\n\n<p>Asimismo, en caso de no estar satisfecho con la respuesta al ejercicio de sus derechos, y, en cualquier caso, siempre que lo considere oportuno, podr\u00e1 presentar una reclamaci\u00f3n ante la Autoridad Catalana de Protecci\u00f3n de Datos a trav\u00e9s de su sede electr\u00f3nica en <a href=\"http:\/\/www.apd.cat\/\" target=\"_blank\" rel=\"noreferrer noopener\">www.apd.cat<\/a> .<\/p>\n\n<h3 class=\"wp-block-heading\"><strong>6. Destinatarios de los datos. Otras administraciones p\u00fablicas competentes en la materia, cuando corresponda. <\/strong><\/h3>\n\n<h3 class=\"wp-block-heading\"><strong>7. Procedencia de los datos personales.<\/strong> <\/h3>\n\n<p>Los datos personales objeto de tratamiento por el Ayuntamiento de Sant Joan Desp\u00ed en cumplimiento de una misi\u00f3n realizada en inter\u00e9s p\u00fablico, en ejercicio de poderes p\u00fablicos o en cumplimiento de una obligaci\u00f3n legal proceden directamente de los interesados \u200b\u200bo de sus representantes, o de otras administraciones p\u00fablicas, de acuerdo a las previsiones legales.<\/p>\n\n<h3 class=\"wp-block-heading\"><strong>8. Categor\u00edas de datos objeto de tratamiento.<\/strong> <\/h3>\n\n<p>Datos identificativos, datos relativos a las caracter\u00edsticas personales: estado civil, familia, nacimiento, lugar de nacimiento, edad, sexo, nacionalidad, datos acad\u00e9micos y profesionales o relativos al puesto de trabajo, y categor\u00edas especiales de datos, y otros datos que puedan aportar por el ciudadano, dependiendo del tr\u00e1mite administrativo o actuaci\u00f3n municipal.<\/p>\n\n<p><strong>REGISTRO DE ACTIVIDADES DE TRATAMIENTO (RAT) &#8211; AYUNTAMIENTO DE SANT JOAN DESP\u00cd<\/strong><\/p>\n\n<p>El Ayuntamiento de Sant Joan Desp\u00ed aprob\u00f3 el Registro de Actividades del Tratamiento de conformidad con la Resoluci\u00f3n de alcald\u00eda n\u00famero 20190001001689, de fecha 21\/06\/2019.  <\/p>\n\n<p>Este registro se ha elaborado en cumplimiento del art\u00edculo 30.1 del Reglamento (UE) 679\/2016, del Parlamento Europeo y del Consejo, de 27 de abril de 2016, relativo a la protecci\u00f3n de las personas f\u00edsicas en lo que se refiere al tratamiento de datos personales ya la libre circulaci\u00f3n de estos datos (RGPD) y el art\u00edculo 31 de la Ley org\u00e1nica 3\/2018, de 5 de diciembre, de protecci\u00f3n de datos personales y garant\u00eda de los derechos digitales (LOPDGDD).<\/p>\n\n<p>De acuerdo con la normativa de r\u00e9gimen local, el Ayuntamiento presta servicios p\u00fablicos vinculados a las diferentes competencias o funciones propias. Cualquiera de las actividades en las que consten datos de car\u00e1cter personal implica un tratamiento de datos que se puede realizar de forma no automatizada o automatizada, parcial o totalmente. Por tanto, este registro de actividades de tratamiento recoge la informaci\u00f3n relativa a los tratamientos que son responsabilidad del Ayuntamiento.  <\/p>\n\n<p><a href=\"https:\/\/sjdespi.cat\/sites\/default\/files\/ajuntament_de_sant_joan_despi_registre_activitats_rat_2023_0.pdf\" target=\"_blank\" rel=\"noreferrer noopener\">Registro de las Actividades de Tratamiento del Ayuntamiento de Sant Joan Desp\u00ed.pdf<\/a> <\/p>\n","protected":false},"excerpt":{"rendered":"<p>El Ayuntamiento de Sant Joan Desp\u00ed, como responsable del tratamiento, garantiza un nivel adecuado y coherente de protecci\u00f3n de las personas f\u00edsicas en lo que se refiere a sus datos personales, objeto de tratamiento por los diversos servicios municipales del Ayuntamiento, de acuerdo con el Reglamento general de protecci\u00f3n de datos (2016\/679). El Ayuntamiento de&#8230;<\/p>\n","protected":false},"author":1,"featured_media":0,"parent":0,"menu_order":0,"comment_status":"closed","ping_status":"closed","template":"","meta":{"inline_featured_image":false,"_kad_blocks_custom_css":"","_kad_blocks_head_custom_js":"","_kad_blocks_body_custom_js":"","_kad_blocks_footer_custom_js":"","_kad_post_transparent":"","_kad_post_title":"","_kad_post_layout":"","_kad_post_sidebar_id":"","_kad_post_content_style":"","_kad_post_vertical_padding":"","_kad_post_feature":"","_kad_post_feature_position":"","_kad_post_header":false,"_kad_post_footer":false,"_kad_post_classname":"","footnotes":""},"class_list":["post-9179","page","type-page","status-publish","hentry"],"yoast_head":"<!-- This site is optimized with the Yoast SEO plugin v27.6 - https:\/\/yoast.com\/product\/yoast-seo-wordpress\/ -->\n<title>Pol\u00edtica de Protecci\u00f3n de Datos - Plataforma Centre Jujol - Can Negre<\/title>\n<meta name=\"robots\" content=\"noindex, nofollow\" \/>\n<meta property=\"og:locale\" content=\"es_ES\" \/>\n<meta property=\"og:type\" content=\"article\" \/>\n<meta property=\"og:title\" content=\"Pol\u00edtica de Protecci\u00f3n de Datos - Plataforma Centre Jujol - Can Negre\" \/>\n<meta property=\"og:description\" content=\"El Ayuntamiento de Sant Joan Desp\u00ed, como responsable del tratamiento, garantiza un nivel adecuado y coherente de protecci\u00f3n de las personas f\u00edsicas en lo que se refiere a sus datos personales, objeto de tratamiento por los diversos servicios municipales del Ayuntamiento, de acuerdo con el Reglamento general de protecci\u00f3n de datos (2016\/679). El Ayuntamiento de...\" \/>\n<meta property=\"og:url\" content=\"https:\/\/centrejujolcannegre.cat\/es\/politica-de-proteccion-de-datos\/\" \/>\n<meta property=\"og:site_name\" content=\"Plataforma Centre Jujol - Can Negre\" \/>\n<meta property=\"article:publisher\" content=\"https:\/\/www.facebook.com\/cannegre\" \/>\n<meta property=\"article:modified_time\" content=\"2025-04-10T13:11:07+00:00\" \/>\n<meta name=\"twitter:card\" content=\"summary_large_image\" \/>\n<meta name=\"twitter:site\" content=\"@cannegresjd\" \/>\n<meta name=\"twitter:label1\" content=\"Tiempo de lectura\" \/>\n\t<meta name=\"twitter:data1\" content=\"5 minutos\" \/>\n<script type=\"application\/ld+json\" class=\"yoast-schema-graph\">{\"@context\":\"https:\\\/\\\/schema.org\",\"@graph\":[{\"@type\":\"WebPage\",\"@id\":\"https:\\\/\\\/centrejujolcannegre.cat\\\/es\\\/politica-de-proteccion-de-datos\\\/\",\"url\":\"https:\\\/\\\/centrejujolcannegre.cat\\\/es\\\/politica-de-proteccion-de-datos\\\/\",\"name\":\"Pol\u00edtica de Protecci\u00f3n de Datos - Plataforma Centre Jujol - Can Negre\",\"isPartOf\":{\"@id\":\"https:\\\/\\\/centrejujolcannegre.cat\\\/es\\\/#website\"},\"datePublished\":\"2022-09-28T07:25:51+00:00\",\"dateModified\":\"2025-04-10T13:11:07+00:00\",\"breadcrumb\":{\"@id\":\"https:\\\/\\\/centrejujolcannegre.cat\\\/es\\\/politica-de-proteccion-de-datos\\\/#breadcrumb\"},\"inLanguage\":\"es\",\"potentialAction\":[{\"@type\":\"ReadAction\",\"target\":[\"https:\\\/\\\/centrejujolcannegre.cat\\\/es\\\/politica-de-proteccion-de-datos\\\/\"]}]},{\"@type\":\"BreadcrumbList\",\"@id\":\"https:\\\/\\\/centrejujolcannegre.cat\\\/es\\\/politica-de-proteccion-de-datos\\\/#breadcrumb\",\"itemListElement\":[{\"@type\":\"ListItem\",\"position\":1,\"name\":\"Portada\",\"item\":\"https:\\\/\\\/centrejujolcannegre.cat\\\/es\\\/\"},{\"@type\":\"ListItem\",\"position\":2,\"name\":\"Pol\u00edtica de Protecci\u00f3n de Datos\"}]},{\"@type\":\"WebSite\",\"@id\":\"https:\\\/\\\/centrejujolcannegre.cat\\\/es\\\/#website\",\"url\":\"https:\\\/\\\/centrejujolcannegre.cat\\\/es\\\/\",\"name\":\"Plataforma Centre Jujol - Can Negre\",\"description\":\"Plataforma de venta d&#039;entradas d&#039;activitats, exposicions i circuits culturals a Museus i l&#039;Escola d&#039;Art de de Sant Joan Desp\u00ed\",\"publisher\":{\"@id\":\"https:\\\/\\\/centrejujolcannegre.cat\\\/es\\\/#organization\"},\"potentialAction\":[{\"@type\":\"SearchAction\",\"target\":{\"@type\":\"EntryPoint\",\"urlTemplate\":\"https:\\\/\\\/centrejujolcannegre.cat\\\/es\\\/?s={search_term_string}\"},\"query-input\":{\"@type\":\"PropertyValueSpecification\",\"valueRequired\":true,\"valueName\":\"search_term_string\"}}],\"inLanguage\":\"es\"},{\"@type\":\"Organization\",\"@id\":\"https:\\\/\\\/centrejujolcannegre.cat\\\/es\\\/#organization\",\"name\":\"Centre Jujol - Can Negre\",\"url\":\"https:\\\/\\\/centrejujolcannegre.cat\\\/es\\\/\",\"logo\":{\"@type\":\"ImageObject\",\"inLanguage\":\"es\",\"@id\":\"https:\\\/\\\/centrejujolcannegre.cat\\\/es\\\/#\\\/schema\\\/logo\\\/image\\\/\",\"url\":\"https:\\\/\\\/centrejujolcannegre.cat\\\/wp-content\\\/uploads\\\/2024\\\/05\\\/logo-centre-jujol-can-negre.svg\",\"contentUrl\":\"https:\\\/\\\/centrejujolcannegre.cat\\\/wp-content\\\/uploads\\\/2024\\\/05\\\/logo-centre-jujol-can-negre.svg\",\"caption\":\"Centre Jujol - Can Negre\"},\"image\":{\"@id\":\"https:\\\/\\\/centrejujolcannegre.cat\\\/es\\\/#\\\/schema\\\/logo\\\/image\\\/\"},\"sameAs\":[\"https:\\\/\\\/www.facebook.com\\\/cannegre\",\"https:\\\/\\\/x.com\\\/cannegresjd\"]}]}<\/script>\n<!-- \/ Yoast SEO plugin. -->","yoast_head_json":{"title":"Pol\u00edtica de Protecci\u00f3n de Datos - Plataforma Centre Jujol - Can Negre","robots":{"index":"noindex","follow":"nofollow"},"og_locale":"es_ES","og_type":"article","og_title":"Pol\u00edtica de Protecci\u00f3n de Datos - Plataforma Centre Jujol - Can Negre","og_description":"El Ayuntamiento de Sant Joan Desp\u00ed, como responsable del tratamiento, garantiza un nivel adecuado y coherente de protecci\u00f3n de las personas f\u00edsicas en lo que se refiere a sus datos personales, objeto de tratamiento por los diversos servicios municipales del Ayuntamiento, de acuerdo con el Reglamento general de protecci\u00f3n de datos (2016\/679). El Ayuntamiento de...","og_url":"https:\/\/centrejujolcannegre.cat\/es\/politica-de-proteccion-de-datos\/","og_site_name":"Plataforma Centre Jujol - Can Negre","article_publisher":"https:\/\/www.facebook.com\/cannegre","article_modified_time":"2025-04-10T13:11:07+00:00","twitter_card":"summary_large_image","twitter_site":"@cannegresjd","twitter_misc":{"Tiempo de lectura":"5 minutos"},"schema":{"@context":"https:\/\/schema.org","@graph":[{"@type":"WebPage","@id":"https:\/\/centrejujolcannegre.cat\/es\/politica-de-proteccion-de-datos\/","url":"https:\/\/centrejujolcannegre.cat\/es\/politica-de-proteccion-de-datos\/","name":"Pol\u00edtica de Protecci\u00f3n de Datos - Plataforma Centre Jujol - Can Negre","isPartOf":{"@id":"https:\/\/centrejujolcannegre.cat\/es\/#website"},"datePublished":"2022-09-28T07:25:51+00:00","dateModified":"2025-04-10T13:11:07+00:00","breadcrumb":{"@id":"https:\/\/centrejujolcannegre.cat\/es\/politica-de-proteccion-de-datos\/#breadcrumb"},"inLanguage":"es","potentialAction":[{"@type":"ReadAction","target":["https:\/\/centrejujolcannegre.cat\/es\/politica-de-proteccion-de-datos\/"]}]},{"@type":"BreadcrumbList","@id":"https:\/\/centrejujolcannegre.cat\/es\/politica-de-proteccion-de-datos\/#breadcrumb","itemListElement":[{"@type":"ListItem","position":1,"name":"Portada","item":"https:\/\/centrejujolcannegre.cat\/es\/"},{"@type":"ListItem","position":2,"name":"Pol\u00edtica de Protecci\u00f3n de Datos"}]},{"@type":"WebSite","@id":"https:\/\/centrejujolcannegre.cat\/es\/#website","url":"https:\/\/centrejujolcannegre.cat\/es\/","name":"Plataforma Centre Jujol - Can Negre","description":"Plataforma de venta d&#039;entradas d&#039;activitats, exposicions i circuits culturals a Museus i l&#039;Escola d&#039;Art de de Sant Joan Desp\u00ed","publisher":{"@id":"https:\/\/centrejujolcannegre.cat\/es\/#organization"},"potentialAction":[{"@type":"SearchAction","target":{"@type":"EntryPoint","urlTemplate":"https:\/\/centrejujolcannegre.cat\/es\/?s={search_term_string}"},"query-input":{"@type":"PropertyValueSpecification","valueRequired":true,"valueName":"search_term_string"}}],"inLanguage":"es"},{"@type":"Organization","@id":"https:\/\/centrejujolcannegre.cat\/es\/#organization","name":"Centre Jujol - Can Negre","url":"https:\/\/centrejujolcannegre.cat\/es\/","logo":{"@type":"ImageObject","inLanguage":"es","@id":"https:\/\/centrejujolcannegre.cat\/es\/#\/schema\/logo\/image\/","url":"https:\/\/centrejujolcannegre.cat\/wp-content\/uploads\/2024\/05\/logo-centre-jujol-can-negre.svg","contentUrl":"https:\/\/centrejujolcannegre.cat\/wp-content\/uploads\/2024\/05\/logo-centre-jujol-can-negre.svg","caption":"Centre Jujol - Can Negre"},"image":{"@id":"https:\/\/centrejujolcannegre.cat\/es\/#\/schema\/logo\/image\/"},"sameAs":["https:\/\/www.facebook.com\/cannegre","https:\/\/x.com\/cannegresjd"]}]}},"taxonomy_info":[],"featured_image_src_large":false,"author_info":{"display_name":"empiezapori","author_link":"https:\/\/centrejujolcannegre.cat\/es\/author\/empiezapori\/"},"comment_info":0,"_links":{"self":[{"href":"https:\/\/centrejujolcannegre.cat\/es\/wp-json\/wp\/v2\/pages\/9179","targetHints":{"allow":["GET"]}}],"collection":[{"href":"https:\/\/centrejujolcannegre.cat\/es\/wp-json\/wp\/v2\/pages"}],"about":[{"href":"https:\/\/centrejujolcannegre.cat\/es\/wp-json\/wp\/v2\/types\/page"}],"author":[{"embeddable":true,"href":"https:\/\/centrejujolcannegre.cat\/es\/wp-json\/wp\/v2\/users\/1"}],"replies":[{"embeddable":true,"href":"https:\/\/centrejujolcannegre.cat\/es\/wp-json\/wp\/v2\/comments?post=9179"}],"version-history":[{"count":1,"href":"https:\/\/centrejujolcannegre.cat\/es\/wp-json\/wp\/v2\/pages\/9179\/revisions"}],"predecessor-version":[{"id":9180,"href":"https:\/\/centrejujolcannegre.cat\/es\/wp-json\/wp\/v2\/pages\/9179\/revisions\/9180"}],"wp:attachment":[{"href":"https:\/\/centrejujolcannegre.cat\/es\/wp-json\/wp\/v2\/media?parent=9179"}],"curies":[{"name":"wp","href":"https:\/\/api.w.org\/{rel}","templated":true}]}}