{"id":10775,"date":"2025-02-26T14:03:35","date_gmt":"2025-02-26T13:03:35","guid":{"rendered":"https:\/\/centrejujolcannegre.cat\/?post_type=product&#038;p=10775"},"modified":"2025-04-02T10:50:37","modified_gmt":"2025-04-02T08:50:37","slug":"visita-libre-a-can-negre-copia","status":"publish","type":"product","link":"https:\/\/centrejujolcannegre.cat\/es\/producto\/visita-libre-a-can-negre-copia\/","title":{"rendered":"El secreto de Jujol: Gymkana digital tur\u00edstica"},"content":{"rendered":"<p>Tu viejo profesor siempre fue exc\u00e9ntrico, pero nadie sab\u00eda m\u00e1s de arte que \u00e9l. En sus \u00faltimos a\u00f1os se obsesion\u00f3 con Josep Maria Jujol, uno de los m\u00e1s importantes arquitectos catalanes. La \u00faltima vez que habl\u00f3 con \u00e9l le dijo que hab\u00eda descubierto, en la obra de Jujol, el secreto de los grandes genios del arte, el ingrediente que convierte una creaci\u00f3n en obra maestra.  <\/p>\n<p>Por desgracia, antes de contarles el secreto, muri\u00f3. Hoy se encuentra en Sant Joan Desp\u00ed para tratar de descubrir, en la obra de Jujol, c\u00f3mo fue ese ingrediente, ese elemento que distingue a los genios. \u00bfEst\u00e1is preparados para revelar el enigma de Jujol?  <\/p>\n","protected":false},"excerpt":{"rendered":"<p>\u00bfDescubrir\u00e9is el enigma de Jujol?<\/p>\n<p>Actividad gratuita.<\/p>\n<p><strong>\u00bfC\u00d3MO JUGAR?<\/strong><\/p>\n<p>Para realizar esta actividad, \u00fanicamente tienes que acercarte al cartel de entrada de Can Negre y escanear con tu dispositivo m\u00f3vil, el QR \u00abGymkana digital tur\u00edstica: El secreto de Jujol\u00bb.<\/p>\n<p>El recorrido es exterior, no hace falta que accedas al centro.<\/p>\n<p>\u00a1Mucha suerte, y a disfrutar del juego!<\/p>\n<p>&nbsp;<\/p>\n","protected":false},"featured_media":10500,"template":"","meta":{"inline_featured_image":false,"_kad_blocks_custom_css":"","_kad_blocks_head_custom_js":"","_kad_blocks_body_custom_js":"","_kad_blocks_footer_custom_js":"","_kad_post_transparent":"default","_kad_post_title":"","_kad_post_layout":"default","_kad_post_sidebar_id":"","_kad_post_content_style":"default","_kad_post_vertical_padding":"default","_kad_post_feature":"","_kad_post_feature_position":"","_kad_post_header":false,"_kad_post_footer":false,"_kad_post_classname":""},"product_brand":[],"product_cat":[79,255],"product_tag":[368],"class_list":{"0":"post-10775","1":"product","2":"type-product","3":"status-publish","4":"has-post-thumbnail","6":"product_cat-jujol-en-sant-joan-despi","7":"product_cat-otras-rutas","8":"product_tag-producto-sin-venta","10":"first","11":"instock","12":"virtual","13":"product-type-simple","14":"entry","15":"content-bg","16":"loop-entry"},"booking_location":null,"booking_location_type":null,"booking_duration":null,"booking_duration_unit":null,"booking_buffer":null,"booking_cost":null,"booking_resources":null,"exclude_global_add_ons":[],"addons":[],"yoast_head":"<!-- This site is optimized with the Yoast SEO plugin v27.4 - https:\/\/yoast.com\/product\/yoast-seo-wordpress\/ -->\n<title>El secreto de Jujol: Gymkana digital tur\u00edstica - Plataforma Centre Jujol - Can Negre<\/title>\n<meta name=\"robots\" content=\"index, follow, max-snippet:-1, max-image-preview:large, max-video-preview:-1\" \/>\n<link rel=\"canonical\" href=\"https:\/\/centrejujolcannegre.cat\/es\/producto\/visita-libre-a-can-negre-copia\/\" \/>\n<meta property=\"og:locale\" content=\"es_ES\" \/>\n<meta property=\"og:type\" content=\"article\" \/>\n<meta property=\"og:title\" content=\"El secreto de Jujol: Gymkana digital tur\u00edstica - Plataforma Centre Jujol - Can Negre\" \/>\n<meta property=\"og:description\" content=\"\u00bfDescubrir\u00e9is el enigma de Jujol? Actividad gratuita. \u00bfC\u00d3MO JUGAR? Para realizar esta actividad, \u00fanicamente tienes que acercarte al cartel de entrada de Can Negre y escanear con tu dispositivo m\u00f3vil, el QR &quot;Gymkana digital tur\u00edstica: El secreto de Jujol&quot;. El recorrido es exterior, no hace falta que accedas al centro. \u00a1Mucha suerte, y a disfrutar del juego! &nbsp;\" \/>\n<meta property=\"og:url\" content=\"https:\/\/centrejujolcannegre.cat\/es\/producto\/visita-libre-a-can-negre-copia\/\" \/>\n<meta property=\"og:site_name\" content=\"Plataforma Centre Jujol - Can Negre\" \/>\n<meta property=\"article:publisher\" content=\"https:\/\/www.facebook.com\/cannegre\" \/>\n<meta property=\"article:modified_time\" content=\"2025-04-02T08:50:37+00:00\" \/>\n<meta property=\"og:image\" content=\"https:\/\/centrejujolcannegre.cat\/wp-content\/uploads\/2025\/02\/GDT-Can-Negre-Targeta.png\" \/>\n\t<meta property=\"og:image:width\" content=\"3502\" \/>\n\t<meta property=\"og:image:height\" content=\"3498\" \/>\n\t<meta property=\"og:image:type\" content=\"image\/png\" \/>\n<meta name=\"twitter:card\" content=\"summary_large_image\" \/>\n<meta name=\"twitter:site\" content=\"@cannegresjd\" \/>\n<meta name=\"twitter:label1\" content=\"Tiempo de lectura\" \/>\n\t<meta name=\"twitter:data1\" content=\"1 minuto\" \/>\n<script type=\"application\/ld+json\" class=\"yoast-schema-graph\">{\"@context\":\"https:\\\/\\\/schema.org\",\"@graph\":[{\"@type\":\"WebPage\",\"@id\":\"https:\\\/\\\/centrejujolcannegre.cat\\\/es\\\/producto\\\/visita-libre-a-can-negre-copia\\\/\",\"url\":\"https:\\\/\\\/centrejujolcannegre.cat\\\/es\\\/producto\\\/visita-libre-a-can-negre-copia\\\/\",\"name\":\"El secreto de Jujol: Gymkana digital tur\u00edstica - Plataforma Centre Jujol - Can Negre\",\"isPartOf\":{\"@id\":\"https:\\\/\\\/centrejujolcannegre.cat\\\/es\\\/#website\"},\"primaryImageOfPage\":{\"@id\":\"https:\\\/\\\/centrejujolcannegre.cat\\\/es\\\/producto\\\/visita-libre-a-can-negre-copia\\\/#primaryimage\"},\"image\":{\"@id\":\"https:\\\/\\\/centrejujolcannegre.cat\\\/es\\\/producto\\\/visita-libre-a-can-negre-copia\\\/#primaryimage\"},\"thumbnailUrl\":\"https:\\\/\\\/centrejujolcannegre.cat\\\/wp-content\\\/uploads\\\/2025\\\/02\\\/GDT-Can-Negre-Targeta.png\",\"datePublished\":\"2025-02-26T13:03:35+00:00\",\"dateModified\":\"2025-04-02T08:50:37+00:00\",\"breadcrumb\":{\"@id\":\"https:\\\/\\\/centrejujolcannegre.cat\\\/es\\\/producto\\\/visita-libre-a-can-negre-copia\\\/#breadcrumb\"},\"inLanguage\":\"es\",\"potentialAction\":[{\"@type\":\"ReadAction\",\"target\":[\"https:\\\/\\\/centrejujolcannegre.cat\\\/es\\\/producto\\\/visita-libre-a-can-negre-copia\\\/\"]}]},{\"@type\":\"ImageObject\",\"inLanguage\":\"es\",\"@id\":\"https:\\\/\\\/centrejujolcannegre.cat\\\/es\\\/producto\\\/visita-libre-a-can-negre-copia\\\/#primaryimage\",\"url\":\"https:\\\/\\\/centrejujolcannegre.cat\\\/wp-content\\\/uploads\\\/2025\\\/02\\\/GDT-Can-Negre-Targeta.png\",\"contentUrl\":\"https:\\\/\\\/centrejujolcannegre.cat\\\/wp-content\\\/uploads\\\/2025\\\/02\\\/GDT-Can-Negre-Targeta.png\",\"width\":3502,\"height\":3498},{\"@type\":\"BreadcrumbList\",\"@id\":\"https:\\\/\\\/centrejujolcannegre.cat\\\/es\\\/producto\\\/visita-libre-a-can-negre-copia\\\/#breadcrumb\",\"itemListElement\":[{\"@type\":\"ListItem\",\"position\":1,\"name\":\"Portada\",\"item\":\"https:\\\/\\\/centrejujolcannegre.cat\\\/es\\\/\"},{\"@type\":\"ListItem\",\"position\":2,\"name\":\"Centro\",\"item\":\"https:\\\/\\\/centrejujolcannegre.cat\\\/es\\\/centro\\\/\"},{\"@type\":\"ListItem\",\"position\":3,\"name\":\"El secreto de Jujol: Gymkana digital tur\u00edstica\"}]},{\"@type\":\"WebSite\",\"@id\":\"https:\\\/\\\/centrejujolcannegre.cat\\\/es\\\/#website\",\"url\":\"https:\\\/\\\/centrejujolcannegre.cat\\\/es\\\/\",\"name\":\"Plataforma Centre Jujol - Can Negre\",\"description\":\"Plataforma de venta d&#039;entradas d&#039;activitats, exposicions i circuits culturals a Museus i l&#039;Escola d&#039;Art de de Sant Joan Desp\u00ed\",\"publisher\":{\"@id\":\"https:\\\/\\\/centrejujolcannegre.cat\\\/es\\\/#organization\"},\"potentialAction\":[{\"@type\":\"SearchAction\",\"target\":{\"@type\":\"EntryPoint\",\"urlTemplate\":\"https:\\\/\\\/centrejujolcannegre.cat\\\/es\\\/?s={search_term_string}\"},\"query-input\":{\"@type\":\"PropertyValueSpecification\",\"valueRequired\":true,\"valueName\":\"search_term_string\"}}],\"inLanguage\":\"es\"},{\"@type\":\"Organization\",\"@id\":\"https:\\\/\\\/centrejujolcannegre.cat\\\/es\\\/#organization\",\"name\":\"Centre Jujol - Can Negre\",\"url\":\"https:\\\/\\\/centrejujolcannegre.cat\\\/es\\\/\",\"logo\":{\"@type\":\"ImageObject\",\"inLanguage\":\"es\",\"@id\":\"https:\\\/\\\/centrejujolcannegre.cat\\\/es\\\/#\\\/schema\\\/logo\\\/image\\\/\",\"url\":\"https:\\\/\\\/centrejujolcannegre.cat\\\/wp-content\\\/uploads\\\/2024\\\/05\\\/logo-centre-jujol-can-negre.svg\",\"contentUrl\":\"https:\\\/\\\/centrejujolcannegre.cat\\\/wp-content\\\/uploads\\\/2024\\\/05\\\/logo-centre-jujol-can-negre.svg\",\"caption\":\"Centre Jujol - Can Negre\"},\"image\":{\"@id\":\"https:\\\/\\\/centrejujolcannegre.cat\\\/es\\\/#\\\/schema\\\/logo\\\/image\\\/\"},\"sameAs\":[\"https:\\\/\\\/www.facebook.com\\\/cannegre\",\"https:\\\/\\\/x.com\\\/cannegresjd\"]}]}<\/script>\n<!-- \/ Yoast SEO plugin. -->","yoast_head_json":{"title":"El secreto de Jujol: Gymkana digital tur\u00edstica - Plataforma Centre Jujol - Can Negre","robots":{"index":"index","follow":"follow","max-snippet":"max-snippet:-1","max-image-preview":"max-image-preview:large","max-video-preview":"max-video-preview:-1"},"canonical":"https:\/\/centrejujolcannegre.cat\/es\/producto\/visita-libre-a-can-negre-copia\/","og_locale":"es_ES","og_type":"article","og_title":"El secreto de Jujol: Gymkana digital tur\u00edstica - Plataforma Centre Jujol - Can Negre","og_description":"\u00bfDescubrir\u00e9is el enigma de Jujol? Actividad gratuita. \u00bfC\u00d3MO JUGAR? Para realizar esta actividad, \u00fanicamente tienes que acercarte al cartel de entrada de Can Negre y escanear con tu dispositivo m\u00f3vil, el QR \"Gymkana digital tur\u00edstica: El secreto de Jujol\". El recorrido es exterior, no hace falta que accedas al centro. \u00a1Mucha suerte, y a disfrutar del juego! &nbsp;","og_url":"https:\/\/centrejujolcannegre.cat\/es\/producto\/visita-libre-a-can-negre-copia\/","og_site_name":"Plataforma Centre Jujol - Can Negre","article_publisher":"https:\/\/www.facebook.com\/cannegre","article_modified_time":"2025-04-02T08:50:37+00:00","og_image":[{"width":3502,"height":3498,"url":"https:\/\/centrejujolcannegre.cat\/wp-content\/uploads\/2025\/02\/GDT-Can-Negre-Targeta.png","type":"image\/png"}],"twitter_card":"summary_large_image","twitter_site":"@cannegresjd","twitter_misc":{"Tiempo de lectura":"1 minuto"},"schema":{"@context":"https:\/\/schema.org","@graph":[{"@type":"WebPage","@id":"https:\/\/centrejujolcannegre.cat\/es\/producto\/visita-libre-a-can-negre-copia\/","url":"https:\/\/centrejujolcannegre.cat\/es\/producto\/visita-libre-a-can-negre-copia\/","name":"El secreto de Jujol: Gymkana digital tur\u00edstica - Plataforma Centre Jujol - Can Negre","isPartOf":{"@id":"https:\/\/centrejujolcannegre.cat\/es\/#website"},"primaryImageOfPage":{"@id":"https:\/\/centrejujolcannegre.cat\/es\/producto\/visita-libre-a-can-negre-copia\/#primaryimage"},"image":{"@id":"https:\/\/centrejujolcannegre.cat\/es\/producto\/visita-libre-a-can-negre-copia\/#primaryimage"},"thumbnailUrl":"https:\/\/centrejujolcannegre.cat\/wp-content\/uploads\/2025\/02\/GDT-Can-Negre-Targeta.png","datePublished":"2025-02-26T13:03:35+00:00","dateModified":"2025-04-02T08:50:37+00:00","breadcrumb":{"@id":"https:\/\/centrejujolcannegre.cat\/es\/producto\/visita-libre-a-can-negre-copia\/#breadcrumb"},"inLanguage":"es","potentialAction":[{"@type":"ReadAction","target":["https:\/\/centrejujolcannegre.cat\/es\/producto\/visita-libre-a-can-negre-copia\/"]}]},{"@type":"ImageObject","inLanguage":"es","@id":"https:\/\/centrejujolcannegre.cat\/es\/producto\/visita-libre-a-can-negre-copia\/#primaryimage","url":"https:\/\/centrejujolcannegre.cat\/wp-content\/uploads\/2025\/02\/GDT-Can-Negre-Targeta.png","contentUrl":"https:\/\/centrejujolcannegre.cat\/wp-content\/uploads\/2025\/02\/GDT-Can-Negre-Targeta.png","width":3502,"height":3498},{"@type":"BreadcrumbList","@id":"https:\/\/centrejujolcannegre.cat\/es\/producto\/visita-libre-a-can-negre-copia\/#breadcrumb","itemListElement":[{"@type":"ListItem","position":1,"name":"Portada","item":"https:\/\/centrejujolcannegre.cat\/es\/"},{"@type":"ListItem","position":2,"name":"Centro","item":"https:\/\/centrejujolcannegre.cat\/es\/centro\/"},{"@type":"ListItem","position":3,"name":"El secreto de Jujol: Gymkana digital tur\u00edstica"}]},{"@type":"WebSite","@id":"https:\/\/centrejujolcannegre.cat\/es\/#website","url":"https:\/\/centrejujolcannegre.cat\/es\/","name":"Plataforma Centre Jujol - Can Negre","description":"Plataforma de venta d&#039;entradas d&#039;activitats, exposicions i circuits culturals a Museus i l&#039;Escola d&#039;Art de de Sant Joan Desp\u00ed","publisher":{"@id":"https:\/\/centrejujolcannegre.cat\/es\/#organization"},"potentialAction":[{"@type":"SearchAction","target":{"@type":"EntryPoint","urlTemplate":"https:\/\/centrejujolcannegre.cat\/es\/?s={search_term_string}"},"query-input":{"@type":"PropertyValueSpecification","valueRequired":true,"valueName":"search_term_string"}}],"inLanguage":"es"},{"@type":"Organization","@id":"https:\/\/centrejujolcannegre.cat\/es\/#organization","name":"Centre Jujol - Can Negre","url":"https:\/\/centrejujolcannegre.cat\/es\/","logo":{"@type":"ImageObject","inLanguage":"es","@id":"https:\/\/centrejujolcannegre.cat\/es\/#\/schema\/logo\/image\/","url":"https:\/\/centrejujolcannegre.cat\/wp-content\/uploads\/2024\/05\/logo-centre-jujol-can-negre.svg","contentUrl":"https:\/\/centrejujolcannegre.cat\/wp-content\/uploads\/2024\/05\/logo-centre-jujol-can-negre.svg","caption":"Centre Jujol - Can Negre"},"image":{"@id":"https:\/\/centrejujolcannegre.cat\/es\/#\/schema\/logo\/image\/"},"sameAs":["https:\/\/www.facebook.com\/cannegre","https:\/\/x.com\/cannegresjd"]}]}},"taxonomy_info":{"product_cat":[{"value":79,"label":"Jujol en Sant Joan Despi"},{"value":255,"label":"Otras rutas"}],"product_tag":[{"value":368,"label":"Producto sin venta"}]},"featured_image_src_large":["https:\/\/centrejujolcannegre.cat\/wp-content\/uploads\/2025\/02\/GDT-Can-Negre-Targeta-1024x1024.png",1024,1024,true],"author_info":[],"comment_info":"","_links":{"self":[{"href":"https:\/\/centrejujolcannegre.cat\/es\/wp-json\/wp\/v2\/product\/10775","targetHints":{"allow":["GET"]}}],"collection":[{"href":"https:\/\/centrejujolcannegre.cat\/es\/wp-json\/wp\/v2\/product"}],"about":[{"href":"https:\/\/centrejujolcannegre.cat\/es\/wp-json\/wp\/v2\/types\/product"}],"wp:featuredmedia":[{"embeddable":true,"href":"https:\/\/centrejujolcannegre.cat\/es\/wp-json\/wp\/v2\/media\/10500"}],"wp:attachment":[{"href":"https:\/\/centrejujolcannegre.cat\/es\/wp-json\/wp\/v2\/media?parent=10775"}],"wp:term":[{"taxonomy":"product_brand","embeddable":true,"href":"https:\/\/centrejujolcannegre.cat\/es\/wp-json\/wp\/v2\/product_brand?post=10775"},{"taxonomy":"product_cat","embeddable":true,"href":"https:\/\/centrejujolcannegre.cat\/es\/wp-json\/wp\/v2\/product_cat?post=10775"},{"taxonomy":"product_tag","embeddable":true,"href":"https:\/\/centrejujolcannegre.cat\/es\/wp-json\/wp\/v2\/product_tag?post=10775"}],"curies":[{"name":"wp","href":"https:\/\/api.w.org\/{rel}","templated":true}]}}