{"id":21731,"date":"2026-02-16T10:45:37","date_gmt":"2026-02-16T09:45:37","guid":{"rendered":"https:\/\/centrejujolcannegre.cat\/?post_type=product&#038;p=21731"},"modified":"2026-03-13T10:36:33","modified_gmt":"2026-03-13T09:36:33","slug":"las-masias-historicas-de-sant-joan-despi-13-de-septiembre-de-2026-copia","status":"publish","type":"product","link":"https:\/\/centrejujolcannegre.cat\/es\/producto\/las-masias-historicas-de-sant-joan-despi-13-de-septiembre-de-2026-copia\/","title":{"rendered":"Las Mas\u00edas hist\u00f3ricas de Sant Joan Desp\u00ed &#8211; 13 de septiembre"},"content":{"rendered":"<p data-start=\"202\" data-end=\"566\">Visita guiada para conocer la estructura de las mas\u00edas y el pasado agr\u00edcola de Sant Joan Desp\u00ed, haciendo un recorrido por las mas\u00edas antiguas de la ciudad. Conoceremos la historia, entre otros, de Can Maluquer, Can Po Cardona, Cal Maset, Can Felip o Can Codina. <\/p>\n<pre><span style=\"font-weight: 400\">\u00c9sta  <\/span><span style=\"font-weight: 400\">actividad  <\/span><span style=\"font-weight: 400\">forma parte de la programaci\u00f3n de <a href=\"https:\/\/www.barcelona.cat\/capitalmundialarquitectura\/ca\" target=\"_blank\" rel=\"noopener\"><strong>Barcelona 2026 Capital Mundial de la Arquitectura<\/strong><\/a> , una distinci\u00f3n de la UNESCO y la Uni\u00f3n Internacional de Arquitectos (UIA) en la ciudad que acoge el Congreso Mundial de Arquitectos de la UIA, y la convierte en foro global de arquitectura, urbanismo y paisajismo. Del 12 de febrero al 13 de diciembre, se desplegar\u00e1 una programaci\u00f3n multidisciplinar realizada en colaboraci\u00f3n con escuelas, universidades y entidades profesionales y culturales en todo el territorio catal\u00e1n. <\/span>\n\n<span style=\"font-weight: 400\">Barcelona 2026 Capital Mundial de la Arquitectura cuenta con el apoyo del Ayuntamiento de Barcelona, \u200b\u200bla Generalidad de Catalu\u00f1a y el Ministerio de Vivienda y Agenda Urbana.<\/span><\/pre>\n<p>&nbsp;<\/p>\n<p>&nbsp;<\/p>\n","protected":false},"excerpt":{"rendered":"<p>Visita para conocer la estructura de las mas\u00edas y recorrido por Sant Joan Desp\u00ed, descubriendo el pasado arquitect\u00f3nico.<br \/>\n <strong>Los menores de edad tendr\u00e1n que ir acompa\u00f1ados de un adulto.<\/strong><\/p>\n<p> <strong>Idioma de la visita: Catal\u00e0<\/strong><\/p>\n<p> <strong>Domingo 13 de septiembre de 2026, a las 11:00 horas<\/strong><\/p>\n<p> <strong>Con el apoyo de la Diputaci\u00f3 de Barcelona<\/strong><\/p>\n","protected":false},"featured_media":21340,"template":"","meta":{"inline_featured_image":false,"_kad_blocks_custom_css":"","_kad_blocks_head_custom_js":"","_kad_blocks_body_custom_js":"","_kad_blocks_footer_custom_js":"","_kad_post_transparent":"default","_kad_post_title":"","_kad_post_layout":"default","_kad_post_sidebar_id":"","_kad_post_content_style":"default","_kad_post_vertical_padding":"default","_kad_post_feature":"","_kad_post_feature_position":"","_kad_post_header":false,"_kad_post_footer":false,"_kad_post_classname":""},"product_brand":[],"product_cat":[381],"product_tag":[],"class_list":{"0":"post-21731","1":"product","2":"type-product","3":"status-publish","4":"has-post-thumbnail","6":"product_cat-barcelona-2026-capital-mundial-de-la-arquitectura","8":"first","9":"instock","10":"virtual","11":"sold-individually","12":"purchasable","13":"product-type-booking","14":"entry","15":"content-bg","16":"loop-entry"},"booking_location":"","booking_location_type":"","booking_duration":120,"booking_duration_unit":"minute","booking_buffer":0,"booking_cost":0,"booking_resources":[],"exclude_global_add_ons":[],"addons":[],"yoast_head":"<!-- This site is optimized with the Yoast SEO plugin v27.3 - https:\/\/yoast.com\/product\/yoast-seo-wordpress\/ -->\n<title>Las Mas\u00edas hist\u00f3ricas de Sant Joan Desp\u00ed - 13 de septiembre - Plataforma Centre Jujol - Can Negre<\/title>\n<meta name=\"robots\" content=\"index, follow, max-snippet:-1, max-image-preview:large, max-video-preview:-1\" \/>\n<link rel=\"canonical\" href=\"https:\/\/centrejujolcannegre.cat\/es\/producto\/las-masias-historicas-de-sant-joan-despi-13-de-septiembre-de-2026-copia\/\" \/>\n<meta property=\"og:locale\" content=\"es_ES\" \/>\n<meta property=\"og:type\" content=\"article\" \/>\n<meta property=\"og:title\" content=\"Las Mas\u00edas hist\u00f3ricas de Sant Joan Desp\u00ed - 13 de septiembre - Plataforma Centre Jujol - Can Negre\" \/>\n<meta property=\"og:description\" content=\"Visita para conocer la estructura de las mas\u00edas y recorrido por Sant Joan Desp\u00ed, descubriendo el pasado arquitect\u00f3nico. Los menores de edad tendr\u00e1n que ir acompa\u00f1ados de un adulto.  Idioma de la visita: Catal\u00e0  Domingo 13 de septiembre de 2026, a las 11:00 horas  Con el apoyo de la Diputaci\u00f3 de Barcelona\" \/>\n<meta property=\"og:url\" content=\"https:\/\/centrejujolcannegre.cat\/es\/producto\/las-masias-historicas-de-sant-joan-despi-13-de-septiembre-de-2026-copia\/\" \/>\n<meta property=\"og:site_name\" content=\"Plataforma Centre Jujol - Can Negre\" \/>\n<meta property=\"article:publisher\" content=\"https:\/\/www.facebook.com\/cannegre\" \/>\n<meta property=\"article:modified_time\" content=\"2026-03-13T09:36:33+00:00\" \/>\n<meta property=\"og:image\" content=\"https:\/\/centrejujolcannegre.cat\/wp-content\/uploads\/2026\/02\/prova-3-1024x1024.png\" \/>\n\t<meta property=\"og:image:width\" content=\"1024\" \/>\n\t<meta property=\"og:image:height\" content=\"1024\" \/>\n\t<meta property=\"og:image:type\" content=\"image\/png\" \/>\n<meta name=\"twitter:card\" content=\"summary_large_image\" \/>\n<meta name=\"twitter:site\" content=\"@cannegresjd\" \/>\n<meta name=\"twitter:label1\" content=\"Tiempo de lectura\" \/>\n\t<meta name=\"twitter:data1\" content=\"1 minuto\" \/>\n<script type=\"application\/ld+json\" class=\"yoast-schema-graph\">{\"@context\":\"https:\\\/\\\/schema.org\",\"@graph\":[{\"@type\":\"WebPage\",\"@id\":\"https:\\\/\\\/centrejujolcannegre.cat\\\/es\\\/producto\\\/las-masias-historicas-de-sant-joan-despi-13-de-septiembre-de-2026-copia\\\/\",\"url\":\"https:\\\/\\\/centrejujolcannegre.cat\\\/es\\\/producto\\\/las-masias-historicas-de-sant-joan-despi-13-de-septiembre-de-2026-copia\\\/\",\"name\":\"Las Mas\u00edas hist\u00f3ricas de Sant Joan Desp\u00ed - 13 de septiembre - Plataforma Centre Jujol - Can Negre\",\"isPartOf\":{\"@id\":\"https:\\\/\\\/centrejujolcannegre.cat\\\/es\\\/#website\"},\"primaryImageOfPage\":{\"@id\":\"https:\\\/\\\/centrejujolcannegre.cat\\\/es\\\/producto\\\/las-masias-historicas-de-sant-joan-despi-13-de-septiembre-de-2026-copia\\\/#primaryimage\"},\"image\":{\"@id\":\"https:\\\/\\\/centrejujolcannegre.cat\\\/es\\\/producto\\\/las-masias-historicas-de-sant-joan-despi-13-de-septiembre-de-2026-copia\\\/#primaryimage\"},\"thumbnailUrl\":\"https:\\\/\\\/centrejujolcannegre.cat\\\/wp-content\\\/uploads\\\/2026\\\/02\\\/prova-3.png\",\"datePublished\":\"2026-02-16T09:45:37+00:00\",\"dateModified\":\"2026-03-13T09:36:33+00:00\",\"breadcrumb\":{\"@id\":\"https:\\\/\\\/centrejujolcannegre.cat\\\/es\\\/producto\\\/las-masias-historicas-de-sant-joan-despi-13-de-septiembre-de-2026-copia\\\/#breadcrumb\"},\"inLanguage\":\"es\",\"potentialAction\":[{\"@type\":\"ReadAction\",\"target\":[\"https:\\\/\\\/centrejujolcannegre.cat\\\/es\\\/producto\\\/las-masias-historicas-de-sant-joan-despi-13-de-septiembre-de-2026-copia\\\/\"]}]},{\"@type\":\"ImageObject\",\"inLanguage\":\"es\",\"@id\":\"https:\\\/\\\/centrejujolcannegre.cat\\\/es\\\/producto\\\/las-masias-historicas-de-sant-joan-despi-13-de-septiembre-de-2026-copia\\\/#primaryimage\",\"url\":\"https:\\\/\\\/centrejujolcannegre.cat\\\/wp-content\\\/uploads\\\/2026\\\/02\\\/prova-3.png\",\"contentUrl\":\"https:\\\/\\\/centrejujolcannegre.cat\\\/wp-content\\\/uploads\\\/2026\\\/02\\\/prova-3.png\",\"width\":1080,\"height\":1080},{\"@type\":\"BreadcrumbList\",\"@id\":\"https:\\\/\\\/centrejujolcannegre.cat\\\/es\\\/producto\\\/las-masias-historicas-de-sant-joan-despi-13-de-septiembre-de-2026-copia\\\/#breadcrumb\",\"itemListElement\":[{\"@type\":\"ListItem\",\"position\":1,\"name\":\"Portada\",\"item\":\"https:\\\/\\\/centrejujolcannegre.cat\\\/es\\\/\"},{\"@type\":\"ListItem\",\"position\":2,\"name\":\"Centro\",\"item\":\"https:\\\/\\\/centrejujolcannegre.cat\\\/es\\\/centro\\\/\"},{\"@type\":\"ListItem\",\"position\":3,\"name\":\"Las Mas\u00edas hist\u00f3ricas de Sant Joan Desp\u00ed &#8211; 13 de septiembre\"}]},{\"@type\":\"WebSite\",\"@id\":\"https:\\\/\\\/centrejujolcannegre.cat\\\/es\\\/#website\",\"url\":\"https:\\\/\\\/centrejujolcannegre.cat\\\/es\\\/\",\"name\":\"Plataforma Centre Jujol - Can Negre\",\"description\":\"Plataforma de venta d&#039;entradas d&#039;activitats, exposicions i circuits culturals a Museus i l&#039;Escola d&#039;Art de de Sant Joan Desp\u00ed\",\"publisher\":{\"@id\":\"https:\\\/\\\/centrejujolcannegre.cat\\\/es\\\/#organization\"},\"potentialAction\":[{\"@type\":\"SearchAction\",\"target\":{\"@type\":\"EntryPoint\",\"urlTemplate\":\"https:\\\/\\\/centrejujolcannegre.cat\\\/es\\\/?s={search_term_string}\"},\"query-input\":{\"@type\":\"PropertyValueSpecification\",\"valueRequired\":true,\"valueName\":\"search_term_string\"}}],\"inLanguage\":\"es\"},{\"@type\":\"Organization\",\"@id\":\"https:\\\/\\\/centrejujolcannegre.cat\\\/es\\\/#organization\",\"name\":\"Centre Jujol - Can Negre\",\"url\":\"https:\\\/\\\/centrejujolcannegre.cat\\\/es\\\/\",\"logo\":{\"@type\":\"ImageObject\",\"inLanguage\":\"es\",\"@id\":\"https:\\\/\\\/centrejujolcannegre.cat\\\/es\\\/#\\\/schema\\\/logo\\\/image\\\/\",\"url\":\"https:\\\/\\\/centrejujolcannegre.cat\\\/wp-content\\\/uploads\\\/2024\\\/05\\\/logo-centre-jujol-can-negre.svg\",\"contentUrl\":\"https:\\\/\\\/centrejujolcannegre.cat\\\/wp-content\\\/uploads\\\/2024\\\/05\\\/logo-centre-jujol-can-negre.svg\",\"caption\":\"Centre Jujol - Can Negre\"},\"image\":{\"@id\":\"https:\\\/\\\/centrejujolcannegre.cat\\\/es\\\/#\\\/schema\\\/logo\\\/image\\\/\"},\"sameAs\":[\"https:\\\/\\\/www.facebook.com\\\/cannegre\",\"https:\\\/\\\/x.com\\\/cannegresjd\"]}]}<\/script>\n<!-- \/ Yoast SEO plugin. -->","yoast_head_json":{"title":"Las Mas\u00edas hist\u00f3ricas de Sant Joan Desp\u00ed - 13 de septiembre - Plataforma Centre Jujol - Can Negre","robots":{"index":"index","follow":"follow","max-snippet":"max-snippet:-1","max-image-preview":"max-image-preview:large","max-video-preview":"max-video-preview:-1"},"canonical":"https:\/\/centrejujolcannegre.cat\/es\/producto\/las-masias-historicas-de-sant-joan-despi-13-de-septiembre-de-2026-copia\/","og_locale":"es_ES","og_type":"article","og_title":"Las Mas\u00edas hist\u00f3ricas de Sant Joan Desp\u00ed - 13 de septiembre - Plataforma Centre Jujol - Can Negre","og_description":"Visita para conocer la estructura de las mas\u00edas y recorrido por Sant Joan Desp\u00ed, descubriendo el pasado arquitect\u00f3nico. Los menores de edad tendr\u00e1n que ir acompa\u00f1ados de un adulto.  Idioma de la visita: Catal\u00e0  Domingo 13 de septiembre de 2026, a las 11:00 horas  Con el apoyo de la Diputaci\u00f3 de Barcelona","og_url":"https:\/\/centrejujolcannegre.cat\/es\/producto\/las-masias-historicas-de-sant-joan-despi-13-de-septiembre-de-2026-copia\/","og_site_name":"Plataforma Centre Jujol - Can Negre","article_publisher":"https:\/\/www.facebook.com\/cannegre","article_modified_time":"2026-03-13T09:36:33+00:00","og_image":[{"width":1024,"height":1024,"url":"https:\/\/centrejujolcannegre.cat\/wp-content\/uploads\/2026\/02\/prova-3-1024x1024.png","type":"image\/png"}],"twitter_card":"summary_large_image","twitter_site":"@cannegresjd","twitter_misc":{"Tiempo de lectura":"1 minuto"},"schema":{"@context":"https:\/\/schema.org","@graph":[{"@type":"WebPage","@id":"https:\/\/centrejujolcannegre.cat\/es\/producto\/las-masias-historicas-de-sant-joan-despi-13-de-septiembre-de-2026-copia\/","url":"https:\/\/centrejujolcannegre.cat\/es\/producto\/las-masias-historicas-de-sant-joan-despi-13-de-septiembre-de-2026-copia\/","name":"Las Mas\u00edas hist\u00f3ricas de Sant Joan Desp\u00ed - 13 de septiembre - Plataforma Centre Jujol - Can Negre","isPartOf":{"@id":"https:\/\/centrejujolcannegre.cat\/es\/#website"},"primaryImageOfPage":{"@id":"https:\/\/centrejujolcannegre.cat\/es\/producto\/las-masias-historicas-de-sant-joan-despi-13-de-septiembre-de-2026-copia\/#primaryimage"},"image":{"@id":"https:\/\/centrejujolcannegre.cat\/es\/producto\/las-masias-historicas-de-sant-joan-despi-13-de-septiembre-de-2026-copia\/#primaryimage"},"thumbnailUrl":"https:\/\/centrejujolcannegre.cat\/wp-content\/uploads\/2026\/02\/prova-3.png","datePublished":"2026-02-16T09:45:37+00:00","dateModified":"2026-03-13T09:36:33+00:00","breadcrumb":{"@id":"https:\/\/centrejujolcannegre.cat\/es\/producto\/las-masias-historicas-de-sant-joan-despi-13-de-septiembre-de-2026-copia\/#breadcrumb"},"inLanguage":"es","potentialAction":[{"@type":"ReadAction","target":["https:\/\/centrejujolcannegre.cat\/es\/producto\/las-masias-historicas-de-sant-joan-despi-13-de-septiembre-de-2026-copia\/"]}]},{"@type":"ImageObject","inLanguage":"es","@id":"https:\/\/centrejujolcannegre.cat\/es\/producto\/las-masias-historicas-de-sant-joan-despi-13-de-septiembre-de-2026-copia\/#primaryimage","url":"https:\/\/centrejujolcannegre.cat\/wp-content\/uploads\/2026\/02\/prova-3.png","contentUrl":"https:\/\/centrejujolcannegre.cat\/wp-content\/uploads\/2026\/02\/prova-3.png","width":1080,"height":1080},{"@type":"BreadcrumbList","@id":"https:\/\/centrejujolcannegre.cat\/es\/producto\/las-masias-historicas-de-sant-joan-despi-13-de-septiembre-de-2026-copia\/#breadcrumb","itemListElement":[{"@type":"ListItem","position":1,"name":"Portada","item":"https:\/\/centrejujolcannegre.cat\/es\/"},{"@type":"ListItem","position":2,"name":"Centro","item":"https:\/\/centrejujolcannegre.cat\/es\/centro\/"},{"@type":"ListItem","position":3,"name":"Las Mas\u00edas hist\u00f3ricas de Sant Joan Desp\u00ed &#8211; 13 de septiembre"}]},{"@type":"WebSite","@id":"https:\/\/centrejujolcannegre.cat\/es\/#website","url":"https:\/\/centrejujolcannegre.cat\/es\/","name":"Plataforma Centre Jujol - Can Negre","description":"Plataforma de venta d&#039;entradas d&#039;activitats, exposicions i circuits culturals a Museus i l&#039;Escola d&#039;Art de de Sant Joan Desp\u00ed","publisher":{"@id":"https:\/\/centrejujolcannegre.cat\/es\/#organization"},"potentialAction":[{"@type":"SearchAction","target":{"@type":"EntryPoint","urlTemplate":"https:\/\/centrejujolcannegre.cat\/es\/?s={search_term_string}"},"query-input":{"@type":"PropertyValueSpecification","valueRequired":true,"valueName":"search_term_string"}}],"inLanguage":"es"},{"@type":"Organization","@id":"https:\/\/centrejujolcannegre.cat\/es\/#organization","name":"Centre Jujol - Can Negre","url":"https:\/\/centrejujolcannegre.cat\/es\/","logo":{"@type":"ImageObject","inLanguage":"es","@id":"https:\/\/centrejujolcannegre.cat\/es\/#\/schema\/logo\/image\/","url":"https:\/\/centrejujolcannegre.cat\/wp-content\/uploads\/2024\/05\/logo-centre-jujol-can-negre.svg","contentUrl":"https:\/\/centrejujolcannegre.cat\/wp-content\/uploads\/2024\/05\/logo-centre-jujol-can-negre.svg","caption":"Centre Jujol - Can Negre"},"image":{"@id":"https:\/\/centrejujolcannegre.cat\/es\/#\/schema\/logo\/image\/"},"sameAs":["https:\/\/www.facebook.com\/cannegre","https:\/\/x.com\/cannegresjd"]}]}},"taxonomy_info":{"product_cat":[{"value":381,"label":"Barcelona 2026 Capital Mundial de la Arquitectura"}]},"featured_image_src_large":["https:\/\/centrejujolcannegre.cat\/wp-content\/uploads\/2026\/02\/prova-3-1024x1024.png",1024,1024,true],"author_info":[],"comment_info":"","_links":{"self":[{"href":"https:\/\/centrejujolcannegre.cat\/es\/wp-json\/wp\/v2\/product\/21731","targetHints":{"allow":["GET"]}}],"collection":[{"href":"https:\/\/centrejujolcannegre.cat\/es\/wp-json\/wp\/v2\/product"}],"about":[{"href":"https:\/\/centrejujolcannegre.cat\/es\/wp-json\/wp\/v2\/types\/product"}],"wp:featuredmedia":[{"embeddable":true,"href":"https:\/\/centrejujolcannegre.cat\/es\/wp-json\/wp\/v2\/media\/21340"}],"wp:attachment":[{"href":"https:\/\/centrejujolcannegre.cat\/es\/wp-json\/wp\/v2\/media?parent=21731"}],"wp:term":[{"taxonomy":"product_brand","embeddable":true,"href":"https:\/\/centrejujolcannegre.cat\/es\/wp-json\/wp\/v2\/product_brand?post=21731"},{"taxonomy":"product_cat","embeddable":true,"href":"https:\/\/centrejujolcannegre.cat\/es\/wp-json\/wp\/v2\/product_cat?post=21731"},{"taxonomy":"product_tag","embeddable":true,"href":"https:\/\/centrejujolcannegre.cat\/es\/wp-json\/wp\/v2\/product_tag?post=21731"}],"curies":[{"name":"wp","href":"https:\/\/api.w.org\/{rel}","templated":true}]}}