{"id":21838,"date":"2026-02-19T09:31:53","date_gmt":"2026-02-19T08:31:53","guid":{"rendered":"https:\/\/centrejujolcannegre.cat\/?post_type=product&#038;p=21838"},"modified":"2026-03-20T23:10:49","modified_gmt":"2026-03-20T22:10:49","slug":"las-masias-historicas-de-sant-joan-despi-13-de-septiembre-copia","status":"publish","type":"product","link":"https:\/\/centrejujolcannegre.cat\/es\/producto\/las-masias-historicas-de-sant-joan-despi-13-de-septiembre-copia\/","title":{"rendered":"Sesi\u00f3n 1. Elias Rogent y Joan Torras i Guardiola (27 de abril)"},"content":{"rendered":"<p>La <strong>primera sesi\u00f3n<\/strong> recupera las figuras de Elias Rogent (1821-1897) y Joan Torras i Guardiola (1827-1910). El primero es considerado el padre de la arquitectura catalana moderna, mientras que el segundo, con el apodo del &#8216;Eiffel catal\u00e1n&#8217;, fue clave en el desarrollo de la incorporaci\u00f3n del hierro en las estructuras. Sin ambos, las generaciones posteriores de arquitectos o la eclosi\u00f3n del Modernismo no se explicar\u00edan. <\/p>\n<p><strong>LUNES 27 DE ABRIL A LAS 18.00 H<\/strong><\/p>\n<p>&#8211; <em><strong>Elias Rogent (1821-1897): hacia una arquitectura nacional<\/strong><\/em> , a cargo de Jordi Rogent, Arquitecto Superior y Diplomado en Urbanismo.<\/p>\n<p>&#8211; <em><strong>Juan Torras Guardiola (1827-1910): sin estructura no hay arquitectura<\/strong><\/em> , a cargo de Asunci\u00f3n Feliu Torras, Doctora en Historia del Arte.<\/p>\n<p>&nbsp;<\/p>\n<pre><span style=\"font-weight: 400\">\u00c9sta  <\/span><span style=\"font-weight: 400\">actividad  <\/span><span style=\"font-weight: 400\">forma parte de la programaci\u00f3n de <a href=\"https:\/\/www.barcelona.cat\/capitalmundialarquitectura\/ca\" target=\"_blank\" rel=\"noopener\"><strong>Barcelona 2026 Capital Mundial de la Arquitectura<\/strong><\/a> , una distinci\u00f3n de la UNESCO y la Uni\u00f3n Internacional de Arquitectos (UIA) en la ciudad que acoge el Congreso Mundial de Arquitectos de la UIA, y la convierte en foro global de arquitectura, urbanismo y paisajismo. Del 12 de febrero al 13 de diciembre, se desplegar\u00e1 una programaci\u00f3n multidisciplinar realizada en colaboraci\u00f3n con escuelas, universidades y entidades profesionales y culturales en todo el territorio catal\u00e1n. <\/span>\n\n<span style=\"font-weight: 400\">Barcelona 2026 Capital Mundial de la Arquitectura cuenta con el apoyo del Ayuntamiento de Barcelona, \u200b\u200bla Generalidad de Catalu\u00f1a y el Ministerio de Vivienda y Agenda Urbana.<\/span><\/pre>\n<p>&nbsp;<\/p>\n<p>&nbsp;<\/p>\n","protected":false},"excerpt":{"rendered":"<p>\u00abDe Rogent a Jujol\u00bb es un <strong>ciclo de conferencias sobre arquitectos catalanes<\/strong> que se celebrar\u00e1 en <strong>la Torre de la Creu de Sant Joan Desp\u00ed<\/strong> los pr\u00f3ximos meses de <strong>mayo y junio de 2026<\/strong> , coincidiendo con el a\u00f1o en que Barcelona es la Capital Mundial de la Arquitectura.<\/p>\n<p>El programa est\u00e1 conformado por un total de seis sesiones en las que diferentes especialistas presentar\u00e1n los casos de algunos arquitectos catalanes destacados \u2013 otros olvidados\u2013 de finales del siglo XIX y principios del XX (un total de 11 casos), as\u00ed como las principales aportaciones de cada uno de ellos a la arquitectura catalana.<\/p>\n<p><strong style=\"font-size: 1em\">Idioma de las conferencias: Catal\u00e0<\/strong><br \/>\n<strong>Con el apoyo de la Diputaci\u00f3 de Barcelona<\/strong><\/p>\n","protected":false},"featured_media":22127,"template":"","meta":{"inline_featured_image":false,"_kad_blocks_custom_css":"","_kad_blocks_head_custom_js":"","_kad_blocks_body_custom_js":"","_kad_blocks_footer_custom_js":"","_kad_post_transparent":"default","_kad_post_title":"","_kad_post_layout":"default","_kad_post_sidebar_id":"","_kad_post_content_style":"default","_kad_post_vertical_padding":"default","_kad_post_feature":"","_kad_post_feature_position":"","_kad_post_header":false,"_kad_post_footer":false,"_kad_post_classname":""},"product_brand":[],"product_cat":[381],"product_tag":[],"class_list":{"0":"post-21838","1":"product","2":"type-product","3":"status-publish","4":"has-post-thumbnail","6":"product_cat-barcelona-2026-capital-mundial-de-la-arquitectura","8":"first","9":"instock","10":"sold-individually","11":"purchasable","12":"product-type-simple","13":"entry","14":"content-bg","15":"loop-entry"},"booking_location":null,"booking_location_type":null,"booking_duration":null,"booking_duration_unit":null,"booking_buffer":null,"booking_cost":null,"booking_resources":null,"exclude_global_add_ons":[],"addons":[],"yoast_head":"<!-- This site is optimized with the Yoast SEO plugin v27.3 - https:\/\/yoast.com\/product\/yoast-seo-wordpress\/ -->\n<title>Sesi\u00f3n 1. Elias Rogent y Joan Torras i Guardiola (27 de abril) - Plataforma Centre Jujol - Can Negre<\/title>\n<meta name=\"robots\" content=\"index, follow, max-snippet:-1, max-image-preview:large, max-video-preview:-1\" \/>\n<link rel=\"canonical\" href=\"https:\/\/centrejujolcannegre.cat\/es\/producto\/las-masias-historicas-de-sant-joan-despi-13-de-septiembre-copia\/\" \/>\n<meta property=\"og:locale\" content=\"es_ES\" \/>\n<meta property=\"og:type\" content=\"article\" \/>\n<meta property=\"og:title\" content=\"Sesi\u00f3n 1. Elias Rogent y Joan Torras i Guardiola (27 de abril) - Plataforma Centre Jujol - Can Negre\" \/>\n<meta property=\"og:description\" content=\"&quot;De Rogent a Jujol&quot; es un ciclo de conferencias sobre arquitectos catalanes que se celebrar\u00e1 en la Torre de la Creu de Sant Joan Desp\u00ed los pr\u00f3ximos meses de mayo y junio de 2026 , coincidiendo con el a\u00f1o en que Barcelona es la Capital Mundial de la Arquitectura. El programa est\u00e1 conformado por un total de seis sesiones en las que diferentes especialistas presentar\u00e1n los casos de algunos arquitectos catalanes destacados \u2013 otros olvidados\u2013 de finales del siglo XIX y principios del XX (un total de 11 casos), as\u00ed como las principales aportaciones de cada uno de ellos a la arquitectura catalana. Idioma de las conferencias: Catal\u00e0 Con el apoyo de la Diputaci\u00f3 de Barcelona\" \/>\n<meta property=\"og:url\" content=\"https:\/\/centrejujolcannegre.cat\/es\/producto\/las-masias-historicas-de-sant-joan-despi-13-de-septiembre-copia\/\" \/>\n<meta property=\"og:site_name\" content=\"Plataforma Centre Jujol - Can Negre\" \/>\n<meta property=\"article:publisher\" content=\"https:\/\/www.facebook.com\/cannegre\" \/>\n<meta property=\"article:modified_time\" content=\"2026-03-20T22:10:49+00:00\" \/>\n<meta property=\"og:image\" content=\"https:\/\/centrejujolcannegre.cat\/wp-content\/uploads\/2026\/02\/7.png\" \/>\n\t<meta property=\"og:image:width\" content=\"1080\" \/>\n\t<meta property=\"og:image:height\" content=\"1080\" \/>\n\t<meta property=\"og:image:type\" content=\"image\/png\" \/>\n<meta name=\"twitter:card\" content=\"summary_large_image\" \/>\n<meta name=\"twitter:site\" content=\"@cannegresjd\" \/>\n<meta name=\"twitter:label1\" content=\"Tiempo de lectura\" \/>\n\t<meta name=\"twitter:data1\" content=\"1 minuto\" \/>\n<script type=\"application\/ld+json\" class=\"yoast-schema-graph\">{\"@context\":\"https:\\\/\\\/schema.org\",\"@graph\":[{\"@type\":\"WebPage\",\"@id\":\"https:\\\/\\\/centrejujolcannegre.cat\\\/es\\\/producto\\\/las-masias-historicas-de-sant-joan-despi-13-de-septiembre-copia\\\/\",\"url\":\"https:\\\/\\\/centrejujolcannegre.cat\\\/es\\\/producto\\\/las-masias-historicas-de-sant-joan-despi-13-de-septiembre-copia\\\/\",\"name\":\"Sesi\u00f3n 1. Elias Rogent y Joan Torras i Guardiola (27 de abril) - Plataforma Centre Jujol - Can Negre\",\"isPartOf\":{\"@id\":\"https:\\\/\\\/centrejujolcannegre.cat\\\/es\\\/#website\"},\"primaryImageOfPage\":{\"@id\":\"https:\\\/\\\/centrejujolcannegre.cat\\\/es\\\/producto\\\/las-masias-historicas-de-sant-joan-despi-13-de-septiembre-copia\\\/#primaryimage\"},\"image\":{\"@id\":\"https:\\\/\\\/centrejujolcannegre.cat\\\/es\\\/producto\\\/las-masias-historicas-de-sant-joan-despi-13-de-septiembre-copia\\\/#primaryimage\"},\"thumbnailUrl\":\"https:\\\/\\\/centrejujolcannegre.cat\\\/wp-content\\\/uploads\\\/2026\\\/02\\\/7.png\",\"datePublished\":\"2026-02-19T08:31:53+00:00\",\"dateModified\":\"2026-03-20T22:10:49+00:00\",\"breadcrumb\":{\"@id\":\"https:\\\/\\\/centrejujolcannegre.cat\\\/es\\\/producto\\\/las-masias-historicas-de-sant-joan-despi-13-de-septiembre-copia\\\/#breadcrumb\"},\"inLanguage\":\"es\",\"potentialAction\":[{\"@type\":\"ReadAction\",\"target\":[\"https:\\\/\\\/centrejujolcannegre.cat\\\/es\\\/producto\\\/las-masias-historicas-de-sant-joan-despi-13-de-septiembre-copia\\\/\"]}]},{\"@type\":\"ImageObject\",\"inLanguage\":\"es\",\"@id\":\"https:\\\/\\\/centrejujolcannegre.cat\\\/es\\\/producto\\\/las-masias-historicas-de-sant-joan-despi-13-de-septiembre-copia\\\/#primaryimage\",\"url\":\"https:\\\/\\\/centrejujolcannegre.cat\\\/wp-content\\\/uploads\\\/2026\\\/02\\\/7.png\",\"contentUrl\":\"https:\\\/\\\/centrejujolcannegre.cat\\\/wp-content\\\/uploads\\\/2026\\\/02\\\/7.png\",\"width\":1080,\"height\":1080},{\"@type\":\"BreadcrumbList\",\"@id\":\"https:\\\/\\\/centrejujolcannegre.cat\\\/es\\\/producto\\\/las-masias-historicas-de-sant-joan-despi-13-de-septiembre-copia\\\/#breadcrumb\",\"itemListElement\":[{\"@type\":\"ListItem\",\"position\":1,\"name\":\"Portada\",\"item\":\"https:\\\/\\\/centrejujolcannegre.cat\\\/es\\\/\"},{\"@type\":\"ListItem\",\"position\":2,\"name\":\"Centro\",\"item\":\"https:\\\/\\\/centrejujolcannegre.cat\\\/es\\\/centro\\\/\"},{\"@type\":\"ListItem\",\"position\":3,\"name\":\"Sesi\u00f3n 1. Elias Rogent y Joan Torras i Guardiola (27 de abril)\"}]},{\"@type\":\"WebSite\",\"@id\":\"https:\\\/\\\/centrejujolcannegre.cat\\\/es\\\/#website\",\"url\":\"https:\\\/\\\/centrejujolcannegre.cat\\\/es\\\/\",\"name\":\"Plataforma Centre Jujol - Can Negre\",\"description\":\"Plataforma de venta d&#039;entradas d&#039;activitats, exposicions i circuits culturals a Museus i l&#039;Escola d&#039;Art de de Sant Joan Desp\u00ed\",\"publisher\":{\"@id\":\"https:\\\/\\\/centrejujolcannegre.cat\\\/es\\\/#organization\"},\"potentialAction\":[{\"@type\":\"SearchAction\",\"target\":{\"@type\":\"EntryPoint\",\"urlTemplate\":\"https:\\\/\\\/centrejujolcannegre.cat\\\/es\\\/?s={search_term_string}\"},\"query-input\":{\"@type\":\"PropertyValueSpecification\",\"valueRequired\":true,\"valueName\":\"search_term_string\"}}],\"inLanguage\":\"es\"},{\"@type\":\"Organization\",\"@id\":\"https:\\\/\\\/centrejujolcannegre.cat\\\/es\\\/#organization\",\"name\":\"Centre Jujol - Can Negre\",\"url\":\"https:\\\/\\\/centrejujolcannegre.cat\\\/es\\\/\",\"logo\":{\"@type\":\"ImageObject\",\"inLanguage\":\"es\",\"@id\":\"https:\\\/\\\/centrejujolcannegre.cat\\\/es\\\/#\\\/schema\\\/logo\\\/image\\\/\",\"url\":\"https:\\\/\\\/centrejujolcannegre.cat\\\/wp-content\\\/uploads\\\/2024\\\/05\\\/logo-centre-jujol-can-negre.svg\",\"contentUrl\":\"https:\\\/\\\/centrejujolcannegre.cat\\\/wp-content\\\/uploads\\\/2024\\\/05\\\/logo-centre-jujol-can-negre.svg\",\"caption\":\"Centre Jujol - Can Negre\"},\"image\":{\"@id\":\"https:\\\/\\\/centrejujolcannegre.cat\\\/es\\\/#\\\/schema\\\/logo\\\/image\\\/\"},\"sameAs\":[\"https:\\\/\\\/www.facebook.com\\\/cannegre\",\"https:\\\/\\\/x.com\\\/cannegresjd\"]}]}<\/script>\n<!-- \/ Yoast SEO plugin. -->","yoast_head_json":{"title":"Sesi\u00f3n 1. Elias Rogent y Joan Torras i Guardiola (27 de abril) - Plataforma Centre Jujol - Can Negre","robots":{"index":"index","follow":"follow","max-snippet":"max-snippet:-1","max-image-preview":"max-image-preview:large","max-video-preview":"max-video-preview:-1"},"canonical":"https:\/\/centrejujolcannegre.cat\/es\/producto\/las-masias-historicas-de-sant-joan-despi-13-de-septiembre-copia\/","og_locale":"es_ES","og_type":"article","og_title":"Sesi\u00f3n 1. Elias Rogent y Joan Torras i Guardiola (27 de abril) - Plataforma Centre Jujol - Can Negre","og_description":"\"De Rogent a Jujol\" es un ciclo de conferencias sobre arquitectos catalanes que se celebrar\u00e1 en la Torre de la Creu de Sant Joan Desp\u00ed los pr\u00f3ximos meses de mayo y junio de 2026 , coincidiendo con el a\u00f1o en que Barcelona es la Capital Mundial de la Arquitectura. El programa est\u00e1 conformado por un total de seis sesiones en las que diferentes especialistas presentar\u00e1n los casos de algunos arquitectos catalanes destacados \u2013 otros olvidados\u2013 de finales del siglo XIX y principios del XX (un total de 11 casos), as\u00ed como las principales aportaciones de cada uno de ellos a la arquitectura catalana. Idioma de las conferencias: Catal\u00e0 Con el apoyo de la Diputaci\u00f3 de Barcelona","og_url":"https:\/\/centrejujolcannegre.cat\/es\/producto\/las-masias-historicas-de-sant-joan-despi-13-de-septiembre-copia\/","og_site_name":"Plataforma Centre Jujol - Can Negre","article_publisher":"https:\/\/www.facebook.com\/cannegre","article_modified_time":"2026-03-20T22:10:49+00:00","og_image":[{"width":1080,"height":1080,"url":"https:\/\/centrejujolcannegre.cat\/wp-content\/uploads\/2026\/02\/7.png","type":"image\/png"}],"twitter_card":"summary_large_image","twitter_site":"@cannegresjd","twitter_misc":{"Tiempo de lectura":"1 minuto"},"schema":{"@context":"https:\/\/schema.org","@graph":[{"@type":"WebPage","@id":"https:\/\/centrejujolcannegre.cat\/es\/producto\/las-masias-historicas-de-sant-joan-despi-13-de-septiembre-copia\/","url":"https:\/\/centrejujolcannegre.cat\/es\/producto\/las-masias-historicas-de-sant-joan-despi-13-de-septiembre-copia\/","name":"Sesi\u00f3n 1. Elias Rogent y Joan Torras i Guardiola (27 de abril) - Plataforma Centre Jujol - Can Negre","isPartOf":{"@id":"https:\/\/centrejujolcannegre.cat\/es\/#website"},"primaryImageOfPage":{"@id":"https:\/\/centrejujolcannegre.cat\/es\/producto\/las-masias-historicas-de-sant-joan-despi-13-de-septiembre-copia\/#primaryimage"},"image":{"@id":"https:\/\/centrejujolcannegre.cat\/es\/producto\/las-masias-historicas-de-sant-joan-despi-13-de-septiembre-copia\/#primaryimage"},"thumbnailUrl":"https:\/\/centrejujolcannegre.cat\/wp-content\/uploads\/2026\/02\/7.png","datePublished":"2026-02-19T08:31:53+00:00","dateModified":"2026-03-20T22:10:49+00:00","breadcrumb":{"@id":"https:\/\/centrejujolcannegre.cat\/es\/producto\/las-masias-historicas-de-sant-joan-despi-13-de-septiembre-copia\/#breadcrumb"},"inLanguage":"es","potentialAction":[{"@type":"ReadAction","target":["https:\/\/centrejujolcannegre.cat\/es\/producto\/las-masias-historicas-de-sant-joan-despi-13-de-septiembre-copia\/"]}]},{"@type":"ImageObject","inLanguage":"es","@id":"https:\/\/centrejujolcannegre.cat\/es\/producto\/las-masias-historicas-de-sant-joan-despi-13-de-septiembre-copia\/#primaryimage","url":"https:\/\/centrejujolcannegre.cat\/wp-content\/uploads\/2026\/02\/7.png","contentUrl":"https:\/\/centrejujolcannegre.cat\/wp-content\/uploads\/2026\/02\/7.png","width":1080,"height":1080},{"@type":"BreadcrumbList","@id":"https:\/\/centrejujolcannegre.cat\/es\/producto\/las-masias-historicas-de-sant-joan-despi-13-de-septiembre-copia\/#breadcrumb","itemListElement":[{"@type":"ListItem","position":1,"name":"Portada","item":"https:\/\/centrejujolcannegre.cat\/es\/"},{"@type":"ListItem","position":2,"name":"Centro","item":"https:\/\/centrejujolcannegre.cat\/es\/centro\/"},{"@type":"ListItem","position":3,"name":"Sesi\u00f3n 1. Elias Rogent y Joan Torras i Guardiola (27 de abril)"}]},{"@type":"WebSite","@id":"https:\/\/centrejujolcannegre.cat\/es\/#website","url":"https:\/\/centrejujolcannegre.cat\/es\/","name":"Plataforma Centre Jujol - Can Negre","description":"Plataforma de venta d&#039;entradas d&#039;activitats, exposicions i circuits culturals a Museus i l&#039;Escola d&#039;Art de de Sant Joan Desp\u00ed","publisher":{"@id":"https:\/\/centrejujolcannegre.cat\/es\/#organization"},"potentialAction":[{"@type":"SearchAction","target":{"@type":"EntryPoint","urlTemplate":"https:\/\/centrejujolcannegre.cat\/es\/?s={search_term_string}"},"query-input":{"@type":"PropertyValueSpecification","valueRequired":true,"valueName":"search_term_string"}}],"inLanguage":"es"},{"@type":"Organization","@id":"https:\/\/centrejujolcannegre.cat\/es\/#organization","name":"Centre Jujol - Can Negre","url":"https:\/\/centrejujolcannegre.cat\/es\/","logo":{"@type":"ImageObject","inLanguage":"es","@id":"https:\/\/centrejujolcannegre.cat\/es\/#\/schema\/logo\/image\/","url":"https:\/\/centrejujolcannegre.cat\/wp-content\/uploads\/2024\/05\/logo-centre-jujol-can-negre.svg","contentUrl":"https:\/\/centrejujolcannegre.cat\/wp-content\/uploads\/2024\/05\/logo-centre-jujol-can-negre.svg","caption":"Centre Jujol - Can Negre"},"image":{"@id":"https:\/\/centrejujolcannegre.cat\/es\/#\/schema\/logo\/image\/"},"sameAs":["https:\/\/www.facebook.com\/cannegre","https:\/\/x.com\/cannegresjd"]}]}},"taxonomy_info":{"product_cat":[{"value":381,"label":"Barcelona 2026 Capital Mundial de la Arquitectura"}]},"featured_image_src_large":["https:\/\/centrejujolcannegre.cat\/wp-content\/uploads\/2026\/02\/7-1024x1024.png",1024,1024,true],"author_info":[],"comment_info":"","_links":{"self":[{"href":"https:\/\/centrejujolcannegre.cat\/es\/wp-json\/wp\/v2\/product\/21838","targetHints":{"allow":["GET"]}}],"collection":[{"href":"https:\/\/centrejujolcannegre.cat\/es\/wp-json\/wp\/v2\/product"}],"about":[{"href":"https:\/\/centrejujolcannegre.cat\/es\/wp-json\/wp\/v2\/types\/product"}],"wp:featuredmedia":[{"embeddable":true,"href":"https:\/\/centrejujolcannegre.cat\/es\/wp-json\/wp\/v2\/media\/22127"}],"wp:attachment":[{"href":"https:\/\/centrejujolcannegre.cat\/es\/wp-json\/wp\/v2\/media?parent=21838"}],"wp:term":[{"taxonomy":"product_brand","embeddable":true,"href":"https:\/\/centrejujolcannegre.cat\/es\/wp-json\/wp\/v2\/product_brand?post=21838"},{"taxonomy":"product_cat","embeddable":true,"href":"https:\/\/centrejujolcannegre.cat\/es\/wp-json\/wp\/v2\/product_cat?post=21838"},{"taxonomy":"product_tag","embeddable":true,"href":"https:\/\/centrejujolcannegre.cat\/es\/wp-json\/wp\/v2\/product_tag?post=21838"}],"curies":[{"name":"wp","href":"https:\/\/api.w.org\/{rel}","templated":true}]}}