{"id":21845,"date":"2026-02-19T09:45:20","date_gmt":"2026-02-19T08:45:20","guid":{"rendered":"https:\/\/centrejujolcannegre.cat\/?post_type=product&#038;p=21845"},"modified":"2026-03-16T15:27:25","modified_gmt":"2026-03-16T14:27:25","slug":"las-masias-historicas-de-sant-joan-despi-13-de-septiembre-copia-copia","status":"publish","type":"product","link":"https:\/\/centrejujolcannegre.cat\/es\/producto\/las-masias-historicas-de-sant-joan-despi-13-de-septiembre-copia-copia\/","title":{"rendered":"Ciclo de Conferencias. De Rogent a Jujol"},"content":{"rendered":"<p><strong>27 DE ABRIL (de 18.00 a 20.00 horas)<\/strong><\/p>\n<ul>\n<li><em><strong>Elias Rogent: hacia una arquitectura nacional,<\/strong><\/em> a cargo de Jordi Rogent y Albiol, Arquitecto Superior y Diplomado en Urbanismo.<\/li>\n<li><em><strong>Juan Torras Guardiola: sin estructura no hay arquitectura<\/strong><\/em> , a cargo de Asunci\u00f3n Feliu Torras, Doctora en Historia del Arte.<\/li>\n<\/ul>\n<p><strong>4 DE MAYO (de 18.00 a 20.00 horas)<\/strong><\/p>\n<ul>\n<li><em><strong>August Font i Carreras y el historicismo arquitect\u00f3nico<\/strong><\/em> , a cargo de Judith Urbano, Doctora en Historia del Arte.<\/li>\n<li><em><strong>Josep Vilaseca, entre el antiguo Egipto y el g\u00f3tico moderno<\/strong><\/em> , a cargo de Joan Molet Petit, Doctor en Geograf\u00eda e Historia.<\/li>\n<\/ul>\n<p><strong>11 DE MAYO (de 18.00 a 20.00 horas)<\/strong><\/p>\n<ul>\n<li><em><strong>Josep Puig i Cadafalch, tradici\u00f3n y modernidad<\/strong><\/em> , a cargo de Judith Urbano, Doctora en Historia del Arte.<\/li>\n<li><em><strong>Llu\u00eds Dom\u00e8nech i Montaner, del eclecticismo mud\u00e9jar al modernismo floral<\/strong><\/em> , a cargo de Joan Molet Petit, Doctor en Geograf\u00eda e Historia.<\/li>\n<\/ul>\n<p><strong>18 DE MAYO (de 18.00 a 20.00 horas)<\/strong><\/p>\n<ul>\n<li><em><strong>Sagnier, m\u00e1s all\u00e1 del Modernismo<\/strong><\/em> , a cargo de Santi Barjau, Doctor en Historia del Arte.<\/li>\n<li><strong><em>Josep Dom\u00e9nech Estap\u00e1, entre la ciencia y la arquitectura<\/em> ,<\/strong> a cargo de Sergio Fuentes Mil\u00e0, Doctor en Historia del Arte.<\/li>\n<\/ul>\n<p><strong>1 DE JUNIO (de 18.00 a 20.00 horas)<\/strong><\/p>\n<ul>\n<li><em><strong>Gaud\u00ed y la naturaleza en el siglo 21<\/strong><\/em> , a cargo de Alberto Est\u00e9vez, Doctor en Arquitectura y en Historia del Arte.<\/li>\n<li><em><strong>Juli\u00e1n Garc\u00eda N\u00fa\u00f1ez, modernismo en Buenos Aires v\u00eda Barcelona<\/strong><\/em> , \u200b\u200ba cargo de Sergio Fuentes Mil\u00e0, Doctor en Historia del Arte.<\/li>\n<\/ul>\n<p><strong>8 DE JUNIO (de 18.00 a 20.30 horas)<\/strong><\/p>\n<ul>\n<li><em><strong>1\u00aa parte: Conferencia sobre Josep Maria Jujol (1879-1949)<\/strong><\/em> , a cargo de Jordi J. Romera Cid, Presidente del COAC de Tarragona <em>(de 19.00 a 20.30 horas)<\/em><\/li>\n<li><em><strong>2\u00aa parte: Visita a la Torre de la Cruz ya Can Negre<\/strong> (de 19.00 a 20.30 horas)<\/em><\/li>\n<\/ul>\n","protected":false},"excerpt":{"rendered":"<p>\u00abDe Rogent a Jujol\u00bb es un <strong>ciclo de conferencias sobre arquitectos catalanes<\/strong> que se celebrar\u00e1 en <strong>la Torre de la Creu de Sant Joan Desp\u00ed<\/strong> los pr\u00f3ximos meses de <strong>mayo y junio de 2026<\/strong> , coincidiendo con el a\u00f1o en que Barcelona es la Capital Mundial de la Arquitectura.<\/p>\n<p>El programa est\u00e1 conformado por un total de seis sesiones en las que diferentes especialistas presentar\u00e1n los casos de algunos arquitectos catalanes destacados \u2013 otros olvidados\u2013 de finales del siglo XIX y principios del XX (un total de 11 casos), as\u00ed como las principales aportaciones de cada uno de ellos a la arquitectura catalana.<\/p>\n<p><strong>Con el apoyo de la Diputaci\u00f3 de Barcelona<\/strong><\/p>\n","protected":false},"featured_media":22130,"template":"","meta":{"inline_featured_image":false,"_kad_blocks_custom_css":"","_kad_blocks_head_custom_js":"","_kad_blocks_body_custom_js":"","_kad_blocks_footer_custom_js":"","_kad_post_transparent":"default","_kad_post_title":"","_kad_post_layout":"default","_kad_post_sidebar_id":"","_kad_post_content_style":"default","_kad_post_vertical_padding":"default","_kad_post_feature":"","_kad_post_feature_position":"","_kad_post_header":false,"_kad_post_footer":false,"_kad_post_classname":""},"product_brand":[],"product_cat":[381],"product_tag":[],"class_list":{"0":"post-21845","1":"product","2":"type-product","3":"status-publish","4":"has-post-thumbnail","6":"product_cat-barcelona-2026-capital-mundial-de-la-arquitectura","8":"first","9":"instock","10":"product-type-grouped","11":"entry","12":"content-bg","13":"loop-entry"},"booking_location":null,"booking_location_type":null,"booking_duration":null,"booking_duration_unit":null,"booking_buffer":null,"booking_cost":null,"booking_resources":null,"exclude_global_add_ons":[],"addons":[],"yoast_head":"<!-- This site is optimized with the Yoast SEO plugin v27.3 - https:\/\/yoast.com\/product\/yoast-seo-wordpress\/ -->\n<title>Ciclo de Conferencias. De Rogent a Jujol - Plataforma Centre Jujol - Can Negre<\/title>\n<meta name=\"robots\" content=\"index, follow, max-snippet:-1, max-image-preview:large, max-video-preview:-1\" \/>\n<link rel=\"canonical\" href=\"https:\/\/centrejujolcannegre.cat\/es\/producto\/las-masias-historicas-de-sant-joan-despi-13-de-septiembre-copia-copia\/\" \/>\n<meta property=\"og:locale\" content=\"es_ES\" \/>\n<meta property=\"og:type\" content=\"article\" \/>\n<meta property=\"og:title\" content=\"Ciclo de Conferencias. De Rogent a Jujol - Plataforma Centre Jujol - Can Negre\" \/>\n<meta property=\"og:description\" content=\"&quot;De Rogent a Jujol&quot; es un ciclo de conferencias sobre arquitectos catalanes que se celebrar\u00e1 en la Torre de la Creu de Sant Joan Desp\u00ed los pr\u00f3ximos meses de mayo y junio de 2026 , coincidiendo con el a\u00f1o en que Barcelona es la Capital Mundial de la Arquitectura. El programa est\u00e1 conformado por un total de seis sesiones en las que diferentes especialistas presentar\u00e1n los casos de algunos arquitectos catalanes destacados \u2013 otros olvidados\u2013 de finales del siglo XIX y principios del XX (un total de 11 casos), as\u00ed como las principales aportaciones de cada uno de ellos a la arquitectura catalana. Con el apoyo de la Diputaci\u00f3 de Barcelona\" \/>\n<meta property=\"og:url\" content=\"https:\/\/centrejujolcannegre.cat\/es\/producto\/las-masias-historicas-de-sant-joan-despi-13-de-septiembre-copia-copia\/\" \/>\n<meta property=\"og:site_name\" content=\"Plataforma Centre Jujol - Can Negre\" \/>\n<meta property=\"article:publisher\" content=\"https:\/\/www.facebook.com\/cannegre\" \/>\n<meta property=\"article:modified_time\" content=\"2026-03-16T14:27:25+00:00\" \/>\n<meta property=\"og:image\" content=\"https:\/\/centrejujolcannegre.cat\/wp-content\/uploads\/2026\/02\/1.png\" \/>\n\t<meta property=\"og:image:width\" content=\"1080\" \/>\n\t<meta property=\"og:image:height\" content=\"1080\" \/>\n\t<meta property=\"og:image:type\" content=\"image\/png\" \/>\n<meta name=\"twitter:card\" content=\"summary_large_image\" \/>\n<meta name=\"twitter:site\" content=\"@cannegresjd\" \/>\n<meta name=\"twitter:label1\" content=\"Tiempo de lectura\" \/>\n\t<meta name=\"twitter:data1\" content=\"1 minuto\" \/>\n<script type=\"application\/ld+json\" class=\"yoast-schema-graph\">{\"@context\":\"https:\\\/\\\/schema.org\",\"@graph\":[{\"@type\":\"WebPage\",\"@id\":\"https:\\\/\\\/centrejujolcannegre.cat\\\/es\\\/producto\\\/las-masias-historicas-de-sant-joan-despi-13-de-septiembre-copia-copia\\\/\",\"url\":\"https:\\\/\\\/centrejujolcannegre.cat\\\/es\\\/producto\\\/las-masias-historicas-de-sant-joan-despi-13-de-septiembre-copia-copia\\\/\",\"name\":\"Ciclo de Conferencias. De Rogent a Jujol - Plataforma Centre Jujol - Can Negre\",\"isPartOf\":{\"@id\":\"https:\\\/\\\/centrejujolcannegre.cat\\\/es\\\/#website\"},\"primaryImageOfPage\":{\"@id\":\"https:\\\/\\\/centrejujolcannegre.cat\\\/es\\\/producto\\\/las-masias-historicas-de-sant-joan-despi-13-de-septiembre-copia-copia\\\/#primaryimage\"},\"image\":{\"@id\":\"https:\\\/\\\/centrejujolcannegre.cat\\\/es\\\/producto\\\/las-masias-historicas-de-sant-joan-despi-13-de-septiembre-copia-copia\\\/#primaryimage\"},\"thumbnailUrl\":\"https:\\\/\\\/centrejujolcannegre.cat\\\/wp-content\\\/uploads\\\/2026\\\/02\\\/1.png\",\"datePublished\":\"2026-02-19T08:45:20+00:00\",\"dateModified\":\"2026-03-16T14:27:25+00:00\",\"breadcrumb\":{\"@id\":\"https:\\\/\\\/centrejujolcannegre.cat\\\/es\\\/producto\\\/las-masias-historicas-de-sant-joan-despi-13-de-septiembre-copia-copia\\\/#breadcrumb\"},\"inLanguage\":\"es\",\"potentialAction\":[{\"@type\":\"ReadAction\",\"target\":[\"https:\\\/\\\/centrejujolcannegre.cat\\\/es\\\/producto\\\/las-masias-historicas-de-sant-joan-despi-13-de-septiembre-copia-copia\\\/\"]}]},{\"@type\":\"ImageObject\",\"inLanguage\":\"es\",\"@id\":\"https:\\\/\\\/centrejujolcannegre.cat\\\/es\\\/producto\\\/las-masias-historicas-de-sant-joan-despi-13-de-septiembre-copia-copia\\\/#primaryimage\",\"url\":\"https:\\\/\\\/centrejujolcannegre.cat\\\/wp-content\\\/uploads\\\/2026\\\/02\\\/1.png\",\"contentUrl\":\"https:\\\/\\\/centrejujolcannegre.cat\\\/wp-content\\\/uploads\\\/2026\\\/02\\\/1.png\",\"width\":1080,\"height\":1080},{\"@type\":\"BreadcrumbList\",\"@id\":\"https:\\\/\\\/centrejujolcannegre.cat\\\/es\\\/producto\\\/las-masias-historicas-de-sant-joan-despi-13-de-septiembre-copia-copia\\\/#breadcrumb\",\"itemListElement\":[{\"@type\":\"ListItem\",\"position\":1,\"name\":\"Portada\",\"item\":\"https:\\\/\\\/centrejujolcannegre.cat\\\/es\\\/\"},{\"@type\":\"ListItem\",\"position\":2,\"name\":\"Centro\",\"item\":\"https:\\\/\\\/centrejujolcannegre.cat\\\/es\\\/centro\\\/\"},{\"@type\":\"ListItem\",\"position\":3,\"name\":\"Ciclo de Conferencias. De Rogent a Jujol\"}]},{\"@type\":\"WebSite\",\"@id\":\"https:\\\/\\\/centrejujolcannegre.cat\\\/es\\\/#website\",\"url\":\"https:\\\/\\\/centrejujolcannegre.cat\\\/es\\\/\",\"name\":\"Plataforma Centre Jujol - Can Negre\",\"description\":\"Plataforma de venta d&#039;entradas d&#039;activitats, exposicions i circuits culturals a Museus i l&#039;Escola d&#039;Art de de Sant Joan Desp\u00ed\",\"publisher\":{\"@id\":\"https:\\\/\\\/centrejujolcannegre.cat\\\/es\\\/#organization\"},\"potentialAction\":[{\"@type\":\"SearchAction\",\"target\":{\"@type\":\"EntryPoint\",\"urlTemplate\":\"https:\\\/\\\/centrejujolcannegre.cat\\\/es\\\/?s={search_term_string}\"},\"query-input\":{\"@type\":\"PropertyValueSpecification\",\"valueRequired\":true,\"valueName\":\"search_term_string\"}}],\"inLanguage\":\"es\"},{\"@type\":\"Organization\",\"@id\":\"https:\\\/\\\/centrejujolcannegre.cat\\\/es\\\/#organization\",\"name\":\"Centre Jujol - Can Negre\",\"url\":\"https:\\\/\\\/centrejujolcannegre.cat\\\/es\\\/\",\"logo\":{\"@type\":\"ImageObject\",\"inLanguage\":\"es\",\"@id\":\"https:\\\/\\\/centrejujolcannegre.cat\\\/es\\\/#\\\/schema\\\/logo\\\/image\\\/\",\"url\":\"https:\\\/\\\/centrejujolcannegre.cat\\\/wp-content\\\/uploads\\\/2024\\\/05\\\/logo-centre-jujol-can-negre.svg\",\"contentUrl\":\"https:\\\/\\\/centrejujolcannegre.cat\\\/wp-content\\\/uploads\\\/2024\\\/05\\\/logo-centre-jujol-can-negre.svg\",\"caption\":\"Centre Jujol - Can Negre\"},\"image\":{\"@id\":\"https:\\\/\\\/centrejujolcannegre.cat\\\/es\\\/#\\\/schema\\\/logo\\\/image\\\/\"},\"sameAs\":[\"https:\\\/\\\/www.facebook.com\\\/cannegre\",\"https:\\\/\\\/x.com\\\/cannegresjd\"]}]}<\/script>\n<!-- \/ Yoast SEO plugin. -->","yoast_head_json":{"title":"Ciclo de Conferencias. De Rogent a Jujol - Plataforma Centre Jujol - Can Negre","robots":{"index":"index","follow":"follow","max-snippet":"max-snippet:-1","max-image-preview":"max-image-preview:large","max-video-preview":"max-video-preview:-1"},"canonical":"https:\/\/centrejujolcannegre.cat\/es\/producto\/las-masias-historicas-de-sant-joan-despi-13-de-septiembre-copia-copia\/","og_locale":"es_ES","og_type":"article","og_title":"Ciclo de Conferencias. De Rogent a Jujol - Plataforma Centre Jujol - Can Negre","og_description":"\"De Rogent a Jujol\" es un ciclo de conferencias sobre arquitectos catalanes que se celebrar\u00e1 en la Torre de la Creu de Sant Joan Desp\u00ed los pr\u00f3ximos meses de mayo y junio de 2026 , coincidiendo con el a\u00f1o en que Barcelona es la Capital Mundial de la Arquitectura. El programa est\u00e1 conformado por un total de seis sesiones en las que diferentes especialistas presentar\u00e1n los casos de algunos arquitectos catalanes destacados \u2013 otros olvidados\u2013 de finales del siglo XIX y principios del XX (un total de 11 casos), as\u00ed como las principales aportaciones de cada uno de ellos a la arquitectura catalana. Con el apoyo de la Diputaci\u00f3 de Barcelona","og_url":"https:\/\/centrejujolcannegre.cat\/es\/producto\/las-masias-historicas-de-sant-joan-despi-13-de-septiembre-copia-copia\/","og_site_name":"Plataforma Centre Jujol - Can Negre","article_publisher":"https:\/\/www.facebook.com\/cannegre","article_modified_time":"2026-03-16T14:27:25+00:00","og_image":[{"width":1080,"height":1080,"url":"https:\/\/centrejujolcannegre.cat\/wp-content\/uploads\/2026\/02\/1.png","type":"image\/png"}],"twitter_card":"summary_large_image","twitter_site":"@cannegresjd","twitter_misc":{"Tiempo de lectura":"1 minuto"},"schema":{"@context":"https:\/\/schema.org","@graph":[{"@type":"WebPage","@id":"https:\/\/centrejujolcannegre.cat\/es\/producto\/las-masias-historicas-de-sant-joan-despi-13-de-septiembre-copia-copia\/","url":"https:\/\/centrejujolcannegre.cat\/es\/producto\/las-masias-historicas-de-sant-joan-despi-13-de-septiembre-copia-copia\/","name":"Ciclo de Conferencias. De Rogent a Jujol - Plataforma Centre Jujol - Can Negre","isPartOf":{"@id":"https:\/\/centrejujolcannegre.cat\/es\/#website"},"primaryImageOfPage":{"@id":"https:\/\/centrejujolcannegre.cat\/es\/producto\/las-masias-historicas-de-sant-joan-despi-13-de-septiembre-copia-copia\/#primaryimage"},"image":{"@id":"https:\/\/centrejujolcannegre.cat\/es\/producto\/las-masias-historicas-de-sant-joan-despi-13-de-septiembre-copia-copia\/#primaryimage"},"thumbnailUrl":"https:\/\/centrejujolcannegre.cat\/wp-content\/uploads\/2026\/02\/1.png","datePublished":"2026-02-19T08:45:20+00:00","dateModified":"2026-03-16T14:27:25+00:00","breadcrumb":{"@id":"https:\/\/centrejujolcannegre.cat\/es\/producto\/las-masias-historicas-de-sant-joan-despi-13-de-septiembre-copia-copia\/#breadcrumb"},"inLanguage":"es","potentialAction":[{"@type":"ReadAction","target":["https:\/\/centrejujolcannegre.cat\/es\/producto\/las-masias-historicas-de-sant-joan-despi-13-de-septiembre-copia-copia\/"]}]},{"@type":"ImageObject","inLanguage":"es","@id":"https:\/\/centrejujolcannegre.cat\/es\/producto\/las-masias-historicas-de-sant-joan-despi-13-de-septiembre-copia-copia\/#primaryimage","url":"https:\/\/centrejujolcannegre.cat\/wp-content\/uploads\/2026\/02\/1.png","contentUrl":"https:\/\/centrejujolcannegre.cat\/wp-content\/uploads\/2026\/02\/1.png","width":1080,"height":1080},{"@type":"BreadcrumbList","@id":"https:\/\/centrejujolcannegre.cat\/es\/producto\/las-masias-historicas-de-sant-joan-despi-13-de-septiembre-copia-copia\/#breadcrumb","itemListElement":[{"@type":"ListItem","position":1,"name":"Portada","item":"https:\/\/centrejujolcannegre.cat\/es\/"},{"@type":"ListItem","position":2,"name":"Centro","item":"https:\/\/centrejujolcannegre.cat\/es\/centro\/"},{"@type":"ListItem","position":3,"name":"Ciclo de Conferencias. De Rogent a Jujol"}]},{"@type":"WebSite","@id":"https:\/\/centrejujolcannegre.cat\/es\/#website","url":"https:\/\/centrejujolcannegre.cat\/es\/","name":"Plataforma Centre Jujol - Can Negre","description":"Plataforma de venta d&#039;entradas d&#039;activitats, exposicions i circuits culturals a Museus i l&#039;Escola d&#039;Art de de Sant Joan Desp\u00ed","publisher":{"@id":"https:\/\/centrejujolcannegre.cat\/es\/#organization"},"potentialAction":[{"@type":"SearchAction","target":{"@type":"EntryPoint","urlTemplate":"https:\/\/centrejujolcannegre.cat\/es\/?s={search_term_string}"},"query-input":{"@type":"PropertyValueSpecification","valueRequired":true,"valueName":"search_term_string"}}],"inLanguage":"es"},{"@type":"Organization","@id":"https:\/\/centrejujolcannegre.cat\/es\/#organization","name":"Centre Jujol - Can Negre","url":"https:\/\/centrejujolcannegre.cat\/es\/","logo":{"@type":"ImageObject","inLanguage":"es","@id":"https:\/\/centrejujolcannegre.cat\/es\/#\/schema\/logo\/image\/","url":"https:\/\/centrejujolcannegre.cat\/wp-content\/uploads\/2024\/05\/logo-centre-jujol-can-negre.svg","contentUrl":"https:\/\/centrejujolcannegre.cat\/wp-content\/uploads\/2024\/05\/logo-centre-jujol-can-negre.svg","caption":"Centre Jujol - Can Negre"},"image":{"@id":"https:\/\/centrejujolcannegre.cat\/es\/#\/schema\/logo\/image\/"},"sameAs":["https:\/\/www.facebook.com\/cannegre","https:\/\/x.com\/cannegresjd"]}]}},"taxonomy_info":{"product_cat":[{"value":381,"label":"Barcelona 2026 Capital Mundial de la Arquitectura"}]},"featured_image_src_large":["https:\/\/centrejujolcannegre.cat\/wp-content\/uploads\/2026\/02\/1-1024x1024.png",1024,1024,true],"author_info":[],"comment_info":"","_links":{"self":[{"href":"https:\/\/centrejujolcannegre.cat\/es\/wp-json\/wp\/v2\/product\/21845","targetHints":{"allow":["GET"]}}],"collection":[{"href":"https:\/\/centrejujolcannegre.cat\/es\/wp-json\/wp\/v2\/product"}],"about":[{"href":"https:\/\/centrejujolcannegre.cat\/es\/wp-json\/wp\/v2\/types\/product"}],"wp:featuredmedia":[{"embeddable":true,"href":"https:\/\/centrejujolcannegre.cat\/es\/wp-json\/wp\/v2\/media\/22130"}],"wp:attachment":[{"href":"https:\/\/centrejujolcannegre.cat\/es\/wp-json\/wp\/v2\/media?parent=21845"}],"wp:term":[{"taxonomy":"product_brand","embeddable":true,"href":"https:\/\/centrejujolcannegre.cat\/es\/wp-json\/wp\/v2\/product_brand?post=21845"},{"taxonomy":"product_cat","embeddable":true,"href":"https:\/\/centrejujolcannegre.cat\/es\/wp-json\/wp\/v2\/product_cat?post=21845"},{"taxonomy":"product_tag","embeddable":true,"href":"https:\/\/centrejujolcannegre.cat\/es\/wp-json\/wp\/v2\/product_tag?post=21845"}],"curies":[{"name":"wp","href":"https:\/\/api.w.org\/{rel}","templated":true}]}}