{"id":22000,"date":"2026-02-23T09:12:01","date_gmt":"2026-02-23T08:12:01","guid":{"rendered":"https:\/\/centrejujolcannegre.cat\/?post_type=product&#038;p=22000"},"modified":"2026-03-24T10:11:54","modified_gmt":"2026-03-24T09:11:54","slug":"las-masias-historicas-de-sant-joan-despi-13-de-septiembre-copia-copia-copia","status":"publish","type":"product","link":"https:\/\/centrejujolcannegre.cat\/es\/producto\/las-masias-historicas-de-sant-joan-despi-13-de-septiembre-copia-copia-copia\/","title":{"rendered":"Sesi\u00f3n 3. Josep Puig i Cadafalch i Llu\u00eds Domenech i Montaner (11 de maig)"},"content":{"rendered":"<p>La <strong>tercera sesi\u00f3n<\/strong> recupera a dos de los arquitectos catalanes m\u00e1s reconocidos de la segunda mitad del siglo XIX como son Josep Puig i Cadafalch (1867-1956) y Llu\u00eds Dom\u00e8nech i Montaner (1850-1923), revisando sus v\u00ednculos con el Modernismo.<\/p>\n<p><strong>LUNES 11 DE MAYO A LAS 18.00 H<\/strong><\/p>\n<div>&#8211; <em><strong>Josep Puig i Cadafalch, tradici\u00f3n y modernidad<\/strong><\/em> , a cargo de Judith Urbano, Doctora en Historia del Arte.<\/div>\n<div><\/div>\n<div>&#8211; <em><strong>Llu\u00eds Dom\u00e8nech i Montaner, del eclecticismo mud\u00e9jar al modernismo floral<\/strong><\/em> , a cargo de Joan Molet Petit, Doctor en Geograf\u00eda e Historia.<\/div>\n<div><\/div>\n<pre><span style=\"font-weight: 400\">\u00c9sta  <\/span><span style=\"font-weight: 400\">actividad  <\/span><span style=\"font-weight: 400\">forma parte de la programaci\u00f3n de <a href=\"https:\/\/www.barcelona.cat\/capitalmundialarquitectura\/ca\" target=\"_blank\" rel=\"noopener\"><strong>Barcelona 2026 Capital Mundial de la Arquitectura<\/strong><\/a> , una distinci\u00f3n de la UNESCO y la Uni\u00f3n Internacional de Arquitectos (UIA) en la ciudad que acoge el Congreso Mundial de Arquitectos de la UIA, y la convierte en foro global de arquitectura, urbanismo y paisajismo. Del 12 de febrero al 13 de diciembre, se desplegar\u00e1 una programaci\u00f3n multidisciplinar realizada en colaboraci\u00f3n con escuelas, universidades y entidades profesionales y culturales en todo el territorio catal\u00e1n. <\/span>\n\n<span style=\"font-weight: 400\">Barcelona 2026 Capital Mundial de la Arquitectura cuenta con el apoyo del Ayuntamiento de Barcelona, \u200b\u200bla Generalidad de Catalu\u00f1a y el Ministerio de Vivienda y Agenda Urbana.<\/span><\/pre>\n<p>&nbsp;<\/p>\n<p>&nbsp;<\/p>\n","protected":false},"excerpt":{"rendered":"<p>\u201cDe Rogent a Jujol\u201d es un <strong>ciclo de conferencias sobre arquitectos catalanes<\/strong> que se celebrar\u00e1 en <strong>la Torre de la Cruz de Sant Joan Desp\u00ed<\/strong> los pr\u00f3ximos meses de <strong>mayo y junio de 2026<\/strong> , coincidiendo con el a\u00f1o en que Barcelona es la Capital Mundial de la Arquitectura. El programa est\u00e1 conformado por un total de seis sesiones a las que diferentes especialistas presentaran los casos de algunos arquitectos catalanes destacados &#8211; otros olvidados &#8211; de finales del siglo XIX y principios del XX (un total de 11 casos), as\u00ed como las principales aportaciones de cada uno de ellos a la arquitectura catalana.<\/p>\n<p><strong style=\"font-size: 1em\">Idioma de las conferencias: Catal\u00e0<\/strong><\/p>\n<p><strong>Con el apoyo de la Diputaci\u00f3 de Barcelona<\/strong><\/p>\n","protected":false},"featured_media":22121,"template":"","meta":{"inline_featured_image":false,"_kad_blocks_custom_css":"","_kad_blocks_head_custom_js":"","_kad_blocks_body_custom_js":"","_kad_blocks_footer_custom_js":"","_kad_post_transparent":"default","_kad_post_title":"","_kad_post_layout":"default","_kad_post_sidebar_id":"","_kad_post_content_style":"default","_kad_post_vertical_padding":"default","_kad_post_feature":"","_kad_post_feature_position":"","_kad_post_header":false,"_kad_post_footer":false,"_kad_post_classname":""},"product_brand":[],"product_cat":[381],"product_tag":[],"class_list":{"0":"post-22000","1":"product","2":"type-product","3":"status-publish","4":"has-post-thumbnail","6":"product_cat-barcelona-2026-capital-mundial-de-la-arquitectura","8":"first","9":"instock","10":"sold-individually","11":"purchasable","12":"product-type-simple","13":"entry","14":"content-bg","15":"loop-entry"},"booking_location":null,"booking_location_type":null,"booking_duration":null,"booking_duration_unit":null,"booking_buffer":null,"booking_cost":null,"booking_resources":null,"exclude_global_add_ons":[],"addons":[],"yoast_head":"<!-- This site is optimized with the Yoast SEO plugin v27.3 - https:\/\/yoast.com\/product\/yoast-seo-wordpress\/ -->\n<title>Sesi\u00f3n 3. Josep Puig i Cadafalch i Llu\u00eds Domenech i Montaner (11 de maig) - Plataforma Centre Jujol - Can Negre<\/title>\n<meta name=\"robots\" content=\"index, follow, max-snippet:-1, max-image-preview:large, max-video-preview:-1\" \/>\n<link rel=\"canonical\" href=\"https:\/\/centrejujolcannegre.cat\/es\/producto\/las-masias-historicas-de-sant-joan-despi-13-de-septiembre-copia-copia-copia\/\" \/>\n<meta property=\"og:locale\" content=\"es_ES\" \/>\n<meta property=\"og:type\" content=\"article\" \/>\n<meta property=\"og:title\" content=\"Sesi\u00f3n 3. Josep Puig i Cadafalch i Llu\u00eds Domenech i Montaner (11 de maig) - Plataforma Centre Jujol - Can Negre\" \/>\n<meta property=\"og:description\" content=\"\u201cDe Rogent a Jujol\u201d es un ciclo de conferencias sobre arquitectos catalanes que se celebrar\u00e1 en la Torre de la Cruz de Sant Joan Desp\u00ed los pr\u00f3ximos meses de mayo y junio de 2026 , coincidiendo con el a\u00f1o en que Barcelona es la Capital Mundial de la Arquitectura. El programa est\u00e1 conformado por un total de seis sesiones a las que diferentes especialistas presentaran los casos de algunos arquitectos catalanes destacados - otros olvidados - de finales del siglo XIX y principios del XX (un total de 11 casos), as\u00ed como las principales aportaciones de cada uno de ellos a la arquitectura catalana. Idioma de las conferencias: Catal\u00e0 Con el apoyo de la Diputaci\u00f3 de Barcelona\" \/>\n<meta property=\"og:url\" content=\"https:\/\/centrejujolcannegre.cat\/es\/producto\/las-masias-historicas-de-sant-joan-despi-13-de-septiembre-copia-copia-copia\/\" \/>\n<meta property=\"og:site_name\" content=\"Plataforma Centre Jujol - Can Negre\" \/>\n<meta property=\"article:publisher\" content=\"https:\/\/www.facebook.com\/cannegre\" \/>\n<meta property=\"article:modified_time\" content=\"2026-03-24T09:11:54+00:00\" \/>\n<meta property=\"og:image\" content=\"https:\/\/centrejujolcannegre.cat\/wp-content\/uploads\/2026\/02\/5.png\" \/>\n\t<meta property=\"og:image:width\" content=\"1080\" \/>\n\t<meta property=\"og:image:height\" content=\"1080\" \/>\n\t<meta property=\"og:image:type\" content=\"image\/png\" \/>\n<meta name=\"twitter:card\" content=\"summary_large_image\" \/>\n<meta name=\"twitter:site\" content=\"@cannegresjd\" \/>\n<meta name=\"twitter:label1\" content=\"Tiempo de lectura\" \/>\n\t<meta name=\"twitter:data1\" content=\"1 minuto\" \/>\n<script type=\"application\/ld+json\" class=\"yoast-schema-graph\">{\"@context\":\"https:\\\/\\\/schema.org\",\"@graph\":[{\"@type\":\"WebPage\",\"@id\":\"https:\\\/\\\/centrejujolcannegre.cat\\\/es\\\/producto\\\/las-masias-historicas-de-sant-joan-despi-13-de-septiembre-copia-copia-copia\\\/\",\"url\":\"https:\\\/\\\/centrejujolcannegre.cat\\\/es\\\/producto\\\/las-masias-historicas-de-sant-joan-despi-13-de-septiembre-copia-copia-copia\\\/\",\"name\":\"Sesi\u00f3n 3. Josep Puig i Cadafalch i Llu\u00eds Domenech i Montaner (11 de maig) - Plataforma Centre Jujol - Can Negre\",\"isPartOf\":{\"@id\":\"https:\\\/\\\/centrejujolcannegre.cat\\\/es\\\/#website\"},\"primaryImageOfPage\":{\"@id\":\"https:\\\/\\\/centrejujolcannegre.cat\\\/es\\\/producto\\\/las-masias-historicas-de-sant-joan-despi-13-de-septiembre-copia-copia-copia\\\/#primaryimage\"},\"image\":{\"@id\":\"https:\\\/\\\/centrejujolcannegre.cat\\\/es\\\/producto\\\/las-masias-historicas-de-sant-joan-despi-13-de-septiembre-copia-copia-copia\\\/#primaryimage\"},\"thumbnailUrl\":\"https:\\\/\\\/centrejujolcannegre.cat\\\/wp-content\\\/uploads\\\/2026\\\/02\\\/5.png\",\"datePublished\":\"2026-02-23T08:12:01+00:00\",\"dateModified\":\"2026-03-24T09:11:54+00:00\",\"breadcrumb\":{\"@id\":\"https:\\\/\\\/centrejujolcannegre.cat\\\/es\\\/producto\\\/las-masias-historicas-de-sant-joan-despi-13-de-septiembre-copia-copia-copia\\\/#breadcrumb\"},\"inLanguage\":\"es\",\"potentialAction\":[{\"@type\":\"ReadAction\",\"target\":[\"https:\\\/\\\/centrejujolcannegre.cat\\\/es\\\/producto\\\/las-masias-historicas-de-sant-joan-despi-13-de-septiembre-copia-copia-copia\\\/\"]}]},{\"@type\":\"ImageObject\",\"inLanguage\":\"es\",\"@id\":\"https:\\\/\\\/centrejujolcannegre.cat\\\/es\\\/producto\\\/las-masias-historicas-de-sant-joan-despi-13-de-septiembre-copia-copia-copia\\\/#primaryimage\",\"url\":\"https:\\\/\\\/centrejujolcannegre.cat\\\/wp-content\\\/uploads\\\/2026\\\/02\\\/5.png\",\"contentUrl\":\"https:\\\/\\\/centrejujolcannegre.cat\\\/wp-content\\\/uploads\\\/2026\\\/02\\\/5.png\",\"width\":1080,\"height\":1080},{\"@type\":\"BreadcrumbList\",\"@id\":\"https:\\\/\\\/centrejujolcannegre.cat\\\/es\\\/producto\\\/las-masias-historicas-de-sant-joan-despi-13-de-septiembre-copia-copia-copia\\\/#breadcrumb\",\"itemListElement\":[{\"@type\":\"ListItem\",\"position\":1,\"name\":\"Portada\",\"item\":\"https:\\\/\\\/centrejujolcannegre.cat\\\/es\\\/\"},{\"@type\":\"ListItem\",\"position\":2,\"name\":\"Centro\",\"item\":\"https:\\\/\\\/centrejujolcannegre.cat\\\/es\\\/centro\\\/\"},{\"@type\":\"ListItem\",\"position\":3,\"name\":\"Sesi\u00f3n 3. Josep Puig i Cadafalch i Llu\u00eds Domenech i Montaner (11 de maig)\"}]},{\"@type\":\"WebSite\",\"@id\":\"https:\\\/\\\/centrejujolcannegre.cat\\\/es\\\/#website\",\"url\":\"https:\\\/\\\/centrejujolcannegre.cat\\\/es\\\/\",\"name\":\"Plataforma Centre Jujol - Can Negre\",\"description\":\"Plataforma de venta d&#039;entradas d&#039;activitats, exposicions i circuits culturals a Museus i l&#039;Escola d&#039;Art de de Sant Joan Desp\u00ed\",\"publisher\":{\"@id\":\"https:\\\/\\\/centrejujolcannegre.cat\\\/es\\\/#organization\"},\"potentialAction\":[{\"@type\":\"SearchAction\",\"target\":{\"@type\":\"EntryPoint\",\"urlTemplate\":\"https:\\\/\\\/centrejujolcannegre.cat\\\/es\\\/?s={search_term_string}\"},\"query-input\":{\"@type\":\"PropertyValueSpecification\",\"valueRequired\":true,\"valueName\":\"search_term_string\"}}],\"inLanguage\":\"es\"},{\"@type\":\"Organization\",\"@id\":\"https:\\\/\\\/centrejujolcannegre.cat\\\/es\\\/#organization\",\"name\":\"Centre Jujol - Can Negre\",\"url\":\"https:\\\/\\\/centrejujolcannegre.cat\\\/es\\\/\",\"logo\":{\"@type\":\"ImageObject\",\"inLanguage\":\"es\",\"@id\":\"https:\\\/\\\/centrejujolcannegre.cat\\\/es\\\/#\\\/schema\\\/logo\\\/image\\\/\",\"url\":\"https:\\\/\\\/centrejujolcannegre.cat\\\/wp-content\\\/uploads\\\/2024\\\/05\\\/logo-centre-jujol-can-negre.svg\",\"contentUrl\":\"https:\\\/\\\/centrejujolcannegre.cat\\\/wp-content\\\/uploads\\\/2024\\\/05\\\/logo-centre-jujol-can-negre.svg\",\"caption\":\"Centre Jujol - Can Negre\"},\"image\":{\"@id\":\"https:\\\/\\\/centrejujolcannegre.cat\\\/es\\\/#\\\/schema\\\/logo\\\/image\\\/\"},\"sameAs\":[\"https:\\\/\\\/www.facebook.com\\\/cannegre\",\"https:\\\/\\\/x.com\\\/cannegresjd\"]}]}<\/script>\n<!-- \/ Yoast SEO plugin. -->","yoast_head_json":{"title":"Sesi\u00f3n 3. Josep Puig i Cadafalch i Llu\u00eds Domenech i Montaner (11 de maig) - Plataforma Centre Jujol - Can Negre","robots":{"index":"index","follow":"follow","max-snippet":"max-snippet:-1","max-image-preview":"max-image-preview:large","max-video-preview":"max-video-preview:-1"},"canonical":"https:\/\/centrejujolcannegre.cat\/es\/producto\/las-masias-historicas-de-sant-joan-despi-13-de-septiembre-copia-copia-copia\/","og_locale":"es_ES","og_type":"article","og_title":"Sesi\u00f3n 3. Josep Puig i Cadafalch i Llu\u00eds Domenech i Montaner (11 de maig) - Plataforma Centre Jujol - Can Negre","og_description":"\u201cDe Rogent a Jujol\u201d es un ciclo de conferencias sobre arquitectos catalanes que se celebrar\u00e1 en la Torre de la Cruz de Sant Joan Desp\u00ed los pr\u00f3ximos meses de mayo y junio de 2026 , coincidiendo con el a\u00f1o en que Barcelona es la Capital Mundial de la Arquitectura. El programa est\u00e1 conformado por un total de seis sesiones a las que diferentes especialistas presentaran los casos de algunos arquitectos catalanes destacados - otros olvidados - de finales del siglo XIX y principios del XX (un total de 11 casos), as\u00ed como las principales aportaciones de cada uno de ellos a la arquitectura catalana. Idioma de las conferencias: Catal\u00e0 Con el apoyo de la Diputaci\u00f3 de Barcelona","og_url":"https:\/\/centrejujolcannegre.cat\/es\/producto\/las-masias-historicas-de-sant-joan-despi-13-de-septiembre-copia-copia-copia\/","og_site_name":"Plataforma Centre Jujol - Can Negre","article_publisher":"https:\/\/www.facebook.com\/cannegre","article_modified_time":"2026-03-24T09:11:54+00:00","og_image":[{"width":1080,"height":1080,"url":"https:\/\/centrejujolcannegre.cat\/wp-content\/uploads\/2026\/02\/5.png","type":"image\/png"}],"twitter_card":"summary_large_image","twitter_site":"@cannegresjd","twitter_misc":{"Tiempo de lectura":"1 minuto"},"schema":{"@context":"https:\/\/schema.org","@graph":[{"@type":"WebPage","@id":"https:\/\/centrejujolcannegre.cat\/es\/producto\/las-masias-historicas-de-sant-joan-despi-13-de-septiembre-copia-copia-copia\/","url":"https:\/\/centrejujolcannegre.cat\/es\/producto\/las-masias-historicas-de-sant-joan-despi-13-de-septiembre-copia-copia-copia\/","name":"Sesi\u00f3n 3. Josep Puig i Cadafalch i Llu\u00eds Domenech i Montaner (11 de maig) - Plataforma Centre Jujol - Can Negre","isPartOf":{"@id":"https:\/\/centrejujolcannegre.cat\/es\/#website"},"primaryImageOfPage":{"@id":"https:\/\/centrejujolcannegre.cat\/es\/producto\/las-masias-historicas-de-sant-joan-despi-13-de-septiembre-copia-copia-copia\/#primaryimage"},"image":{"@id":"https:\/\/centrejujolcannegre.cat\/es\/producto\/las-masias-historicas-de-sant-joan-despi-13-de-septiembre-copia-copia-copia\/#primaryimage"},"thumbnailUrl":"https:\/\/centrejujolcannegre.cat\/wp-content\/uploads\/2026\/02\/5.png","datePublished":"2026-02-23T08:12:01+00:00","dateModified":"2026-03-24T09:11:54+00:00","breadcrumb":{"@id":"https:\/\/centrejujolcannegre.cat\/es\/producto\/las-masias-historicas-de-sant-joan-despi-13-de-septiembre-copia-copia-copia\/#breadcrumb"},"inLanguage":"es","potentialAction":[{"@type":"ReadAction","target":["https:\/\/centrejujolcannegre.cat\/es\/producto\/las-masias-historicas-de-sant-joan-despi-13-de-septiembre-copia-copia-copia\/"]}]},{"@type":"ImageObject","inLanguage":"es","@id":"https:\/\/centrejujolcannegre.cat\/es\/producto\/las-masias-historicas-de-sant-joan-despi-13-de-septiembre-copia-copia-copia\/#primaryimage","url":"https:\/\/centrejujolcannegre.cat\/wp-content\/uploads\/2026\/02\/5.png","contentUrl":"https:\/\/centrejujolcannegre.cat\/wp-content\/uploads\/2026\/02\/5.png","width":1080,"height":1080},{"@type":"BreadcrumbList","@id":"https:\/\/centrejujolcannegre.cat\/es\/producto\/las-masias-historicas-de-sant-joan-despi-13-de-septiembre-copia-copia-copia\/#breadcrumb","itemListElement":[{"@type":"ListItem","position":1,"name":"Portada","item":"https:\/\/centrejujolcannegre.cat\/es\/"},{"@type":"ListItem","position":2,"name":"Centro","item":"https:\/\/centrejujolcannegre.cat\/es\/centro\/"},{"@type":"ListItem","position":3,"name":"Sesi\u00f3n 3. Josep Puig i Cadafalch i Llu\u00eds Domenech i Montaner (11 de maig)"}]},{"@type":"WebSite","@id":"https:\/\/centrejujolcannegre.cat\/es\/#website","url":"https:\/\/centrejujolcannegre.cat\/es\/","name":"Plataforma Centre Jujol - Can Negre","description":"Plataforma de venta d&#039;entradas d&#039;activitats, exposicions i circuits culturals a Museus i l&#039;Escola d&#039;Art de de Sant Joan Desp\u00ed","publisher":{"@id":"https:\/\/centrejujolcannegre.cat\/es\/#organization"},"potentialAction":[{"@type":"SearchAction","target":{"@type":"EntryPoint","urlTemplate":"https:\/\/centrejujolcannegre.cat\/es\/?s={search_term_string}"},"query-input":{"@type":"PropertyValueSpecification","valueRequired":true,"valueName":"search_term_string"}}],"inLanguage":"es"},{"@type":"Organization","@id":"https:\/\/centrejujolcannegre.cat\/es\/#organization","name":"Centre Jujol - Can Negre","url":"https:\/\/centrejujolcannegre.cat\/es\/","logo":{"@type":"ImageObject","inLanguage":"es","@id":"https:\/\/centrejujolcannegre.cat\/es\/#\/schema\/logo\/image\/","url":"https:\/\/centrejujolcannegre.cat\/wp-content\/uploads\/2024\/05\/logo-centre-jujol-can-negre.svg","contentUrl":"https:\/\/centrejujolcannegre.cat\/wp-content\/uploads\/2024\/05\/logo-centre-jujol-can-negre.svg","caption":"Centre Jujol - Can Negre"},"image":{"@id":"https:\/\/centrejujolcannegre.cat\/es\/#\/schema\/logo\/image\/"},"sameAs":["https:\/\/www.facebook.com\/cannegre","https:\/\/x.com\/cannegresjd"]}]}},"taxonomy_info":{"product_cat":[{"value":381,"label":"Barcelona 2026 Capital Mundial de la Arquitectura"}]},"featured_image_src_large":["https:\/\/centrejujolcannegre.cat\/wp-content\/uploads\/2026\/02\/5-1024x1024.png",1024,1024,true],"author_info":[],"comment_info":"","_links":{"self":[{"href":"https:\/\/centrejujolcannegre.cat\/es\/wp-json\/wp\/v2\/product\/22000","targetHints":{"allow":["GET"]}}],"collection":[{"href":"https:\/\/centrejujolcannegre.cat\/es\/wp-json\/wp\/v2\/product"}],"about":[{"href":"https:\/\/centrejujolcannegre.cat\/es\/wp-json\/wp\/v2\/types\/product"}],"wp:featuredmedia":[{"embeddable":true,"href":"https:\/\/centrejujolcannegre.cat\/es\/wp-json\/wp\/v2\/media\/22121"}],"wp:attachment":[{"href":"https:\/\/centrejujolcannegre.cat\/es\/wp-json\/wp\/v2\/media?parent=22000"}],"wp:term":[{"taxonomy":"product_brand","embeddable":true,"href":"https:\/\/centrejujolcannegre.cat\/es\/wp-json\/wp\/v2\/product_brand?post=22000"},{"taxonomy":"product_cat","embeddable":true,"href":"https:\/\/centrejujolcannegre.cat\/es\/wp-json\/wp\/v2\/product_cat?post=22000"},{"taxonomy":"product_tag","embeddable":true,"href":"https:\/\/centrejujolcannegre.cat\/es\/wp-json\/wp\/v2\/product_tag?post=22000"}],"curies":[{"name":"wp","href":"https:\/\/api.w.org\/{rel}","templated":true}]}}