{"id":22020,"date":"2026-02-23T10:48:45","date_gmt":"2026-02-23T09:48:45","guid":{"rendered":"https:\/\/centrejujolcannegre.cat\/?post_type=product&#038;p=22020"},"modified":"2026-03-13T10:36:32","modified_gmt":"2026-03-13T09:36:32","slug":"las-masias-historicas-de-sant-joan-despi-13-de-septiembre-copia-2","status":"publish","type":"product","link":"https:\/\/centrejujolcannegre.cat\/es\/producto\/las-masias-historicas-de-sant-joan-despi-13-de-septiembre-copia-2\/","title":{"rendered":"Itinerario Jujol &#8211; 4 de julio"},"content":{"rendered":"<p>Este itinerario en Sant Joan Desp\u00ed tiene como objetivo dar a conocer el importante patrimonio de quien fue durante m\u00e1s de veinte a\u00f1os su arquitecto municipal, Josep Maria Jujol (Tarragona 1879 \u2013 Barcelona 1949). En cada casa descubriremos el esp\u00edritu renovador de su arquitectura y c\u00f3mo transforma el espacio y la materia creando un mundo propio, casi m\u00e1gico. El trazo en\u00e9rgico, el intenso color y la creaci\u00f3n de met\u00e1foras visuales hacen de su arquitectura una sorpresa, una explosi\u00f3n pl\u00e1stica.<\/p>\n<p>La visita incluye el acceso a Can Negre y Torre de la Cruz, las fachadas de la Torre Jujol, la casa Serra-Xaus y la casa Rovira, la Iglesia parroquial San Juan Bautista (excepto en horarios de ceremonias) y la puerta del taller del cerrajero Josep Oliver.<\/p>\n<pre><span style=\"font-weight: 400\">\u00c9sta  <\/span><span style=\"font-weight: 400\">actividad  <\/span><span style=\"font-weight: 400\">forma parte de la programaci\u00f3n de <a href=\"https:\/\/www.barcelona.cat\/capitalmundialarquitectura\/ca\" target=\"_blank\" rel=\"noopener\"><strong>Barcelona 2026 Capital Mundial de la Arquitectura<\/strong><\/a> , una distinci\u00f3n de la UNESCO y la Uni\u00f3n Internacional de Arquitectos (UIA) en la ciudad que acoge el Congreso Mundial de Arquitectos de la UIA, y la convierte en foro global de arquitectura, urbanismo y paisajismo. Del 12 de febrero al 13 de diciembre, se desplegar\u00e1 una programaci\u00f3n multidisciplinar realizada en colaboraci\u00f3n con escuelas, universidades y entidades profesionales y culturales en todo el territorio catal\u00e1n. <\/span>\n\n<span style=\"font-weight: 400\">Barcelona 2026 Capital Mundial de la Arquitectura cuenta con el apoyo del Ayuntamiento de Barcelona, \u200b\u200bla Generalidad de Catalu\u00f1a y el Ministerio de Vivienda y Agenda Urbana.<\/span><\/pre>\n<p>&nbsp;<\/p>\n<p>&nbsp;<\/p>\n","protected":false},"excerpt":{"rendered":"<p><strong>IDIOMA DE LA VISITA: CATAL\u00c1N<\/strong><\/p>\n<p>Descarga el tr\u00edptico con la informaci\u00f3n de la visita<\/p>\n<p><a href=\"https:\/\/centrejujolcannegre.cat\/wp-content\/uploads\/2024\/11\/Itinerari-modernista-Jujol-a-Sant-Joan-Despi.pdf\" target=\"_blank\" rel=\"noopener\">Itinerario modernista Jujol en Sant Joan Desp\u00ed<\/a><\/p>\n<p>*Torre de la Cruz: visita accesible a personas con movilidad reducida hasta la primera planta. El resto de la visita por esta casa transcurre por distintos niveles, a trav\u00e9s de escaleras sin ascensor alternativo. <\/p>\n<p><strong>Los menores de edad tendr\u00e1n que ir acompa\u00f1ados de un adulto.<\/strong><\/p>\n<p><strong>Idioma de la visita: Catal\u00e0<\/strong><\/p>\n<p><strong>S\u00e1bado 4 de julio de 2026, a las 18:00 horas<\/strong><\/p>\n<p><strong>Con el apoyo de la Diputaci\u00f3 de Barcelona<\/strong><\/p>\n","protected":false},"featured_media":22025,"template":"","meta":{"inline_featured_image":false,"_kad_blocks_custom_css":"","_kad_blocks_head_custom_js":"","_kad_blocks_body_custom_js":"","_kad_blocks_footer_custom_js":"","_kad_post_transparent":"default","_kad_post_title":"","_kad_post_layout":"default","_kad_post_sidebar_id":"","_kad_post_content_style":"default","_kad_post_vertical_padding":"default","_kad_post_feature":"","_kad_post_feature_position":"","_kad_post_header":false,"_kad_post_footer":false,"_kad_post_classname":""},"product_brand":[],"product_cat":[381],"product_tag":[],"class_list":{"0":"post-22020","1":"product","2":"type-product","3":"status-publish","4":"has-post-thumbnail","6":"product_cat-barcelona-2026-capital-mundial-de-la-arquitectura","8":"first","9":"instock","10":"virtual","11":"sold-individually","12":"purchasable","13":"product-type-booking","14":"entry","15":"content-bg","16":"loop-entry"},"booking_location":"","booking_location_type":"","booking_duration":120,"booking_duration_unit":"minute","booking_buffer":0,"booking_cost":0,"booking_resources":[],"exclude_global_add_ons":[],"addons":[],"yoast_head":"<!-- This site is optimized with the Yoast SEO plugin v27.3 - https:\/\/yoast.com\/product\/yoast-seo-wordpress\/ -->\n<title>Itinerario Jujol - 4 de julio - Plataforma Centre Jujol - Can Negre<\/title>\n<meta name=\"robots\" content=\"index, follow, max-snippet:-1, max-image-preview:large, max-video-preview:-1\" \/>\n<link rel=\"canonical\" href=\"https:\/\/centrejujolcannegre.cat\/es\/producto\/las-masias-historicas-de-sant-joan-despi-13-de-septiembre-copia-2\/\" \/>\n<meta property=\"og:locale\" content=\"es_ES\" \/>\n<meta property=\"og:type\" content=\"article\" \/>\n<meta property=\"og:title\" content=\"Itinerario Jujol - 4 de julio - Plataforma Centre Jujol - Can Negre\" \/>\n<meta property=\"og:description\" content=\"IDIOMA DE LA VISITA: CATAL\u00c1N Descarga el tr\u00edptico con la informaci\u00f3n de la visita Itinerario modernista Jujol en Sant Joan Desp\u00ed *Torre de la Cruz: visita accesible a personas con movilidad reducida hasta la primera planta. El resto de la visita por esta casa transcurre por distintos niveles, a trav\u00e9s de escaleras sin ascensor alternativo.  Los menores de edad tendr\u00e1n que ir acompa\u00f1ados de un adulto. Idioma de la visita: Catal\u00e0 S\u00e1bado 4 de julio de 2026, a las 18:00 horas Con el apoyo de la Diputaci\u00f3 de Barcelona\" \/>\n<meta property=\"og:url\" content=\"https:\/\/centrejujolcannegre.cat\/es\/producto\/las-masias-historicas-de-sant-joan-despi-13-de-septiembre-copia-2\/\" \/>\n<meta property=\"og:site_name\" content=\"Plataforma Centre Jujol - Can Negre\" \/>\n<meta property=\"article:publisher\" content=\"https:\/\/www.facebook.com\/cannegre\" \/>\n<meta property=\"article:modified_time\" content=\"2026-03-13T09:36:32+00:00\" \/>\n<meta property=\"og:image\" content=\"https:\/\/centrejujolcannegre.cat\/wp-content\/uploads\/2026\/02\/capitalitat.png\" \/>\n\t<meta property=\"og:image:width\" content=\"1080\" \/>\n\t<meta property=\"og:image:height\" content=\"1080\" \/>\n\t<meta property=\"og:image:type\" content=\"image\/png\" \/>\n<meta name=\"twitter:card\" content=\"summary_large_image\" \/>\n<meta name=\"twitter:site\" content=\"@cannegresjd\" \/>\n<meta name=\"twitter:label1\" content=\"Tiempo de lectura\" \/>\n\t<meta name=\"twitter:data1\" content=\"1 minuto\" \/>\n<script type=\"application\/ld+json\" class=\"yoast-schema-graph\">{\"@context\":\"https:\\\/\\\/schema.org\",\"@graph\":[{\"@type\":\"WebPage\",\"@id\":\"https:\\\/\\\/centrejujolcannegre.cat\\\/es\\\/producto\\\/las-masias-historicas-de-sant-joan-despi-13-de-septiembre-copia-2\\\/\",\"url\":\"https:\\\/\\\/centrejujolcannegre.cat\\\/es\\\/producto\\\/las-masias-historicas-de-sant-joan-despi-13-de-septiembre-copia-2\\\/\",\"name\":\"Itinerario Jujol - 4 de julio - Plataforma Centre Jujol - Can Negre\",\"isPartOf\":{\"@id\":\"https:\\\/\\\/centrejujolcannegre.cat\\\/es\\\/#website\"},\"primaryImageOfPage\":{\"@id\":\"https:\\\/\\\/centrejujolcannegre.cat\\\/es\\\/producto\\\/las-masias-historicas-de-sant-joan-despi-13-de-septiembre-copia-2\\\/#primaryimage\"},\"image\":{\"@id\":\"https:\\\/\\\/centrejujolcannegre.cat\\\/es\\\/producto\\\/las-masias-historicas-de-sant-joan-despi-13-de-septiembre-copia-2\\\/#primaryimage\"},\"thumbnailUrl\":\"https:\\\/\\\/centrejujolcannegre.cat\\\/wp-content\\\/uploads\\\/2026\\\/02\\\/capitalitat.png\",\"datePublished\":\"2026-02-23T09:48:45+00:00\",\"dateModified\":\"2026-03-13T09:36:32+00:00\",\"breadcrumb\":{\"@id\":\"https:\\\/\\\/centrejujolcannegre.cat\\\/es\\\/producto\\\/las-masias-historicas-de-sant-joan-despi-13-de-septiembre-copia-2\\\/#breadcrumb\"},\"inLanguage\":\"es\",\"potentialAction\":[{\"@type\":\"ReadAction\",\"target\":[\"https:\\\/\\\/centrejujolcannegre.cat\\\/es\\\/producto\\\/las-masias-historicas-de-sant-joan-despi-13-de-septiembre-copia-2\\\/\"]}]},{\"@type\":\"ImageObject\",\"inLanguage\":\"es\",\"@id\":\"https:\\\/\\\/centrejujolcannegre.cat\\\/es\\\/producto\\\/las-masias-historicas-de-sant-joan-despi-13-de-septiembre-copia-2\\\/#primaryimage\",\"url\":\"https:\\\/\\\/centrejujolcannegre.cat\\\/wp-content\\\/uploads\\\/2026\\\/02\\\/capitalitat.png\",\"contentUrl\":\"https:\\\/\\\/centrejujolcannegre.cat\\\/wp-content\\\/uploads\\\/2026\\\/02\\\/capitalitat.png\",\"width\":1080,\"height\":1080},{\"@type\":\"BreadcrumbList\",\"@id\":\"https:\\\/\\\/centrejujolcannegre.cat\\\/es\\\/producto\\\/las-masias-historicas-de-sant-joan-despi-13-de-septiembre-copia-2\\\/#breadcrumb\",\"itemListElement\":[{\"@type\":\"ListItem\",\"position\":1,\"name\":\"Portada\",\"item\":\"https:\\\/\\\/centrejujolcannegre.cat\\\/es\\\/\"},{\"@type\":\"ListItem\",\"position\":2,\"name\":\"Centro\",\"item\":\"https:\\\/\\\/centrejujolcannegre.cat\\\/es\\\/centro\\\/\"},{\"@type\":\"ListItem\",\"position\":3,\"name\":\"Itinerario Jujol &#8211; 4 de julio\"}]},{\"@type\":\"WebSite\",\"@id\":\"https:\\\/\\\/centrejujolcannegre.cat\\\/es\\\/#website\",\"url\":\"https:\\\/\\\/centrejujolcannegre.cat\\\/es\\\/\",\"name\":\"Plataforma Centre Jujol - Can Negre\",\"description\":\"Plataforma de venta d&#039;entradas d&#039;activitats, exposicions i circuits culturals a Museus i l&#039;Escola d&#039;Art de de Sant Joan Desp\u00ed\",\"publisher\":{\"@id\":\"https:\\\/\\\/centrejujolcannegre.cat\\\/es\\\/#organization\"},\"potentialAction\":[{\"@type\":\"SearchAction\",\"target\":{\"@type\":\"EntryPoint\",\"urlTemplate\":\"https:\\\/\\\/centrejujolcannegre.cat\\\/es\\\/?s={search_term_string}\"},\"query-input\":{\"@type\":\"PropertyValueSpecification\",\"valueRequired\":true,\"valueName\":\"search_term_string\"}}],\"inLanguage\":\"es\"},{\"@type\":\"Organization\",\"@id\":\"https:\\\/\\\/centrejujolcannegre.cat\\\/es\\\/#organization\",\"name\":\"Centre Jujol - Can Negre\",\"url\":\"https:\\\/\\\/centrejujolcannegre.cat\\\/es\\\/\",\"logo\":{\"@type\":\"ImageObject\",\"inLanguage\":\"es\",\"@id\":\"https:\\\/\\\/centrejujolcannegre.cat\\\/es\\\/#\\\/schema\\\/logo\\\/image\\\/\",\"url\":\"https:\\\/\\\/centrejujolcannegre.cat\\\/wp-content\\\/uploads\\\/2024\\\/05\\\/logo-centre-jujol-can-negre.svg\",\"contentUrl\":\"https:\\\/\\\/centrejujolcannegre.cat\\\/wp-content\\\/uploads\\\/2024\\\/05\\\/logo-centre-jujol-can-negre.svg\",\"caption\":\"Centre Jujol - Can Negre\"},\"image\":{\"@id\":\"https:\\\/\\\/centrejujolcannegre.cat\\\/es\\\/#\\\/schema\\\/logo\\\/image\\\/\"},\"sameAs\":[\"https:\\\/\\\/www.facebook.com\\\/cannegre\",\"https:\\\/\\\/x.com\\\/cannegresjd\"]}]}<\/script>\n<!-- \/ Yoast SEO plugin. -->","yoast_head_json":{"title":"Itinerario Jujol - 4 de julio - Plataforma Centre Jujol - Can Negre","robots":{"index":"index","follow":"follow","max-snippet":"max-snippet:-1","max-image-preview":"max-image-preview:large","max-video-preview":"max-video-preview:-1"},"canonical":"https:\/\/centrejujolcannegre.cat\/es\/producto\/las-masias-historicas-de-sant-joan-despi-13-de-septiembre-copia-2\/","og_locale":"es_ES","og_type":"article","og_title":"Itinerario Jujol - 4 de julio - Plataforma Centre Jujol - Can Negre","og_description":"IDIOMA DE LA VISITA: CATAL\u00c1N Descarga el tr\u00edptico con la informaci\u00f3n de la visita Itinerario modernista Jujol en Sant Joan Desp\u00ed *Torre de la Cruz: visita accesible a personas con movilidad reducida hasta la primera planta. El resto de la visita por esta casa transcurre por distintos niveles, a trav\u00e9s de escaleras sin ascensor alternativo.  Los menores de edad tendr\u00e1n que ir acompa\u00f1ados de un adulto. Idioma de la visita: Catal\u00e0 S\u00e1bado 4 de julio de 2026, a las 18:00 horas Con el apoyo de la Diputaci\u00f3 de Barcelona","og_url":"https:\/\/centrejujolcannegre.cat\/es\/producto\/las-masias-historicas-de-sant-joan-despi-13-de-septiembre-copia-2\/","og_site_name":"Plataforma Centre Jujol - Can Negre","article_publisher":"https:\/\/www.facebook.com\/cannegre","article_modified_time":"2026-03-13T09:36:32+00:00","og_image":[{"width":1080,"height":1080,"url":"https:\/\/centrejujolcannegre.cat\/wp-content\/uploads\/2026\/02\/capitalitat.png","type":"image\/png"}],"twitter_card":"summary_large_image","twitter_site":"@cannegresjd","twitter_misc":{"Tiempo de lectura":"1 minuto"},"schema":{"@context":"https:\/\/schema.org","@graph":[{"@type":"WebPage","@id":"https:\/\/centrejujolcannegre.cat\/es\/producto\/las-masias-historicas-de-sant-joan-despi-13-de-septiembre-copia-2\/","url":"https:\/\/centrejujolcannegre.cat\/es\/producto\/las-masias-historicas-de-sant-joan-despi-13-de-septiembre-copia-2\/","name":"Itinerario Jujol - 4 de julio - Plataforma Centre Jujol - Can Negre","isPartOf":{"@id":"https:\/\/centrejujolcannegre.cat\/es\/#website"},"primaryImageOfPage":{"@id":"https:\/\/centrejujolcannegre.cat\/es\/producto\/las-masias-historicas-de-sant-joan-despi-13-de-septiembre-copia-2\/#primaryimage"},"image":{"@id":"https:\/\/centrejujolcannegre.cat\/es\/producto\/las-masias-historicas-de-sant-joan-despi-13-de-septiembre-copia-2\/#primaryimage"},"thumbnailUrl":"https:\/\/centrejujolcannegre.cat\/wp-content\/uploads\/2026\/02\/capitalitat.png","datePublished":"2026-02-23T09:48:45+00:00","dateModified":"2026-03-13T09:36:32+00:00","breadcrumb":{"@id":"https:\/\/centrejujolcannegre.cat\/es\/producto\/las-masias-historicas-de-sant-joan-despi-13-de-septiembre-copia-2\/#breadcrumb"},"inLanguage":"es","potentialAction":[{"@type":"ReadAction","target":["https:\/\/centrejujolcannegre.cat\/es\/producto\/las-masias-historicas-de-sant-joan-despi-13-de-septiembre-copia-2\/"]}]},{"@type":"ImageObject","inLanguage":"es","@id":"https:\/\/centrejujolcannegre.cat\/es\/producto\/las-masias-historicas-de-sant-joan-despi-13-de-septiembre-copia-2\/#primaryimage","url":"https:\/\/centrejujolcannegre.cat\/wp-content\/uploads\/2026\/02\/capitalitat.png","contentUrl":"https:\/\/centrejujolcannegre.cat\/wp-content\/uploads\/2026\/02\/capitalitat.png","width":1080,"height":1080},{"@type":"BreadcrumbList","@id":"https:\/\/centrejujolcannegre.cat\/es\/producto\/las-masias-historicas-de-sant-joan-despi-13-de-septiembre-copia-2\/#breadcrumb","itemListElement":[{"@type":"ListItem","position":1,"name":"Portada","item":"https:\/\/centrejujolcannegre.cat\/es\/"},{"@type":"ListItem","position":2,"name":"Centro","item":"https:\/\/centrejujolcannegre.cat\/es\/centro\/"},{"@type":"ListItem","position":3,"name":"Itinerario Jujol &#8211; 4 de julio"}]},{"@type":"WebSite","@id":"https:\/\/centrejujolcannegre.cat\/es\/#website","url":"https:\/\/centrejujolcannegre.cat\/es\/","name":"Plataforma Centre Jujol - Can Negre","description":"Plataforma de venta d&#039;entradas d&#039;activitats, exposicions i circuits culturals a Museus i l&#039;Escola d&#039;Art de de Sant Joan Desp\u00ed","publisher":{"@id":"https:\/\/centrejujolcannegre.cat\/es\/#organization"},"potentialAction":[{"@type":"SearchAction","target":{"@type":"EntryPoint","urlTemplate":"https:\/\/centrejujolcannegre.cat\/es\/?s={search_term_string}"},"query-input":{"@type":"PropertyValueSpecification","valueRequired":true,"valueName":"search_term_string"}}],"inLanguage":"es"},{"@type":"Organization","@id":"https:\/\/centrejujolcannegre.cat\/es\/#organization","name":"Centre Jujol - Can Negre","url":"https:\/\/centrejujolcannegre.cat\/es\/","logo":{"@type":"ImageObject","inLanguage":"es","@id":"https:\/\/centrejujolcannegre.cat\/es\/#\/schema\/logo\/image\/","url":"https:\/\/centrejujolcannegre.cat\/wp-content\/uploads\/2024\/05\/logo-centre-jujol-can-negre.svg","contentUrl":"https:\/\/centrejujolcannegre.cat\/wp-content\/uploads\/2024\/05\/logo-centre-jujol-can-negre.svg","caption":"Centre Jujol - Can Negre"},"image":{"@id":"https:\/\/centrejujolcannegre.cat\/es\/#\/schema\/logo\/image\/"},"sameAs":["https:\/\/www.facebook.com\/cannegre","https:\/\/x.com\/cannegresjd"]}]}},"taxonomy_info":{"product_cat":[{"value":381,"label":"Barcelona 2026 Capital Mundial de la Arquitectura"}]},"featured_image_src_large":["https:\/\/centrejujolcannegre.cat\/wp-content\/uploads\/2026\/02\/capitalitat-1024x1024.png",1024,1024,true],"author_info":[],"comment_info":"","_links":{"self":[{"href":"https:\/\/centrejujolcannegre.cat\/es\/wp-json\/wp\/v2\/product\/22020","targetHints":{"allow":["GET"]}}],"collection":[{"href":"https:\/\/centrejujolcannegre.cat\/es\/wp-json\/wp\/v2\/product"}],"about":[{"href":"https:\/\/centrejujolcannegre.cat\/es\/wp-json\/wp\/v2\/types\/product"}],"wp:featuredmedia":[{"embeddable":true,"href":"https:\/\/centrejujolcannegre.cat\/es\/wp-json\/wp\/v2\/media\/22025"}],"wp:attachment":[{"href":"https:\/\/centrejujolcannegre.cat\/es\/wp-json\/wp\/v2\/media?parent=22020"}],"wp:term":[{"taxonomy":"product_brand","embeddable":true,"href":"https:\/\/centrejujolcannegre.cat\/es\/wp-json\/wp\/v2\/product_brand?post=22020"},{"taxonomy":"product_cat","embeddable":true,"href":"https:\/\/centrejujolcannegre.cat\/es\/wp-json\/wp\/v2\/product_cat?post=22020"},{"taxonomy":"product_tag","embeddable":true,"href":"https:\/\/centrejujolcannegre.cat\/es\/wp-json\/wp\/v2\/product_tag?post=22020"}],"curies":[{"name":"wp","href":"https:\/\/api.w.org\/{rel}","templated":true}]}}