{"id":22962,"date":"2026-03-27T11:03:22","date_gmt":"2026-03-27T10:03:22","guid":{"rendered":"https:\/\/centrejujolcannegre.cat\/?post_type=product&#038;p=22962"},"modified":"2026-04-15T12:43:26","modified_gmt":"2026-04-15T10:43:26","slug":"visita-general-a-can-negre-y-torre-de-la-creu-la-noche-de-los-museos","status":"publish","type":"product","link":"https:\/\/centrejujolcannegre.cat\/es\/producto\/visita-general-a-can-negre-y-torre-de-la-creu-la-noche-de-los-museos\/","title":{"rendered":"Visita general a Can Negre y Torre de la Creu -LA NOCHE DE LOS MUSEOS"},"content":{"rendered":"<p>Puertas abiertas en Can Negre y en la Torre de la Creu.<\/p>\n<p>En su interior podr\u00e1s encontrar a algunos de los protagonistas de su historia: el se\u00f1or Negre, la masovera, Josefa Romeu o el arquitecto Jujol, que te contar\u00e1n algunas an\u00e9cdotas.<\/p>\n","protected":false},"excerpt":{"rendered":"<p><strong>NOCHE DE LOS MUSEOS<\/strong><\/p>\n<p>Puertas abiertas en Can Negre y en la Torre de la Creu, de 19.00 horas del s\u00e1bado 16 de mayo, hasta las 01.00 horas del domingo 17 de mayo.<\/p>\n<p>De 19.00 a 24.00 horas: dentro de los dos edificios encontrar\u00e1s a algunos de los protagonistas de su historia: el se\u00f1or Negre, la masovera, Josefa Romeu o el arquitecto Jujol, que te contar\u00e1n algunas an\u00e9cdotas.<\/p>\n<p><strong>ACTIVIDAD GRATUITA. NO ES NECESARIO RESERVA PREVIA. <\/strong><\/p>\n<p>S\u00e1bado 16 de mayo<\/p>\n<p>&nbsp;<\/p>\n<p>&nbsp;<\/p>\n","protected":false},"featured_media":12478,"template":"","meta":{"inline_featured_image":false,"_kad_blocks_custom_css":"","_kad_blocks_head_custom_js":"","_kad_blocks_body_custom_js":"","_kad_blocks_footer_custom_js":"","_kad_post_transparent":"default","_kad_post_title":"","_kad_post_layout":"default","_kad_post_sidebar_id":"","_kad_post_content_style":"default","_kad_post_vertical_padding":"default","_kad_post_feature":"","_kad_post_feature_position":"","_kad_post_header":false,"_kad_post_footer":false,"_kad_post_classname":""},"product_brand":[],"product_cat":[75,372],"product_tag":[],"class_list":{"0":"post-22962","1":"product","2":"type-product","3":"status-publish","4":"has-post-thumbnail","6":"product_cat-agenda-es","7":"product_cat-noche-y-dia-de-los-museos","9":"first","10":"instock","11":"virtual","12":"product-type-simple","13":"entry","14":"content-bg","15":"loop-entry"},"booking_location":null,"booking_location_type":null,"booking_duration":null,"booking_duration_unit":null,"booking_buffer":null,"booking_cost":null,"booking_resources":null,"exclude_global_add_ons":[],"addons":[],"yoast_head":"<!-- This site is optimized with the Yoast SEO plugin v27.4 - https:\/\/yoast.com\/product\/yoast-seo-wordpress\/ -->\n<title>Visita general a Can Negre y Torre de la Creu -LA NOCHE DE LOS MUSEOS - Plataforma Centre Jujol - Can Negre<\/title>\n<meta name=\"robots\" content=\"index, follow, max-snippet:-1, max-image-preview:large, max-video-preview:-1\" \/>\n<link rel=\"canonical\" href=\"https:\/\/centrejujolcannegre.cat\/es\/producto\/visita-general-a-can-negre-y-torre-de-la-creu-la-noche-de-los-museos\/\" \/>\n<meta property=\"og:locale\" content=\"es_ES\" \/>\n<meta property=\"og:type\" content=\"article\" \/>\n<meta property=\"og:title\" content=\"Visita general a Can Negre y Torre de la Creu -LA NOCHE DE LOS MUSEOS - Plataforma Centre Jujol - Can Negre\" \/>\n<meta property=\"og:description\" content=\"NOCHE DE LOS MUSEOS  Puertas abiertas en Can Negre y en la Torre de la Creu, de 19.00 horas del s\u00e1bado 16 de mayo, hasta las 01.00 horas del domingo 17 de mayo.  De 19.00 a 24.00 horas: dentro de los dos edificios encontrar\u00e1s a algunos de los protagonistas de su historia: el se\u00f1or Negre, la masovera, Josefa Romeu o el arquitecto Jujol, que te contar\u00e1n algunas an\u00e9cdotas.  ACTIVIDAD GRATUITA. NO ES NECESARIO RESERVA PREVIA.   S\u00e1bado 16 de mayo  &nbsp;  &nbsp;\" \/>\n<meta property=\"og:url\" content=\"https:\/\/centrejujolcannegre.cat\/es\/producto\/visita-general-a-can-negre-y-torre-de-la-creu-la-noche-de-los-museos\/\" \/>\n<meta property=\"og:site_name\" content=\"Plataforma Centre Jujol - Can Negre\" \/>\n<meta property=\"article:publisher\" content=\"https:\/\/www.facebook.com\/cannegre\" \/>\n<meta property=\"article:modified_time\" content=\"2026-04-15T10:43:26+00:00\" \/>\n<meta property=\"og:image\" content=\"https:\/\/centrejujolcannegre.cat\/wp-content\/uploads\/2025\/04\/teatralizades.jpg\" \/>\n\t<meta property=\"og:image:width\" content=\"981\" \/>\n\t<meta property=\"og:image:height\" content=\"1181\" \/>\n\t<meta property=\"og:image:type\" content=\"image\/jpeg\" \/>\n<meta name=\"twitter:card\" content=\"summary_large_image\" \/>\n<meta name=\"twitter:site\" content=\"@cannegresjd\" \/>\n<script type=\"application\/ld+json\" class=\"yoast-schema-graph\">{\"@context\":\"https:\\\/\\\/schema.org\",\"@graph\":[{\"@type\":\"WebPage\",\"@id\":\"https:\\\/\\\/centrejujolcannegre.cat\\\/es\\\/producto\\\/visita-general-a-can-negre-y-torre-de-la-creu-la-noche-de-los-museos\\\/\",\"url\":\"https:\\\/\\\/centrejujolcannegre.cat\\\/es\\\/producto\\\/visita-general-a-can-negre-y-torre-de-la-creu-la-noche-de-los-museos\\\/\",\"name\":\"Visita general a Can Negre y Torre de la Creu -LA NOCHE DE LOS MUSEOS - Plataforma Centre Jujol - Can Negre\",\"isPartOf\":{\"@id\":\"https:\\\/\\\/centrejujolcannegre.cat\\\/es\\\/#website\"},\"primaryImageOfPage\":{\"@id\":\"https:\\\/\\\/centrejujolcannegre.cat\\\/es\\\/producto\\\/visita-general-a-can-negre-y-torre-de-la-creu-la-noche-de-los-museos\\\/#primaryimage\"},\"image\":{\"@id\":\"https:\\\/\\\/centrejujolcannegre.cat\\\/es\\\/producto\\\/visita-general-a-can-negre-y-torre-de-la-creu-la-noche-de-los-museos\\\/#primaryimage\"},\"thumbnailUrl\":\"https:\\\/\\\/centrejujolcannegre.cat\\\/wp-content\\\/uploads\\\/2025\\\/04\\\/teatralizades.jpg\",\"datePublished\":\"2026-03-27T10:03:22+00:00\",\"dateModified\":\"2026-04-15T10:43:26+00:00\",\"breadcrumb\":{\"@id\":\"https:\\\/\\\/centrejujolcannegre.cat\\\/es\\\/producto\\\/visita-general-a-can-negre-y-torre-de-la-creu-la-noche-de-los-museos\\\/#breadcrumb\"},\"inLanguage\":\"es\",\"potentialAction\":[{\"@type\":\"ReadAction\",\"target\":[\"https:\\\/\\\/centrejujolcannegre.cat\\\/es\\\/producto\\\/visita-general-a-can-negre-y-torre-de-la-creu-la-noche-de-los-museos\\\/\"]}]},{\"@type\":\"ImageObject\",\"inLanguage\":\"es\",\"@id\":\"https:\\\/\\\/centrejujolcannegre.cat\\\/es\\\/producto\\\/visita-general-a-can-negre-y-torre-de-la-creu-la-noche-de-los-museos\\\/#primaryimage\",\"url\":\"https:\\\/\\\/centrejujolcannegre.cat\\\/wp-content\\\/uploads\\\/2025\\\/04\\\/teatralizades.jpg\",\"contentUrl\":\"https:\\\/\\\/centrejujolcannegre.cat\\\/wp-content\\\/uploads\\\/2025\\\/04\\\/teatralizades.jpg\",\"width\":981,\"height\":1181},{\"@type\":\"BreadcrumbList\",\"@id\":\"https:\\\/\\\/centrejujolcannegre.cat\\\/es\\\/producto\\\/visita-general-a-can-negre-y-torre-de-la-creu-la-noche-de-los-museos\\\/#breadcrumb\",\"itemListElement\":[{\"@type\":\"ListItem\",\"position\":1,\"name\":\"Portada\",\"item\":\"https:\\\/\\\/centrejujolcannegre.cat\\\/es\\\/\"},{\"@type\":\"ListItem\",\"position\":2,\"name\":\"Centro\",\"item\":\"https:\\\/\\\/centrejujolcannegre.cat\\\/es\\\/centro\\\/\"},{\"@type\":\"ListItem\",\"position\":3,\"name\":\"Visita general a Can Negre y Torre de la Creu -LA NOCHE DE LOS MUSEOS\"}]},{\"@type\":\"WebSite\",\"@id\":\"https:\\\/\\\/centrejujolcannegre.cat\\\/es\\\/#website\",\"url\":\"https:\\\/\\\/centrejujolcannegre.cat\\\/es\\\/\",\"name\":\"Plataforma Centre Jujol - Can Negre\",\"description\":\"Plataforma de venta d&#039;entradas d&#039;activitats, exposicions i circuits culturals a Museus i l&#039;Escola d&#039;Art de de Sant Joan Desp\u00ed\",\"publisher\":{\"@id\":\"https:\\\/\\\/centrejujolcannegre.cat\\\/es\\\/#organization\"},\"potentialAction\":[{\"@type\":\"SearchAction\",\"target\":{\"@type\":\"EntryPoint\",\"urlTemplate\":\"https:\\\/\\\/centrejujolcannegre.cat\\\/es\\\/?s={search_term_string}\"},\"query-input\":{\"@type\":\"PropertyValueSpecification\",\"valueRequired\":true,\"valueName\":\"search_term_string\"}}],\"inLanguage\":\"es\"},{\"@type\":\"Organization\",\"@id\":\"https:\\\/\\\/centrejujolcannegre.cat\\\/es\\\/#organization\",\"name\":\"Centre Jujol - Can Negre\",\"url\":\"https:\\\/\\\/centrejujolcannegre.cat\\\/es\\\/\",\"logo\":{\"@type\":\"ImageObject\",\"inLanguage\":\"es\",\"@id\":\"https:\\\/\\\/centrejujolcannegre.cat\\\/es\\\/#\\\/schema\\\/logo\\\/image\\\/\",\"url\":\"https:\\\/\\\/centrejujolcannegre.cat\\\/wp-content\\\/uploads\\\/2024\\\/05\\\/logo-centre-jujol-can-negre.svg\",\"contentUrl\":\"https:\\\/\\\/centrejujolcannegre.cat\\\/wp-content\\\/uploads\\\/2024\\\/05\\\/logo-centre-jujol-can-negre.svg\",\"caption\":\"Centre Jujol - Can Negre\"},\"image\":{\"@id\":\"https:\\\/\\\/centrejujolcannegre.cat\\\/es\\\/#\\\/schema\\\/logo\\\/image\\\/\"},\"sameAs\":[\"https:\\\/\\\/www.facebook.com\\\/cannegre\",\"https:\\\/\\\/x.com\\\/cannegresjd\"]}]}<\/script>\n<!-- \/ Yoast SEO plugin. -->","yoast_head_json":{"title":"Visita general a Can Negre y Torre de la Creu -LA NOCHE DE LOS MUSEOS - Plataforma Centre Jujol - Can Negre","robots":{"index":"index","follow":"follow","max-snippet":"max-snippet:-1","max-image-preview":"max-image-preview:large","max-video-preview":"max-video-preview:-1"},"canonical":"https:\/\/centrejujolcannegre.cat\/es\/producto\/visita-general-a-can-negre-y-torre-de-la-creu-la-noche-de-los-museos\/","og_locale":"es_ES","og_type":"article","og_title":"Visita general a Can Negre y Torre de la Creu -LA NOCHE DE LOS MUSEOS - Plataforma Centre Jujol - Can Negre","og_description":"NOCHE DE LOS MUSEOS  Puertas abiertas en Can Negre y en la Torre de la Creu, de 19.00 horas del s\u00e1bado 16 de mayo, hasta las 01.00 horas del domingo 17 de mayo.  De 19.00 a 24.00 horas: dentro de los dos edificios encontrar\u00e1s a algunos de los protagonistas de su historia: el se\u00f1or Negre, la masovera, Josefa Romeu o el arquitecto Jujol, que te contar\u00e1n algunas an\u00e9cdotas.  ACTIVIDAD GRATUITA. NO ES NECESARIO RESERVA PREVIA.   S\u00e1bado 16 de mayo  &nbsp;  &nbsp;","og_url":"https:\/\/centrejujolcannegre.cat\/es\/producto\/visita-general-a-can-negre-y-torre-de-la-creu-la-noche-de-los-museos\/","og_site_name":"Plataforma Centre Jujol - Can Negre","article_publisher":"https:\/\/www.facebook.com\/cannegre","article_modified_time":"2026-04-15T10:43:26+00:00","og_image":[{"width":981,"height":1181,"url":"https:\/\/centrejujolcannegre.cat\/wp-content\/uploads\/2025\/04\/teatralizades.jpg","type":"image\/jpeg"}],"twitter_card":"summary_large_image","twitter_site":"@cannegresjd","schema":{"@context":"https:\/\/schema.org","@graph":[{"@type":"WebPage","@id":"https:\/\/centrejujolcannegre.cat\/es\/producto\/visita-general-a-can-negre-y-torre-de-la-creu-la-noche-de-los-museos\/","url":"https:\/\/centrejujolcannegre.cat\/es\/producto\/visita-general-a-can-negre-y-torre-de-la-creu-la-noche-de-los-museos\/","name":"Visita general a Can Negre y Torre de la Creu -LA NOCHE DE LOS MUSEOS - Plataforma Centre Jujol - Can Negre","isPartOf":{"@id":"https:\/\/centrejujolcannegre.cat\/es\/#website"},"primaryImageOfPage":{"@id":"https:\/\/centrejujolcannegre.cat\/es\/producto\/visita-general-a-can-negre-y-torre-de-la-creu-la-noche-de-los-museos\/#primaryimage"},"image":{"@id":"https:\/\/centrejujolcannegre.cat\/es\/producto\/visita-general-a-can-negre-y-torre-de-la-creu-la-noche-de-los-museos\/#primaryimage"},"thumbnailUrl":"https:\/\/centrejujolcannegre.cat\/wp-content\/uploads\/2025\/04\/teatralizades.jpg","datePublished":"2026-03-27T10:03:22+00:00","dateModified":"2026-04-15T10:43:26+00:00","breadcrumb":{"@id":"https:\/\/centrejujolcannegre.cat\/es\/producto\/visita-general-a-can-negre-y-torre-de-la-creu-la-noche-de-los-museos\/#breadcrumb"},"inLanguage":"es","potentialAction":[{"@type":"ReadAction","target":["https:\/\/centrejujolcannegre.cat\/es\/producto\/visita-general-a-can-negre-y-torre-de-la-creu-la-noche-de-los-museos\/"]}]},{"@type":"ImageObject","inLanguage":"es","@id":"https:\/\/centrejujolcannegre.cat\/es\/producto\/visita-general-a-can-negre-y-torre-de-la-creu-la-noche-de-los-museos\/#primaryimage","url":"https:\/\/centrejujolcannegre.cat\/wp-content\/uploads\/2025\/04\/teatralizades.jpg","contentUrl":"https:\/\/centrejujolcannegre.cat\/wp-content\/uploads\/2025\/04\/teatralizades.jpg","width":981,"height":1181},{"@type":"BreadcrumbList","@id":"https:\/\/centrejujolcannegre.cat\/es\/producto\/visita-general-a-can-negre-y-torre-de-la-creu-la-noche-de-los-museos\/#breadcrumb","itemListElement":[{"@type":"ListItem","position":1,"name":"Portada","item":"https:\/\/centrejujolcannegre.cat\/es\/"},{"@type":"ListItem","position":2,"name":"Centro","item":"https:\/\/centrejujolcannegre.cat\/es\/centro\/"},{"@type":"ListItem","position":3,"name":"Visita general a Can Negre y Torre de la Creu -LA NOCHE DE LOS MUSEOS"}]},{"@type":"WebSite","@id":"https:\/\/centrejujolcannegre.cat\/es\/#website","url":"https:\/\/centrejujolcannegre.cat\/es\/","name":"Plataforma Centre Jujol - Can Negre","description":"Plataforma de venta d&#039;entradas d&#039;activitats, exposicions i circuits culturals a Museus i l&#039;Escola d&#039;Art de de Sant Joan Desp\u00ed","publisher":{"@id":"https:\/\/centrejujolcannegre.cat\/es\/#organization"},"potentialAction":[{"@type":"SearchAction","target":{"@type":"EntryPoint","urlTemplate":"https:\/\/centrejujolcannegre.cat\/es\/?s={search_term_string}"},"query-input":{"@type":"PropertyValueSpecification","valueRequired":true,"valueName":"search_term_string"}}],"inLanguage":"es"},{"@type":"Organization","@id":"https:\/\/centrejujolcannegre.cat\/es\/#organization","name":"Centre Jujol - Can Negre","url":"https:\/\/centrejujolcannegre.cat\/es\/","logo":{"@type":"ImageObject","inLanguage":"es","@id":"https:\/\/centrejujolcannegre.cat\/es\/#\/schema\/logo\/image\/","url":"https:\/\/centrejujolcannegre.cat\/wp-content\/uploads\/2024\/05\/logo-centre-jujol-can-negre.svg","contentUrl":"https:\/\/centrejujolcannegre.cat\/wp-content\/uploads\/2024\/05\/logo-centre-jujol-can-negre.svg","caption":"Centre Jujol - Can Negre"},"image":{"@id":"https:\/\/centrejujolcannegre.cat\/es\/#\/schema\/logo\/image\/"},"sameAs":["https:\/\/www.facebook.com\/cannegre","https:\/\/x.com\/cannegresjd"]}]}},"taxonomy_info":{"product_cat":[{"value":75,"label":"Agenda"},{"value":372,"label":"Noche y D\u00eda de los museos"}]},"featured_image_src_large":["https:\/\/centrejujolcannegre.cat\/wp-content\/uploads\/2025\/04\/teatralizades-851x1024.jpg",851,1024,true],"author_info":[],"comment_info":"","_links":{"self":[{"href":"https:\/\/centrejujolcannegre.cat\/es\/wp-json\/wp\/v2\/product\/22962","targetHints":{"allow":["GET"]}}],"collection":[{"href":"https:\/\/centrejujolcannegre.cat\/es\/wp-json\/wp\/v2\/product"}],"about":[{"href":"https:\/\/centrejujolcannegre.cat\/es\/wp-json\/wp\/v2\/types\/product"}],"wp:featuredmedia":[{"embeddable":true,"href":"https:\/\/centrejujolcannegre.cat\/es\/wp-json\/wp\/v2\/media\/12478"}],"wp:attachment":[{"href":"https:\/\/centrejujolcannegre.cat\/es\/wp-json\/wp\/v2\/media?parent=22962"}],"wp:term":[{"taxonomy":"product_brand","embeddable":true,"href":"https:\/\/centrejujolcannegre.cat\/es\/wp-json\/wp\/v2\/product_brand?post=22962"},{"taxonomy":"product_cat","embeddable":true,"href":"https:\/\/centrejujolcannegre.cat\/es\/wp-json\/wp\/v2\/product_cat?post=22962"},{"taxonomy":"product_tag","embeddable":true,"href":"https:\/\/centrejujolcannegre.cat\/es\/wp-json\/wp\/v2\/product_tag?post=22962"}],"curies":[{"name":"wp","href":"https:\/\/api.w.org\/{rel}","templated":true}]}}