{"id":23575,"date":"2026-04-08T12:42:01","date_gmt":"2026-04-08T10:42:01","guid":{"rendered":"https:\/\/centrejujolcannegre.cat\/?post_type=product&#038;p=23575"},"modified":"2026-04-15T11:17:43","modified_gmt":"2026-04-15T09:17:43","slug":"itinerario-jujol-18-de-mayo","status":"publish","type":"product","link":"https:\/\/centrejujolcannegre.cat\/es\/producto\/itinerario-jujol-18-de-mayo\/","title":{"rendered":"Itinerario Jujol, 18 de mayo &#8211; D\u00cdA INTERNACIONAL DE LOS MUSEOS"},"content":{"rendered":"<p>Este itinerario en Sant Joan Desp\u00ed tiene como objetivo dar a conocer el importante patrimonio de quien fue durante m\u00e1s de veinte a\u00f1os su arquitecto municipal, Josep Maria Jujol (Tarragona 1879 \u2013 Barcelona 1949). En cada casa descubriremos el esp\u00edritu renovador de su arquitectura y c\u00f3mo transforma el espacio y la materia creando un mundo propio, casi m\u00e1gico. El trazo en\u00e9rgico, el intenso color y la creaci\u00f3n de met\u00e1foras visuales hacen de su arquitectura una sorpresa, una explosi\u00f3n pl\u00e1stica.<\/p>\n<p>La visita incluye el acceso a Can Negre y Torre de la Creu, las fachadas de la Torre Jujol, la casa Serra-Xaus y la casa Rovira, la Iglesia parroquial San Juan Bautista (excepto en horarios de ceremonias) y la puerta del taller del cerrajero Josep Oliver.<\/p>\n<pre>Actividad enmarcada dentro de la programaci\u00f3n del D\u00eda Internacional de los Museos<\/pre>\n<p>&nbsp;<\/p>\n","protected":false},"excerpt":{"rendered":"<p><strong>IDIOMA DE LA VISITA: CATAL\u00c1N<\/strong><\/p>\n<p>Descarga el tr\u00edptico con la informaci\u00f3n de la visita<\/p>\n<p><a href=\"https:\/\/centrejujolcannegre.cat\/wp-content\/uploads\/2024\/11\/Itinerari-modernista-Jujol-a-Sant-Joan-Despi.pdf\" target=\"_blank\" rel=\"noopener\">Itinerario modernista Jujol en Sant Joan Desp\u00ed<\/a><\/p>\n<p>*Torre de la Cruz: visita accesible a personas con movilidad reducida hasta la primera planta. El resto de la visita por esta casa transcurre por distintos niveles, a trav\u00e9s de escaleras sin ascensor alternativo. <\/p>\n<p><strong>Los menores de edad tendr\u00e1n que ir acompa\u00f1ados de un adulto.<\/strong><\/p>\n<p><strong>Idioma de la visita: Catal\u00e0<\/strong><\/p>\n<p><strong>Lunes 18 de mayo de 2026, a las 11:00 horas<\/strong><\/p>\n<p><strong>Con el apoyo de la Diputaci\u00f3 de Barcelona<\/strong><\/p>\n","protected":false},"featured_media":13401,"template":"","meta":{"inline_featured_image":false,"_kad_blocks_custom_css":"","_kad_blocks_head_custom_js":"","_kad_blocks_body_custom_js":"","_kad_blocks_footer_custom_js":"","_kad_post_transparent":"default","_kad_post_title":"","_kad_post_layout":"default","_kad_post_sidebar_id":"","_kad_post_content_style":"default","_kad_post_vertical_padding":"default","_kad_post_feature":"","_kad_post_feature_position":"","_kad_post_header":false,"_kad_post_footer":false,"_kad_post_classname":""},"product_brand":[],"product_cat":[75,372],"product_tag":[],"class_list":{"0":"post-23575","1":"product","2":"type-product","3":"status-publish","4":"has-post-thumbnail","6":"product_cat-agenda-es","7":"product_cat-noche-y-dia-de-los-museos","9":"first","10":"instock","11":"virtual","12":"sold-individually","13":"purchasable","14":"product-type-booking","15":"entry","16":"content-bg","17":"loop-entry"},"booking_location":"","booking_location_type":"","booking_duration":120,"booking_duration_unit":"minute","booking_buffer":0,"booking_cost":0,"booking_resources":[],"exclude_global_add_ons":[],"addons":[],"yoast_head":"<!-- This site is optimized with the Yoast SEO plugin v27.4 - https:\/\/yoast.com\/product\/yoast-seo-wordpress\/ -->\n<title>Itinerario Jujol, 18 de mayo - D\u00cdA INTERNACIONAL DE LOS MUSEOS - Plataforma Centre Jujol - Can Negre<\/title>\n<meta name=\"robots\" content=\"index, follow, max-snippet:-1, max-image-preview:large, max-video-preview:-1\" \/>\n<link rel=\"canonical\" href=\"https:\/\/centrejujolcannegre.cat\/es\/producto\/itinerario-jujol-18-de-mayo\/\" \/>\n<meta property=\"og:locale\" content=\"es_ES\" \/>\n<meta property=\"og:type\" content=\"article\" \/>\n<meta property=\"og:title\" content=\"Itinerario Jujol, 18 de mayo - D\u00cdA INTERNACIONAL DE LOS MUSEOS - Plataforma Centre Jujol - Can Negre\" \/>\n<meta property=\"og:description\" content=\"IDIOMA DE LA VISITA: CATAL\u00c1N Descarga el tr\u00edptico con la informaci\u00f3n de la visita Itinerario modernista Jujol en Sant Joan Desp\u00ed *Torre de la Cruz: visita accesible a personas con movilidad reducida hasta la primera planta. El resto de la visita por esta casa transcurre por distintos niveles, a trav\u00e9s de escaleras sin ascensor alternativo.  Los menores de edad tendr\u00e1n que ir acompa\u00f1ados de un adulto. Idioma de la visita: Catal\u00e0 Lunes 18 de mayo de 2026, a las 11:00 horas Con el apoyo de la Diputaci\u00f3 de Barcelona\" \/>\n<meta property=\"og:url\" content=\"https:\/\/centrejujolcannegre.cat\/es\/producto\/itinerario-jujol-18-de-mayo\/\" \/>\n<meta property=\"og:site_name\" content=\"Plataforma Centre Jujol - Can Negre\" \/>\n<meta property=\"article:publisher\" content=\"https:\/\/www.facebook.com\/cannegre\" \/>\n<meta property=\"article:modified_time\" content=\"2026-04-15T09:17:43+00:00\" \/>\n<meta property=\"og:image\" content=\"https:\/\/centrejujolcannegre.cat\/wp-content\/uploads\/2024\/05\/DSC1382-copia-1.jpg\" \/>\n\t<meta property=\"og:image:width\" content=\"1444\" \/>\n\t<meta property=\"og:image:height\" content=\"964\" \/>\n\t<meta property=\"og:image:type\" content=\"image\/jpeg\" \/>\n<meta name=\"twitter:card\" content=\"summary_large_image\" \/>\n<meta name=\"twitter:site\" content=\"@cannegresjd\" \/>\n<meta name=\"twitter:label1\" content=\"Tiempo de lectura\" \/>\n\t<meta name=\"twitter:data1\" content=\"1 minuto\" \/>\n<script type=\"application\/ld+json\" class=\"yoast-schema-graph\">{\"@context\":\"https:\\\/\\\/schema.org\",\"@graph\":[{\"@type\":\"WebPage\",\"@id\":\"https:\\\/\\\/centrejujolcannegre.cat\\\/es\\\/producto\\\/itinerario-jujol-18-de-mayo\\\/\",\"url\":\"https:\\\/\\\/centrejujolcannegre.cat\\\/es\\\/producto\\\/itinerario-jujol-18-de-mayo\\\/\",\"name\":\"Itinerario Jujol, 18 de mayo - D\u00cdA INTERNACIONAL DE LOS MUSEOS - Plataforma Centre Jujol - Can Negre\",\"isPartOf\":{\"@id\":\"https:\\\/\\\/centrejujolcannegre.cat\\\/es\\\/#website\"},\"primaryImageOfPage\":{\"@id\":\"https:\\\/\\\/centrejujolcannegre.cat\\\/es\\\/producto\\\/itinerario-jujol-18-de-mayo\\\/#primaryimage\"},\"image\":{\"@id\":\"https:\\\/\\\/centrejujolcannegre.cat\\\/es\\\/producto\\\/itinerario-jujol-18-de-mayo\\\/#primaryimage\"},\"thumbnailUrl\":\"https:\\\/\\\/centrejujolcannegre.cat\\\/wp-content\\\/uploads\\\/2024\\\/05\\\/DSC1382-copia-1.jpg\",\"datePublished\":\"2026-04-08T10:42:01+00:00\",\"dateModified\":\"2026-04-15T09:17:43+00:00\",\"breadcrumb\":{\"@id\":\"https:\\\/\\\/centrejujolcannegre.cat\\\/es\\\/producto\\\/itinerario-jujol-18-de-mayo\\\/#breadcrumb\"},\"inLanguage\":\"es\",\"potentialAction\":[{\"@type\":\"ReadAction\",\"target\":[\"https:\\\/\\\/centrejujolcannegre.cat\\\/es\\\/producto\\\/itinerario-jujol-18-de-mayo\\\/\"]}]},{\"@type\":\"ImageObject\",\"inLanguage\":\"es\",\"@id\":\"https:\\\/\\\/centrejujolcannegre.cat\\\/es\\\/producto\\\/itinerario-jujol-18-de-mayo\\\/#primaryimage\",\"url\":\"https:\\\/\\\/centrejujolcannegre.cat\\\/wp-content\\\/uploads\\\/2024\\\/05\\\/DSC1382-copia-1.jpg\",\"contentUrl\":\"https:\\\/\\\/centrejujolcannegre.cat\\\/wp-content\\\/uploads\\\/2024\\\/05\\\/DSC1382-copia-1.jpg\",\"width\":1444,\"height\":964},{\"@type\":\"BreadcrumbList\",\"@id\":\"https:\\\/\\\/centrejujolcannegre.cat\\\/es\\\/producto\\\/itinerario-jujol-18-de-mayo\\\/#breadcrumb\",\"itemListElement\":[{\"@type\":\"ListItem\",\"position\":1,\"name\":\"Portada\",\"item\":\"https:\\\/\\\/centrejujolcannegre.cat\\\/es\\\/\"},{\"@type\":\"ListItem\",\"position\":2,\"name\":\"Centro\",\"item\":\"https:\\\/\\\/centrejujolcannegre.cat\\\/es\\\/centro\\\/\"},{\"@type\":\"ListItem\",\"position\":3,\"name\":\"Itinerario Jujol, 18 de mayo &#8211; D\u00cdA INTERNACIONAL DE LOS MUSEOS\"}]},{\"@type\":\"WebSite\",\"@id\":\"https:\\\/\\\/centrejujolcannegre.cat\\\/es\\\/#website\",\"url\":\"https:\\\/\\\/centrejujolcannegre.cat\\\/es\\\/\",\"name\":\"Plataforma Centre Jujol - Can Negre\",\"description\":\"Plataforma de venta d&#039;entradas d&#039;activitats, exposicions i circuits culturals a Museus i l&#039;Escola d&#039;Art de de Sant Joan Desp\u00ed\",\"publisher\":{\"@id\":\"https:\\\/\\\/centrejujolcannegre.cat\\\/es\\\/#organization\"},\"potentialAction\":[{\"@type\":\"SearchAction\",\"target\":{\"@type\":\"EntryPoint\",\"urlTemplate\":\"https:\\\/\\\/centrejujolcannegre.cat\\\/es\\\/?s={search_term_string}\"},\"query-input\":{\"@type\":\"PropertyValueSpecification\",\"valueRequired\":true,\"valueName\":\"search_term_string\"}}],\"inLanguage\":\"es\"},{\"@type\":\"Organization\",\"@id\":\"https:\\\/\\\/centrejujolcannegre.cat\\\/es\\\/#organization\",\"name\":\"Centre Jujol - Can Negre\",\"url\":\"https:\\\/\\\/centrejujolcannegre.cat\\\/es\\\/\",\"logo\":{\"@type\":\"ImageObject\",\"inLanguage\":\"es\",\"@id\":\"https:\\\/\\\/centrejujolcannegre.cat\\\/es\\\/#\\\/schema\\\/logo\\\/image\\\/\",\"url\":\"https:\\\/\\\/centrejujolcannegre.cat\\\/wp-content\\\/uploads\\\/2024\\\/05\\\/logo-centre-jujol-can-negre.svg\",\"contentUrl\":\"https:\\\/\\\/centrejujolcannegre.cat\\\/wp-content\\\/uploads\\\/2024\\\/05\\\/logo-centre-jujol-can-negre.svg\",\"caption\":\"Centre Jujol - Can Negre\"},\"image\":{\"@id\":\"https:\\\/\\\/centrejujolcannegre.cat\\\/es\\\/#\\\/schema\\\/logo\\\/image\\\/\"},\"sameAs\":[\"https:\\\/\\\/www.facebook.com\\\/cannegre\",\"https:\\\/\\\/x.com\\\/cannegresjd\"]}]}<\/script>\n<!-- \/ Yoast SEO plugin. -->","yoast_head_json":{"title":"Itinerario Jujol, 18 de mayo - D\u00cdA INTERNACIONAL DE LOS MUSEOS - Plataforma Centre Jujol - Can Negre","robots":{"index":"index","follow":"follow","max-snippet":"max-snippet:-1","max-image-preview":"max-image-preview:large","max-video-preview":"max-video-preview:-1"},"canonical":"https:\/\/centrejujolcannegre.cat\/es\/producto\/itinerario-jujol-18-de-mayo\/","og_locale":"es_ES","og_type":"article","og_title":"Itinerario Jujol, 18 de mayo - D\u00cdA INTERNACIONAL DE LOS MUSEOS - Plataforma Centre Jujol - Can Negre","og_description":"IDIOMA DE LA VISITA: CATAL\u00c1N Descarga el tr\u00edptico con la informaci\u00f3n de la visita Itinerario modernista Jujol en Sant Joan Desp\u00ed *Torre de la Cruz: visita accesible a personas con movilidad reducida hasta la primera planta. El resto de la visita por esta casa transcurre por distintos niveles, a trav\u00e9s de escaleras sin ascensor alternativo.  Los menores de edad tendr\u00e1n que ir acompa\u00f1ados de un adulto. Idioma de la visita: Catal\u00e0 Lunes 18 de mayo de 2026, a las 11:00 horas Con el apoyo de la Diputaci\u00f3 de Barcelona","og_url":"https:\/\/centrejujolcannegre.cat\/es\/producto\/itinerario-jujol-18-de-mayo\/","og_site_name":"Plataforma Centre Jujol - Can Negre","article_publisher":"https:\/\/www.facebook.com\/cannegre","article_modified_time":"2026-04-15T09:17:43+00:00","og_image":[{"width":1444,"height":964,"url":"https:\/\/centrejujolcannegre.cat\/wp-content\/uploads\/2024\/05\/DSC1382-copia-1.jpg","type":"image\/jpeg"}],"twitter_card":"summary_large_image","twitter_site":"@cannegresjd","twitter_misc":{"Tiempo de lectura":"1 minuto"},"schema":{"@context":"https:\/\/schema.org","@graph":[{"@type":"WebPage","@id":"https:\/\/centrejujolcannegre.cat\/es\/producto\/itinerario-jujol-18-de-mayo\/","url":"https:\/\/centrejujolcannegre.cat\/es\/producto\/itinerario-jujol-18-de-mayo\/","name":"Itinerario Jujol, 18 de mayo - D\u00cdA INTERNACIONAL DE LOS MUSEOS - Plataforma Centre Jujol - Can Negre","isPartOf":{"@id":"https:\/\/centrejujolcannegre.cat\/es\/#website"},"primaryImageOfPage":{"@id":"https:\/\/centrejujolcannegre.cat\/es\/producto\/itinerario-jujol-18-de-mayo\/#primaryimage"},"image":{"@id":"https:\/\/centrejujolcannegre.cat\/es\/producto\/itinerario-jujol-18-de-mayo\/#primaryimage"},"thumbnailUrl":"https:\/\/centrejujolcannegre.cat\/wp-content\/uploads\/2024\/05\/DSC1382-copia-1.jpg","datePublished":"2026-04-08T10:42:01+00:00","dateModified":"2026-04-15T09:17:43+00:00","breadcrumb":{"@id":"https:\/\/centrejujolcannegre.cat\/es\/producto\/itinerario-jujol-18-de-mayo\/#breadcrumb"},"inLanguage":"es","potentialAction":[{"@type":"ReadAction","target":["https:\/\/centrejujolcannegre.cat\/es\/producto\/itinerario-jujol-18-de-mayo\/"]}]},{"@type":"ImageObject","inLanguage":"es","@id":"https:\/\/centrejujolcannegre.cat\/es\/producto\/itinerario-jujol-18-de-mayo\/#primaryimage","url":"https:\/\/centrejujolcannegre.cat\/wp-content\/uploads\/2024\/05\/DSC1382-copia-1.jpg","contentUrl":"https:\/\/centrejujolcannegre.cat\/wp-content\/uploads\/2024\/05\/DSC1382-copia-1.jpg","width":1444,"height":964},{"@type":"BreadcrumbList","@id":"https:\/\/centrejujolcannegre.cat\/es\/producto\/itinerario-jujol-18-de-mayo\/#breadcrumb","itemListElement":[{"@type":"ListItem","position":1,"name":"Portada","item":"https:\/\/centrejujolcannegre.cat\/es\/"},{"@type":"ListItem","position":2,"name":"Centro","item":"https:\/\/centrejujolcannegre.cat\/es\/centro\/"},{"@type":"ListItem","position":3,"name":"Itinerario Jujol, 18 de mayo &#8211; D\u00cdA INTERNACIONAL DE LOS MUSEOS"}]},{"@type":"WebSite","@id":"https:\/\/centrejujolcannegre.cat\/es\/#website","url":"https:\/\/centrejujolcannegre.cat\/es\/","name":"Plataforma Centre Jujol - Can Negre","description":"Plataforma de venta d&#039;entradas d&#039;activitats, exposicions i circuits culturals a Museus i l&#039;Escola d&#039;Art de de Sant Joan Desp\u00ed","publisher":{"@id":"https:\/\/centrejujolcannegre.cat\/es\/#organization"},"potentialAction":[{"@type":"SearchAction","target":{"@type":"EntryPoint","urlTemplate":"https:\/\/centrejujolcannegre.cat\/es\/?s={search_term_string}"},"query-input":{"@type":"PropertyValueSpecification","valueRequired":true,"valueName":"search_term_string"}}],"inLanguage":"es"},{"@type":"Organization","@id":"https:\/\/centrejujolcannegre.cat\/es\/#organization","name":"Centre Jujol - Can Negre","url":"https:\/\/centrejujolcannegre.cat\/es\/","logo":{"@type":"ImageObject","inLanguage":"es","@id":"https:\/\/centrejujolcannegre.cat\/es\/#\/schema\/logo\/image\/","url":"https:\/\/centrejujolcannegre.cat\/wp-content\/uploads\/2024\/05\/logo-centre-jujol-can-negre.svg","contentUrl":"https:\/\/centrejujolcannegre.cat\/wp-content\/uploads\/2024\/05\/logo-centre-jujol-can-negre.svg","caption":"Centre Jujol - Can Negre"},"image":{"@id":"https:\/\/centrejujolcannegre.cat\/es\/#\/schema\/logo\/image\/"},"sameAs":["https:\/\/www.facebook.com\/cannegre","https:\/\/x.com\/cannegresjd"]}]}},"taxonomy_info":{"product_cat":[{"value":75,"label":"Agenda"},{"value":372,"label":"Noche y D\u00eda de los museos"}]},"featured_image_src_large":["https:\/\/centrejujolcannegre.cat\/wp-content\/uploads\/2024\/05\/DSC1382-copia-1-1024x684.jpg",1024,684,true],"author_info":[],"comment_info":"","_links":{"self":[{"href":"https:\/\/centrejujolcannegre.cat\/es\/wp-json\/wp\/v2\/product\/23575","targetHints":{"allow":["GET"]}}],"collection":[{"href":"https:\/\/centrejujolcannegre.cat\/es\/wp-json\/wp\/v2\/product"}],"about":[{"href":"https:\/\/centrejujolcannegre.cat\/es\/wp-json\/wp\/v2\/types\/product"}],"wp:featuredmedia":[{"embeddable":true,"href":"https:\/\/centrejujolcannegre.cat\/es\/wp-json\/wp\/v2\/media\/13401"}],"wp:attachment":[{"href":"https:\/\/centrejujolcannegre.cat\/es\/wp-json\/wp\/v2\/media?parent=23575"}],"wp:term":[{"taxonomy":"product_brand","embeddable":true,"href":"https:\/\/centrejujolcannegre.cat\/es\/wp-json\/wp\/v2\/product_brand?post=23575"},{"taxonomy":"product_cat","embeddable":true,"href":"https:\/\/centrejujolcannegre.cat\/es\/wp-json\/wp\/v2\/product_cat?post=23575"},{"taxonomy":"product_tag","embeddable":true,"href":"https:\/\/centrejujolcannegre.cat\/es\/wp-json\/wp\/v2\/product_tag?post=23575"}],"curies":[{"name":"wp","href":"https:\/\/api.w.org\/{rel}","templated":true}]}}