{"id":23714,"date":"2026-04-13T13:56:08","date_gmt":"2026-04-13T11:56:08","guid":{"rendered":"https:\/\/centrejujolcannegre.cat\/?post_type=product&#038;p=23714"},"modified":"2026-04-15T12:40:22","modified_gmt":"2026-04-15T10:40:22","slug":"taller-de-grabado-el-hilo-rojo-la-noche-de-los-museos","status":"publish","type":"product","link":"https:\/\/centrejujolcannegre.cat\/es\/producto\/taller-de-grabado-el-hilo-rojo-la-noche-de-los-museos\/","title":{"rendered":"Taller de grabado \u00abEl hilo rojo\u00bb &#8211; LA NOCHE DE LOS MUSEOS"},"content":{"rendered":"<p>Participa en este taller de estampaci\u00f3n de grabado en papel, en el que podr\u00e1s crear tu obra. Aprender\u00e1s los secretos de esta t\u00e9cnica, desde la creaci\u00f3n de la matriz hasta la impresi\u00f3n.<\/p>\n<p>La tem\u00e1tica del taller quiere poner en relaci\u00f3n los museos, el arte, el patrimonio y la sociedad, explorando c\u00f3mo elementos contrapuestos pueden unirse para generar di\u00e1logo. Un hilo rojo nos ayudar\u00e1 a construir puentes para conectar ideas contrapuestas, favoreciendo la reflexi\u00f3n y el di\u00e1logo creativo a trav\u00e9s del arte.<\/p>\n<p><span style=\"color: #003399\"><strong>ACTIVIDAD GRATUITA DENTRO DE LAS ACTIVIDADES DE LA NOCHE INTERNACIONAL DE LOS MUSEOS<br \/>\n<\/strong><\/span><\/p>\n<pre class=\"headline\"><strong>D\u00eda Internacional de los Museos 2026: <em>Museos uniendo un mundo dividido<\/em><\/strong>\r\n\r\nEl 18 de mayo de 2026, celebramos el D\u00eda Internacional de los Museos bajo el tema \"Museos uniendo un mundo dividido\", que destaca el potencial de los museos para actuar como puentes entre las divisiones culturales, sociales y geopol\u00edticas, fomentando el di\u00e1logo, el entendimiento, la inclusi\u00f3n y la paz dentro y entre las comunidades de todo el mundo.\r\n\r\nComo sitios de aprendizaje, los museos contribuyen a la coexistencia pac\u00edfica y al respeto mutuo. Los museos son espacios p\u00fablicos de confianza en los que las personas se encuentran con historias, objetos y entre s\u00ed. En tiempos de fragmentaci\u00f3n social, polarizaci\u00f3n y acceso desigual al conocimiento y la cultura, los museos ayudan a reconstruir la conexi\u00f3n entre generaciones, comunidades y fronteras, fomentando el di\u00e1logo, el entendimiento, la inclusi\u00f3n y la paz dentro y entre las comunidades de todo el mundo.<\/pre>\n<p><strong>D\u00eda: s\u00e1bado 16 de mayo<\/strong><br \/>\n<strong>Hora: De 19 a 21 horas y de 21.30 a 23.30 horas<\/strong><\/p>\n<p><strong>Lugar: Can Negre<\/strong><\/p>\n<p>M\u00e1ximo de reservas por grupo: 5 personas. Los ni\u00f1os tendr\u00e1n que ir acompa\u00f1ados de un adulto.<\/p>\n<p>&nbsp;<\/p>\n<p>&nbsp;<\/p>\n","protected":false},"excerpt":{"rendered":"<p><strong>D\u00eda: 16 de mayo<\/strong><br \/>\n<strong>Hora: de 19 a 21 horas y de 21.30 a 23.30 horas<br \/>\n<\/strong><\/p>\n<p>M\u00e1ximo de reservas por grupo: 5 personas. Los ni\u00f1os tendr\u00e1n que ir acompa\u00f1ados de un adulto.<\/p>\n<p><strong>D\u00eda Internacional de los Museos 2026: <em>Museos uniendo un mundo dividido<\/em><\/strong><\/p>\n","protected":false},"featured_media":23608,"template":"","meta":{"inline_featured_image":false,"_kad_blocks_custom_css":"","_kad_blocks_head_custom_js":"","_kad_blocks_body_custom_js":"","_kad_blocks_footer_custom_js":"","_kad_post_transparent":"default","_kad_post_title":"","_kad_post_layout":"default","_kad_post_sidebar_id":"","_kad_post_content_style":"default","_kad_post_vertical_padding":"default","_kad_post_feature":"","_kad_post_feature_position":"","_kad_post_header":false,"_kad_post_footer":false,"_kad_post_classname":""},"product_brand":[],"product_cat":[75,372],"product_tag":[],"class_list":{"0":"post-23714","1":"product","2":"type-product","3":"status-publish","4":"has-post-thumbnail","6":"product_cat-agenda-es","7":"product_cat-noche-y-dia-de-los-museos","9":"first","10":"instock","11":"virtual","12":"sold-individually","13":"purchasable","14":"product-type-booking","15":"entry","16":"content-bg","17":"loop-entry"},"booking_location":"","booking_location_type":"","booking_duration":30,"booking_duration_unit":"minute","booking_buffer":0,"booking_cost":0,"booking_resources":[],"exclude_global_add_ons":[],"addons":[],"yoast_head":"<!-- This site is optimized with the Yoast SEO plugin v27.4 - https:\/\/yoast.com\/product\/yoast-seo-wordpress\/ -->\n<title>Taller de grabado &quot;El hilo rojo&quot; - LA NOCHE DE LOS MUSEOS - Plataforma Centre Jujol - Can Negre<\/title>\n<meta name=\"robots\" content=\"index, follow, max-snippet:-1, max-image-preview:large, max-video-preview:-1\" \/>\n<link rel=\"canonical\" href=\"https:\/\/centrejujolcannegre.cat\/es\/producto\/taller-de-grabado-el-hilo-rojo-la-noche-de-los-museos\/\" \/>\n<meta property=\"og:locale\" content=\"es_ES\" \/>\n<meta property=\"og:type\" content=\"article\" \/>\n<meta property=\"og:title\" content=\"Taller de grabado &quot;El hilo rojo&quot; - LA NOCHE DE LOS MUSEOS - Plataforma Centre Jujol - Can Negre\" \/>\n<meta property=\"og:description\" content=\"D\u00eda: 16 de mayo Hora: de 19 a 21 horas y de 21.30 a 23.30 horas   M\u00e1ximo de reservas por grupo: 5 personas. Los ni\u00f1os tendr\u00e1n que ir acompa\u00f1ados de un adulto.  D\u00eda Internacional de los Museos 2026: Museos uniendo un mundo dividido\" \/>\n<meta property=\"og:url\" content=\"https:\/\/centrejujolcannegre.cat\/es\/producto\/taller-de-grabado-el-hilo-rojo-la-noche-de-los-museos\/\" \/>\n<meta property=\"og:site_name\" content=\"Plataforma Centre Jujol - Can Negre\" \/>\n<meta property=\"article:publisher\" content=\"https:\/\/www.facebook.com\/cannegre\" \/>\n<meta property=\"article:modified_time\" content=\"2026-04-15T10:40:22+00:00\" \/>\n<meta property=\"og:image\" content=\"https:\/\/centrejujolcannegre.cat\/wp-content\/uploads\/2026\/03\/nit-dels-museus-2026-2.jpeg\" \/>\n\t<meta property=\"og:image:width\" content=\"1500\" \/>\n\t<meta property=\"og:image:height\" content=\"2000\" \/>\n\t<meta property=\"og:image:type\" content=\"image\/jpeg\" \/>\n<meta name=\"twitter:card\" content=\"summary_large_image\" \/>\n<meta name=\"twitter:site\" content=\"@cannegresjd\" \/>\n<meta name=\"twitter:label1\" content=\"Tiempo de lectura\" \/>\n\t<meta name=\"twitter:data1\" content=\"2 minutos\" \/>\n<script type=\"application\/ld+json\" class=\"yoast-schema-graph\">{\"@context\":\"https:\\\/\\\/schema.org\",\"@graph\":[{\"@type\":\"WebPage\",\"@id\":\"https:\\\/\\\/centrejujolcannegre.cat\\\/es\\\/producto\\\/taller-de-grabado-el-hilo-rojo-la-noche-de-los-museos\\\/\",\"url\":\"https:\\\/\\\/centrejujolcannegre.cat\\\/es\\\/producto\\\/taller-de-grabado-el-hilo-rojo-la-noche-de-los-museos\\\/\",\"name\":\"Taller de grabado \\\"El hilo rojo\\\" - LA NOCHE DE LOS MUSEOS - Plataforma Centre Jujol - Can Negre\",\"isPartOf\":{\"@id\":\"https:\\\/\\\/centrejujolcannegre.cat\\\/es\\\/#website\"},\"primaryImageOfPage\":{\"@id\":\"https:\\\/\\\/centrejujolcannegre.cat\\\/es\\\/producto\\\/taller-de-grabado-el-hilo-rojo-la-noche-de-los-museos\\\/#primaryimage\"},\"image\":{\"@id\":\"https:\\\/\\\/centrejujolcannegre.cat\\\/es\\\/producto\\\/taller-de-grabado-el-hilo-rojo-la-noche-de-los-museos\\\/#primaryimage\"},\"thumbnailUrl\":\"https:\\\/\\\/centrejujolcannegre.cat\\\/wp-content\\\/uploads\\\/2026\\\/03\\\/nit-dels-museus-2026-2.jpeg\",\"datePublished\":\"2026-04-13T11:56:08+00:00\",\"dateModified\":\"2026-04-15T10:40:22+00:00\",\"breadcrumb\":{\"@id\":\"https:\\\/\\\/centrejujolcannegre.cat\\\/es\\\/producto\\\/taller-de-grabado-el-hilo-rojo-la-noche-de-los-museos\\\/#breadcrumb\"},\"inLanguage\":\"es\",\"potentialAction\":[{\"@type\":\"ReadAction\",\"target\":[\"https:\\\/\\\/centrejujolcannegre.cat\\\/es\\\/producto\\\/taller-de-grabado-el-hilo-rojo-la-noche-de-los-museos\\\/\"]}]},{\"@type\":\"ImageObject\",\"inLanguage\":\"es\",\"@id\":\"https:\\\/\\\/centrejujolcannegre.cat\\\/es\\\/producto\\\/taller-de-grabado-el-hilo-rojo-la-noche-de-los-museos\\\/#primaryimage\",\"url\":\"https:\\\/\\\/centrejujolcannegre.cat\\\/wp-content\\\/uploads\\\/2026\\\/03\\\/nit-dels-museus-2026-2.jpeg\",\"contentUrl\":\"https:\\\/\\\/centrejujolcannegre.cat\\\/wp-content\\\/uploads\\\/2026\\\/03\\\/nit-dels-museus-2026-2.jpeg\",\"width\":1500,\"height\":2000},{\"@type\":\"BreadcrumbList\",\"@id\":\"https:\\\/\\\/centrejujolcannegre.cat\\\/es\\\/producto\\\/taller-de-grabado-el-hilo-rojo-la-noche-de-los-museos\\\/#breadcrumb\",\"itemListElement\":[{\"@type\":\"ListItem\",\"position\":1,\"name\":\"Portada\",\"item\":\"https:\\\/\\\/centrejujolcannegre.cat\\\/es\\\/\"},{\"@type\":\"ListItem\",\"position\":2,\"name\":\"Centro\",\"item\":\"https:\\\/\\\/centrejujolcannegre.cat\\\/es\\\/centro\\\/\"},{\"@type\":\"ListItem\",\"position\":3,\"name\":\"Taller de grabado &#8220;El hilo rojo&#8221; &#8211; LA NOCHE DE LOS MUSEOS\"}]},{\"@type\":\"WebSite\",\"@id\":\"https:\\\/\\\/centrejujolcannegre.cat\\\/es\\\/#website\",\"url\":\"https:\\\/\\\/centrejujolcannegre.cat\\\/es\\\/\",\"name\":\"Plataforma Centre Jujol - Can Negre\",\"description\":\"Plataforma de venta d&#039;entradas d&#039;activitats, exposicions i circuits culturals a Museus i l&#039;Escola d&#039;Art de de Sant Joan Desp\u00ed\",\"publisher\":{\"@id\":\"https:\\\/\\\/centrejujolcannegre.cat\\\/es\\\/#organization\"},\"potentialAction\":[{\"@type\":\"SearchAction\",\"target\":{\"@type\":\"EntryPoint\",\"urlTemplate\":\"https:\\\/\\\/centrejujolcannegre.cat\\\/es\\\/?s={search_term_string}\"},\"query-input\":{\"@type\":\"PropertyValueSpecification\",\"valueRequired\":true,\"valueName\":\"search_term_string\"}}],\"inLanguage\":\"es\"},{\"@type\":\"Organization\",\"@id\":\"https:\\\/\\\/centrejujolcannegre.cat\\\/es\\\/#organization\",\"name\":\"Centre Jujol - Can Negre\",\"url\":\"https:\\\/\\\/centrejujolcannegre.cat\\\/es\\\/\",\"logo\":{\"@type\":\"ImageObject\",\"inLanguage\":\"es\",\"@id\":\"https:\\\/\\\/centrejujolcannegre.cat\\\/es\\\/#\\\/schema\\\/logo\\\/image\\\/\",\"url\":\"https:\\\/\\\/centrejujolcannegre.cat\\\/wp-content\\\/uploads\\\/2024\\\/05\\\/logo-centre-jujol-can-negre.svg\",\"contentUrl\":\"https:\\\/\\\/centrejujolcannegre.cat\\\/wp-content\\\/uploads\\\/2024\\\/05\\\/logo-centre-jujol-can-negre.svg\",\"caption\":\"Centre Jujol - Can Negre\"},\"image\":{\"@id\":\"https:\\\/\\\/centrejujolcannegre.cat\\\/es\\\/#\\\/schema\\\/logo\\\/image\\\/\"},\"sameAs\":[\"https:\\\/\\\/www.facebook.com\\\/cannegre\",\"https:\\\/\\\/x.com\\\/cannegresjd\"]}]}<\/script>\n<!-- \/ Yoast SEO plugin. -->","yoast_head_json":{"title":"Taller de grabado \"El hilo rojo\" - LA NOCHE DE LOS MUSEOS - Plataforma Centre Jujol - Can Negre","robots":{"index":"index","follow":"follow","max-snippet":"max-snippet:-1","max-image-preview":"max-image-preview:large","max-video-preview":"max-video-preview:-1"},"canonical":"https:\/\/centrejujolcannegre.cat\/es\/producto\/taller-de-grabado-el-hilo-rojo-la-noche-de-los-museos\/","og_locale":"es_ES","og_type":"article","og_title":"Taller de grabado \"El hilo rojo\" - LA NOCHE DE LOS MUSEOS - Plataforma Centre Jujol - Can Negre","og_description":"D\u00eda: 16 de mayo Hora: de 19 a 21 horas y de 21.30 a 23.30 horas   M\u00e1ximo de reservas por grupo: 5 personas. Los ni\u00f1os tendr\u00e1n que ir acompa\u00f1ados de un adulto.  D\u00eda Internacional de los Museos 2026: Museos uniendo un mundo dividido","og_url":"https:\/\/centrejujolcannegre.cat\/es\/producto\/taller-de-grabado-el-hilo-rojo-la-noche-de-los-museos\/","og_site_name":"Plataforma Centre Jujol - Can Negre","article_publisher":"https:\/\/www.facebook.com\/cannegre","article_modified_time":"2026-04-15T10:40:22+00:00","og_image":[{"width":1500,"height":2000,"url":"https:\/\/centrejujolcannegre.cat\/wp-content\/uploads\/2026\/03\/nit-dels-museus-2026-2.jpeg","type":"image\/jpeg"}],"twitter_card":"summary_large_image","twitter_site":"@cannegresjd","twitter_misc":{"Tiempo de lectura":"2 minutos"},"schema":{"@context":"https:\/\/schema.org","@graph":[{"@type":"WebPage","@id":"https:\/\/centrejujolcannegre.cat\/es\/producto\/taller-de-grabado-el-hilo-rojo-la-noche-de-los-museos\/","url":"https:\/\/centrejujolcannegre.cat\/es\/producto\/taller-de-grabado-el-hilo-rojo-la-noche-de-los-museos\/","name":"Taller de grabado \"El hilo rojo\" - LA NOCHE DE LOS MUSEOS - Plataforma Centre Jujol - Can Negre","isPartOf":{"@id":"https:\/\/centrejujolcannegre.cat\/es\/#website"},"primaryImageOfPage":{"@id":"https:\/\/centrejujolcannegre.cat\/es\/producto\/taller-de-grabado-el-hilo-rojo-la-noche-de-los-museos\/#primaryimage"},"image":{"@id":"https:\/\/centrejujolcannegre.cat\/es\/producto\/taller-de-grabado-el-hilo-rojo-la-noche-de-los-museos\/#primaryimage"},"thumbnailUrl":"https:\/\/centrejujolcannegre.cat\/wp-content\/uploads\/2026\/03\/nit-dels-museus-2026-2.jpeg","datePublished":"2026-04-13T11:56:08+00:00","dateModified":"2026-04-15T10:40:22+00:00","breadcrumb":{"@id":"https:\/\/centrejujolcannegre.cat\/es\/producto\/taller-de-grabado-el-hilo-rojo-la-noche-de-los-museos\/#breadcrumb"},"inLanguage":"es","potentialAction":[{"@type":"ReadAction","target":["https:\/\/centrejujolcannegre.cat\/es\/producto\/taller-de-grabado-el-hilo-rojo-la-noche-de-los-museos\/"]}]},{"@type":"ImageObject","inLanguage":"es","@id":"https:\/\/centrejujolcannegre.cat\/es\/producto\/taller-de-grabado-el-hilo-rojo-la-noche-de-los-museos\/#primaryimage","url":"https:\/\/centrejujolcannegre.cat\/wp-content\/uploads\/2026\/03\/nit-dels-museus-2026-2.jpeg","contentUrl":"https:\/\/centrejujolcannegre.cat\/wp-content\/uploads\/2026\/03\/nit-dels-museus-2026-2.jpeg","width":1500,"height":2000},{"@type":"BreadcrumbList","@id":"https:\/\/centrejujolcannegre.cat\/es\/producto\/taller-de-grabado-el-hilo-rojo-la-noche-de-los-museos\/#breadcrumb","itemListElement":[{"@type":"ListItem","position":1,"name":"Portada","item":"https:\/\/centrejujolcannegre.cat\/es\/"},{"@type":"ListItem","position":2,"name":"Centro","item":"https:\/\/centrejujolcannegre.cat\/es\/centro\/"},{"@type":"ListItem","position":3,"name":"Taller de grabado &#8220;El hilo rojo&#8221; &#8211; LA NOCHE DE LOS MUSEOS"}]},{"@type":"WebSite","@id":"https:\/\/centrejujolcannegre.cat\/es\/#website","url":"https:\/\/centrejujolcannegre.cat\/es\/","name":"Plataforma Centre Jujol - Can Negre","description":"Plataforma de venta d&#039;entradas d&#039;activitats, exposicions i circuits culturals a Museus i l&#039;Escola d&#039;Art de de Sant Joan Desp\u00ed","publisher":{"@id":"https:\/\/centrejujolcannegre.cat\/es\/#organization"},"potentialAction":[{"@type":"SearchAction","target":{"@type":"EntryPoint","urlTemplate":"https:\/\/centrejujolcannegre.cat\/es\/?s={search_term_string}"},"query-input":{"@type":"PropertyValueSpecification","valueRequired":true,"valueName":"search_term_string"}}],"inLanguage":"es"},{"@type":"Organization","@id":"https:\/\/centrejujolcannegre.cat\/es\/#organization","name":"Centre Jujol - Can Negre","url":"https:\/\/centrejujolcannegre.cat\/es\/","logo":{"@type":"ImageObject","inLanguage":"es","@id":"https:\/\/centrejujolcannegre.cat\/es\/#\/schema\/logo\/image\/","url":"https:\/\/centrejujolcannegre.cat\/wp-content\/uploads\/2024\/05\/logo-centre-jujol-can-negre.svg","contentUrl":"https:\/\/centrejujolcannegre.cat\/wp-content\/uploads\/2024\/05\/logo-centre-jujol-can-negre.svg","caption":"Centre Jujol - Can Negre"},"image":{"@id":"https:\/\/centrejujolcannegre.cat\/es\/#\/schema\/logo\/image\/"},"sameAs":["https:\/\/www.facebook.com\/cannegre","https:\/\/x.com\/cannegresjd"]}]}},"taxonomy_info":{"product_cat":[{"value":75,"label":"Agenda"},{"value":372,"label":"Noche y D\u00eda de los museos"}]},"featured_image_src_large":["https:\/\/centrejujolcannegre.cat\/wp-content\/uploads\/2026\/03\/nit-dels-museus-2026-2-768x1024.jpeg",768,1024,true],"author_info":[],"comment_info":"","_links":{"self":[{"href":"https:\/\/centrejujolcannegre.cat\/es\/wp-json\/wp\/v2\/product\/23714","targetHints":{"allow":["GET"]}}],"collection":[{"href":"https:\/\/centrejujolcannegre.cat\/es\/wp-json\/wp\/v2\/product"}],"about":[{"href":"https:\/\/centrejujolcannegre.cat\/es\/wp-json\/wp\/v2\/types\/product"}],"wp:featuredmedia":[{"embeddable":true,"href":"https:\/\/centrejujolcannegre.cat\/es\/wp-json\/wp\/v2\/media\/23608"}],"wp:attachment":[{"href":"https:\/\/centrejujolcannegre.cat\/es\/wp-json\/wp\/v2\/media?parent=23714"}],"wp:term":[{"taxonomy":"product_brand","embeddable":true,"href":"https:\/\/centrejujolcannegre.cat\/es\/wp-json\/wp\/v2\/product_brand?post=23714"},{"taxonomy":"product_cat","embeddable":true,"href":"https:\/\/centrejujolcannegre.cat\/es\/wp-json\/wp\/v2\/product_cat?post=23714"},{"taxonomy":"product_tag","embeddable":true,"href":"https:\/\/centrejujolcannegre.cat\/es\/wp-json\/wp\/v2\/product_tag?post=23714"}],"curies":[{"name":"wp","href":"https:\/\/api.w.org\/{rel}","templated":true}]}}