{"id":8291,"date":"2022-10-06T17:25:50","date_gmt":"2022-10-06T15:25:50","guid":{"rendered":"https:\/\/centrejujolcannegre.cat\/centre\/sin%20categor\u00eda\/visita-lliure-a-can-negre\/"},"modified":"2026-03-24T12:46:47","modified_gmt":"2026-03-24T11:46:47","slug":"visita-lliure-a-can-negre","status":"publish","type":"product","link":"https:\/\/centrejujolcannegre.cat\/es\/producto\/visita-lliure-a-can-negre\/","title":{"rendered":"Visita general a Can Negre"},"content":{"rendered":"<div class=\"clearfix text-formatted field field--name-body field--type-text-with-summary field--label-hidden field__item\">\n<p><span class=\"jCAhz ChMk0b\"><span class=\"ryNqvb\">Can Negre, antigua mas\u00eda del siglo XVII, fue reformada profundamente por Josep Maria Jujol para adaptarla al veraneo de su propietario, Pere Negre.<\/span><\/span> <span class=\"jCAhz ChMk0b\"><span class=\"ryNqvb\">Las formas onduladas, los s\u00edmbolos religiosos y los colores estridentes sugieren el rico mundo interior del arquitecto.<\/span><\/span> <span class=\"jCAhz ChMk0b\"><span class=\"ryNqvb\">Otra de las casas emblem\u00e1ticas de la poblaci\u00f3n es la llamada Torre de los huevos por los sanjuanenses y sanjuanenses.<\/span><\/span> <span class=\"jCAhz ChMk0b\"><span class=\"ryNqvb\">La oficialmente llamada Torre de la Cruz se compone de un total de cinco cilindros de diferentes tama\u00f1os y diferentes alturas que conforman el per\u00edmetro de esta casa de veraneo.<\/span><\/span> .<\/p>\n<p>L&#8217;arquitecte Jujol, va arribar a mantenir una forta amistat i afinitat amb la gent del poble, arribant a ser arquitecte municipal els darrers vint anys de la seva vida.<\/p>\n<p><span class=\"jCAhz ChMk0b\"><span class=\"ryNqvb\">Desde el Centro Jujol \u2013 Can Negre, se realiza el Itinerario Jujol, donde se pueden visitar con gu\u00eda estas dos magn\u00edficas casas modernistas, incluyendo tambi\u00e9n otros elementos del \u201cexperimento\u201d de Jujol, como Torre Jujol, Casa Rovira o Casa Serra-<\/span><\/span> <span class=\"jCAhz ChMk0b\"><span class=\"ryNqvb\">Xaus.<\/span><\/span> <span class=\"jCAhz ChMk0b\"><span class=\"ryNqvb\">Tambi\u00e9n podremos ver unas intervenciones en la Iglesia Parroquial de Sant Joan Baptista y otros detalles en esta ruta guiada por el coraz\u00f3n modernista de Sant Joan Desp\u00ed.<\/span><\/span><\/p>\n<p><span class=\"jCAhz ChMk0b\"><span class=\"ryNqvb\">Desde 2010, en el Centro Jujol \u2013 Can Negre est\u00e1 ubicada la Escuela Municipal de Arte donde se imparten clases de diferentes disciplinas art\u00edsticas.<\/span><\/span> <span class=\"jCAhz ChMk0b\"><span class=\"ryNqvb\">Como punto art\u00edstico y cultural de la ciudad, el Centro Jujol \u2013 Can Negre ofrece otras actividades, rutas y exposiciones como por ejemplo, la Caminata Cultural por las mas\u00edas hist\u00f3ricas de Sant Joan Desp\u00ed, el Paseo Cultural por la orilla del r\u00edo Llobregat, los talleres<\/span><\/span> <span class=\"jCAhz ChMk0b\"><span class=\"ryNqvb\">familiares \u201cLa Magia del Trencad\u00eds\u201d, o \u201cLos detectives y el pozo escondido\u201d.<\/span><\/span><\/p>\n<p><strong>Audiogu\u00eda<\/strong><\/p>\n<p>El precio de la entrada incluye un servicio de audiogu\u00eda con informaciones detalladas de los diferentes espacios de Can Negre.<\/p>\n<p><strong>Visita 360\u00ba en Can Negre<\/strong><\/p>\n<p><span class=\"jCAhz ChMk0b\"><span class=\"ryNqvb\">Cuando visite Can Negre, con la ayuda de su dispositivo m\u00f3vil podr\u00e1 disfrutar de una visita inmersiva de la mano del arquitecto Josep Maria Jujol, y los propietarios de Can Negre: Engracia Balet y Pere Negre.<\/span><\/span> <span class=\"jCAhz ChMk0b\"><span class=\"ryNqvb\">Estos tres personajes le explicar\u00e1n los secretos de la reforma de este edificio a principios del siglo XX.<\/span><\/span><\/p>\n<p><a href=\"https:\/\/www.turismebaixllobregat.com\/ca\/cupons\" target=\"_blank\" rel=\"noopener\">Cupones descuento para familias (Consorcio de Turismo del Baix Llobregat)<\/a><\/p>\n<p><strong>La mirada t\u00e1ctil<\/strong><\/p>\n<p>El Museo dispone de un m\u00f3dulo llamado \u00abLa Mirada T\u00e1ctil\u00bb, iniciativa de la Red de Museos Locales y de la Diputaci\u00f3n de Barcelona. Es un espacio de interpretaci\u00f3n t\u00e1ctil dirigido al p\u00fablico general pero especialmente adaptado y dise\u00f1ado para visitantes que presentan algunos tipos de dificultad visual, con informaciones en Braille. Tambi\u00e9n se ofrecen diferentes QR en los espacios visitables con informaci\u00f3n ampliada en lengua de signos.  <sup id=\"cite_ref-6\" class=\"reference\"><\/sup><\/p>\n<p>Edificio accesible para personas con movilidad reducida.<\/p>\n<\/div>\n","protected":false},"excerpt":{"rendered":"<p>Josep Maria Jujol, conocido por haber colaborado en las obras m\u00e1s emblem\u00e1ticas de Antoni Gaud\u00ed, estableci\u00f3 su \u00ablaboratorio arquitect\u00f3nico de pruebas\u00bb en el municipio de Sant Joan Desp\u00ed. A trav\u00e9s de esta experimentaci\u00f3n en la arquitectura rural del pueblo, podemos ver las obras m\u00e1s sugerentes del arquitecto.<\/p>\n<p>Dispone de los siguientes recursos para realizar su visita:<\/p>\n<ul>\n<li>Audiogu\u00eda<\/li>\n<li>Visita 360\u00ba grados<\/li>\n<li>La Mirada t\u00e1ctil<\/li>\n<\/ul>\n","protected":false},"featured_media":1955,"template":"","meta":{"inline_featured_image":false,"_kad_blocks_custom_css":"","_kad_blocks_head_custom_js":"","_kad_blocks_body_custom_js":"","_kad_blocks_footer_custom_js":"","_kad_post_transparent":"default","_kad_post_title":"","_kad_post_layout":"default","_kad_post_sidebar_id":"","_kad_post_content_style":"default","_kad_post_vertical_padding":"default","_kad_post_feature":"","_kad_post_feature_position":"","_kad_post_header":false,"_kad_post_footer":false,"_kad_post_classname":""},"product_brand":[],"product_cat":[75,79],"product_tag":[],"class_list":{"0":"post-8291","1":"product","2":"type-product","3":"status-publish","4":"has-post-thumbnail","6":"product_cat-agenda-es","7":"product_cat-jujol-en-sant-joan-despi","9":"first","10":"instock","11":"virtual","12":"sold-individually","13":"purchasable","14":"product-type-booking","15":"entry","16":"content-bg","17":"loop-entry"},"booking_location":"","booking_location_type":"","booking_duration":30,"booking_duration_unit":"minute","booking_buffer":0,"booking_cost":0,"booking_resources":[],"exclude_global_add_ons":[],"addons":[],"yoast_head":"<!-- This site is optimized with the Yoast SEO plugin v27.4 - https:\/\/yoast.com\/product\/yoast-seo-wordpress\/ -->\n<title>Visita general a Can Negre - Plataforma Centre Jujol - Can Negre<\/title>\n<meta name=\"robots\" content=\"index, follow, max-snippet:-1, max-image-preview:large, max-video-preview:-1\" \/>\n<link rel=\"canonical\" href=\"https:\/\/centrejujolcannegre.cat\/es\/producto\/visita-lliure-a-can-negre\/\" \/>\n<meta property=\"og:locale\" content=\"es_ES\" \/>\n<meta property=\"og:type\" content=\"article\" \/>\n<meta property=\"og:title\" content=\"Visita general a Can Negre - Plataforma Centre Jujol - Can Negre\" \/>\n<meta property=\"og:description\" content=\"Josep Maria Jujol, conocido por haber colaborado en las obras m\u00e1s emblem\u00e1ticas de Antoni Gaud\u00ed, estableci\u00f3 su &quot;laboratorio arquitect\u00f3nico de pruebas&quot; en el municipio de Sant Joan Desp\u00ed. A trav\u00e9s de esta experimentaci\u00f3n en la arquitectura rural del pueblo, podemos ver las obras m\u00e1s sugerentes del arquitecto. Dispone de los siguientes recursos para realizar su visita:  Audiogu\u00eda  Visita 360\u00ba grados  La Mirada t\u00e1ctil\" \/>\n<meta property=\"og:url\" content=\"https:\/\/centrejujolcannegre.cat\/es\/producto\/visita-lliure-a-can-negre\/\" \/>\n<meta property=\"og:site_name\" content=\"Plataforma Centre Jujol - Can Negre\" \/>\n<meta property=\"article:publisher\" content=\"https:\/\/www.facebook.com\/cannegre\" \/>\n<meta property=\"article:modified_time\" content=\"2026-03-24T11:46:47+00:00\" \/>\n<meta property=\"og:image\" content=\"https:\/\/centrejujolcannegre.cat\/wp-content\/uploads\/2022\/09\/can-negre.jpg\" \/>\n\t<meta property=\"og:image:width\" content=\"1090\" \/>\n\t<meta property=\"og:image:height\" content=\"830\" \/>\n\t<meta property=\"og:image:type\" content=\"image\/jpeg\" \/>\n<meta name=\"twitter:card\" content=\"summary_large_image\" \/>\n<meta name=\"twitter:site\" content=\"@cannegresjd\" \/>\n<meta name=\"twitter:label1\" content=\"Tiempo de lectura\" \/>\n\t<meta name=\"twitter:data1\" content=\"2 minutos\" \/>\n<script type=\"application\/ld+json\" class=\"yoast-schema-graph\">{\"@context\":\"https:\\\/\\\/schema.org\",\"@graph\":[{\"@type\":\"WebPage\",\"@id\":\"https:\\\/\\\/centrejujolcannegre.cat\\\/es\\\/producto\\\/visita-lliure-a-can-negre\\\/\",\"url\":\"https:\\\/\\\/centrejujolcannegre.cat\\\/es\\\/producto\\\/visita-lliure-a-can-negre\\\/\",\"name\":\"Visita general a Can Negre - Plataforma Centre Jujol - Can Negre\",\"isPartOf\":{\"@id\":\"https:\\\/\\\/centrejujolcannegre.cat\\\/es\\\/#website\"},\"primaryImageOfPage\":{\"@id\":\"https:\\\/\\\/centrejujolcannegre.cat\\\/es\\\/producto\\\/visita-lliure-a-can-negre\\\/#primaryimage\"},\"image\":{\"@id\":\"https:\\\/\\\/centrejujolcannegre.cat\\\/es\\\/producto\\\/visita-lliure-a-can-negre\\\/#primaryimage\"},\"thumbnailUrl\":\"https:\\\/\\\/centrejujolcannegre.cat\\\/wp-content\\\/uploads\\\/2022\\\/09\\\/can-negre.jpg\",\"datePublished\":\"2022-10-06T15:25:50+00:00\",\"dateModified\":\"2026-03-24T11:46:47+00:00\",\"breadcrumb\":{\"@id\":\"https:\\\/\\\/centrejujolcannegre.cat\\\/es\\\/producto\\\/visita-lliure-a-can-negre\\\/#breadcrumb\"},\"inLanguage\":\"es\",\"potentialAction\":[{\"@type\":\"ReadAction\",\"target\":[\"https:\\\/\\\/centrejujolcannegre.cat\\\/es\\\/producto\\\/visita-lliure-a-can-negre\\\/\"]}]},{\"@type\":\"ImageObject\",\"inLanguage\":\"es\",\"@id\":\"https:\\\/\\\/centrejujolcannegre.cat\\\/es\\\/producto\\\/visita-lliure-a-can-negre\\\/#primaryimage\",\"url\":\"https:\\\/\\\/centrejujolcannegre.cat\\\/wp-content\\\/uploads\\\/2022\\\/09\\\/can-negre.jpg\",\"contentUrl\":\"https:\\\/\\\/centrejujolcannegre.cat\\\/wp-content\\\/uploads\\\/2022\\\/09\\\/can-negre.jpg\",\"width\":1090,\"height\":830},{\"@type\":\"BreadcrumbList\",\"@id\":\"https:\\\/\\\/centrejujolcannegre.cat\\\/es\\\/producto\\\/visita-lliure-a-can-negre\\\/#breadcrumb\",\"itemListElement\":[{\"@type\":\"ListItem\",\"position\":1,\"name\":\"Portada\",\"item\":\"https:\\\/\\\/centrejujolcannegre.cat\\\/es\\\/\"},{\"@type\":\"ListItem\",\"position\":2,\"name\":\"Centro\",\"item\":\"https:\\\/\\\/centrejujolcannegre.cat\\\/es\\\/centro\\\/\"},{\"@type\":\"ListItem\",\"position\":3,\"name\":\"Visita general a Can Negre\"}]},{\"@type\":\"WebSite\",\"@id\":\"https:\\\/\\\/centrejujolcannegre.cat\\\/es\\\/#website\",\"url\":\"https:\\\/\\\/centrejujolcannegre.cat\\\/es\\\/\",\"name\":\"Plataforma Centre Jujol - Can Negre\",\"description\":\"Plataforma de venta d&#039;entradas d&#039;activitats, exposicions i circuits culturals a Museus i l&#039;Escola d&#039;Art de de Sant Joan Desp\u00ed\",\"publisher\":{\"@id\":\"https:\\\/\\\/centrejujolcannegre.cat\\\/es\\\/#organization\"},\"potentialAction\":[{\"@type\":\"SearchAction\",\"target\":{\"@type\":\"EntryPoint\",\"urlTemplate\":\"https:\\\/\\\/centrejujolcannegre.cat\\\/es\\\/?s={search_term_string}\"},\"query-input\":{\"@type\":\"PropertyValueSpecification\",\"valueRequired\":true,\"valueName\":\"search_term_string\"}}],\"inLanguage\":\"es\"},{\"@type\":\"Organization\",\"@id\":\"https:\\\/\\\/centrejujolcannegre.cat\\\/es\\\/#organization\",\"name\":\"Centre Jujol - Can Negre\",\"url\":\"https:\\\/\\\/centrejujolcannegre.cat\\\/es\\\/\",\"logo\":{\"@type\":\"ImageObject\",\"inLanguage\":\"es\",\"@id\":\"https:\\\/\\\/centrejujolcannegre.cat\\\/es\\\/#\\\/schema\\\/logo\\\/image\\\/\",\"url\":\"https:\\\/\\\/centrejujolcannegre.cat\\\/wp-content\\\/uploads\\\/2024\\\/05\\\/logo-centre-jujol-can-negre.svg\",\"contentUrl\":\"https:\\\/\\\/centrejujolcannegre.cat\\\/wp-content\\\/uploads\\\/2024\\\/05\\\/logo-centre-jujol-can-negre.svg\",\"caption\":\"Centre Jujol - Can Negre\"},\"image\":{\"@id\":\"https:\\\/\\\/centrejujolcannegre.cat\\\/es\\\/#\\\/schema\\\/logo\\\/image\\\/\"},\"sameAs\":[\"https:\\\/\\\/www.facebook.com\\\/cannegre\",\"https:\\\/\\\/x.com\\\/cannegresjd\"]}]}<\/script>\n<!-- \/ Yoast SEO plugin. -->","yoast_head_json":{"title":"Visita general a Can Negre - Plataforma Centre Jujol - Can Negre","robots":{"index":"index","follow":"follow","max-snippet":"max-snippet:-1","max-image-preview":"max-image-preview:large","max-video-preview":"max-video-preview:-1"},"canonical":"https:\/\/centrejujolcannegre.cat\/es\/producto\/visita-lliure-a-can-negre\/","og_locale":"es_ES","og_type":"article","og_title":"Visita general a Can Negre - Plataforma Centre Jujol - Can Negre","og_description":"Josep Maria Jujol, conocido por haber colaborado en las obras m\u00e1s emblem\u00e1ticas de Antoni Gaud\u00ed, estableci\u00f3 su \"laboratorio arquitect\u00f3nico de pruebas\" en el municipio de Sant Joan Desp\u00ed. A trav\u00e9s de esta experimentaci\u00f3n en la arquitectura rural del pueblo, podemos ver las obras m\u00e1s sugerentes del arquitecto. Dispone de los siguientes recursos para realizar su visita:  Audiogu\u00eda  Visita 360\u00ba grados  La Mirada t\u00e1ctil","og_url":"https:\/\/centrejujolcannegre.cat\/es\/producto\/visita-lliure-a-can-negre\/","og_site_name":"Plataforma Centre Jujol - Can Negre","article_publisher":"https:\/\/www.facebook.com\/cannegre","article_modified_time":"2026-03-24T11:46:47+00:00","og_image":[{"width":1090,"height":830,"url":"https:\/\/centrejujolcannegre.cat\/wp-content\/uploads\/2022\/09\/can-negre.jpg","type":"image\/jpeg"}],"twitter_card":"summary_large_image","twitter_site":"@cannegresjd","twitter_misc":{"Tiempo de lectura":"2 minutos"},"schema":{"@context":"https:\/\/schema.org","@graph":[{"@type":"WebPage","@id":"https:\/\/centrejujolcannegre.cat\/es\/producto\/visita-lliure-a-can-negre\/","url":"https:\/\/centrejujolcannegre.cat\/es\/producto\/visita-lliure-a-can-negre\/","name":"Visita general a Can Negre - Plataforma Centre Jujol - Can Negre","isPartOf":{"@id":"https:\/\/centrejujolcannegre.cat\/es\/#website"},"primaryImageOfPage":{"@id":"https:\/\/centrejujolcannegre.cat\/es\/producto\/visita-lliure-a-can-negre\/#primaryimage"},"image":{"@id":"https:\/\/centrejujolcannegre.cat\/es\/producto\/visita-lliure-a-can-negre\/#primaryimage"},"thumbnailUrl":"https:\/\/centrejujolcannegre.cat\/wp-content\/uploads\/2022\/09\/can-negre.jpg","datePublished":"2022-10-06T15:25:50+00:00","dateModified":"2026-03-24T11:46:47+00:00","breadcrumb":{"@id":"https:\/\/centrejujolcannegre.cat\/es\/producto\/visita-lliure-a-can-negre\/#breadcrumb"},"inLanguage":"es","potentialAction":[{"@type":"ReadAction","target":["https:\/\/centrejujolcannegre.cat\/es\/producto\/visita-lliure-a-can-negre\/"]}]},{"@type":"ImageObject","inLanguage":"es","@id":"https:\/\/centrejujolcannegre.cat\/es\/producto\/visita-lliure-a-can-negre\/#primaryimage","url":"https:\/\/centrejujolcannegre.cat\/wp-content\/uploads\/2022\/09\/can-negre.jpg","contentUrl":"https:\/\/centrejujolcannegre.cat\/wp-content\/uploads\/2022\/09\/can-negre.jpg","width":1090,"height":830},{"@type":"BreadcrumbList","@id":"https:\/\/centrejujolcannegre.cat\/es\/producto\/visita-lliure-a-can-negre\/#breadcrumb","itemListElement":[{"@type":"ListItem","position":1,"name":"Portada","item":"https:\/\/centrejujolcannegre.cat\/es\/"},{"@type":"ListItem","position":2,"name":"Centro","item":"https:\/\/centrejujolcannegre.cat\/es\/centro\/"},{"@type":"ListItem","position":3,"name":"Visita general a Can Negre"}]},{"@type":"WebSite","@id":"https:\/\/centrejujolcannegre.cat\/es\/#website","url":"https:\/\/centrejujolcannegre.cat\/es\/","name":"Plataforma Centre Jujol - Can Negre","description":"Plataforma de venta d&#039;entradas d&#039;activitats, exposicions i circuits culturals a Museus i l&#039;Escola d&#039;Art de de Sant Joan Desp\u00ed","publisher":{"@id":"https:\/\/centrejujolcannegre.cat\/es\/#organization"},"potentialAction":[{"@type":"SearchAction","target":{"@type":"EntryPoint","urlTemplate":"https:\/\/centrejujolcannegre.cat\/es\/?s={search_term_string}"},"query-input":{"@type":"PropertyValueSpecification","valueRequired":true,"valueName":"search_term_string"}}],"inLanguage":"es"},{"@type":"Organization","@id":"https:\/\/centrejujolcannegre.cat\/es\/#organization","name":"Centre Jujol - Can Negre","url":"https:\/\/centrejujolcannegre.cat\/es\/","logo":{"@type":"ImageObject","inLanguage":"es","@id":"https:\/\/centrejujolcannegre.cat\/es\/#\/schema\/logo\/image\/","url":"https:\/\/centrejujolcannegre.cat\/wp-content\/uploads\/2024\/05\/logo-centre-jujol-can-negre.svg","contentUrl":"https:\/\/centrejujolcannegre.cat\/wp-content\/uploads\/2024\/05\/logo-centre-jujol-can-negre.svg","caption":"Centre Jujol - Can Negre"},"image":{"@id":"https:\/\/centrejujolcannegre.cat\/es\/#\/schema\/logo\/image\/"},"sameAs":["https:\/\/www.facebook.com\/cannegre","https:\/\/x.com\/cannegresjd"]}]}},"taxonomy_info":{"product_cat":[{"value":75,"label":"Agenda"},{"value":79,"label":"Jujol en Sant Joan Despi"}]},"featured_image_src_large":["https:\/\/centrejujolcannegre.cat\/wp-content\/uploads\/2022\/09\/can-negre-1024x780.jpg",1024,780,true],"author_info":[],"comment_info":"","_links":{"self":[{"href":"https:\/\/centrejujolcannegre.cat\/es\/wp-json\/wp\/v2\/product\/8291","targetHints":{"allow":["GET"]}}],"collection":[{"href":"https:\/\/centrejujolcannegre.cat\/es\/wp-json\/wp\/v2\/product"}],"about":[{"href":"https:\/\/centrejujolcannegre.cat\/es\/wp-json\/wp\/v2\/types\/product"}],"wp:featuredmedia":[{"embeddable":true,"href":"https:\/\/centrejujolcannegre.cat\/es\/wp-json\/wp\/v2\/media\/1955"}],"wp:attachment":[{"href":"https:\/\/centrejujolcannegre.cat\/es\/wp-json\/wp\/v2\/media?parent=8291"}],"wp:term":[{"taxonomy":"product_brand","embeddable":true,"href":"https:\/\/centrejujolcannegre.cat\/es\/wp-json\/wp\/v2\/product_brand?post=8291"},{"taxonomy":"product_cat","embeddable":true,"href":"https:\/\/centrejujolcannegre.cat\/es\/wp-json\/wp\/v2\/product_cat?post=8291"},{"taxonomy":"product_tag","embeddable":true,"href":"https:\/\/centrejujolcannegre.cat\/es\/wp-json\/wp\/v2\/product_tag?post=8291"}],"curies":[{"name":"wp","href":"https:\/\/api.w.org\/{rel}","templated":true}]}}