{"id":9098,"date":"2023-02-27T11:51:16","date_gmt":"2023-02-27T10:51:16","guid":{"rendered":"https:\/\/centrejujolcannegre.cat\/centre\/sin%20categor\u00eda\/lindos-y-juglares-el-pasado-medieval-de-sant-joan-despi\/"},"modified":"2025-02-11T13:46:31","modified_gmt":"2025-02-11T12:46:31","slug":"lindos-y-juglares-el-pasado-medieval-de-sant-joan-despi","status":"publish","type":"product","link":"https:\/\/centrejujolcannegre.cat\/es\/producto\/lindos-y-juglares-el-pasado-medieval-de-sant-joan-despi\/","title":{"rendered":"Lindos y juglares, el pasado medieval de Sant Joan Desp\u00ed"},"content":{"rendered":"<p>Dol\u00e7a y Bufanalla, dos lindos que conocen toda la historia de Sant Joan Desp\u00ed, nos hablar\u00e1n de todos los secretos de nuestro pueblo en \u00e9poca medieval: \u00bfpor qu\u00e9 se llama Sant Joan Desp\u00ed?, \u00bfc\u00f3mo viv\u00edan sus habitantes?, \u00bfera muy grande?, \u00bfc\u00f3mo eran sus casas? Desc\u00fabrelo de la mano de uno de estos personajes.<\/p>\n<p>La actividad se complementa con un taller art\u00edstico-educativo. Seleccione entre los siguientes e indique al final del formulario cu\u00e1l ha elegido: <\/p>\n<ul>\n<li>Remedios naturales (pociones). I3-I4 e I5<\/li>\n<li>Decoraci\u00f3n de escudos de armas. De 1\u00ba a 4\u00ba de primaria<\/li>\n<\/ul>\n","protected":false},"excerpt":{"rendered":"<p>Dol\u00e7a y Bufanalla, dos lindos que conocen toda la historia, nos hablar\u00e1n de todos los secretos de nuestro pueblo en \u00e9poca medieval: por qu\u00e9 se llama Sant Joan Desp\u00ed.<\/p>\n<p><strong>ACTIVIDAD PARA E3, E4, E5, 1R, 2N, 3R, 4T DE PRIMARIA<\/strong><\/p>\n","protected":false},"featured_media":1993,"template":"","meta":{"inline_featured_image":false,"_kad_blocks_custom_css":"","_kad_blocks_head_custom_js":"","_kad_blocks_body_custom_js":"","_kad_blocks_footer_custom_js":"","_kad_post_transparent":"","_kad_post_title":"","_kad_post_layout":"","_kad_post_sidebar_id":"","_kad_post_content_style":"","_kad_post_vertical_padding":"","_kad_post_feature":"","_kad_post_feature_position":"","_kad_post_header":false,"_kad_post_footer":false,"_kad_post_classname":""},"product_brand":[],"product_cat":[81,222,213,215,217,219,221],"product_tag":[],"class_list":{"0":"post-9098","1":"product","2":"type-product","3":"status-publish","4":"has-post-thumbnail","6":"product_cat-actividades-educativas","7":"product_cat-actividades-educativas-203","8":"product_cat-educacion-primaria","9":"product_cat-educacion-primaria-1er","10":"product_cat-educacion-primaria-2o","11":"product_cat-educacion-primaria-3er","12":"product_cat-educacion-primaria-4o","14":"first","15":"instock","16":"virtual","17":"sold-individually","18":"purchasable","19":"product-type-booking","20":"entry","21":"content-bg","22":"loop-entry"},"booking_location":"","booking_location_type":"","booking_duration":180,"booking_duration_unit":"minute","booking_buffer":0,"booking_cost":0,"booking_resources":[8450,8452],"exclude_global_add_ons":false,"addons":[{"name":"Descuento","type":"checkbox","position":0,"required":false,"title_format":"hide","default":"","description_enable":false,"description":"","placeholder_enable":false,"placeholder":"","display":"select","restrictions_type":"any_text","adjust_price":false,"price":"","price_type":"flat_fee","restrictions":false,"min":"0","max":"0","options":[{"label":"Somos una escuela de Sant Joan Desp\u00ed","price":"-53","price_type":"flat_fee","image":0,"visibility":true}],"id":1749135868}],"yoast_head":"<!-- This site is optimized with the Yoast SEO plugin v27.4 - https:\/\/yoast.com\/product\/yoast-seo-wordpress\/ -->\n<title>Lindos y juglares, el pasado medieval de Sant Joan Desp\u00ed - Plataforma Centre Jujol - Can Negre<\/title>\n<meta name=\"robots\" content=\"index, follow, max-snippet:-1, max-image-preview:large, max-video-preview:-1\" \/>\n<link rel=\"canonical\" href=\"https:\/\/centrejujolcannegre.cat\/es\/producto\/lindos-y-juglares-el-pasado-medieval-de-sant-joan-despi\/\" \/>\n<meta property=\"og:locale\" content=\"es_ES\" \/>\n<meta property=\"og:type\" content=\"article\" \/>\n<meta property=\"og:title\" content=\"Lindos y juglares, el pasado medieval de Sant Joan Desp\u00ed - Plataforma Centre Jujol - Can Negre\" \/>\n<meta property=\"og:description\" content=\"Dol\u00e7a y Bufanalla, dos lindos que conocen toda la historia, nos hablar\u00e1n de todos los secretos de nuestro pueblo en \u00e9poca medieval: por qu\u00e9 se llama Sant Joan Desp\u00ed. ACTIVIDAD PARA E3, E4, E5, 1R, 2N, 3R, 4T DE PRIMARIA\" \/>\n<meta property=\"og:url\" content=\"https:\/\/centrejujolcannegre.cat\/es\/producto\/lindos-y-juglares-el-pasado-medieval-de-sant-joan-despi\/\" \/>\n<meta property=\"og:site_name\" content=\"Plataforma Centre Jujol - Can Negre\" \/>\n<meta property=\"article:publisher\" content=\"https:\/\/www.facebook.com\/cannegre\" \/>\n<meta property=\"article:modified_time\" content=\"2025-02-11T12:46:31+00:00\" \/>\n<meta property=\"og:image\" content=\"https:\/\/centrejujolcannegre.cat\/wp-content\/uploads\/2023\/02\/bufons-i-joglars-el-passat-medieval-de-sant-joan-despi.jpg\" \/>\n\t<meta property=\"og:image:width\" content=\"662\" \/>\n\t<meta property=\"og:image:height\" content=\"624\" \/>\n\t<meta property=\"og:image:type\" content=\"image\/jpeg\" \/>\n<meta name=\"twitter:card\" content=\"summary_large_image\" \/>\n<meta name=\"twitter:site\" content=\"@cannegresjd\" \/>\n<script type=\"application\/ld+json\" class=\"yoast-schema-graph\">{\"@context\":\"https:\\\/\\\/schema.org\",\"@graph\":[{\"@type\":\"WebPage\",\"@id\":\"https:\\\/\\\/centrejujolcannegre.cat\\\/es\\\/producto\\\/lindos-y-juglares-el-pasado-medieval-de-sant-joan-despi\\\/\",\"url\":\"https:\\\/\\\/centrejujolcannegre.cat\\\/es\\\/producto\\\/lindos-y-juglares-el-pasado-medieval-de-sant-joan-despi\\\/\",\"name\":\"Lindos y juglares, el pasado medieval de Sant Joan Desp\u00ed - Plataforma Centre Jujol - Can Negre\",\"isPartOf\":{\"@id\":\"https:\\\/\\\/centrejujolcannegre.cat\\\/es\\\/#website\"},\"primaryImageOfPage\":{\"@id\":\"https:\\\/\\\/centrejujolcannegre.cat\\\/es\\\/producto\\\/lindos-y-juglares-el-pasado-medieval-de-sant-joan-despi\\\/#primaryimage\"},\"image\":{\"@id\":\"https:\\\/\\\/centrejujolcannegre.cat\\\/es\\\/producto\\\/lindos-y-juglares-el-pasado-medieval-de-sant-joan-despi\\\/#primaryimage\"},\"thumbnailUrl\":\"https:\\\/\\\/centrejujolcannegre.cat\\\/wp-content\\\/uploads\\\/2023\\\/02\\\/bufons-i-joglars-el-passat-medieval-de-sant-joan-despi.jpg\",\"datePublished\":\"2023-02-27T10:51:16+00:00\",\"dateModified\":\"2025-02-11T12:46:31+00:00\",\"breadcrumb\":{\"@id\":\"https:\\\/\\\/centrejujolcannegre.cat\\\/es\\\/producto\\\/lindos-y-juglares-el-pasado-medieval-de-sant-joan-despi\\\/#breadcrumb\"},\"inLanguage\":\"es\",\"potentialAction\":[{\"@type\":\"ReadAction\",\"target\":[\"https:\\\/\\\/centrejujolcannegre.cat\\\/es\\\/producto\\\/lindos-y-juglares-el-pasado-medieval-de-sant-joan-despi\\\/\"]}]},{\"@type\":\"ImageObject\",\"inLanguage\":\"es\",\"@id\":\"https:\\\/\\\/centrejujolcannegre.cat\\\/es\\\/producto\\\/lindos-y-juglares-el-pasado-medieval-de-sant-joan-despi\\\/#primaryimage\",\"url\":\"https:\\\/\\\/centrejujolcannegre.cat\\\/wp-content\\\/uploads\\\/2023\\\/02\\\/bufons-i-joglars-el-passat-medieval-de-sant-joan-despi.jpg\",\"contentUrl\":\"https:\\\/\\\/centrejujolcannegre.cat\\\/wp-content\\\/uploads\\\/2023\\\/02\\\/bufons-i-joglars-el-passat-medieval-de-sant-joan-despi.jpg\",\"width\":662,\"height\":624},{\"@type\":\"BreadcrumbList\",\"@id\":\"https:\\\/\\\/centrejujolcannegre.cat\\\/es\\\/producto\\\/lindos-y-juglares-el-pasado-medieval-de-sant-joan-despi\\\/#breadcrumb\",\"itemListElement\":[{\"@type\":\"ListItem\",\"position\":1,\"name\":\"Portada\",\"item\":\"https:\\\/\\\/centrejujolcannegre.cat\\\/es\\\/\"},{\"@type\":\"ListItem\",\"position\":2,\"name\":\"Centro\",\"item\":\"https:\\\/\\\/centrejujolcannegre.cat\\\/es\\\/centro\\\/\"},{\"@type\":\"ListItem\",\"position\":3,\"name\":\"Lindos y juglares, el pasado medieval de Sant Joan Desp\u00ed\"}]},{\"@type\":\"WebSite\",\"@id\":\"https:\\\/\\\/centrejujolcannegre.cat\\\/es\\\/#website\",\"url\":\"https:\\\/\\\/centrejujolcannegre.cat\\\/es\\\/\",\"name\":\"Plataforma Centre Jujol - Can Negre\",\"description\":\"Plataforma de venta d&#039;entradas d&#039;activitats, exposicions i circuits culturals a Museus i l&#039;Escola d&#039;Art de de Sant Joan Desp\u00ed\",\"publisher\":{\"@id\":\"https:\\\/\\\/centrejujolcannegre.cat\\\/es\\\/#organization\"},\"potentialAction\":[{\"@type\":\"SearchAction\",\"target\":{\"@type\":\"EntryPoint\",\"urlTemplate\":\"https:\\\/\\\/centrejujolcannegre.cat\\\/es\\\/?s={search_term_string}\"},\"query-input\":{\"@type\":\"PropertyValueSpecification\",\"valueRequired\":true,\"valueName\":\"search_term_string\"}}],\"inLanguage\":\"es\"},{\"@type\":\"Organization\",\"@id\":\"https:\\\/\\\/centrejujolcannegre.cat\\\/es\\\/#organization\",\"name\":\"Centre Jujol - Can Negre\",\"url\":\"https:\\\/\\\/centrejujolcannegre.cat\\\/es\\\/\",\"logo\":{\"@type\":\"ImageObject\",\"inLanguage\":\"es\",\"@id\":\"https:\\\/\\\/centrejujolcannegre.cat\\\/es\\\/#\\\/schema\\\/logo\\\/image\\\/\",\"url\":\"https:\\\/\\\/centrejujolcannegre.cat\\\/wp-content\\\/uploads\\\/2024\\\/05\\\/logo-centre-jujol-can-negre.svg\",\"contentUrl\":\"https:\\\/\\\/centrejujolcannegre.cat\\\/wp-content\\\/uploads\\\/2024\\\/05\\\/logo-centre-jujol-can-negre.svg\",\"caption\":\"Centre Jujol - Can Negre\"},\"image\":{\"@id\":\"https:\\\/\\\/centrejujolcannegre.cat\\\/es\\\/#\\\/schema\\\/logo\\\/image\\\/\"},\"sameAs\":[\"https:\\\/\\\/www.facebook.com\\\/cannegre\",\"https:\\\/\\\/x.com\\\/cannegresjd\"]}]}<\/script>\n<!-- \/ Yoast SEO plugin. -->","yoast_head_json":{"title":"Lindos y juglares, el pasado medieval de Sant Joan Desp\u00ed - Plataforma Centre Jujol - Can Negre","robots":{"index":"index","follow":"follow","max-snippet":"max-snippet:-1","max-image-preview":"max-image-preview:large","max-video-preview":"max-video-preview:-1"},"canonical":"https:\/\/centrejujolcannegre.cat\/es\/producto\/lindos-y-juglares-el-pasado-medieval-de-sant-joan-despi\/","og_locale":"es_ES","og_type":"article","og_title":"Lindos y juglares, el pasado medieval de Sant Joan Desp\u00ed - Plataforma Centre Jujol - Can Negre","og_description":"Dol\u00e7a y Bufanalla, dos lindos que conocen toda la historia, nos hablar\u00e1n de todos los secretos de nuestro pueblo en \u00e9poca medieval: por qu\u00e9 se llama Sant Joan Desp\u00ed. ACTIVIDAD PARA E3, E4, E5, 1R, 2N, 3R, 4T DE PRIMARIA","og_url":"https:\/\/centrejujolcannegre.cat\/es\/producto\/lindos-y-juglares-el-pasado-medieval-de-sant-joan-despi\/","og_site_name":"Plataforma Centre Jujol - Can Negre","article_publisher":"https:\/\/www.facebook.com\/cannegre","article_modified_time":"2025-02-11T12:46:31+00:00","og_image":[{"width":662,"height":624,"url":"https:\/\/centrejujolcannegre.cat\/wp-content\/uploads\/2023\/02\/bufons-i-joglars-el-passat-medieval-de-sant-joan-despi.jpg","type":"image\/jpeg"}],"twitter_card":"summary_large_image","twitter_site":"@cannegresjd","schema":{"@context":"https:\/\/schema.org","@graph":[{"@type":"WebPage","@id":"https:\/\/centrejujolcannegre.cat\/es\/producto\/lindos-y-juglares-el-pasado-medieval-de-sant-joan-despi\/","url":"https:\/\/centrejujolcannegre.cat\/es\/producto\/lindos-y-juglares-el-pasado-medieval-de-sant-joan-despi\/","name":"Lindos y juglares, el pasado medieval de Sant Joan Desp\u00ed - Plataforma Centre Jujol - Can Negre","isPartOf":{"@id":"https:\/\/centrejujolcannegre.cat\/es\/#website"},"primaryImageOfPage":{"@id":"https:\/\/centrejujolcannegre.cat\/es\/producto\/lindos-y-juglares-el-pasado-medieval-de-sant-joan-despi\/#primaryimage"},"image":{"@id":"https:\/\/centrejujolcannegre.cat\/es\/producto\/lindos-y-juglares-el-pasado-medieval-de-sant-joan-despi\/#primaryimage"},"thumbnailUrl":"https:\/\/centrejujolcannegre.cat\/wp-content\/uploads\/2023\/02\/bufons-i-joglars-el-passat-medieval-de-sant-joan-despi.jpg","datePublished":"2023-02-27T10:51:16+00:00","dateModified":"2025-02-11T12:46:31+00:00","breadcrumb":{"@id":"https:\/\/centrejujolcannegre.cat\/es\/producto\/lindos-y-juglares-el-pasado-medieval-de-sant-joan-despi\/#breadcrumb"},"inLanguage":"es","potentialAction":[{"@type":"ReadAction","target":["https:\/\/centrejujolcannegre.cat\/es\/producto\/lindos-y-juglares-el-pasado-medieval-de-sant-joan-despi\/"]}]},{"@type":"ImageObject","inLanguage":"es","@id":"https:\/\/centrejujolcannegre.cat\/es\/producto\/lindos-y-juglares-el-pasado-medieval-de-sant-joan-despi\/#primaryimage","url":"https:\/\/centrejujolcannegre.cat\/wp-content\/uploads\/2023\/02\/bufons-i-joglars-el-passat-medieval-de-sant-joan-despi.jpg","contentUrl":"https:\/\/centrejujolcannegre.cat\/wp-content\/uploads\/2023\/02\/bufons-i-joglars-el-passat-medieval-de-sant-joan-despi.jpg","width":662,"height":624},{"@type":"BreadcrumbList","@id":"https:\/\/centrejujolcannegre.cat\/es\/producto\/lindos-y-juglares-el-pasado-medieval-de-sant-joan-despi\/#breadcrumb","itemListElement":[{"@type":"ListItem","position":1,"name":"Portada","item":"https:\/\/centrejujolcannegre.cat\/es\/"},{"@type":"ListItem","position":2,"name":"Centro","item":"https:\/\/centrejujolcannegre.cat\/es\/centro\/"},{"@type":"ListItem","position":3,"name":"Lindos y juglares, el pasado medieval de Sant Joan Desp\u00ed"}]},{"@type":"WebSite","@id":"https:\/\/centrejujolcannegre.cat\/es\/#website","url":"https:\/\/centrejujolcannegre.cat\/es\/","name":"Plataforma Centre Jujol - Can Negre","description":"Plataforma de venta d&#039;entradas d&#039;activitats, exposicions i circuits culturals a Museus i l&#039;Escola d&#039;Art de de Sant Joan Desp\u00ed","publisher":{"@id":"https:\/\/centrejujolcannegre.cat\/es\/#organization"},"potentialAction":[{"@type":"SearchAction","target":{"@type":"EntryPoint","urlTemplate":"https:\/\/centrejujolcannegre.cat\/es\/?s={search_term_string}"},"query-input":{"@type":"PropertyValueSpecification","valueRequired":true,"valueName":"search_term_string"}}],"inLanguage":"es"},{"@type":"Organization","@id":"https:\/\/centrejujolcannegre.cat\/es\/#organization","name":"Centre Jujol - Can Negre","url":"https:\/\/centrejujolcannegre.cat\/es\/","logo":{"@type":"ImageObject","inLanguage":"es","@id":"https:\/\/centrejujolcannegre.cat\/es\/#\/schema\/logo\/image\/","url":"https:\/\/centrejujolcannegre.cat\/wp-content\/uploads\/2024\/05\/logo-centre-jujol-can-negre.svg","contentUrl":"https:\/\/centrejujolcannegre.cat\/wp-content\/uploads\/2024\/05\/logo-centre-jujol-can-negre.svg","caption":"Centre Jujol - Can Negre"},"image":{"@id":"https:\/\/centrejujolcannegre.cat\/es\/#\/schema\/logo\/image\/"},"sameAs":["https:\/\/www.facebook.com\/cannegre","https:\/\/x.com\/cannegresjd"]}]}},"taxonomy_info":{"product_cat":[{"value":81,"label":"Actividades Educativas"},{"value":222,"label":"Actividades educativas 203"},{"value":213,"label":"Educaci\u00f3n primaria"},{"value":215,"label":"Educaci\u00f3n primaria 1er"},{"value":217,"label":"Educaci\u00f3n primaria 2\u00ba"},{"value":219,"label":"Educaci\u00f3n primaria 3er"},{"value":221,"label":"Educaci\u00f3n primaria 4\u00ba"}]},"featured_image_src_large":["https:\/\/centrejujolcannegre.cat\/wp-content\/uploads\/2023\/02\/bufons-i-joglars-el-passat-medieval-de-sant-joan-despi.jpg",662,624,false],"author_info":[],"comment_info":"","_links":{"self":[{"href":"https:\/\/centrejujolcannegre.cat\/es\/wp-json\/wp\/v2\/product\/9098","targetHints":{"allow":["GET"]}}],"collection":[{"href":"https:\/\/centrejujolcannegre.cat\/es\/wp-json\/wp\/v2\/product"}],"about":[{"href":"https:\/\/centrejujolcannegre.cat\/es\/wp-json\/wp\/v2\/types\/product"}],"wp:featuredmedia":[{"embeddable":true,"href":"https:\/\/centrejujolcannegre.cat\/es\/wp-json\/wp\/v2\/media\/1993"}],"wp:attachment":[{"href":"https:\/\/centrejujolcannegre.cat\/es\/wp-json\/wp\/v2\/media?parent=9098"}],"wp:term":[{"taxonomy":"product_brand","embeddable":true,"href":"https:\/\/centrejujolcannegre.cat\/es\/wp-json\/wp\/v2\/product_brand?post=9098"},{"taxonomy":"product_cat","embeddable":true,"href":"https:\/\/centrejujolcannegre.cat\/es\/wp-json\/wp\/v2\/product_cat?post=9098"},{"taxonomy":"product_tag","embeddable":true,"href":"https:\/\/centrejujolcannegre.cat\/es\/wp-json\/wp\/v2\/product_tag?post=9098"}],"curies":[{"name":"wp","href":"https:\/\/api.w.org\/{rel}","templated":true}]}}