{"id":9100,"date":"2023-02-27T11:43:51","date_gmt":"2023-02-27T10:43:51","guid":{"rendered":"https:\/\/centrejujolcannegre.cat\/centre\/sin%20categor\u00eda\/la-villa-de-lucius-minicius-sant-joan-despi-en-epoca-romana\/"},"modified":"2025-02-11T13:46:32","modified_gmt":"2025-02-11T12:46:32","slug":"la-villa-de-lucius-minicius-sant-joan-despi-en-epoca-romana","status":"publish","type":"product","link":"https:\/\/centrejujolcannegre.cat\/es\/producto\/la-villa-de-lucius-minicius-sant-joan-despi-en-epoca-romana\/","title":{"rendered":"La Villa de Lucius Minicius Sant Joan Desp\u00ed en \u00e9poca romana"},"content":{"rendered":"<p>Lucius Minicius Natalis, c\u00f3nsul romano, fue propietario de una Villa Romana en Sant Joan Desp\u00ed, y nos explicar\u00e1 c\u00f3mo se viv\u00eda en esta zona del Baix Llobregat en \u00e9poca romana, entre los s. I a. C. y IV d. Sus explicaciones ir\u00e1n acompa\u00f1adas de juegos y disfraces de esa \u00e9poca.<\/p>\n<h5>Objetivo<\/h5>\n<p>Aproximar a los ni\u00f1os y ni\u00f1as al pasado romano de Sant Joan Desp\u00ed.<\/p>\n","protected":false},"excerpt":{"rendered":"<p>Lucius Minicius Natalis, c\u00f3nsul romano, fue propietario de una Villa Romana en Sant Joan Desp\u00ed, y nos explicar\u00e1 c\u00f3mo se viv\u00eda en esta zona del Baix Llobregat en \u00e9poca romana.<\/p>\n<p> <strong>ACTIVIDAD DIRIGIDA A 1R, 2N, 3R Y 4T DE PRIMARIA<\/strong><\/p>\n","protected":false},"featured_media":1989,"template":"","meta":{"inline_featured_image":false,"_kad_blocks_custom_css":"","_kad_blocks_head_custom_js":"","_kad_blocks_body_custom_js":"","_kad_blocks_footer_custom_js":"","_kad_post_transparent":"","_kad_post_title":"","_kad_post_layout":"","_kad_post_sidebar_id":"","_kad_post_content_style":"","_kad_post_vertical_padding":"","_kad_post_feature":"","_kad_post_feature_position":"","_kad_post_header":false,"_kad_post_footer":false,"_kad_post_classname":""},"product_brand":[],"product_cat":[81,222,213,215,217,219,221],"product_tag":[],"class_list":{"0":"post-9100","1":"product","2":"type-product","3":"status-publish","4":"has-post-thumbnail","6":"product_cat-actividades-educativas","7":"product_cat-actividades-educativas-203","8":"product_cat-educacion-primaria","9":"product_cat-educacion-primaria-1er","10":"product_cat-educacion-primaria-2o","11":"product_cat-educacion-primaria-3er","12":"product_cat-educacion-primaria-4o","14":"first","15":"instock","16":"virtual","17":"sold-individually","18":"purchasable","19":"product-type-booking","20":"entry","21":"content-bg","22":"loop-entry"},"booking_location":"","booking_location_type":"","booking_duration":150,"booking_duration_unit":"minute","booking_buffer":0,"booking_cost":0,"booking_resources":[8450,8452],"exclude_global_add_ons":false,"addons":[{"name":"Descuento","type":"checkbox","position":0,"required":false,"title_format":"hide","default":"","description_enable":false,"description":"","placeholder_enable":false,"placeholder":"","display":"select","restrictions_type":"any_text","adjust_price":false,"price":"","price_type":"flat_fee","restrictions":false,"min":"0","max":"0","options":[{"label":"Somos una escuela de Sant Joan Desp\u00ed","price":"-53","price_type":"flat_fee","image":0,"visibility":true}],"id":1749135868}],"yoast_head":"<!-- This site is optimized with the Yoast SEO plugin v27.5 - https:\/\/yoast.com\/product\/yoast-seo-wordpress\/ -->\n<title>La Villa de Lucius Minicius Sant Joan Desp\u00ed en \u00e9poca romana - Plataforma Centre Jujol - Can Negre<\/title>\n<meta name=\"robots\" content=\"index, follow, max-snippet:-1, max-image-preview:large, max-video-preview:-1\" \/>\n<link rel=\"canonical\" href=\"https:\/\/centrejujolcannegre.cat\/es\/producto\/la-villa-de-lucius-minicius-sant-joan-despi-en-epoca-romana\/\" \/>\n<meta property=\"og:locale\" content=\"es_ES\" \/>\n<meta property=\"og:type\" content=\"article\" \/>\n<meta property=\"og:title\" content=\"La Villa de Lucius Minicius Sant Joan Desp\u00ed en \u00e9poca romana - Plataforma Centre Jujol - Can Negre\" \/>\n<meta property=\"og:description\" content=\"Lucius Minicius Natalis, c\u00f3nsul romano, fue propietario de una Villa Romana en Sant Joan Desp\u00ed, y nos explicar\u00e1 c\u00f3mo se viv\u00eda en esta zona del Baix Llobregat en \u00e9poca romana.  ACTIVIDAD DIRIGIDA A 1R, 2N, 3R Y 4T DE PRIMARIA\" \/>\n<meta property=\"og:url\" content=\"https:\/\/centrejujolcannegre.cat\/es\/producto\/la-villa-de-lucius-minicius-sant-joan-despi-en-epoca-romana\/\" \/>\n<meta property=\"og:site_name\" content=\"Plataforma Centre Jujol - Can Negre\" \/>\n<meta property=\"article:publisher\" content=\"https:\/\/www.facebook.com\/cannegre\" \/>\n<meta property=\"article:modified_time\" content=\"2025-02-11T12:46:32+00:00\" \/>\n<meta property=\"og:image\" content=\"https:\/\/centrejujolcannegre.cat\/wp-content\/uploads\/2023\/02\/la-vila-de-lucius-minicius-sant-joan-despi-en-epoca-romana.jpg\" \/>\n\t<meta property=\"og:image:width\" content=\"368\" \/>\n\t<meta property=\"og:image:height\" content=\"667\" \/>\n\t<meta property=\"og:image:type\" content=\"image\/jpeg\" \/>\n<meta name=\"twitter:card\" content=\"summary_large_image\" \/>\n<meta name=\"twitter:site\" content=\"@cannegresjd\" \/>\n<script type=\"application\/ld+json\" class=\"yoast-schema-graph\">{\"@context\":\"https:\\\/\\\/schema.org\",\"@graph\":[{\"@type\":\"WebPage\",\"@id\":\"https:\\\/\\\/centrejujolcannegre.cat\\\/es\\\/producto\\\/la-villa-de-lucius-minicius-sant-joan-despi-en-epoca-romana\\\/\",\"url\":\"https:\\\/\\\/centrejujolcannegre.cat\\\/es\\\/producto\\\/la-villa-de-lucius-minicius-sant-joan-despi-en-epoca-romana\\\/\",\"name\":\"La Villa de Lucius Minicius Sant Joan Desp\u00ed en \u00e9poca romana - Plataforma Centre Jujol - Can Negre\",\"isPartOf\":{\"@id\":\"https:\\\/\\\/centrejujolcannegre.cat\\\/es\\\/#website\"},\"primaryImageOfPage\":{\"@id\":\"https:\\\/\\\/centrejujolcannegre.cat\\\/es\\\/producto\\\/la-villa-de-lucius-minicius-sant-joan-despi-en-epoca-romana\\\/#primaryimage\"},\"image\":{\"@id\":\"https:\\\/\\\/centrejujolcannegre.cat\\\/es\\\/producto\\\/la-villa-de-lucius-minicius-sant-joan-despi-en-epoca-romana\\\/#primaryimage\"},\"thumbnailUrl\":\"https:\\\/\\\/centrejujolcannegre.cat\\\/wp-content\\\/uploads\\\/2023\\\/02\\\/la-vila-de-lucius-minicius-sant-joan-despi-en-epoca-romana.jpg\",\"datePublished\":\"2023-02-27T10:43:51+00:00\",\"dateModified\":\"2025-02-11T12:46:32+00:00\",\"breadcrumb\":{\"@id\":\"https:\\\/\\\/centrejujolcannegre.cat\\\/es\\\/producto\\\/la-villa-de-lucius-minicius-sant-joan-despi-en-epoca-romana\\\/#breadcrumb\"},\"inLanguage\":\"es\",\"potentialAction\":[{\"@type\":\"ReadAction\",\"target\":[\"https:\\\/\\\/centrejujolcannegre.cat\\\/es\\\/producto\\\/la-villa-de-lucius-minicius-sant-joan-despi-en-epoca-romana\\\/\"]}]},{\"@type\":\"ImageObject\",\"inLanguage\":\"es\",\"@id\":\"https:\\\/\\\/centrejujolcannegre.cat\\\/es\\\/producto\\\/la-villa-de-lucius-minicius-sant-joan-despi-en-epoca-romana\\\/#primaryimage\",\"url\":\"https:\\\/\\\/centrejujolcannegre.cat\\\/wp-content\\\/uploads\\\/2023\\\/02\\\/la-vila-de-lucius-minicius-sant-joan-despi-en-epoca-romana.jpg\",\"contentUrl\":\"https:\\\/\\\/centrejujolcannegre.cat\\\/wp-content\\\/uploads\\\/2023\\\/02\\\/la-vila-de-lucius-minicius-sant-joan-despi-en-epoca-romana.jpg\",\"width\":368,\"height\":667},{\"@type\":\"BreadcrumbList\",\"@id\":\"https:\\\/\\\/centrejujolcannegre.cat\\\/es\\\/producto\\\/la-villa-de-lucius-minicius-sant-joan-despi-en-epoca-romana\\\/#breadcrumb\",\"itemListElement\":[{\"@type\":\"ListItem\",\"position\":1,\"name\":\"Portada\",\"item\":\"https:\\\/\\\/centrejujolcannegre.cat\\\/es\\\/\"},{\"@type\":\"ListItem\",\"position\":2,\"name\":\"Centro\",\"item\":\"https:\\\/\\\/centrejujolcannegre.cat\\\/es\\\/centro\\\/\"},{\"@type\":\"ListItem\",\"position\":3,\"name\":\"La Villa de Lucius Minicius Sant Joan Desp\u00ed en \u00e9poca romana\"}]},{\"@type\":\"WebSite\",\"@id\":\"https:\\\/\\\/centrejujolcannegre.cat\\\/es\\\/#website\",\"url\":\"https:\\\/\\\/centrejujolcannegre.cat\\\/es\\\/\",\"name\":\"Plataforma Centre Jujol - Can Negre\",\"description\":\"Plataforma de venta d&#039;entradas d&#039;activitats, exposicions i circuits culturals a Museus i l&#039;Escola d&#039;Art de de Sant Joan Desp\u00ed\",\"publisher\":{\"@id\":\"https:\\\/\\\/centrejujolcannegre.cat\\\/es\\\/#organization\"},\"potentialAction\":[{\"@type\":\"SearchAction\",\"target\":{\"@type\":\"EntryPoint\",\"urlTemplate\":\"https:\\\/\\\/centrejujolcannegre.cat\\\/es\\\/?s={search_term_string}\"},\"query-input\":{\"@type\":\"PropertyValueSpecification\",\"valueRequired\":true,\"valueName\":\"search_term_string\"}}],\"inLanguage\":\"es\"},{\"@type\":\"Organization\",\"@id\":\"https:\\\/\\\/centrejujolcannegre.cat\\\/es\\\/#organization\",\"name\":\"Centre Jujol - Can Negre\",\"url\":\"https:\\\/\\\/centrejujolcannegre.cat\\\/es\\\/\",\"logo\":{\"@type\":\"ImageObject\",\"inLanguage\":\"es\",\"@id\":\"https:\\\/\\\/centrejujolcannegre.cat\\\/es\\\/#\\\/schema\\\/logo\\\/image\\\/\",\"url\":\"https:\\\/\\\/centrejujolcannegre.cat\\\/wp-content\\\/uploads\\\/2024\\\/05\\\/logo-centre-jujol-can-negre.svg\",\"contentUrl\":\"https:\\\/\\\/centrejujolcannegre.cat\\\/wp-content\\\/uploads\\\/2024\\\/05\\\/logo-centre-jujol-can-negre.svg\",\"caption\":\"Centre Jujol - Can Negre\"},\"image\":{\"@id\":\"https:\\\/\\\/centrejujolcannegre.cat\\\/es\\\/#\\\/schema\\\/logo\\\/image\\\/\"},\"sameAs\":[\"https:\\\/\\\/www.facebook.com\\\/cannegre\",\"https:\\\/\\\/x.com\\\/cannegresjd\"]}]}<\/script>\n<!-- \/ Yoast SEO plugin. -->","yoast_head_json":{"title":"La Villa de Lucius Minicius Sant Joan Desp\u00ed en \u00e9poca romana - Plataforma Centre Jujol - Can Negre","robots":{"index":"index","follow":"follow","max-snippet":"max-snippet:-1","max-image-preview":"max-image-preview:large","max-video-preview":"max-video-preview:-1"},"canonical":"https:\/\/centrejujolcannegre.cat\/es\/producto\/la-villa-de-lucius-minicius-sant-joan-despi-en-epoca-romana\/","og_locale":"es_ES","og_type":"article","og_title":"La Villa de Lucius Minicius Sant Joan Desp\u00ed en \u00e9poca romana - Plataforma Centre Jujol - Can Negre","og_description":"Lucius Minicius Natalis, c\u00f3nsul romano, fue propietario de una Villa Romana en Sant Joan Desp\u00ed, y nos explicar\u00e1 c\u00f3mo se viv\u00eda en esta zona del Baix Llobregat en \u00e9poca romana.  ACTIVIDAD DIRIGIDA A 1R, 2N, 3R Y 4T DE PRIMARIA","og_url":"https:\/\/centrejujolcannegre.cat\/es\/producto\/la-villa-de-lucius-minicius-sant-joan-despi-en-epoca-romana\/","og_site_name":"Plataforma Centre Jujol - Can Negre","article_publisher":"https:\/\/www.facebook.com\/cannegre","article_modified_time":"2025-02-11T12:46:32+00:00","og_image":[{"width":368,"height":667,"url":"https:\/\/centrejujolcannegre.cat\/wp-content\/uploads\/2023\/02\/la-vila-de-lucius-minicius-sant-joan-despi-en-epoca-romana.jpg","type":"image\/jpeg"}],"twitter_card":"summary_large_image","twitter_site":"@cannegresjd","schema":{"@context":"https:\/\/schema.org","@graph":[{"@type":"WebPage","@id":"https:\/\/centrejujolcannegre.cat\/es\/producto\/la-villa-de-lucius-minicius-sant-joan-despi-en-epoca-romana\/","url":"https:\/\/centrejujolcannegre.cat\/es\/producto\/la-villa-de-lucius-minicius-sant-joan-despi-en-epoca-romana\/","name":"La Villa de Lucius Minicius Sant Joan Desp\u00ed en \u00e9poca romana - Plataforma Centre Jujol - Can Negre","isPartOf":{"@id":"https:\/\/centrejujolcannegre.cat\/es\/#website"},"primaryImageOfPage":{"@id":"https:\/\/centrejujolcannegre.cat\/es\/producto\/la-villa-de-lucius-minicius-sant-joan-despi-en-epoca-romana\/#primaryimage"},"image":{"@id":"https:\/\/centrejujolcannegre.cat\/es\/producto\/la-villa-de-lucius-minicius-sant-joan-despi-en-epoca-romana\/#primaryimage"},"thumbnailUrl":"https:\/\/centrejujolcannegre.cat\/wp-content\/uploads\/2023\/02\/la-vila-de-lucius-minicius-sant-joan-despi-en-epoca-romana.jpg","datePublished":"2023-02-27T10:43:51+00:00","dateModified":"2025-02-11T12:46:32+00:00","breadcrumb":{"@id":"https:\/\/centrejujolcannegre.cat\/es\/producto\/la-villa-de-lucius-minicius-sant-joan-despi-en-epoca-romana\/#breadcrumb"},"inLanguage":"es","potentialAction":[{"@type":"ReadAction","target":["https:\/\/centrejujolcannegre.cat\/es\/producto\/la-villa-de-lucius-minicius-sant-joan-despi-en-epoca-romana\/"]}]},{"@type":"ImageObject","inLanguage":"es","@id":"https:\/\/centrejujolcannegre.cat\/es\/producto\/la-villa-de-lucius-minicius-sant-joan-despi-en-epoca-romana\/#primaryimage","url":"https:\/\/centrejujolcannegre.cat\/wp-content\/uploads\/2023\/02\/la-vila-de-lucius-minicius-sant-joan-despi-en-epoca-romana.jpg","contentUrl":"https:\/\/centrejujolcannegre.cat\/wp-content\/uploads\/2023\/02\/la-vila-de-lucius-minicius-sant-joan-despi-en-epoca-romana.jpg","width":368,"height":667},{"@type":"BreadcrumbList","@id":"https:\/\/centrejujolcannegre.cat\/es\/producto\/la-villa-de-lucius-minicius-sant-joan-despi-en-epoca-romana\/#breadcrumb","itemListElement":[{"@type":"ListItem","position":1,"name":"Portada","item":"https:\/\/centrejujolcannegre.cat\/es\/"},{"@type":"ListItem","position":2,"name":"Centro","item":"https:\/\/centrejujolcannegre.cat\/es\/centro\/"},{"@type":"ListItem","position":3,"name":"La Villa de Lucius Minicius Sant Joan Desp\u00ed en \u00e9poca romana"}]},{"@type":"WebSite","@id":"https:\/\/centrejujolcannegre.cat\/es\/#website","url":"https:\/\/centrejujolcannegre.cat\/es\/","name":"Plataforma Centre Jujol - Can Negre","description":"Plataforma de venta d&#039;entradas d&#039;activitats, exposicions i circuits culturals a Museus i l&#039;Escola d&#039;Art de de Sant Joan Desp\u00ed","publisher":{"@id":"https:\/\/centrejujolcannegre.cat\/es\/#organization"},"potentialAction":[{"@type":"SearchAction","target":{"@type":"EntryPoint","urlTemplate":"https:\/\/centrejujolcannegre.cat\/es\/?s={search_term_string}"},"query-input":{"@type":"PropertyValueSpecification","valueRequired":true,"valueName":"search_term_string"}}],"inLanguage":"es"},{"@type":"Organization","@id":"https:\/\/centrejujolcannegre.cat\/es\/#organization","name":"Centre Jujol - Can Negre","url":"https:\/\/centrejujolcannegre.cat\/es\/","logo":{"@type":"ImageObject","inLanguage":"es","@id":"https:\/\/centrejujolcannegre.cat\/es\/#\/schema\/logo\/image\/","url":"https:\/\/centrejujolcannegre.cat\/wp-content\/uploads\/2024\/05\/logo-centre-jujol-can-negre.svg","contentUrl":"https:\/\/centrejujolcannegre.cat\/wp-content\/uploads\/2024\/05\/logo-centre-jujol-can-negre.svg","caption":"Centre Jujol - Can Negre"},"image":{"@id":"https:\/\/centrejujolcannegre.cat\/es\/#\/schema\/logo\/image\/"},"sameAs":["https:\/\/www.facebook.com\/cannegre","https:\/\/x.com\/cannegresjd"]}]}},"taxonomy_info":{"product_cat":[{"value":81,"label":"Actividades Educativas"},{"value":222,"label":"Actividades educativas 203"},{"value":213,"label":"Educaci\u00f3n primaria"},{"value":215,"label":"Educaci\u00f3n primaria 1er"},{"value":217,"label":"Educaci\u00f3n primaria 2\u00ba"},{"value":219,"label":"Educaci\u00f3n primaria 3er"},{"value":221,"label":"Educaci\u00f3n primaria 4\u00ba"}]},"featured_image_src_large":["https:\/\/centrejujolcannegre.cat\/wp-content\/uploads\/2023\/02\/la-vila-de-lucius-minicius-sant-joan-despi-en-epoca-romana.jpg",368,667,false],"author_info":[],"comment_info":"","_links":{"self":[{"href":"https:\/\/centrejujolcannegre.cat\/es\/wp-json\/wp\/v2\/product\/9100","targetHints":{"allow":["GET"]}}],"collection":[{"href":"https:\/\/centrejujolcannegre.cat\/es\/wp-json\/wp\/v2\/product"}],"about":[{"href":"https:\/\/centrejujolcannegre.cat\/es\/wp-json\/wp\/v2\/types\/product"}],"wp:featuredmedia":[{"embeddable":true,"href":"https:\/\/centrejujolcannegre.cat\/es\/wp-json\/wp\/v2\/media\/1989"}],"wp:attachment":[{"href":"https:\/\/centrejujolcannegre.cat\/es\/wp-json\/wp\/v2\/media?parent=9100"}],"wp:term":[{"taxonomy":"product_brand","embeddable":true,"href":"https:\/\/centrejujolcannegre.cat\/es\/wp-json\/wp\/v2\/product_brand?post=9100"},{"taxonomy":"product_cat","embeddable":true,"href":"https:\/\/centrejujolcannegre.cat\/es\/wp-json\/wp\/v2\/product_cat?post=9100"},{"taxonomy":"product_tag","embeddable":true,"href":"https:\/\/centrejujolcannegre.cat\/es\/wp-json\/wp\/v2\/product_tag?post=9100"}],"curies":[{"name":"wp","href":"https:\/\/api.w.org\/{rel}","templated":true}]}}