{"id":9125,"date":"2023-02-24T16:33:34","date_gmt":"2023-02-24T15:33:34","guid":{"rendered":"https:\/\/centrejujolcannegre.cat\/centre\/sin%20categor\u00eda\/taller-de-experimentacion-jujoliana\/"},"modified":"2025-02-07T10:51:50","modified_gmt":"2025-02-07T09:51:50","slug":"taller-de-experimentacion-jujoliana","status":"publish","type":"product","link":"https:\/\/centrejujolcannegre.cat\/es\/producto\/taller-de-experimentacion-jujoliana\/","title":{"rendered":"Taller de experimentaci\u00f3n Jujoliana"},"content":{"rendered":"<p>Le proponemos una actividad de descubrimiento de la obra de Josep Maria Jujol a trav\u00e9s de la experimentaci\u00f3n y la percepci\u00f3n sensorial de colores, formas y texturas. Combina un paseo por los espacios m\u00e1s significativos de Can Negre con dos actividades sensoriales: un espacio de sombras chinas y un taller de quebradizo con tela.<\/p>\n<h5>Objetivo<\/h5>\n<p>Acercar a los ni\u00f1os m\u00e1s peque\u00f1os a conocer y vivenciar la obra de Josep Maria Jujol a trav\u00e9s de los sentidos.<\/p>\n","protected":false},"excerpt":{"rendered":"<p>Le proponemos una actividad de descubrimiento de la obra de Josep Maria Jujol a trav\u00e9s de la experimentaci\u00f3n y la percepci\u00f3n sensorial de colores, formas y texturas.<\/p>\n<p> <strong>DIRIGIDA A I3, I4 E I5.<\/strong><\/p>\n","protected":false},"featured_media":1975,"template":"","meta":{"inline_featured_image":false,"_kad_blocks_custom_css":"","_kad_blocks_head_custom_js":"","_kad_blocks_body_custom_js":"","_kad_blocks_footer_custom_js":"","_kad_post_transparent":"","_kad_post_title":"","_kad_post_layout":"","_kad_post_sidebar_id":"","_kad_post_content_style":"","_kad_post_vertical_padding":"","_kad_post_feature":"","_kad_post_feature_position":"","_kad_post_header":false,"_kad_post_footer":false,"_kad_post_classname":""},"product_brand":[],"product_cat":[81,222,244,245,246,247],"product_tag":[],"class_list":{"0":"post-9125","1":"product","2":"type-product","3":"status-publish","4":"has-post-thumbnail","6":"product_cat-actividades-educativas","7":"product_cat-actividades-educativas-203","8":"product_cat-educacion-infantil","9":"product_cat-educacion-infantil-p3","10":"product_cat-educacion-infantil-p4","11":"product_cat-educacion-infantil-p5","13":"first","14":"instock","15":"virtual","16":"sold-individually","17":"purchasable","18":"product-type-booking","19":"entry","20":"content-bg","21":"loop-entry"},"booking_location":"","booking_location_type":"","booking_duration":90,"booking_duration_unit":"minute","booking_buffer":0,"booking_cost":0,"booking_resources":[8450,8452],"exclude_global_add_ons":false,"addons":[{"name":"Descuento","type":"checkbox","position":0,"required":false,"title_format":"hide","default":"","description_enable":false,"description":"","placeholder_enable":false,"placeholder":"","display":"select","restrictions_type":"any_text","adjust_price":false,"price":"","price_type":"flat_fee","restrictions":false,"min":"0","max":"0","options":[{"label":"Somos una escuela de Sant Joan Desp\u00ed","price":"-53","price_type":"flat_fee","image":0,"visibility":true}],"id":1749135868}],"yoast_head":"<!-- This site is optimized with the Yoast SEO plugin v27.4 - https:\/\/yoast.com\/product\/yoast-seo-wordpress\/ -->\n<title>Taller de experimentaci\u00f3n Jujoliana - Plataforma Centre Jujol - Can Negre<\/title>\n<meta name=\"robots\" content=\"index, follow, max-snippet:-1, max-image-preview:large, max-video-preview:-1\" \/>\n<link rel=\"canonical\" href=\"https:\/\/centrejujolcannegre.cat\/es\/producto\/taller-de-experimentacion-jujoliana\/\" \/>\n<meta property=\"og:locale\" content=\"es_ES\" \/>\n<meta property=\"og:type\" content=\"article\" \/>\n<meta property=\"og:title\" content=\"Taller de experimentaci\u00f3n Jujoliana - Plataforma Centre Jujol - Can Negre\" \/>\n<meta property=\"og:description\" content=\"Le proponemos una actividad de descubrimiento de la obra de Josep Maria Jujol a trav\u00e9s de la experimentaci\u00f3n y la percepci\u00f3n sensorial de colores, formas y texturas.  DIRIGIDA A I3, I4 E I5.\" \/>\n<meta property=\"og:url\" content=\"https:\/\/centrejujolcannegre.cat\/es\/producto\/taller-de-experimentacion-jujoliana\/\" \/>\n<meta property=\"og:site_name\" content=\"Plataforma Centre Jujol - Can Negre\" \/>\n<meta property=\"article:publisher\" content=\"https:\/\/www.facebook.com\/cannegre\" \/>\n<meta property=\"article:modified_time\" content=\"2025-02-07T09:51:50+00:00\" \/>\n<meta property=\"og:image\" content=\"https:\/\/centrejujolcannegre.cat\/wp-content\/uploads\/2023\/02\/taller-dexperimentacio-jujoliana.jpg\" \/>\n\t<meta property=\"og:image:width\" content=\"777\" \/>\n\t<meta property=\"og:image:height\" content=\"625\" \/>\n\t<meta property=\"og:image:type\" content=\"image\/jpeg\" \/>\n<meta name=\"twitter:card\" content=\"summary_large_image\" \/>\n<meta name=\"twitter:site\" content=\"@cannegresjd\" \/>\n<script type=\"application\/ld+json\" class=\"yoast-schema-graph\">{\"@context\":\"https:\\\/\\\/schema.org\",\"@graph\":[{\"@type\":\"WebPage\",\"@id\":\"https:\\\/\\\/centrejujolcannegre.cat\\\/es\\\/producto\\\/taller-de-experimentacion-jujoliana\\\/\",\"url\":\"https:\\\/\\\/centrejujolcannegre.cat\\\/es\\\/producto\\\/taller-de-experimentacion-jujoliana\\\/\",\"name\":\"Taller de experimentaci\u00f3n Jujoliana - Plataforma Centre Jujol - Can Negre\",\"isPartOf\":{\"@id\":\"https:\\\/\\\/centrejujolcannegre.cat\\\/es\\\/#website\"},\"primaryImageOfPage\":{\"@id\":\"https:\\\/\\\/centrejujolcannegre.cat\\\/es\\\/producto\\\/taller-de-experimentacion-jujoliana\\\/#primaryimage\"},\"image\":{\"@id\":\"https:\\\/\\\/centrejujolcannegre.cat\\\/es\\\/producto\\\/taller-de-experimentacion-jujoliana\\\/#primaryimage\"},\"thumbnailUrl\":\"https:\\\/\\\/centrejujolcannegre.cat\\\/wp-content\\\/uploads\\\/2023\\\/02\\\/taller-dexperimentacio-jujoliana.jpg\",\"datePublished\":\"2023-02-24T15:33:34+00:00\",\"dateModified\":\"2025-02-07T09:51:50+00:00\",\"breadcrumb\":{\"@id\":\"https:\\\/\\\/centrejujolcannegre.cat\\\/es\\\/producto\\\/taller-de-experimentacion-jujoliana\\\/#breadcrumb\"},\"inLanguage\":\"es\",\"potentialAction\":[{\"@type\":\"ReadAction\",\"target\":[\"https:\\\/\\\/centrejujolcannegre.cat\\\/es\\\/producto\\\/taller-de-experimentacion-jujoliana\\\/\"]}]},{\"@type\":\"ImageObject\",\"inLanguage\":\"es\",\"@id\":\"https:\\\/\\\/centrejujolcannegre.cat\\\/es\\\/producto\\\/taller-de-experimentacion-jujoliana\\\/#primaryimage\",\"url\":\"https:\\\/\\\/centrejujolcannegre.cat\\\/wp-content\\\/uploads\\\/2023\\\/02\\\/taller-dexperimentacio-jujoliana.jpg\",\"contentUrl\":\"https:\\\/\\\/centrejujolcannegre.cat\\\/wp-content\\\/uploads\\\/2023\\\/02\\\/taller-dexperimentacio-jujoliana.jpg\",\"width\":777,\"height\":625},{\"@type\":\"BreadcrumbList\",\"@id\":\"https:\\\/\\\/centrejujolcannegre.cat\\\/es\\\/producto\\\/taller-de-experimentacion-jujoliana\\\/#breadcrumb\",\"itemListElement\":[{\"@type\":\"ListItem\",\"position\":1,\"name\":\"Portada\",\"item\":\"https:\\\/\\\/centrejujolcannegre.cat\\\/es\\\/\"},{\"@type\":\"ListItem\",\"position\":2,\"name\":\"Centro\",\"item\":\"https:\\\/\\\/centrejujolcannegre.cat\\\/es\\\/centro\\\/\"},{\"@type\":\"ListItem\",\"position\":3,\"name\":\"Taller de experimentaci\u00f3n Jujoliana\"}]},{\"@type\":\"WebSite\",\"@id\":\"https:\\\/\\\/centrejujolcannegre.cat\\\/es\\\/#website\",\"url\":\"https:\\\/\\\/centrejujolcannegre.cat\\\/es\\\/\",\"name\":\"Plataforma Centre Jujol - Can Negre\",\"description\":\"Plataforma de venta d&#039;entradas d&#039;activitats, exposicions i circuits culturals a Museus i l&#039;Escola d&#039;Art de de Sant Joan Desp\u00ed\",\"publisher\":{\"@id\":\"https:\\\/\\\/centrejujolcannegre.cat\\\/es\\\/#organization\"},\"potentialAction\":[{\"@type\":\"SearchAction\",\"target\":{\"@type\":\"EntryPoint\",\"urlTemplate\":\"https:\\\/\\\/centrejujolcannegre.cat\\\/es\\\/?s={search_term_string}\"},\"query-input\":{\"@type\":\"PropertyValueSpecification\",\"valueRequired\":true,\"valueName\":\"search_term_string\"}}],\"inLanguage\":\"es\"},{\"@type\":\"Organization\",\"@id\":\"https:\\\/\\\/centrejujolcannegre.cat\\\/es\\\/#organization\",\"name\":\"Centre Jujol - Can Negre\",\"url\":\"https:\\\/\\\/centrejujolcannegre.cat\\\/es\\\/\",\"logo\":{\"@type\":\"ImageObject\",\"inLanguage\":\"es\",\"@id\":\"https:\\\/\\\/centrejujolcannegre.cat\\\/es\\\/#\\\/schema\\\/logo\\\/image\\\/\",\"url\":\"https:\\\/\\\/centrejujolcannegre.cat\\\/wp-content\\\/uploads\\\/2024\\\/05\\\/logo-centre-jujol-can-negre.svg\",\"contentUrl\":\"https:\\\/\\\/centrejujolcannegre.cat\\\/wp-content\\\/uploads\\\/2024\\\/05\\\/logo-centre-jujol-can-negre.svg\",\"caption\":\"Centre Jujol - Can Negre\"},\"image\":{\"@id\":\"https:\\\/\\\/centrejujolcannegre.cat\\\/es\\\/#\\\/schema\\\/logo\\\/image\\\/\"},\"sameAs\":[\"https:\\\/\\\/www.facebook.com\\\/cannegre\",\"https:\\\/\\\/x.com\\\/cannegresjd\"]}]}<\/script>\n<!-- \/ Yoast SEO plugin. -->","yoast_head_json":{"title":"Taller de experimentaci\u00f3n Jujoliana - Plataforma Centre Jujol - Can Negre","robots":{"index":"index","follow":"follow","max-snippet":"max-snippet:-1","max-image-preview":"max-image-preview:large","max-video-preview":"max-video-preview:-1"},"canonical":"https:\/\/centrejujolcannegre.cat\/es\/producto\/taller-de-experimentacion-jujoliana\/","og_locale":"es_ES","og_type":"article","og_title":"Taller de experimentaci\u00f3n Jujoliana - Plataforma Centre Jujol - Can Negre","og_description":"Le proponemos una actividad de descubrimiento de la obra de Josep Maria Jujol a trav\u00e9s de la experimentaci\u00f3n y la percepci\u00f3n sensorial de colores, formas y texturas.  DIRIGIDA A I3, I4 E I5.","og_url":"https:\/\/centrejujolcannegre.cat\/es\/producto\/taller-de-experimentacion-jujoliana\/","og_site_name":"Plataforma Centre Jujol - Can Negre","article_publisher":"https:\/\/www.facebook.com\/cannegre","article_modified_time":"2025-02-07T09:51:50+00:00","og_image":[{"width":777,"height":625,"url":"https:\/\/centrejujolcannegre.cat\/wp-content\/uploads\/2023\/02\/taller-dexperimentacio-jujoliana.jpg","type":"image\/jpeg"}],"twitter_card":"summary_large_image","twitter_site":"@cannegresjd","schema":{"@context":"https:\/\/schema.org","@graph":[{"@type":"WebPage","@id":"https:\/\/centrejujolcannegre.cat\/es\/producto\/taller-de-experimentacion-jujoliana\/","url":"https:\/\/centrejujolcannegre.cat\/es\/producto\/taller-de-experimentacion-jujoliana\/","name":"Taller de experimentaci\u00f3n Jujoliana - Plataforma Centre Jujol - Can Negre","isPartOf":{"@id":"https:\/\/centrejujolcannegre.cat\/es\/#website"},"primaryImageOfPage":{"@id":"https:\/\/centrejujolcannegre.cat\/es\/producto\/taller-de-experimentacion-jujoliana\/#primaryimage"},"image":{"@id":"https:\/\/centrejujolcannegre.cat\/es\/producto\/taller-de-experimentacion-jujoliana\/#primaryimage"},"thumbnailUrl":"https:\/\/centrejujolcannegre.cat\/wp-content\/uploads\/2023\/02\/taller-dexperimentacio-jujoliana.jpg","datePublished":"2023-02-24T15:33:34+00:00","dateModified":"2025-02-07T09:51:50+00:00","breadcrumb":{"@id":"https:\/\/centrejujolcannegre.cat\/es\/producto\/taller-de-experimentacion-jujoliana\/#breadcrumb"},"inLanguage":"es","potentialAction":[{"@type":"ReadAction","target":["https:\/\/centrejujolcannegre.cat\/es\/producto\/taller-de-experimentacion-jujoliana\/"]}]},{"@type":"ImageObject","inLanguage":"es","@id":"https:\/\/centrejujolcannegre.cat\/es\/producto\/taller-de-experimentacion-jujoliana\/#primaryimage","url":"https:\/\/centrejujolcannegre.cat\/wp-content\/uploads\/2023\/02\/taller-dexperimentacio-jujoliana.jpg","contentUrl":"https:\/\/centrejujolcannegre.cat\/wp-content\/uploads\/2023\/02\/taller-dexperimentacio-jujoliana.jpg","width":777,"height":625},{"@type":"BreadcrumbList","@id":"https:\/\/centrejujolcannegre.cat\/es\/producto\/taller-de-experimentacion-jujoliana\/#breadcrumb","itemListElement":[{"@type":"ListItem","position":1,"name":"Portada","item":"https:\/\/centrejujolcannegre.cat\/es\/"},{"@type":"ListItem","position":2,"name":"Centro","item":"https:\/\/centrejujolcannegre.cat\/es\/centro\/"},{"@type":"ListItem","position":3,"name":"Taller de experimentaci\u00f3n Jujoliana"}]},{"@type":"WebSite","@id":"https:\/\/centrejujolcannegre.cat\/es\/#website","url":"https:\/\/centrejujolcannegre.cat\/es\/","name":"Plataforma Centre Jujol - Can Negre","description":"Plataforma de venta d&#039;entradas d&#039;activitats, exposicions i circuits culturals a Museus i l&#039;Escola d&#039;Art de de Sant Joan Desp\u00ed","publisher":{"@id":"https:\/\/centrejujolcannegre.cat\/es\/#organization"},"potentialAction":[{"@type":"SearchAction","target":{"@type":"EntryPoint","urlTemplate":"https:\/\/centrejujolcannegre.cat\/es\/?s={search_term_string}"},"query-input":{"@type":"PropertyValueSpecification","valueRequired":true,"valueName":"search_term_string"}}],"inLanguage":"es"},{"@type":"Organization","@id":"https:\/\/centrejujolcannegre.cat\/es\/#organization","name":"Centre Jujol - Can Negre","url":"https:\/\/centrejujolcannegre.cat\/es\/","logo":{"@type":"ImageObject","inLanguage":"es","@id":"https:\/\/centrejujolcannegre.cat\/es\/#\/schema\/logo\/image\/","url":"https:\/\/centrejujolcannegre.cat\/wp-content\/uploads\/2024\/05\/logo-centre-jujol-can-negre.svg","contentUrl":"https:\/\/centrejujolcannegre.cat\/wp-content\/uploads\/2024\/05\/logo-centre-jujol-can-negre.svg","caption":"Centre Jujol - Can Negre"},"image":{"@id":"https:\/\/centrejujolcannegre.cat\/es\/#\/schema\/logo\/image\/"},"sameAs":["https:\/\/www.facebook.com\/cannegre","https:\/\/x.com\/cannegresjd"]}]}},"taxonomy_info":{"product_cat":[{"value":81,"label":"Actividades Educativas"},{"value":222,"label":"Actividades educativas 203"},{"value":244,"label":"Educaci\u00f3n infantil"},{"value":245,"label":"Educaci\u00f3n infantil P3"},{"value":246,"label":"Educaci\u00f3n infantil P4"},{"value":247,"label":"Educaci\u00f3n infantil P5"}]},"featured_image_src_large":["https:\/\/centrejujolcannegre.cat\/wp-content\/uploads\/2023\/02\/taller-dexperimentacio-jujoliana.jpg",777,625,false],"author_info":[],"comment_info":"","_links":{"self":[{"href":"https:\/\/centrejujolcannegre.cat\/es\/wp-json\/wp\/v2\/product\/9125","targetHints":{"allow":["GET"]}}],"collection":[{"href":"https:\/\/centrejujolcannegre.cat\/es\/wp-json\/wp\/v2\/product"}],"about":[{"href":"https:\/\/centrejujolcannegre.cat\/es\/wp-json\/wp\/v2\/types\/product"}],"wp:featuredmedia":[{"embeddable":true,"href":"https:\/\/centrejujolcannegre.cat\/es\/wp-json\/wp\/v2\/media\/1975"}],"wp:attachment":[{"href":"https:\/\/centrejujolcannegre.cat\/es\/wp-json\/wp\/v2\/media?parent=9125"}],"wp:term":[{"taxonomy":"product_brand","embeddable":true,"href":"https:\/\/centrejujolcannegre.cat\/es\/wp-json\/wp\/v2\/product_brand?post=9125"},{"taxonomy":"product_cat","embeddable":true,"href":"https:\/\/centrejujolcannegre.cat\/es\/wp-json\/wp\/v2\/product_cat?post=9125"},{"taxonomy":"product_tag","embeddable":true,"href":"https:\/\/centrejujolcannegre.cat\/es\/wp-json\/wp\/v2\/product_tag?post=9125"}],"curies":[{"name":"wp","href":"https:\/\/api.w.org\/{rel}","templated":true}]}}