{"id":9134,"date":"2023-02-24T16:54:25","date_gmt":"2023-02-24T15:54:25","guid":{"rendered":"https:\/\/centrejujolcannegre.cat\/centre\/sin%20categor\u00eda\/itinerario-modernista-teatralizado\/"},"modified":"2025-02-11T13:44:28","modified_gmt":"2025-02-11T12:44:28","slug":"itinerario-modernista-teatralizado","status":"publish","type":"product","link":"https:\/\/centrejujolcannegre.cat\/es\/producto\/itinerario-modernista-teatralizado\/","title":{"rendered":"Itinerario modernista teatralizado"},"content":{"rendered":"<p>\u00bfImaginas que Josep Maria Jujol o la se\u00f1ora Engr\u00e0cia Balet, propietaria de Can Negre, te contaran los secretos de este edificio tan emblem\u00e1tico? \u00bfO que la t\u00eda de Jujol volviera a la Torre de la Cruz y te dejara entrar en todos sus rincones? Con esta actividad podr\u00e1s conocer estos dos edificios en compa\u00f1\u00eda de uno de esos personajes hist\u00f3ricos. <\/p>\n<h5>Objetivo<\/h5>\n<p>Conocer la figura de Josep Maria Jujol, la arquitectura que desarroll\u00f3 en Sant Joan Desp\u00ed y el entorno hist\u00f3rico del momento en el que construye estas edificaciones. Descubrir las particularidades ornamentales del modernismo de nuestra ciudad y fomentar y gozar del respeto hacia nuestro patrimonio.<\/p>\n","protected":false},"excerpt":{"rendered":"<p>Pasea por las casas de Can Negre y la Torre de la Cruz acompa\u00f1ados de Josefa Romeu, Engracia Balet o Josep Maria Jujol.<\/p>\n<p> <strong>1R, 2N, 3R Y 4T DE PRIMARIA<\/strong><\/p>\n","protected":false},"featured_media":1985,"template":"","meta":{"inline_featured_image":false,"_kad_blocks_custom_css":"","_kad_blocks_head_custom_js":"","_kad_blocks_body_custom_js":"","_kad_blocks_footer_custom_js":"","_kad_post_transparent":"","_kad_post_title":"","_kad_post_layout":"","_kad_post_sidebar_id":"","_kad_post_content_style":"","_kad_post_vertical_padding":"","_kad_post_feature":"","_kad_post_feature_position":"","_kad_post_header":false,"_kad_post_footer":false,"_kad_post_classname":""},"product_brand":[],"product_cat":[81,252,213,215,217,219,221],"product_tag":[],"class_list":{"0":"post-9134","1":"product","2":"type-product","3":"status-publish","4":"has-post-thumbnail","6":"product_cat-actividades-educativas","7":"product_cat-actividades-educativas-187","8":"product_cat-educacion-primaria","9":"product_cat-educacion-primaria-1er","10":"product_cat-educacion-primaria-2o","11":"product_cat-educacion-primaria-3er","12":"product_cat-educacion-primaria-4o","14":"first","15":"instock","16":"virtual","17":"sold-individually","18":"purchasable","19":"product-type-booking","20":"entry","21":"content-bg","22":"loop-entry"},"booking_location":"","booking_location_type":"","booking_duration":150,"booking_duration_unit":"minute","booking_buffer":0,"booking_cost":0,"booking_resources":[8450,8452],"exclude_global_add_ons":false,"addons":[{"name":"Descuento","type":"checkbox","position":0,"required":false,"title_format":"hide","default":"","description_enable":false,"description":"","placeholder_enable":false,"placeholder":"","display":"select","restrictions_type":"any_text","adjust_price":false,"price":"","price_type":"flat_fee","restrictions":false,"min":"0","max":"0","options":[{"label":"Somos una escuela de Sant Joan Desp\u00ed","price":"-37","price_type":"flat_fee","image":0,"visibility":true}],"id":1749136376}],"yoast_head":"<!-- This site is optimized with the Yoast SEO plugin v27.3 - https:\/\/yoast.com\/product\/yoast-seo-wordpress\/ -->\n<title>Itinerario modernista teatralizado - Plataforma Centre Jujol - Can Negre<\/title>\n<meta name=\"robots\" content=\"index, follow, max-snippet:-1, max-image-preview:large, max-video-preview:-1\" \/>\n<link rel=\"canonical\" href=\"https:\/\/centrejujolcannegre.cat\/es\/producto\/itinerario-modernista-teatralizado\/\" \/>\n<meta property=\"og:locale\" content=\"es_ES\" \/>\n<meta property=\"og:type\" content=\"article\" \/>\n<meta property=\"og:title\" content=\"Itinerario modernista teatralizado - Plataforma Centre Jujol - Can Negre\" \/>\n<meta property=\"og:description\" content=\"Pasea por las casas de Can Negre y la Torre de la Cruz acompa\u00f1ados de Josefa Romeu, Engracia Balet o Josep Maria Jujol.  1R, 2N, 3R Y 4T DE PRIMARIA\" \/>\n<meta property=\"og:url\" content=\"https:\/\/centrejujolcannegre.cat\/es\/producto\/itinerario-modernista-teatralizado\/\" \/>\n<meta property=\"og:site_name\" content=\"Plataforma Centre Jujol - Can Negre\" \/>\n<meta property=\"article:publisher\" content=\"https:\/\/www.facebook.com\/cannegre\" \/>\n<meta property=\"article:modified_time\" content=\"2025-02-11T12:44:28+00:00\" \/>\n<meta property=\"og:image\" content=\"https:\/\/centrejujolcannegre.cat\/wp-content\/uploads\/2023\/02\/Itinerari-modernista-teatralitzat.jpg\" \/>\n\t<meta property=\"og:image:width\" content=\"474\" \/>\n\t<meta property=\"og:image:height\" content=\"604\" \/>\n\t<meta property=\"og:image:type\" content=\"image\/jpeg\" \/>\n<meta name=\"twitter:card\" content=\"summary_large_image\" \/>\n<meta name=\"twitter:site\" content=\"@cannegresjd\" \/>\n<meta name=\"twitter:label1\" content=\"Tiempo de lectura\" \/>\n\t<meta name=\"twitter:data1\" content=\"1 minuto\" \/>\n<script type=\"application\/ld+json\" class=\"yoast-schema-graph\">{\"@context\":\"https:\\\/\\\/schema.org\",\"@graph\":[{\"@type\":\"WebPage\",\"@id\":\"https:\\\/\\\/centrejujolcannegre.cat\\\/es\\\/producto\\\/itinerario-modernista-teatralizado\\\/\",\"url\":\"https:\\\/\\\/centrejujolcannegre.cat\\\/es\\\/producto\\\/itinerario-modernista-teatralizado\\\/\",\"name\":\"Itinerario modernista teatralizado - Plataforma Centre Jujol - Can Negre\",\"isPartOf\":{\"@id\":\"https:\\\/\\\/centrejujolcannegre.cat\\\/es\\\/#website\"},\"primaryImageOfPage\":{\"@id\":\"https:\\\/\\\/centrejujolcannegre.cat\\\/es\\\/producto\\\/itinerario-modernista-teatralizado\\\/#primaryimage\"},\"image\":{\"@id\":\"https:\\\/\\\/centrejujolcannegre.cat\\\/es\\\/producto\\\/itinerario-modernista-teatralizado\\\/#primaryimage\"},\"thumbnailUrl\":\"https:\\\/\\\/centrejujolcannegre.cat\\\/wp-content\\\/uploads\\\/2023\\\/02\\\/Itinerari-modernista-teatralitzat.jpg\",\"datePublished\":\"2023-02-24T15:54:25+00:00\",\"dateModified\":\"2025-02-11T12:44:28+00:00\",\"breadcrumb\":{\"@id\":\"https:\\\/\\\/centrejujolcannegre.cat\\\/es\\\/producto\\\/itinerario-modernista-teatralizado\\\/#breadcrumb\"},\"inLanguage\":\"es\",\"potentialAction\":[{\"@type\":\"ReadAction\",\"target\":[\"https:\\\/\\\/centrejujolcannegre.cat\\\/es\\\/producto\\\/itinerario-modernista-teatralizado\\\/\"]}]},{\"@type\":\"ImageObject\",\"inLanguage\":\"es\",\"@id\":\"https:\\\/\\\/centrejujolcannegre.cat\\\/es\\\/producto\\\/itinerario-modernista-teatralizado\\\/#primaryimage\",\"url\":\"https:\\\/\\\/centrejujolcannegre.cat\\\/wp-content\\\/uploads\\\/2023\\\/02\\\/Itinerari-modernista-teatralitzat.jpg\",\"contentUrl\":\"https:\\\/\\\/centrejujolcannegre.cat\\\/wp-content\\\/uploads\\\/2023\\\/02\\\/Itinerari-modernista-teatralitzat.jpg\",\"width\":474,\"height\":604},{\"@type\":\"BreadcrumbList\",\"@id\":\"https:\\\/\\\/centrejujolcannegre.cat\\\/es\\\/producto\\\/itinerario-modernista-teatralizado\\\/#breadcrumb\",\"itemListElement\":[{\"@type\":\"ListItem\",\"position\":1,\"name\":\"Portada\",\"item\":\"https:\\\/\\\/centrejujolcannegre.cat\\\/es\\\/\"},{\"@type\":\"ListItem\",\"position\":2,\"name\":\"Centro\",\"item\":\"https:\\\/\\\/centrejujolcannegre.cat\\\/es\\\/centro\\\/\"},{\"@type\":\"ListItem\",\"position\":3,\"name\":\"Itinerario modernista teatralizado\"}]},{\"@type\":\"WebSite\",\"@id\":\"https:\\\/\\\/centrejujolcannegre.cat\\\/es\\\/#website\",\"url\":\"https:\\\/\\\/centrejujolcannegre.cat\\\/es\\\/\",\"name\":\"Plataforma Centre Jujol - Can Negre\",\"description\":\"Plataforma de venta d&#039;entradas d&#039;activitats, exposicions i circuits culturals a Museus i l&#039;Escola d&#039;Art de de Sant Joan Desp\u00ed\",\"publisher\":{\"@id\":\"https:\\\/\\\/centrejujolcannegre.cat\\\/es\\\/#organization\"},\"potentialAction\":[{\"@type\":\"SearchAction\",\"target\":{\"@type\":\"EntryPoint\",\"urlTemplate\":\"https:\\\/\\\/centrejujolcannegre.cat\\\/es\\\/?s={search_term_string}\"},\"query-input\":{\"@type\":\"PropertyValueSpecification\",\"valueRequired\":true,\"valueName\":\"search_term_string\"}}],\"inLanguage\":\"es\"},{\"@type\":\"Organization\",\"@id\":\"https:\\\/\\\/centrejujolcannegre.cat\\\/es\\\/#organization\",\"name\":\"Centre Jujol - Can Negre\",\"url\":\"https:\\\/\\\/centrejujolcannegre.cat\\\/es\\\/\",\"logo\":{\"@type\":\"ImageObject\",\"inLanguage\":\"es\",\"@id\":\"https:\\\/\\\/centrejujolcannegre.cat\\\/es\\\/#\\\/schema\\\/logo\\\/image\\\/\",\"url\":\"https:\\\/\\\/centrejujolcannegre.cat\\\/wp-content\\\/uploads\\\/2024\\\/05\\\/logo-centre-jujol-can-negre.svg\",\"contentUrl\":\"https:\\\/\\\/centrejujolcannegre.cat\\\/wp-content\\\/uploads\\\/2024\\\/05\\\/logo-centre-jujol-can-negre.svg\",\"caption\":\"Centre Jujol - Can Negre\"},\"image\":{\"@id\":\"https:\\\/\\\/centrejujolcannegre.cat\\\/es\\\/#\\\/schema\\\/logo\\\/image\\\/\"},\"sameAs\":[\"https:\\\/\\\/www.facebook.com\\\/cannegre\",\"https:\\\/\\\/x.com\\\/cannegresjd\"]}]}<\/script>\n<!-- \/ Yoast SEO plugin. -->","yoast_head_json":{"title":"Itinerario modernista teatralizado - Plataforma Centre Jujol - Can Negre","robots":{"index":"index","follow":"follow","max-snippet":"max-snippet:-1","max-image-preview":"max-image-preview:large","max-video-preview":"max-video-preview:-1"},"canonical":"https:\/\/centrejujolcannegre.cat\/es\/producto\/itinerario-modernista-teatralizado\/","og_locale":"es_ES","og_type":"article","og_title":"Itinerario modernista teatralizado - Plataforma Centre Jujol - Can Negre","og_description":"Pasea por las casas de Can Negre y la Torre de la Cruz acompa\u00f1ados de Josefa Romeu, Engracia Balet o Josep Maria Jujol.  1R, 2N, 3R Y 4T DE PRIMARIA","og_url":"https:\/\/centrejujolcannegre.cat\/es\/producto\/itinerario-modernista-teatralizado\/","og_site_name":"Plataforma Centre Jujol - Can Negre","article_publisher":"https:\/\/www.facebook.com\/cannegre","article_modified_time":"2025-02-11T12:44:28+00:00","og_image":[{"width":474,"height":604,"url":"https:\/\/centrejujolcannegre.cat\/wp-content\/uploads\/2023\/02\/Itinerari-modernista-teatralitzat.jpg","type":"image\/jpeg"}],"twitter_card":"summary_large_image","twitter_site":"@cannegresjd","twitter_misc":{"Tiempo de lectura":"1 minuto"},"schema":{"@context":"https:\/\/schema.org","@graph":[{"@type":"WebPage","@id":"https:\/\/centrejujolcannegre.cat\/es\/producto\/itinerario-modernista-teatralizado\/","url":"https:\/\/centrejujolcannegre.cat\/es\/producto\/itinerario-modernista-teatralizado\/","name":"Itinerario modernista teatralizado - Plataforma Centre Jujol - Can Negre","isPartOf":{"@id":"https:\/\/centrejujolcannegre.cat\/es\/#website"},"primaryImageOfPage":{"@id":"https:\/\/centrejujolcannegre.cat\/es\/producto\/itinerario-modernista-teatralizado\/#primaryimage"},"image":{"@id":"https:\/\/centrejujolcannegre.cat\/es\/producto\/itinerario-modernista-teatralizado\/#primaryimage"},"thumbnailUrl":"https:\/\/centrejujolcannegre.cat\/wp-content\/uploads\/2023\/02\/Itinerari-modernista-teatralitzat.jpg","datePublished":"2023-02-24T15:54:25+00:00","dateModified":"2025-02-11T12:44:28+00:00","breadcrumb":{"@id":"https:\/\/centrejujolcannegre.cat\/es\/producto\/itinerario-modernista-teatralizado\/#breadcrumb"},"inLanguage":"es","potentialAction":[{"@type":"ReadAction","target":["https:\/\/centrejujolcannegre.cat\/es\/producto\/itinerario-modernista-teatralizado\/"]}]},{"@type":"ImageObject","inLanguage":"es","@id":"https:\/\/centrejujolcannegre.cat\/es\/producto\/itinerario-modernista-teatralizado\/#primaryimage","url":"https:\/\/centrejujolcannegre.cat\/wp-content\/uploads\/2023\/02\/Itinerari-modernista-teatralitzat.jpg","contentUrl":"https:\/\/centrejujolcannegre.cat\/wp-content\/uploads\/2023\/02\/Itinerari-modernista-teatralitzat.jpg","width":474,"height":604},{"@type":"BreadcrumbList","@id":"https:\/\/centrejujolcannegre.cat\/es\/producto\/itinerario-modernista-teatralizado\/#breadcrumb","itemListElement":[{"@type":"ListItem","position":1,"name":"Portada","item":"https:\/\/centrejujolcannegre.cat\/es\/"},{"@type":"ListItem","position":2,"name":"Centro","item":"https:\/\/centrejujolcannegre.cat\/es\/centro\/"},{"@type":"ListItem","position":3,"name":"Itinerario modernista teatralizado"}]},{"@type":"WebSite","@id":"https:\/\/centrejujolcannegre.cat\/es\/#website","url":"https:\/\/centrejujolcannegre.cat\/es\/","name":"Plataforma Centre Jujol - Can Negre","description":"Plataforma de venta d&#039;entradas d&#039;activitats, exposicions i circuits culturals a Museus i l&#039;Escola d&#039;Art de de Sant Joan Desp\u00ed","publisher":{"@id":"https:\/\/centrejujolcannegre.cat\/es\/#organization"},"potentialAction":[{"@type":"SearchAction","target":{"@type":"EntryPoint","urlTemplate":"https:\/\/centrejujolcannegre.cat\/es\/?s={search_term_string}"},"query-input":{"@type":"PropertyValueSpecification","valueRequired":true,"valueName":"search_term_string"}}],"inLanguage":"es"},{"@type":"Organization","@id":"https:\/\/centrejujolcannegre.cat\/es\/#organization","name":"Centre Jujol - Can Negre","url":"https:\/\/centrejujolcannegre.cat\/es\/","logo":{"@type":"ImageObject","inLanguage":"es","@id":"https:\/\/centrejujolcannegre.cat\/es\/#\/schema\/logo\/image\/","url":"https:\/\/centrejujolcannegre.cat\/wp-content\/uploads\/2024\/05\/logo-centre-jujol-can-negre.svg","contentUrl":"https:\/\/centrejujolcannegre.cat\/wp-content\/uploads\/2024\/05\/logo-centre-jujol-can-negre.svg","caption":"Centre Jujol - Can Negre"},"image":{"@id":"https:\/\/centrejujolcannegre.cat\/es\/#\/schema\/logo\/image\/"},"sameAs":["https:\/\/www.facebook.com\/cannegre","https:\/\/x.com\/cannegresjd"]}]}},"taxonomy_info":{"product_cat":[{"value":81,"label":"Actividades Educativas"},{"value":252,"label":"Actividades educativas 187"},{"value":213,"label":"Educaci\u00f3n primaria"},{"value":215,"label":"Educaci\u00f3n primaria 1er"},{"value":217,"label":"Educaci\u00f3n primaria 2\u00ba"},{"value":219,"label":"Educaci\u00f3n primaria 3er"},{"value":221,"label":"Educaci\u00f3n primaria 4\u00ba"}]},"featured_image_src_large":["https:\/\/centrejujolcannegre.cat\/wp-content\/uploads\/2023\/02\/Itinerari-modernista-teatralitzat.jpg",474,604,false],"author_info":[],"comment_info":"","_links":{"self":[{"href":"https:\/\/centrejujolcannegre.cat\/es\/wp-json\/wp\/v2\/product\/9134","targetHints":{"allow":["GET"]}}],"collection":[{"href":"https:\/\/centrejujolcannegre.cat\/es\/wp-json\/wp\/v2\/product"}],"about":[{"href":"https:\/\/centrejujolcannegre.cat\/es\/wp-json\/wp\/v2\/types\/product"}],"wp:featuredmedia":[{"embeddable":true,"href":"https:\/\/centrejujolcannegre.cat\/es\/wp-json\/wp\/v2\/media\/1985"}],"wp:attachment":[{"href":"https:\/\/centrejujolcannegre.cat\/es\/wp-json\/wp\/v2\/media?parent=9134"}],"wp:term":[{"taxonomy":"product_brand","embeddable":true,"href":"https:\/\/centrejujolcannegre.cat\/es\/wp-json\/wp\/v2\/product_brand?post=9134"},{"taxonomy":"product_cat","embeddable":true,"href":"https:\/\/centrejujolcannegre.cat\/es\/wp-json\/wp\/v2\/product_cat?post=9134"},{"taxonomy":"product_tag","embeddable":true,"href":"https:\/\/centrejujolcannegre.cat\/es\/wp-json\/wp\/v2\/product_tag?post=9134"}],"curies":[{"name":"wp","href":"https:\/\/api.w.org\/{rel}","templated":true}]}}