{"id":9156,"date":"2024-11-28T11:43:09","date_gmt":"2024-11-28T10:43:09","guid":{"rendered":"https:\/\/centrejujolcannegre.cat\/centre\/sin%20categor\u00eda\/visita-guiada-a-torre-de-la-cruz-grupos-organizados-guia-propio\/"},"modified":"2025-03-26T15:42:01","modified_gmt":"2025-03-26T14:42:01","slug":"visita-guiada-a-torre-de-la-cruz-grupos-organizados-guia-propio","status":"publish","type":"product","link":"https:\/\/centrejujolcannegre.cat\/es\/producto\/visita-guiada-a-torre-de-la-cruz-grupos-organizados-guia-propio\/","title":{"rendered":"Visita guiada a Torre de la Cruz grupos organizados (gu\u00eda propio)"},"content":{"rendered":"<div class=\"clearfix text-formatted field field--name-body field--type-text-with-summary field--label-hidden field__item\">\n<p><strong>OBLIGATORIO DISPONER DE GU\u00cdA PROPIO<\/strong><\/p>\n<p>La Torre de la Creu (tprre de la Cruz), popularmente conocida como la Torre de los huevos, es la primera edificaci\u00f3n que Josep Maria Jujol construy\u00f3 en Sant Joan Desp\u00ed por encargo de su t\u00eda, Josefa Romeu.<\/p>\n<p>La sorpresa provocada por la singularidad de esta casa de veraneo permitir\u00e1 que otras personas del pueblo empiecen a interesarse por este arquitecto. A partir de ese momento comienza su vinculaci\u00f3n con Sant Joan Desp\u00ed.<\/p>\n<p>*Visita accesible a personas con movilidad reducida hasta la primera planta. El resto de la visita transcurre por distintos niveles, a trav\u00e9s de escaleras sin ascensor alternativo. Se dispone de un audiovisual que explica las plantas superiores, por las personas que no pueden acceder a los pisos superiores.  <\/p>\n<\/div>\n","protected":false},"excerpt":{"rendered":"<p>La Torre de la Creu (tprre de la Cruz), popularmente conocida como la Torre de los huevos, es la primera edificaci\u00f3n que Josep Maria Jujol construy\u00f3 en Sant Joan Desp\u00ed por encargo de su t\u00eda, Josefa Romeu.<\/p>\n","protected":false},"featured_media":5858,"template":"","meta":{"inline_featured_image":false,"_kad_blocks_custom_css":"","_kad_blocks_head_custom_js":"","_kad_blocks_body_custom_js":"","_kad_blocks_footer_custom_js":"","_kad_post_transparent":"","_kad_post_title":"","_kad_post_layout":"","_kad_post_sidebar_id":"","_kad_post_content_style":"","_kad_post_vertical_padding":"","_kad_post_feature":"","_kad_post_feature_position":"","_kad_post_header":false,"_kad_post_footer":false,"_kad_post_classname":""},"product_brand":[],"product_cat":[79],"product_tag":[],"class_list":{"0":"post-9156","1":"product","2":"type-product","3":"status-publish","4":"has-post-thumbnail","6":"product_cat-jujol-en-sant-joan-despi","8":"first","9":"instock","10":"virtual","11":"sold-individually","12":"purchasable","13":"product-type-booking","14":"entry","15":"content-bg","16":"loop-entry"},"booking_location":"","booking_location_type":"","booking_duration":60,"booking_duration_unit":"minute","booking_buffer":0,"booking_cost":0,"booking_resources":[],"exclude_global_add_ons":[],"addons":[],"yoast_head":"<!-- This site is optimized with the Yoast SEO plugin v27.4 - https:\/\/yoast.com\/product\/yoast-seo-wordpress\/ -->\n<title>Visita guiada a Torre de la Cruz grupos organizados (gu\u00eda propio) - Plataforma Centre Jujol - Can Negre<\/title>\n<meta name=\"robots\" content=\"index, follow, max-snippet:-1, max-image-preview:large, max-video-preview:-1\" \/>\n<link rel=\"canonical\" href=\"https:\/\/centrejujolcannegre.cat\/es\/producto\/visita-guiada-a-torre-de-la-cruz-grupos-organizados-guia-propio\/\" \/>\n<meta property=\"og:locale\" content=\"es_ES\" \/>\n<meta property=\"og:type\" content=\"article\" \/>\n<meta property=\"og:title\" content=\"Visita guiada a Torre de la Cruz grupos organizados (gu\u00eda propio) - Plataforma Centre Jujol - Can Negre\" \/>\n<meta property=\"og:description\" content=\"La Torre de la Creu (tprre de la Cruz), popularmente conocida como la Torre de los huevos, es la primera edificaci\u00f3n que Josep Maria Jujol construy\u00f3 en Sant Joan Desp\u00ed por encargo de su t\u00eda, Josefa Romeu.\" \/>\n<meta property=\"og:url\" content=\"https:\/\/centrejujolcannegre.cat\/es\/producto\/visita-guiada-a-torre-de-la-cruz-grupos-organizados-guia-propio\/\" \/>\n<meta property=\"og:site_name\" content=\"Plataforma Centre Jujol - Can Negre\" \/>\n<meta property=\"article:publisher\" content=\"https:\/\/www.facebook.com\/cannegre\" \/>\n<meta property=\"article:modified_time\" content=\"2025-03-26T14:42:01+00:00\" \/>\n<meta property=\"og:image\" content=\"https:\/\/centrejujolcannegre.cat\/wp-content\/uploads\/2024\/10\/torre-de-la-creu-3.jpg\" \/>\n\t<meta property=\"og:image:width\" content=\"695\" \/>\n\t<meta property=\"og:image:height\" content=\"500\" \/>\n\t<meta property=\"og:image:type\" content=\"image\/jpeg\" \/>\n<meta name=\"twitter:card\" content=\"summary_large_image\" \/>\n<meta name=\"twitter:site\" content=\"@cannegresjd\" \/>\n<meta name=\"twitter:label1\" content=\"Tiempo de lectura\" \/>\n\t<meta name=\"twitter:data1\" content=\"1 minuto\" \/>\n<script type=\"application\/ld+json\" class=\"yoast-schema-graph\">{\"@context\":\"https:\\\/\\\/schema.org\",\"@graph\":[{\"@type\":\"WebPage\",\"@id\":\"https:\\\/\\\/centrejujolcannegre.cat\\\/es\\\/producto\\\/visita-guiada-a-torre-de-la-cruz-grupos-organizados-guia-propio\\\/\",\"url\":\"https:\\\/\\\/centrejujolcannegre.cat\\\/es\\\/producto\\\/visita-guiada-a-torre-de-la-cruz-grupos-organizados-guia-propio\\\/\",\"name\":\"Visita guiada a Torre de la Cruz grupos organizados (gu\u00eda propio) - Plataforma Centre Jujol - Can Negre\",\"isPartOf\":{\"@id\":\"https:\\\/\\\/centrejujolcannegre.cat\\\/es\\\/#website\"},\"primaryImageOfPage\":{\"@id\":\"https:\\\/\\\/centrejujolcannegre.cat\\\/es\\\/producto\\\/visita-guiada-a-torre-de-la-cruz-grupos-organizados-guia-propio\\\/#primaryimage\"},\"image\":{\"@id\":\"https:\\\/\\\/centrejujolcannegre.cat\\\/es\\\/producto\\\/visita-guiada-a-torre-de-la-cruz-grupos-organizados-guia-propio\\\/#primaryimage\"},\"thumbnailUrl\":\"https:\\\/\\\/centrejujolcannegre.cat\\\/wp-content\\\/uploads\\\/2024\\\/10\\\/torre-de-la-creu-3.jpg\",\"datePublished\":\"2024-11-28T10:43:09+00:00\",\"dateModified\":\"2025-03-26T14:42:01+00:00\",\"breadcrumb\":{\"@id\":\"https:\\\/\\\/centrejujolcannegre.cat\\\/es\\\/producto\\\/visita-guiada-a-torre-de-la-cruz-grupos-organizados-guia-propio\\\/#breadcrumb\"},\"inLanguage\":\"es\",\"potentialAction\":[{\"@type\":\"ReadAction\",\"target\":[\"https:\\\/\\\/centrejujolcannegre.cat\\\/es\\\/producto\\\/visita-guiada-a-torre-de-la-cruz-grupos-organizados-guia-propio\\\/\"]}]},{\"@type\":\"ImageObject\",\"inLanguage\":\"es\",\"@id\":\"https:\\\/\\\/centrejujolcannegre.cat\\\/es\\\/producto\\\/visita-guiada-a-torre-de-la-cruz-grupos-organizados-guia-propio\\\/#primaryimage\",\"url\":\"https:\\\/\\\/centrejujolcannegre.cat\\\/wp-content\\\/uploads\\\/2024\\\/10\\\/torre-de-la-creu-3.jpg\",\"contentUrl\":\"https:\\\/\\\/centrejujolcannegre.cat\\\/wp-content\\\/uploads\\\/2024\\\/10\\\/torre-de-la-creu-3.jpg\",\"width\":695,\"height\":500},{\"@type\":\"BreadcrumbList\",\"@id\":\"https:\\\/\\\/centrejujolcannegre.cat\\\/es\\\/producto\\\/visita-guiada-a-torre-de-la-cruz-grupos-organizados-guia-propio\\\/#breadcrumb\",\"itemListElement\":[{\"@type\":\"ListItem\",\"position\":1,\"name\":\"Portada\",\"item\":\"https:\\\/\\\/centrejujolcannegre.cat\\\/es\\\/\"},{\"@type\":\"ListItem\",\"position\":2,\"name\":\"Centro\",\"item\":\"https:\\\/\\\/centrejujolcannegre.cat\\\/es\\\/centro\\\/\"},{\"@type\":\"ListItem\",\"position\":3,\"name\":\"Visita guiada a Torre de la Cruz grupos organizados (gu\u00eda propio)\"}]},{\"@type\":\"WebSite\",\"@id\":\"https:\\\/\\\/centrejujolcannegre.cat\\\/es\\\/#website\",\"url\":\"https:\\\/\\\/centrejujolcannegre.cat\\\/es\\\/\",\"name\":\"Plataforma Centre Jujol - Can Negre\",\"description\":\"Plataforma de venta d&#039;entradas d&#039;activitats, exposicions i circuits culturals a Museus i l&#039;Escola d&#039;Art de de Sant Joan Desp\u00ed\",\"publisher\":{\"@id\":\"https:\\\/\\\/centrejujolcannegre.cat\\\/es\\\/#organization\"},\"potentialAction\":[{\"@type\":\"SearchAction\",\"target\":{\"@type\":\"EntryPoint\",\"urlTemplate\":\"https:\\\/\\\/centrejujolcannegre.cat\\\/es\\\/?s={search_term_string}\"},\"query-input\":{\"@type\":\"PropertyValueSpecification\",\"valueRequired\":true,\"valueName\":\"search_term_string\"}}],\"inLanguage\":\"es\"},{\"@type\":\"Organization\",\"@id\":\"https:\\\/\\\/centrejujolcannegre.cat\\\/es\\\/#organization\",\"name\":\"Centre Jujol - Can Negre\",\"url\":\"https:\\\/\\\/centrejujolcannegre.cat\\\/es\\\/\",\"logo\":{\"@type\":\"ImageObject\",\"inLanguage\":\"es\",\"@id\":\"https:\\\/\\\/centrejujolcannegre.cat\\\/es\\\/#\\\/schema\\\/logo\\\/image\\\/\",\"url\":\"https:\\\/\\\/centrejujolcannegre.cat\\\/wp-content\\\/uploads\\\/2024\\\/05\\\/logo-centre-jujol-can-negre.svg\",\"contentUrl\":\"https:\\\/\\\/centrejujolcannegre.cat\\\/wp-content\\\/uploads\\\/2024\\\/05\\\/logo-centre-jujol-can-negre.svg\",\"caption\":\"Centre Jujol - Can Negre\"},\"image\":{\"@id\":\"https:\\\/\\\/centrejujolcannegre.cat\\\/es\\\/#\\\/schema\\\/logo\\\/image\\\/\"},\"sameAs\":[\"https:\\\/\\\/www.facebook.com\\\/cannegre\",\"https:\\\/\\\/x.com\\\/cannegresjd\"]}]}<\/script>\n<!-- \/ Yoast SEO plugin. -->","yoast_head_json":{"title":"Visita guiada a Torre de la Cruz grupos organizados (gu\u00eda propio) - Plataforma Centre Jujol - Can Negre","robots":{"index":"index","follow":"follow","max-snippet":"max-snippet:-1","max-image-preview":"max-image-preview:large","max-video-preview":"max-video-preview:-1"},"canonical":"https:\/\/centrejujolcannegre.cat\/es\/producto\/visita-guiada-a-torre-de-la-cruz-grupos-organizados-guia-propio\/","og_locale":"es_ES","og_type":"article","og_title":"Visita guiada a Torre de la Cruz grupos organizados (gu\u00eda propio) - Plataforma Centre Jujol - Can Negre","og_description":"La Torre de la Creu (tprre de la Cruz), popularmente conocida como la Torre de los huevos, es la primera edificaci\u00f3n que Josep Maria Jujol construy\u00f3 en Sant Joan Desp\u00ed por encargo de su t\u00eda, Josefa Romeu.","og_url":"https:\/\/centrejujolcannegre.cat\/es\/producto\/visita-guiada-a-torre-de-la-cruz-grupos-organizados-guia-propio\/","og_site_name":"Plataforma Centre Jujol - Can Negre","article_publisher":"https:\/\/www.facebook.com\/cannegre","article_modified_time":"2025-03-26T14:42:01+00:00","og_image":[{"width":695,"height":500,"url":"https:\/\/centrejujolcannegre.cat\/wp-content\/uploads\/2024\/10\/torre-de-la-creu-3.jpg","type":"image\/jpeg"}],"twitter_card":"summary_large_image","twitter_site":"@cannegresjd","twitter_misc":{"Tiempo de lectura":"1 minuto"},"schema":{"@context":"https:\/\/schema.org","@graph":[{"@type":"WebPage","@id":"https:\/\/centrejujolcannegre.cat\/es\/producto\/visita-guiada-a-torre-de-la-cruz-grupos-organizados-guia-propio\/","url":"https:\/\/centrejujolcannegre.cat\/es\/producto\/visita-guiada-a-torre-de-la-cruz-grupos-organizados-guia-propio\/","name":"Visita guiada a Torre de la Cruz grupos organizados (gu\u00eda propio) - Plataforma Centre Jujol - Can Negre","isPartOf":{"@id":"https:\/\/centrejujolcannegre.cat\/es\/#website"},"primaryImageOfPage":{"@id":"https:\/\/centrejujolcannegre.cat\/es\/producto\/visita-guiada-a-torre-de-la-cruz-grupos-organizados-guia-propio\/#primaryimage"},"image":{"@id":"https:\/\/centrejujolcannegre.cat\/es\/producto\/visita-guiada-a-torre-de-la-cruz-grupos-organizados-guia-propio\/#primaryimage"},"thumbnailUrl":"https:\/\/centrejujolcannegre.cat\/wp-content\/uploads\/2024\/10\/torre-de-la-creu-3.jpg","datePublished":"2024-11-28T10:43:09+00:00","dateModified":"2025-03-26T14:42:01+00:00","breadcrumb":{"@id":"https:\/\/centrejujolcannegre.cat\/es\/producto\/visita-guiada-a-torre-de-la-cruz-grupos-organizados-guia-propio\/#breadcrumb"},"inLanguage":"es","potentialAction":[{"@type":"ReadAction","target":["https:\/\/centrejujolcannegre.cat\/es\/producto\/visita-guiada-a-torre-de-la-cruz-grupos-organizados-guia-propio\/"]}]},{"@type":"ImageObject","inLanguage":"es","@id":"https:\/\/centrejujolcannegre.cat\/es\/producto\/visita-guiada-a-torre-de-la-cruz-grupos-organizados-guia-propio\/#primaryimage","url":"https:\/\/centrejujolcannegre.cat\/wp-content\/uploads\/2024\/10\/torre-de-la-creu-3.jpg","contentUrl":"https:\/\/centrejujolcannegre.cat\/wp-content\/uploads\/2024\/10\/torre-de-la-creu-3.jpg","width":695,"height":500},{"@type":"BreadcrumbList","@id":"https:\/\/centrejujolcannegre.cat\/es\/producto\/visita-guiada-a-torre-de-la-cruz-grupos-organizados-guia-propio\/#breadcrumb","itemListElement":[{"@type":"ListItem","position":1,"name":"Portada","item":"https:\/\/centrejujolcannegre.cat\/es\/"},{"@type":"ListItem","position":2,"name":"Centro","item":"https:\/\/centrejujolcannegre.cat\/es\/centro\/"},{"@type":"ListItem","position":3,"name":"Visita guiada a Torre de la Cruz grupos organizados (gu\u00eda propio)"}]},{"@type":"WebSite","@id":"https:\/\/centrejujolcannegre.cat\/es\/#website","url":"https:\/\/centrejujolcannegre.cat\/es\/","name":"Plataforma Centre Jujol - Can Negre","description":"Plataforma de venta d&#039;entradas d&#039;activitats, exposicions i circuits culturals a Museus i l&#039;Escola d&#039;Art de de Sant Joan Desp\u00ed","publisher":{"@id":"https:\/\/centrejujolcannegre.cat\/es\/#organization"},"potentialAction":[{"@type":"SearchAction","target":{"@type":"EntryPoint","urlTemplate":"https:\/\/centrejujolcannegre.cat\/es\/?s={search_term_string}"},"query-input":{"@type":"PropertyValueSpecification","valueRequired":true,"valueName":"search_term_string"}}],"inLanguage":"es"},{"@type":"Organization","@id":"https:\/\/centrejujolcannegre.cat\/es\/#organization","name":"Centre Jujol - Can Negre","url":"https:\/\/centrejujolcannegre.cat\/es\/","logo":{"@type":"ImageObject","inLanguage":"es","@id":"https:\/\/centrejujolcannegre.cat\/es\/#\/schema\/logo\/image\/","url":"https:\/\/centrejujolcannegre.cat\/wp-content\/uploads\/2024\/05\/logo-centre-jujol-can-negre.svg","contentUrl":"https:\/\/centrejujolcannegre.cat\/wp-content\/uploads\/2024\/05\/logo-centre-jujol-can-negre.svg","caption":"Centre Jujol - Can Negre"},"image":{"@id":"https:\/\/centrejujolcannegre.cat\/es\/#\/schema\/logo\/image\/"},"sameAs":["https:\/\/www.facebook.com\/cannegre","https:\/\/x.com\/cannegresjd"]}]}},"taxonomy_info":{"product_cat":[{"value":79,"label":"Jujol en Sant Joan Despi"}]},"featured_image_src_large":["https:\/\/centrejujolcannegre.cat\/wp-content\/uploads\/2024\/10\/torre-de-la-creu-3.jpg",695,500,false],"author_info":[],"comment_info":"","_links":{"self":[{"href":"https:\/\/centrejujolcannegre.cat\/es\/wp-json\/wp\/v2\/product\/9156","targetHints":{"allow":["GET"]}}],"collection":[{"href":"https:\/\/centrejujolcannegre.cat\/es\/wp-json\/wp\/v2\/product"}],"about":[{"href":"https:\/\/centrejujolcannegre.cat\/es\/wp-json\/wp\/v2\/types\/product"}],"wp:featuredmedia":[{"embeddable":true,"href":"https:\/\/centrejujolcannegre.cat\/es\/wp-json\/wp\/v2\/media\/5858"}],"wp:attachment":[{"href":"https:\/\/centrejujolcannegre.cat\/es\/wp-json\/wp\/v2\/media?parent=9156"}],"wp:term":[{"taxonomy":"product_brand","embeddable":true,"href":"https:\/\/centrejujolcannegre.cat\/es\/wp-json\/wp\/v2\/product_brand?post=9156"},{"taxonomy":"product_cat","embeddable":true,"href":"https:\/\/centrejujolcannegre.cat\/es\/wp-json\/wp\/v2\/product_cat?post=9156"},{"taxonomy":"product_tag","embeddable":true,"href":"https:\/\/centrejujolcannegre.cat\/es\/wp-json\/wp\/v2\/product_tag?post=9156"}],"curies":[{"name":"wp","href":"https:\/\/api.w.org\/{rel}","templated":true}]}}