{"id":9558,"date":"2024-05-16T16:30:30","date_gmt":"2024-05-16T14:30:30","guid":{"rendered":"https:\/\/centrejujolcannegre.cat\/centre\/sin%20categor\u00eda\/visita-guiada-a-can-negre-grupos-organizados-laborables\/"},"modified":"2025-03-26T15:41:32","modified_gmt":"2025-03-26T14:41:32","slug":"visita-guiada-a-can-negre-grupos-organizados-laborables","status":"publish","type":"product","link":"https:\/\/centrejujolcannegre.cat\/es\/producto\/visita-guiada-a-can-negre-grupos-organizados-laborables\/","title":{"rendered":"Visita guiada a Can Negre grupos organizados (Laborables)"},"content":{"rendered":"<div class=\"clearfix text-formatted field field--name-body field--type-text-with-summary field--label-hidden field__item\">\n<p><span class=\"jCAhz ChMk0b\"><span class=\"ryNqvb\">Can Negre, antigua mas\u00eda del siglo XVII, fue reformada profundamente por Josep Maria Jujol para adaptarla al veraneo de su propietario, Pere Negre.<\/span><\/span> <span class=\"jCAhz ChMk0b\"><span class=\"ryNqvb\">Las formas onduladas, los s\u00edmbolos religiosos y los colores estridentes sugieren el rico mundo interior del arquitecto.<\/span><\/span> <span class=\"jCAhz ChMk0b\"><span class=\"ryNqvb\">Otra de las casas emblem\u00e1ticas de la poblaci\u00f3n es la llamada Torre de los huevos por los sanjuanenses y sanjuanenses.<\/span><\/span> <span class=\"jCAhz ChMk0b\"><span class=\"ryNqvb\">La oficialmente llamada Torre de la Creu se compone de un total de cinco cilindros de diferentes tama\u00f1os y diferentes alturas que conforman el per\u00edmetro de esta casa de veraneo.<\/span><\/span> .<\/p>\n<p>L&#8217;arquitecte Jujol, va arribar a mantenir una forta amistat i afinitat amb la gent del poble, arribant a ser arquitecte municipal els darrers vint anys de la seva vida.<\/p>\n<\/div>\n","protected":false},"excerpt":{"rendered":"<p>Josep Maria Jujol, normalmente conocido por haber colaborado en las obras m\u00e1s emblem\u00e1ticas de Antoni Gaud\u00ed, estableci\u00f3 su \u00ablaboratorio arquitect\u00f3nico de pruebas\u00bb en el municipio de Sant Joan Desp\u00ed. A trav\u00e9s de esta experimentaci\u00f3n en la arquitectura rural del pueblo, podemos ver las obras m\u00e1s sugerentes del arquitecto.<\/p>\n","protected":false},"featured_media":13401,"template":"","meta":{"inline_featured_image":false,"_kad_blocks_custom_css":"","_kad_blocks_head_custom_js":"","_kad_blocks_body_custom_js":"","_kad_blocks_footer_custom_js":"","_kad_post_transparent":"","_kad_post_title":"","_kad_post_layout":"","_kad_post_sidebar_id":"","_kad_post_content_style":"","_kad_post_vertical_padding":"","_kad_post_feature":"","_kad_post_feature_position":"","_kad_post_header":false,"_kad_post_footer":false,"_kad_post_classname":""},"product_brand":[],"product_cat":[79,257],"product_tag":[],"class_list":{"0":"post-9558","1":"product","2":"type-product","3":"status-publish","4":"has-post-thumbnail","6":"product_cat-jujol-en-sant-joan-despi","7":"product_cat-visita-guiada-grupos-organizados","9":"first","10":"instock","11":"virtual","12":"sold-individually","13":"purchasable","14":"product-type-booking","15":"entry","16":"content-bg","17":"loop-entry"},"booking_location":"","booking_location_type":"","booking_duration":60,"booking_duration_unit":"minute","booking_buffer":30,"booking_cost":0,"booking_resources":[8450,8452],"exclude_global_add_ons":true,"addons":[{"name":"Descuento","type":"checkbox","position":0,"required":false,"title_format":"hide","default":"","description_enable":false,"description":null,"placeholder_enable":false,"placeholder":"","display":"select","restrictions_type":"any_text","adjust_price":false,"price":"","price_type":"flat_fee","restrictions":false,"min":"0","max":"0","options":[{"label":"Soy ciudadano de Sant Joan Desp\u00ed","price":"-15","price_type":"flat_fee","image":0,"visibility":true}],"id":1732792662}],"yoast_head":"<!-- This site is optimized with the Yoast SEO plugin v27.4 - https:\/\/yoast.com\/product\/yoast-seo-wordpress\/ -->\n<title>Visita guiada a Can Negre grupos organizados (Laborables) - Plataforma Centre Jujol - Can Negre<\/title>\n<meta name=\"robots\" content=\"index, follow, max-snippet:-1, max-image-preview:large, max-video-preview:-1\" \/>\n<link rel=\"canonical\" href=\"https:\/\/centrejujolcannegre.cat\/es\/producto\/visita-guiada-a-can-negre-grupos-organizados-laborables\/\" \/>\n<meta property=\"og:locale\" content=\"es_ES\" \/>\n<meta property=\"og:type\" content=\"article\" \/>\n<meta property=\"og:title\" content=\"Visita guiada a Can Negre grupos organizados (Laborables) - Plataforma Centre Jujol - Can Negre\" \/>\n<meta property=\"og:description\" content=\"Josep Maria Jujol, normalmente conocido por haber colaborado en las obras m\u00e1s emblem\u00e1ticas de Antoni Gaud\u00ed, estableci\u00f3 su &quot;laboratorio arquitect\u00f3nico de pruebas&quot; en el municipio de Sant Joan Desp\u00ed. A trav\u00e9s de esta experimentaci\u00f3n en la arquitectura rural del pueblo, podemos ver las obras m\u00e1s sugerentes del arquitecto.\" \/>\n<meta property=\"og:url\" content=\"https:\/\/centrejujolcannegre.cat\/es\/producto\/visita-guiada-a-can-negre-grupos-organizados-laborables\/\" \/>\n<meta property=\"og:site_name\" content=\"Plataforma Centre Jujol - Can Negre\" \/>\n<meta property=\"article:publisher\" content=\"https:\/\/www.facebook.com\/cannegre\" \/>\n<meta property=\"article:modified_time\" content=\"2025-03-26T14:41:32+00:00\" \/>\n<meta property=\"og:image\" content=\"https:\/\/centrejujolcannegre.cat\/wp-content\/uploads\/2022\/09\/can-negre.jpg\" \/>\n\t<meta property=\"og:image:width\" content=\"1090\" \/>\n\t<meta property=\"og:image:height\" content=\"830\" \/>\n\t<meta property=\"og:image:type\" content=\"image\/jpeg\" \/>\n<meta name=\"twitter:card\" content=\"summary_large_image\" \/>\n<meta name=\"twitter:site\" content=\"@cannegresjd\" \/>\n<meta name=\"twitter:label1\" content=\"Tiempo de lectura\" \/>\n\t<meta name=\"twitter:data1\" content=\"1 minuto\" \/>\n<script type=\"application\/ld+json\" class=\"yoast-schema-graph\">{\"@context\":\"https:\\\/\\\/schema.org\",\"@graph\":[{\"@type\":\"WebPage\",\"@id\":\"https:\\\/\\\/centrejujolcannegre.cat\\\/es\\\/producto\\\/visita-guiada-a-can-negre-grupos-organizados-laborables\\\/\",\"url\":\"https:\\\/\\\/centrejujolcannegre.cat\\\/es\\\/producto\\\/visita-guiada-a-can-negre-grupos-organizados-laborables\\\/\",\"name\":\"Visita guiada a Can Negre grupos organizados (Laborables) - Plataforma Centre Jujol - Can Negre\",\"isPartOf\":{\"@id\":\"https:\\\/\\\/centrejujolcannegre.cat\\\/es\\\/#website\"},\"primaryImageOfPage\":{\"@id\":\"https:\\\/\\\/centrejujolcannegre.cat\\\/es\\\/producto\\\/visita-guiada-a-can-negre-grupos-organizados-laborables\\\/#primaryimage\"},\"image\":{\"@id\":\"https:\\\/\\\/centrejujolcannegre.cat\\\/es\\\/producto\\\/visita-guiada-a-can-negre-grupos-organizados-laborables\\\/#primaryimage\"},\"thumbnailUrl\":\"https:\\\/\\\/centrejujolcannegre.cat\\\/wp-content\\\/uploads\\\/2024\\\/05\\\/DSC1382-copia-1.jpg\",\"datePublished\":\"2024-05-16T14:30:30+00:00\",\"dateModified\":\"2025-03-26T14:41:32+00:00\",\"breadcrumb\":{\"@id\":\"https:\\\/\\\/centrejujolcannegre.cat\\\/es\\\/producto\\\/visita-guiada-a-can-negre-grupos-organizados-laborables\\\/#breadcrumb\"},\"inLanguage\":\"es\",\"potentialAction\":[{\"@type\":\"ReadAction\",\"target\":[\"https:\\\/\\\/centrejujolcannegre.cat\\\/es\\\/producto\\\/visita-guiada-a-can-negre-grupos-organizados-laborables\\\/\"]}]},{\"@type\":\"ImageObject\",\"inLanguage\":\"es\",\"@id\":\"https:\\\/\\\/centrejujolcannegre.cat\\\/es\\\/producto\\\/visita-guiada-a-can-negre-grupos-organizados-laborables\\\/#primaryimage\",\"url\":\"https:\\\/\\\/centrejujolcannegre.cat\\\/wp-content\\\/uploads\\\/2024\\\/05\\\/DSC1382-copia-1.jpg\",\"contentUrl\":\"https:\\\/\\\/centrejujolcannegre.cat\\\/wp-content\\\/uploads\\\/2024\\\/05\\\/DSC1382-copia-1.jpg\",\"width\":1444,\"height\":964},{\"@type\":\"BreadcrumbList\",\"@id\":\"https:\\\/\\\/centrejujolcannegre.cat\\\/es\\\/producto\\\/visita-guiada-a-can-negre-grupos-organizados-laborables\\\/#breadcrumb\",\"itemListElement\":[{\"@type\":\"ListItem\",\"position\":1,\"name\":\"Portada\",\"item\":\"https:\\\/\\\/centrejujolcannegre.cat\\\/es\\\/\"},{\"@type\":\"ListItem\",\"position\":2,\"name\":\"Centro\",\"item\":\"https:\\\/\\\/centrejujolcannegre.cat\\\/es\\\/centro\\\/\"},{\"@type\":\"ListItem\",\"position\":3,\"name\":\"Visita guiada a Can Negre grupos organizados (Laborables)\"}]},{\"@type\":\"WebSite\",\"@id\":\"https:\\\/\\\/centrejujolcannegre.cat\\\/es\\\/#website\",\"url\":\"https:\\\/\\\/centrejujolcannegre.cat\\\/es\\\/\",\"name\":\"Plataforma Centre Jujol - Can Negre\",\"description\":\"Plataforma de venta d&#039;entradas d&#039;activitats, exposicions i circuits culturals a Museus i l&#039;Escola d&#039;Art de de Sant Joan Desp\u00ed\",\"publisher\":{\"@id\":\"https:\\\/\\\/centrejujolcannegre.cat\\\/es\\\/#organization\"},\"potentialAction\":[{\"@type\":\"SearchAction\",\"target\":{\"@type\":\"EntryPoint\",\"urlTemplate\":\"https:\\\/\\\/centrejujolcannegre.cat\\\/es\\\/?s={search_term_string}\"},\"query-input\":{\"@type\":\"PropertyValueSpecification\",\"valueRequired\":true,\"valueName\":\"search_term_string\"}}],\"inLanguage\":\"es\"},{\"@type\":\"Organization\",\"@id\":\"https:\\\/\\\/centrejujolcannegre.cat\\\/es\\\/#organization\",\"name\":\"Centre Jujol - Can Negre\",\"url\":\"https:\\\/\\\/centrejujolcannegre.cat\\\/es\\\/\",\"logo\":{\"@type\":\"ImageObject\",\"inLanguage\":\"es\",\"@id\":\"https:\\\/\\\/centrejujolcannegre.cat\\\/es\\\/#\\\/schema\\\/logo\\\/image\\\/\",\"url\":\"https:\\\/\\\/centrejujolcannegre.cat\\\/wp-content\\\/uploads\\\/2024\\\/05\\\/logo-centre-jujol-can-negre.svg\",\"contentUrl\":\"https:\\\/\\\/centrejujolcannegre.cat\\\/wp-content\\\/uploads\\\/2024\\\/05\\\/logo-centre-jujol-can-negre.svg\",\"caption\":\"Centre Jujol - Can Negre\"},\"image\":{\"@id\":\"https:\\\/\\\/centrejujolcannegre.cat\\\/es\\\/#\\\/schema\\\/logo\\\/image\\\/\"},\"sameAs\":[\"https:\\\/\\\/www.facebook.com\\\/cannegre\",\"https:\\\/\\\/x.com\\\/cannegresjd\"]}]}<\/script>\n<!-- \/ Yoast SEO plugin. -->","yoast_head_json":{"title":"Visita guiada a Can Negre grupos organizados (Laborables) - Plataforma Centre Jujol - Can Negre","robots":{"index":"index","follow":"follow","max-snippet":"max-snippet:-1","max-image-preview":"max-image-preview:large","max-video-preview":"max-video-preview:-1"},"canonical":"https:\/\/centrejujolcannegre.cat\/es\/producto\/visita-guiada-a-can-negre-grupos-organizados-laborables\/","og_locale":"es_ES","og_type":"article","og_title":"Visita guiada a Can Negre grupos organizados (Laborables) - Plataforma Centre Jujol - Can Negre","og_description":"Josep Maria Jujol, normalmente conocido por haber colaborado en las obras m\u00e1s emblem\u00e1ticas de Antoni Gaud\u00ed, estableci\u00f3 su \"laboratorio arquitect\u00f3nico de pruebas\" en el municipio de Sant Joan Desp\u00ed. A trav\u00e9s de esta experimentaci\u00f3n en la arquitectura rural del pueblo, podemos ver las obras m\u00e1s sugerentes del arquitecto.","og_url":"https:\/\/centrejujolcannegre.cat\/es\/producto\/visita-guiada-a-can-negre-grupos-organizados-laborables\/","og_site_name":"Plataforma Centre Jujol - Can Negre","article_publisher":"https:\/\/www.facebook.com\/cannegre","article_modified_time":"2025-03-26T14:41:32+00:00","og_image":[{"width":1090,"height":830,"url":"https:\/\/centrejujolcannegre.cat\/wp-content\/uploads\/2022\/09\/can-negre.jpg","type":"image\/jpeg"}],"twitter_card":"summary_large_image","twitter_site":"@cannegresjd","twitter_misc":{"Tiempo de lectura":"1 minuto"},"schema":{"@context":"https:\/\/schema.org","@graph":[{"@type":"WebPage","@id":"https:\/\/centrejujolcannegre.cat\/es\/producto\/visita-guiada-a-can-negre-grupos-organizados-laborables\/","url":"https:\/\/centrejujolcannegre.cat\/es\/producto\/visita-guiada-a-can-negre-grupos-organizados-laborables\/","name":"Visita guiada a Can Negre grupos organizados (Laborables) - Plataforma Centre Jujol - Can Negre","isPartOf":{"@id":"https:\/\/centrejujolcannegre.cat\/es\/#website"},"primaryImageOfPage":{"@id":"https:\/\/centrejujolcannegre.cat\/es\/producto\/visita-guiada-a-can-negre-grupos-organizados-laborables\/#primaryimage"},"image":{"@id":"https:\/\/centrejujolcannegre.cat\/es\/producto\/visita-guiada-a-can-negre-grupos-organizados-laborables\/#primaryimage"},"thumbnailUrl":"https:\/\/centrejujolcannegre.cat\/wp-content\/uploads\/2024\/05\/DSC1382-copia-1.jpg","datePublished":"2024-05-16T14:30:30+00:00","dateModified":"2025-03-26T14:41:32+00:00","breadcrumb":{"@id":"https:\/\/centrejujolcannegre.cat\/es\/producto\/visita-guiada-a-can-negre-grupos-organizados-laborables\/#breadcrumb"},"inLanguage":"es","potentialAction":[{"@type":"ReadAction","target":["https:\/\/centrejujolcannegre.cat\/es\/producto\/visita-guiada-a-can-negre-grupos-organizados-laborables\/"]}]},{"@type":"ImageObject","inLanguage":"es","@id":"https:\/\/centrejujolcannegre.cat\/es\/producto\/visita-guiada-a-can-negre-grupos-organizados-laborables\/#primaryimage","url":"https:\/\/centrejujolcannegre.cat\/wp-content\/uploads\/2024\/05\/DSC1382-copia-1.jpg","contentUrl":"https:\/\/centrejujolcannegre.cat\/wp-content\/uploads\/2024\/05\/DSC1382-copia-1.jpg","width":1444,"height":964},{"@type":"BreadcrumbList","@id":"https:\/\/centrejujolcannegre.cat\/es\/producto\/visita-guiada-a-can-negre-grupos-organizados-laborables\/#breadcrumb","itemListElement":[{"@type":"ListItem","position":1,"name":"Portada","item":"https:\/\/centrejujolcannegre.cat\/es\/"},{"@type":"ListItem","position":2,"name":"Centro","item":"https:\/\/centrejujolcannegre.cat\/es\/centro\/"},{"@type":"ListItem","position":3,"name":"Visita guiada a Can Negre grupos organizados (Laborables)"}]},{"@type":"WebSite","@id":"https:\/\/centrejujolcannegre.cat\/es\/#website","url":"https:\/\/centrejujolcannegre.cat\/es\/","name":"Plataforma Centre Jujol - Can Negre","description":"Plataforma de venta d&#039;entradas d&#039;activitats, exposicions i circuits culturals a Museus i l&#039;Escola d&#039;Art de de Sant Joan Desp\u00ed","publisher":{"@id":"https:\/\/centrejujolcannegre.cat\/es\/#organization"},"potentialAction":[{"@type":"SearchAction","target":{"@type":"EntryPoint","urlTemplate":"https:\/\/centrejujolcannegre.cat\/es\/?s={search_term_string}"},"query-input":{"@type":"PropertyValueSpecification","valueRequired":true,"valueName":"search_term_string"}}],"inLanguage":"es"},{"@type":"Organization","@id":"https:\/\/centrejujolcannegre.cat\/es\/#organization","name":"Centre Jujol - Can Negre","url":"https:\/\/centrejujolcannegre.cat\/es\/","logo":{"@type":"ImageObject","inLanguage":"es","@id":"https:\/\/centrejujolcannegre.cat\/es\/#\/schema\/logo\/image\/","url":"https:\/\/centrejujolcannegre.cat\/wp-content\/uploads\/2024\/05\/logo-centre-jujol-can-negre.svg","contentUrl":"https:\/\/centrejujolcannegre.cat\/wp-content\/uploads\/2024\/05\/logo-centre-jujol-can-negre.svg","caption":"Centre Jujol - Can Negre"},"image":{"@id":"https:\/\/centrejujolcannegre.cat\/es\/#\/schema\/logo\/image\/"},"sameAs":["https:\/\/www.facebook.com\/cannegre","https:\/\/x.com\/cannegresjd"]}]}},"taxonomy_info":{"product_cat":[{"value":79,"label":"Jujol en Sant Joan Despi"},{"value":257,"label":"Visita Guiada grupos organizados"}]},"featured_image_src_large":["https:\/\/centrejujolcannegre.cat\/wp-content\/uploads\/2024\/05\/DSC1382-copia-1-1024x684.jpg",1024,684,true],"author_info":[],"comment_info":"","_links":{"self":[{"href":"https:\/\/centrejujolcannegre.cat\/es\/wp-json\/wp\/v2\/product\/9558","targetHints":{"allow":["GET"]}}],"collection":[{"href":"https:\/\/centrejujolcannegre.cat\/es\/wp-json\/wp\/v2\/product"}],"about":[{"href":"https:\/\/centrejujolcannegre.cat\/es\/wp-json\/wp\/v2\/types\/product"}],"wp:featuredmedia":[{"embeddable":true,"href":"https:\/\/centrejujolcannegre.cat\/es\/wp-json\/wp\/v2\/media\/13401"}],"wp:attachment":[{"href":"https:\/\/centrejujolcannegre.cat\/es\/wp-json\/wp\/v2\/media?parent=9558"}],"wp:term":[{"taxonomy":"product_brand","embeddable":true,"href":"https:\/\/centrejujolcannegre.cat\/es\/wp-json\/wp\/v2\/product_brand?post=9558"},{"taxonomy":"product_cat","embeddable":true,"href":"https:\/\/centrejujolcannegre.cat\/es\/wp-json\/wp\/v2\/product_cat?post=9558"},{"taxonomy":"product_tag","embeddable":true,"href":"https:\/\/centrejujolcannegre.cat\/es\/wp-json\/wp\/v2\/product_tag?post=9558"}],"curies":[{"name":"wp","href":"https:\/\/api.w.org\/{rel}","templated":true}]}}