{"id":9830,"date":"2025-01-27T16:10:28","date_gmt":"2025-01-27T15:10:28","guid":{"rendered":"https:\/\/centrejujolcannegre.cat\/producto\/oficios-antiguos-de-sant-joan-despi-sabados-domingos-y-festivos\/"},"modified":"2026-02-16T11:21:20","modified_gmt":"2026-02-16T10:21:20","slug":"oficios-antiguos-de-sant-joan-despi-sabados-domingos-y-festivos","status":"publish","type":"product","link":"https:\/\/centrejujolcannegre.cat\/es\/producto\/oficios-antiguos-de-sant-joan-despi-sabados-domingos-y-festivos\/","title":{"rendered":"Oficios antiguos de Sant Joan Desp\u00ed (s\u00e1bados, domingos y festivos)"},"content":{"rendered":"<p>Paseo por las calles del casco antiguo para conocer el Sant Joan Desp\u00ed de la primera mitad del siglo XX, en el que se unen varios mundos: el mundo tradicionalmente agrario, el de la ciudad en la que se est\u00e1 convirtiendo, y el de la nueva burgues\u00eda que llega para pasar los veranos. Estos mundos que confluyen favorecer\u00e1n la consolidaci\u00f3n de distintos oficios ya existentes e implicar\u00e1n la aparici\u00f3n de nuevas ocupaciones.<\/p>\n<p>Imagen:  <span style=\"font-size: 1em\">AMSJD 699 0001845\/a. \/d. Familia de Teresa Marco<\/span><\/p>\n","protected":false},"excerpt":{"rendered":"<p>Caminata cultutal para descubrir la econom\u00eda, la sociedad y la ciudad de principios del siglo XX.<\/p>\n","protected":false},"featured_media":14738,"template":"","meta":{"inline_featured_image":false,"_kad_blocks_custom_css":"","_kad_blocks_head_custom_js":"","_kad_blocks_body_custom_js":"","_kad_blocks_footer_custom_js":"","_kad_post_transparent":"","_kad_post_title":"","_kad_post_layout":"","_kad_post_sidebar_id":"","_kad_post_content_style":"","_kad_post_vertical_padding":"","_kad_post_feature":"","_kad_post_feature_position":"","_kad_post_header":false,"_kad_post_footer":false,"_kad_post_classname":""},"product_brand":[],"product_cat":[361],"product_tag":[],"class_list":{"0":"post-9830","1":"product","2":"type-product","3":"status-publish","4":"has-post-thumbnail","6":"product_cat-otras-rutas-festivo","8":"first","9":"instock","10":"virtual","11":"sold-individually","12":"purchasable","13":"product-type-booking","14":"entry","15":"content-bg","16":"loop-entry"},"booking_location":"","booking_location_type":"","booking_duration":90,"booking_duration_unit":"minute","booking_buffer":30,"booking_cost":0,"booking_resources":[8450,8452],"exclude_global_add_ons":[],"addons":[],"yoast_head":"<!-- This site is optimized with the Yoast SEO plugin v27.4 - https:\/\/yoast.com\/product\/yoast-seo-wordpress\/ -->\n<title>Oficios antiguos de Sant Joan Desp\u00ed (s\u00e1bados, domingos y festivos) - Plataforma Centre Jujol - Can Negre<\/title>\n<meta name=\"robots\" content=\"index, follow, max-snippet:-1, max-image-preview:large, max-video-preview:-1\" \/>\n<link rel=\"canonical\" href=\"https:\/\/centrejujolcannegre.cat\/es\/producto\/oficios-antiguos-de-sant-joan-despi-sabados-domingos-y-festivos\/\" \/>\n<meta property=\"og:locale\" content=\"es_ES\" \/>\n<meta property=\"og:type\" content=\"article\" \/>\n<meta property=\"og:title\" content=\"Oficios antiguos de Sant Joan Desp\u00ed (s\u00e1bados, domingos y festivos) - Plataforma Centre Jujol - Can Negre\" \/>\n<meta property=\"og:description\" content=\"Caminata cultutal para descubrir la econom\u00eda, la sociedad y la ciudad de principios del siglo XX.\" \/>\n<meta property=\"og:url\" content=\"https:\/\/centrejujolcannegre.cat\/es\/producto\/oficios-antiguos-de-sant-joan-despi-sabados-domingos-y-festivos\/\" \/>\n<meta property=\"og:site_name\" content=\"Plataforma Centre Jujol - Can Negre\" \/>\n<meta property=\"article:publisher\" content=\"https:\/\/www.facebook.com\/cannegre\" \/>\n<meta property=\"article:modified_time\" content=\"2026-02-16T10:21:20+00:00\" \/>\n<meta property=\"og:image\" content=\"https:\/\/centrejujolcannegre.cat\/wp-content\/uploads\/2025\/01\/AMSJD-699-0001845-a.d.-Familia-de-Teresa-Marco-2.jpg\" \/>\n\t<meta property=\"og:image:width\" content=\"398\" \/>\n\t<meta property=\"og:image:height\" content=\"600\" \/>\n\t<meta property=\"og:image:type\" content=\"image\/jpeg\" \/>\n<meta name=\"twitter:card\" content=\"summary_large_image\" \/>\n<meta name=\"twitter:site\" content=\"@cannegresjd\" \/>\n<script type=\"application\/ld+json\" class=\"yoast-schema-graph\">{\"@context\":\"https:\\\/\\\/schema.org\",\"@graph\":[{\"@type\":\"WebPage\",\"@id\":\"https:\\\/\\\/centrejujolcannegre.cat\\\/es\\\/producto\\\/oficios-antiguos-de-sant-joan-despi-sabados-domingos-y-festivos\\\/\",\"url\":\"https:\\\/\\\/centrejujolcannegre.cat\\\/es\\\/producto\\\/oficios-antiguos-de-sant-joan-despi-sabados-domingos-y-festivos\\\/\",\"name\":\"Oficios antiguos de Sant Joan Desp\u00ed (s\u00e1bados, domingos y festivos) - Plataforma Centre Jujol - Can Negre\",\"isPartOf\":{\"@id\":\"https:\\\/\\\/centrejujolcannegre.cat\\\/es\\\/#website\"},\"primaryImageOfPage\":{\"@id\":\"https:\\\/\\\/centrejujolcannegre.cat\\\/es\\\/producto\\\/oficios-antiguos-de-sant-joan-despi-sabados-domingos-y-festivos\\\/#primaryimage\"},\"image\":{\"@id\":\"https:\\\/\\\/centrejujolcannegre.cat\\\/es\\\/producto\\\/oficios-antiguos-de-sant-joan-despi-sabados-domingos-y-festivos\\\/#primaryimage\"},\"thumbnailUrl\":\"https:\\\/\\\/centrejujolcannegre.cat\\\/wp-content\\\/uploads\\\/2025\\\/01\\\/AMSJD-699-0001845-a.d.-Familia-de-Teresa-Marco-2.jpg\",\"datePublished\":\"2025-01-27T15:10:28+00:00\",\"dateModified\":\"2026-02-16T10:21:20+00:00\",\"breadcrumb\":{\"@id\":\"https:\\\/\\\/centrejujolcannegre.cat\\\/es\\\/producto\\\/oficios-antiguos-de-sant-joan-despi-sabados-domingos-y-festivos\\\/#breadcrumb\"},\"inLanguage\":\"es\",\"potentialAction\":[{\"@type\":\"ReadAction\",\"target\":[\"https:\\\/\\\/centrejujolcannegre.cat\\\/es\\\/producto\\\/oficios-antiguos-de-sant-joan-despi-sabados-domingos-y-festivos\\\/\"]}]},{\"@type\":\"ImageObject\",\"inLanguage\":\"es\",\"@id\":\"https:\\\/\\\/centrejujolcannegre.cat\\\/es\\\/producto\\\/oficios-antiguos-de-sant-joan-despi-sabados-domingos-y-festivos\\\/#primaryimage\",\"url\":\"https:\\\/\\\/centrejujolcannegre.cat\\\/wp-content\\\/uploads\\\/2025\\\/01\\\/AMSJD-699-0001845-a.d.-Familia-de-Teresa-Marco-2.jpg\",\"contentUrl\":\"https:\\\/\\\/centrejujolcannegre.cat\\\/wp-content\\\/uploads\\\/2025\\\/01\\\/AMSJD-699-0001845-a.d.-Familia-de-Teresa-Marco-2.jpg\",\"width\":398,\"height\":600},{\"@type\":\"BreadcrumbList\",\"@id\":\"https:\\\/\\\/centrejujolcannegre.cat\\\/es\\\/producto\\\/oficios-antiguos-de-sant-joan-despi-sabados-domingos-y-festivos\\\/#breadcrumb\",\"itemListElement\":[{\"@type\":\"ListItem\",\"position\":1,\"name\":\"Portada\",\"item\":\"https:\\\/\\\/centrejujolcannegre.cat\\\/es\\\/\"},{\"@type\":\"ListItem\",\"position\":2,\"name\":\"Centro\",\"item\":\"https:\\\/\\\/centrejujolcannegre.cat\\\/es\\\/centro\\\/\"},{\"@type\":\"ListItem\",\"position\":3,\"name\":\"Oficios antiguos de Sant Joan Desp\u00ed (s\u00e1bados, domingos y festivos)\"}]},{\"@type\":\"WebSite\",\"@id\":\"https:\\\/\\\/centrejujolcannegre.cat\\\/es\\\/#website\",\"url\":\"https:\\\/\\\/centrejujolcannegre.cat\\\/es\\\/\",\"name\":\"Plataforma Centre Jujol - Can Negre\",\"description\":\"Plataforma de venta d&#039;entradas d&#039;activitats, exposicions i circuits culturals a Museus i l&#039;Escola d&#039;Art de de Sant Joan Desp\u00ed\",\"publisher\":{\"@id\":\"https:\\\/\\\/centrejujolcannegre.cat\\\/es\\\/#organization\"},\"potentialAction\":[{\"@type\":\"SearchAction\",\"target\":{\"@type\":\"EntryPoint\",\"urlTemplate\":\"https:\\\/\\\/centrejujolcannegre.cat\\\/es\\\/?s={search_term_string}\"},\"query-input\":{\"@type\":\"PropertyValueSpecification\",\"valueRequired\":true,\"valueName\":\"search_term_string\"}}],\"inLanguage\":\"es\"},{\"@type\":\"Organization\",\"@id\":\"https:\\\/\\\/centrejujolcannegre.cat\\\/es\\\/#organization\",\"name\":\"Centre Jujol - Can Negre\",\"url\":\"https:\\\/\\\/centrejujolcannegre.cat\\\/es\\\/\",\"logo\":{\"@type\":\"ImageObject\",\"inLanguage\":\"es\",\"@id\":\"https:\\\/\\\/centrejujolcannegre.cat\\\/es\\\/#\\\/schema\\\/logo\\\/image\\\/\",\"url\":\"https:\\\/\\\/centrejujolcannegre.cat\\\/wp-content\\\/uploads\\\/2024\\\/05\\\/logo-centre-jujol-can-negre.svg\",\"contentUrl\":\"https:\\\/\\\/centrejujolcannegre.cat\\\/wp-content\\\/uploads\\\/2024\\\/05\\\/logo-centre-jujol-can-negre.svg\",\"caption\":\"Centre Jujol - Can Negre\"},\"image\":{\"@id\":\"https:\\\/\\\/centrejujolcannegre.cat\\\/es\\\/#\\\/schema\\\/logo\\\/image\\\/\"},\"sameAs\":[\"https:\\\/\\\/www.facebook.com\\\/cannegre\",\"https:\\\/\\\/x.com\\\/cannegresjd\"]}]}<\/script>\n<!-- \/ Yoast SEO plugin. -->","yoast_head_json":{"title":"Oficios antiguos de Sant Joan Desp\u00ed (s\u00e1bados, domingos y festivos) - Plataforma Centre Jujol - Can Negre","robots":{"index":"index","follow":"follow","max-snippet":"max-snippet:-1","max-image-preview":"max-image-preview:large","max-video-preview":"max-video-preview:-1"},"canonical":"https:\/\/centrejujolcannegre.cat\/es\/producto\/oficios-antiguos-de-sant-joan-despi-sabados-domingos-y-festivos\/","og_locale":"es_ES","og_type":"article","og_title":"Oficios antiguos de Sant Joan Desp\u00ed (s\u00e1bados, domingos y festivos) - Plataforma Centre Jujol - Can Negre","og_description":"Caminata cultutal para descubrir la econom\u00eda, la sociedad y la ciudad de principios del siglo XX.","og_url":"https:\/\/centrejujolcannegre.cat\/es\/producto\/oficios-antiguos-de-sant-joan-despi-sabados-domingos-y-festivos\/","og_site_name":"Plataforma Centre Jujol - Can Negre","article_publisher":"https:\/\/www.facebook.com\/cannegre","article_modified_time":"2026-02-16T10:21:20+00:00","og_image":[{"width":398,"height":600,"url":"https:\/\/centrejujolcannegre.cat\/wp-content\/uploads\/2025\/01\/AMSJD-699-0001845-a.d.-Familia-de-Teresa-Marco-2.jpg","type":"image\/jpeg"}],"twitter_card":"summary_large_image","twitter_site":"@cannegresjd","schema":{"@context":"https:\/\/schema.org","@graph":[{"@type":"WebPage","@id":"https:\/\/centrejujolcannegre.cat\/es\/producto\/oficios-antiguos-de-sant-joan-despi-sabados-domingos-y-festivos\/","url":"https:\/\/centrejujolcannegre.cat\/es\/producto\/oficios-antiguos-de-sant-joan-despi-sabados-domingos-y-festivos\/","name":"Oficios antiguos de Sant Joan Desp\u00ed (s\u00e1bados, domingos y festivos) - Plataforma Centre Jujol - Can Negre","isPartOf":{"@id":"https:\/\/centrejujolcannegre.cat\/es\/#website"},"primaryImageOfPage":{"@id":"https:\/\/centrejujolcannegre.cat\/es\/producto\/oficios-antiguos-de-sant-joan-despi-sabados-domingos-y-festivos\/#primaryimage"},"image":{"@id":"https:\/\/centrejujolcannegre.cat\/es\/producto\/oficios-antiguos-de-sant-joan-despi-sabados-domingos-y-festivos\/#primaryimage"},"thumbnailUrl":"https:\/\/centrejujolcannegre.cat\/wp-content\/uploads\/2025\/01\/AMSJD-699-0001845-a.d.-Familia-de-Teresa-Marco-2.jpg","datePublished":"2025-01-27T15:10:28+00:00","dateModified":"2026-02-16T10:21:20+00:00","breadcrumb":{"@id":"https:\/\/centrejujolcannegre.cat\/es\/producto\/oficios-antiguos-de-sant-joan-despi-sabados-domingos-y-festivos\/#breadcrumb"},"inLanguage":"es","potentialAction":[{"@type":"ReadAction","target":["https:\/\/centrejujolcannegre.cat\/es\/producto\/oficios-antiguos-de-sant-joan-despi-sabados-domingos-y-festivos\/"]}]},{"@type":"ImageObject","inLanguage":"es","@id":"https:\/\/centrejujolcannegre.cat\/es\/producto\/oficios-antiguos-de-sant-joan-despi-sabados-domingos-y-festivos\/#primaryimage","url":"https:\/\/centrejujolcannegre.cat\/wp-content\/uploads\/2025\/01\/AMSJD-699-0001845-a.d.-Familia-de-Teresa-Marco-2.jpg","contentUrl":"https:\/\/centrejujolcannegre.cat\/wp-content\/uploads\/2025\/01\/AMSJD-699-0001845-a.d.-Familia-de-Teresa-Marco-2.jpg","width":398,"height":600},{"@type":"BreadcrumbList","@id":"https:\/\/centrejujolcannegre.cat\/es\/producto\/oficios-antiguos-de-sant-joan-despi-sabados-domingos-y-festivos\/#breadcrumb","itemListElement":[{"@type":"ListItem","position":1,"name":"Portada","item":"https:\/\/centrejujolcannegre.cat\/es\/"},{"@type":"ListItem","position":2,"name":"Centro","item":"https:\/\/centrejujolcannegre.cat\/es\/centro\/"},{"@type":"ListItem","position":3,"name":"Oficios antiguos de Sant Joan Desp\u00ed (s\u00e1bados, domingos y festivos)"}]},{"@type":"WebSite","@id":"https:\/\/centrejujolcannegre.cat\/es\/#website","url":"https:\/\/centrejujolcannegre.cat\/es\/","name":"Plataforma Centre Jujol - Can Negre","description":"Plataforma de venta d&#039;entradas d&#039;activitats, exposicions i circuits culturals a Museus i l&#039;Escola d&#039;Art de de Sant Joan Desp\u00ed","publisher":{"@id":"https:\/\/centrejujolcannegre.cat\/es\/#organization"},"potentialAction":[{"@type":"SearchAction","target":{"@type":"EntryPoint","urlTemplate":"https:\/\/centrejujolcannegre.cat\/es\/?s={search_term_string}"},"query-input":{"@type":"PropertyValueSpecification","valueRequired":true,"valueName":"search_term_string"}}],"inLanguage":"es"},{"@type":"Organization","@id":"https:\/\/centrejujolcannegre.cat\/es\/#organization","name":"Centre Jujol - Can Negre","url":"https:\/\/centrejujolcannegre.cat\/es\/","logo":{"@type":"ImageObject","inLanguage":"es","@id":"https:\/\/centrejujolcannegre.cat\/es\/#\/schema\/logo\/image\/","url":"https:\/\/centrejujolcannegre.cat\/wp-content\/uploads\/2024\/05\/logo-centre-jujol-can-negre.svg","contentUrl":"https:\/\/centrejujolcannegre.cat\/wp-content\/uploads\/2024\/05\/logo-centre-jujol-can-negre.svg","caption":"Centre Jujol - Can Negre"},"image":{"@id":"https:\/\/centrejujolcannegre.cat\/es\/#\/schema\/logo\/image\/"},"sameAs":["https:\/\/www.facebook.com\/cannegre","https:\/\/x.com\/cannegresjd"]}]}},"taxonomy_info":{"product_cat":[{"value":361,"label":"Otras rutas festivo"}]},"featured_image_src_large":["https:\/\/centrejujolcannegre.cat\/wp-content\/uploads\/2025\/01\/AMSJD-699-0001845-a.d.-Familia-de-Teresa-Marco-2.jpg",398,600,false],"author_info":[],"comment_info":"","_links":{"self":[{"href":"https:\/\/centrejujolcannegre.cat\/es\/wp-json\/wp\/v2\/product\/9830","targetHints":{"allow":["GET"]}}],"collection":[{"href":"https:\/\/centrejujolcannegre.cat\/es\/wp-json\/wp\/v2\/product"}],"about":[{"href":"https:\/\/centrejujolcannegre.cat\/es\/wp-json\/wp\/v2\/types\/product"}],"wp:featuredmedia":[{"embeddable":true,"href":"https:\/\/centrejujolcannegre.cat\/es\/wp-json\/wp\/v2\/media\/14738"}],"wp:attachment":[{"href":"https:\/\/centrejujolcannegre.cat\/es\/wp-json\/wp\/v2\/media?parent=9830"}],"wp:term":[{"taxonomy":"product_brand","embeddable":true,"href":"https:\/\/centrejujolcannegre.cat\/es\/wp-json\/wp\/v2\/product_brand?post=9830"},{"taxonomy":"product_cat","embeddable":true,"href":"https:\/\/centrejujolcannegre.cat\/es\/wp-json\/wp\/v2\/product_cat?post=9830"},{"taxonomy":"product_tag","embeddable":true,"href":"https:\/\/centrejujolcannegre.cat\/es\/wp-json\/wp\/v2\/product_tag?post=9830"}],"curies":[{"name":"wp","href":"https:\/\/api.w.org\/{rel}","templated":true}]}}